{"id":3675,"date":"2023-11-16T10:13:47","date_gmt":"2023-11-16T10:13:47","guid":{"rendered":"https:\/\/hsd.hr\/?page_id=3675"},"modified":"2025-07-11T13:29:35","modified_gmt":"2025-07-11T13:29:35","slug":"kongres","status":"publish","type":"page","link":"http:\/\/hsd.hr\/en\/kongres\/","title":{"rendered":"Congress"},"content":{"rendered":"<div data-elementor-type=\"wp-page\" data-elementor-id=\"3675\" class=\"elementor elementor-3675\" data-elementor-post-type=\"page\">\n\t\t\t\t\t\t\t<div class=\"elementor-element elementor-element-33d7f98 e-flex e-con-boxed e-con e-parent\" data-id=\"33d7f98\" data-element_type=\"container\" data-settings=\"{&quot;container_type&quot;:&quot;flex&quot;,&quot;content_width&quot;:&quot;boxed&quot;}\" data-core-v316-plus=\"true\">\n\t\t\t\t\t<div class=\"e-con-inner\">\n\t\t\t\t<div class=\"elementor-element elementor-element-083a65a elementor-widget elementor-widget-heading\" data-id=\"083a65a\" data-element_type=\"widget\" data-widget_type=\"heading.default\">\n\t\t\t\t<div class=\"elementor-widget-container\">\n\t\t\t<style>\/*! elementor - v3.17.0 - 08-11-2023 *\/\n.elementor-heading-title{padding:0;margin:0;line-height:1}.elementor-widget-heading .elementor-heading-title[class*=elementor-size-]>a{color:inherit;font-size:inherit;line-height:inherit}.elementor-widget-heading .elementor-heading-title.elementor-size-small{font-size:15px}.elementor-widget-heading .elementor-heading-title.elementor-size-medium{font-size:19px}.elementor-widget-heading .elementor-heading-title.elementor-size-large{font-size:29px}.elementor-widget-heading .elementor-heading-title.elementor-size-xl{font-size:39px}.elementor-widget-heading .elementor-heading-title.elementor-size-xxl{font-size:59px}<\/style><h2 class=\"elementor-heading-title elementor-size-default\">About Congress<\/h2>\t\t<\/div>\n\t\t\t\t<\/div>\n\t\t\t\t<div class=\"elementor-element elementor-element-4ac4f0e elementor-widget elementor-widget-text-editor\" data-id=\"4ac4f0e\" data-element_type=\"widget\" data-widget_type=\"text-editor.default\">\n\t\t\t\t<div class=\"elementor-widget-container\">\n\t\t\t<style>\/*! elementor - v3.17.0 - 08-11-2023 *\/\n.elementor-widget-text-editor.elementor-drop-cap-view-stacked .elementor-drop-cap{background-color:#69727d;color:#fff}.elementor-widget-text-editor.elementor-drop-cap-view-framed .elementor-drop-cap{color:#69727d;border:3px solid;background-color:transparent}.elementor-widget-text-editor:not(.elementor-drop-cap-view-default) .elementor-drop-cap{margin-top:8px}.elementor-widget-text-editor:not(.elementor-drop-cap-view-default) .elementor-drop-cap-letter{width:1em;height:1em}.elementor-widget-text-editor .elementor-drop-cap{float:left;text-align:center;line-height:1;font-size:50px}.elementor-widget-text-editor .elementor-drop-cap-letter{display:inline-block}<\/style>\t\t\t\t<p>The Croatian Sociological Association (CSA) is dedicated to promoting excellence in sociological research and practice. Every year, our organization organizes an extremely important event - the Congress that gathers experts, researchers, and enthusiasts from the field of sociology.<\/p>\t\t\t\t\t\t<\/div>\n\t\t\t\t<\/div>\n\t\t\t\t<div class=\"elementor-element elementor-element-b630ce2 elementor-widget elementor-widget-heading\" data-id=\"b630ce2\" data-element_type=\"widget\" data-widget_type=\"heading.default\">\n\t\t\t\t<div class=\"elementor-widget-container\">\n\t\t\t<h2 class=\"elementor-heading-title elementor-size-default\">Our Goals<\/h2>\t\t<\/div>\n\t\t\t\t<\/div>\n\t\t\t\t<div class=\"elementor-element elementor-element-d2866ad elementor-widget elementor-widget-text-editor\" data-id=\"d2866ad\" data-element_type=\"widget\" data-widget_type=\"text-editor.default\">\n\t\t\t\t<div class=\"elementor-widget-container\">\n\t\t\t\t\t\t\t<p><strong>Promoting Scientific Excellence<\/strong>: Our congresses are a platform for presenting the latest research and ideas in the field of sociology. We encourage and promote scientific excellence among members of society and beyond.<\/p><p><strong>Networking<\/strong>: Congresses enable experts and researchers to establish contact, exchange ideas, and encourage collaboration.<\/p><p><strong>Education and Development<\/strong>: We offer opportunities for education and professional development to participants through workshops and panel discussions.\u00a0<\/p>\t\t\t\t\t\t<\/div>\n\t\t\t\t<\/div>\n\t\t\t\t\t<\/div>\n\t\t\t\t<\/div>\n\t\t<div class=\"elementor-element elementor-element-52a7292 e-flex e-con-boxed e-con e-parent\" data-id=\"52a7292\" data-element_type=\"container\" data-settings=\"{&quot;container_type&quot;:&quot;flex&quot;,&quot;content_width&quot;:&quot;boxed&quot;}\" data-core-v316-plus=\"true\">\n\t\t\t\t\t<div class=\"e-con-inner\">\n\t\t<div class=\"elementor-element elementor-element-8767219 e-flex e-con-boxed e-con e-child\" data-id=\"8767219\" data-element_type=\"container\" data-settings=\"{&quot;container_type&quot;:&quot;flex&quot;,&quot;content_width&quot;:&quot;boxed&quot;}\">\n\t\t\t\t\t<div class=\"e-con-inner\">\n\t\t\t\t<div class=\"elementor-element elementor-element-31f8e82 elementor-widget elementor-widget-image\" data-id=\"31f8e82\" data-element_type=\"widget\" data-widget_type=\"image.default\">\n\t\t\t\t<div class=\"elementor-widget-container\">\n\t\t\t<style>\/*! elementor - v3.17.0 - 08-11-2023 *\/\n.elementor-widget-image{text-align:center}.elementor-widget-image a{display:inline-block}.elementor-widget-image a img[src$=\".svg\"]{width:48px}.elementor-widget-image img{vertical-align:middle;display:inline-block}<\/style>\t\t\t\t\t\t\t\t\t\t\t\t\t<a href=\"http:\/\/hsd.hr\/en\/kongres-2025-procesi-fundamentalnihdrustvenih-transformacija-zdravlje-starenje-useljavanje\/\" target=\"_blank\">\n\t\t\t\t\t\t\t<img fetchpriority=\"high\" decoding=\"async\" width=\"1024\" height=\"1024\" src=\"https:\/\/hsd.hr\/wp-content\/uploads\/2025\/07\/Untitled-design-28.png\" class=\"attachment-large size-large wp-image-8434\" alt=\"\" srcset=\"https:\/\/hsd.hr\/wp-content\/uploads\/2025\/07\/Untitled-design-28.png 1024w, https:\/\/hsd.hr\/wp-content\/uploads\/2025\/07\/Untitled-design-28-300x300.png 300w, https:\/\/hsd.hr\/wp-content\/uploads\/2025\/07\/Untitled-design-28-150x150.png 150w, https:\/\/hsd.hr\/wp-content\/uploads\/2025\/07\/Untitled-design-28-768x768.png 768w, https:\/\/hsd.hr\/wp-content\/uploads\/2025\/07\/Untitled-design-28-12x12.png 12w\" sizes=\"(max-width: 1024px) 100vw, 1024px\" \/>\t\t\t\t\t\t\t\t<\/a>\n\t\t\t\t\t\t\t\t\t\t\t\t\t\t\t<\/div>\n\t\t\t\t<\/div>\n\t\t<div class=\"elementor-element elementor-element-3b2f0eb e-flex e-con-boxed e-con e-child\" data-id=\"3b2f0eb\" data-element_type=\"container\" data-settings=\"{&quot;container_type&quot;:&quot;flex&quot;,&quot;content_width&quot;:&quot;boxed&quot;}\">\n\t\t\t\t\t<div class=\"e-con-inner\">\n\t\t\t\t<div class=\"elementor-element elementor-element-240033e elementor-widget__width-initial elementor-widget elementor-widget-text-editor\" data-id=\"240033e\" data-element_type=\"widget\" data-widget_type=\"text-editor.default\">\n\t\t\t\t<div class=\"elementor-widget-container\">\n\t\t\t\t\t\t\t<p><strong>\u00a0 \u00a0 \u00a0 \u00a0 \u00a0 \u00a0 \u00a0 \u00a0 Kongres 2025.<\/strong><\/p>\t\t\t\t\t\t<\/div>\n\t\t\t\t<\/div>\n\t\t\t\t\t<\/div>\n\t\t\t\t<\/div>\n\t\t\t\t\t<\/div>\n\t\t\t\t<\/div>\n\t\t\t\t\t<\/div>\n\t\t\t\t<\/div>\n\t\t<div class=\"elementor-element elementor-element-d0b5395 e-flex e-con-boxed e-con e-parent\" data-id=\"d0b5395\" data-element_type=\"container\" data-settings=\"{&quot;container_type&quot;:&quot;flex&quot;,&quot;content_width&quot;:&quot;boxed&quot;}\" data-core-v316-plus=\"true\">\n\t\t\t\t\t<div class=\"e-con-inner\">\n\t\t<div class=\"elementor-element elementor-element-926f7e3 e-con-full e-flex e-con e-child\" data-id=\"926f7e3\" data-element_type=\"container\" data-settings=\"{&quot;content_width&quot;:&quot;full&quot;,&quot;container_type&quot;:&quot;flex&quot;}\">\n\t\t\t\t<div class=\"elementor-element elementor-element-64e83fc elementor-widget elementor-widget-image\" data-id=\"64e83fc\" data-element_type=\"widget\" data-widget_type=\"image.default\">\n\t\t\t\t<div class=\"elementor-widget-container\">\n\t\t\t\t\t\t\t\t\t\t\t\t\t\t\t\t<a href=\"http:\/\/hsd.hr\/en\/kongres-2023\/\">\n\t\t\t\t\t\t\t<img decoding=\"async\" width=\"730\" height=\"1024\" src=\"https:\/\/hsd.hr\/wp-content\/uploads\/2023\/11\/b1_hsd_page-0001-768x1077-2-730x1024.jpg\" class=\"attachment-large size-large wp-image-4059\" alt=\"\" srcset=\"https:\/\/hsd.hr\/wp-content\/uploads\/2023\/11\/b1_hsd_page-0001-768x1077-2-730x1024.jpg 730w, https:\/\/hsd.hr\/wp-content\/uploads\/2023\/11\/b1_hsd_page-0001-768x1077-2-214x300.jpg 214w, https:\/\/hsd.hr\/wp-content\/uploads\/2023\/11\/b1_hsd_page-0001-768x1077-2.jpg 768w\" sizes=\"(max-width: 730px) 100vw, 730px\" \/>\t\t\t\t\t\t\t\t<\/a>\n\t\t\t\t\t\t\t\t\t\t\t\t\t\t\t<\/div>\n\t\t\t\t<\/div>\n\t\t\t\t<div class=\"elementor-element elementor-element-e535939 elementor-widget elementor-widget-text-editor\" data-id=\"e535939\" data-element_type=\"widget\" data-widget_type=\"text-editor.default\">\n\t\t\t\t<div class=\"elementor-widget-container\">\n\t\t\t\t\t\t\t<p><strong>Congress 2023.<\/strong><\/p>\t\t\t\t\t\t<\/div>\n\t\t\t\t<\/div>\n\t\t\t\t<\/div>\n\t\t<div class=\"elementor-element elementor-element-a924eeb e-con-full e-flex e-con e-child\" data-id=\"a924eeb\" data-element_type=\"container\" data-settings=\"{&quot;content_width&quot;:&quot;full&quot;,&quot;container_type&quot;:&quot;flex&quot;}\">\n\t\t\t\t<div class=\"elementor-element elementor-element-417585d elementor-widget elementor-widget-image\" data-id=\"417585d\" data-element_type=\"widget\" data-widget_type=\"image.default\">\n\t\t\t\t<div class=\"elementor-widget-container\">\n\t\t\t\t\t\t\t\t\t\t\t\t\t\t\t\t<a href=\"http:\/\/hsd.hr\/en\/kongres-2021\/\">\n\t\t\t\t\t\t\t<img decoding=\"async\" width=\"1024\" height=\"576\" src=\"https:\/\/hsd.hr\/wp-content\/uploads\/2023\/11\/HSD_covid19_1920-1-1024x576-1-1.jpg\" class=\"attachment-large size-large wp-image-4060\" alt=\"\" srcset=\"https:\/\/hsd.hr\/wp-content\/uploads\/2023\/11\/HSD_covid19_1920-1-1024x576-1-1.jpg 1024w, https:\/\/hsd.hr\/wp-content\/uploads\/2023\/11\/HSD_covid19_1920-1-1024x576-1-1-300x169.jpg 300w, https:\/\/hsd.hr\/wp-content\/uploads\/2023\/11\/HSD_covid19_1920-1-1024x576-1-1-768x432.jpg 768w\" sizes=\"(max-width: 1024px) 100vw, 1024px\" \/>\t\t\t\t\t\t\t\t<\/a>\n\t\t\t\t\t\t\t\t\t\t\t\t\t\t\t<\/div>\n\t\t\t\t<\/div>\n\t\t\t\t<div class=\"elementor-element elementor-element-c34c20e elementor-widget elementor-widget-text-editor\" data-id=\"c34c20e\" data-element_type=\"widget\" data-widget_type=\"text-editor.default\">\n\t\t\t\t<div class=\"elementor-widget-container\">\n\t\t\t\t\t\t\t<p><strong>Congress 2021.<\/strong><\/p>\t\t\t\t\t\t<\/div>\n\t\t\t\t<\/div>\n\t\t\t\t<\/div>\n\t\t<div class=\"elementor-element elementor-element-685dade e-con-full e-flex e-con e-child\" data-id=\"685dade\" data-element_type=\"container\" data-settings=\"{&quot;content_width&quot;:&quot;full&quot;,&quot;container_type&quot;:&quot;flex&quot;}\">\n\t\t\t\t<div class=\"elementor-element elementor-element-eca23e5 elementor-widget elementor-widget-image\" data-id=\"eca23e5\" data-element_type=\"widget\" data-widget_type=\"image.default\">\n\t\t\t\t<div class=\"elementor-widget-container\">\n\t\t\t\t\t\t\t\t\t\t\t\t\t\t\t\t<a href=\"http:\/\/hsd.hr\/en\/kongres-2019\/\">\n\t\t\t\t\t\t\t<img loading=\"lazy\" decoding=\"async\" width=\"733\" height=\"1024\" src=\"https:\/\/hsd.hr\/wp-content\/uploads\/2023\/11\/kongres_hsd_2019_plakat1-1-733x1024.jpg\" class=\"attachment-large size-large wp-image-4061\" alt=\"\" srcset=\"https:\/\/hsd.hr\/wp-content\/uploads\/2023\/11\/kongres_hsd_2019_plakat1-1-733x1024.jpg 733w, https:\/\/hsd.hr\/wp-content\/uploads\/2023\/11\/kongres_hsd_2019_plakat1-1-215x300.jpg 215w, https:\/\/hsd.hr\/wp-content\/uploads\/2023\/11\/kongres_hsd_2019_plakat1-1-768x1073.jpg 768w, https:\/\/hsd.hr\/wp-content\/uploads\/2023\/11\/kongres_hsd_2019_plakat1-1.jpg 955w\" sizes=\"(max-width: 733px) 100vw, 733px\" \/>\t\t\t\t\t\t\t\t<\/a>\n\t\t\t\t\t\t\t\t\t\t\t\t\t\t\t<\/div>\n\t\t\t\t<\/div>\n\t\t\t\t<div class=\"elementor-element elementor-element-6c009bd elementor-widget elementor-widget-text-editor\" data-id=\"6c009bd\" data-element_type=\"widget\" data-widget_type=\"text-editor.default\">\n\t\t\t\t<div class=\"elementor-widget-container\">\n\t\t\t\t\t\t\t<p><strong>Congress 2019.<\/strong><\/p>\t\t\t\t\t\t<\/div>\n\t\t\t\t<\/div>\n\t\t\t\t<\/div>\n\t\t\t\t\t<\/div>\n\t\t\t\t<\/div>\n\t\t<div class=\"elementor-element elementor-element-97cac27 e-flex e-con-boxed e-con e-parent\" data-id=\"97cac27\" data-element_type=\"container\" data-settings=\"{&quot;container_type&quot;:&quot;flex&quot;,&quot;content_width&quot;:&quot;boxed&quot;}\" data-core-v316-plus=\"true\">\n\t\t\t\t\t<div class=\"e-con-inner\">\n\t\t<div class=\"elementor-element elementor-element-bc59020 e-con-full e-flex e-con e-child\" data-id=\"bc59020\" data-element_type=\"container\" data-settings=\"{&quot;content_width&quot;:&quot;full&quot;,&quot;container_type&quot;:&quot;flex&quot;}\">\n\t\t\t\t<div class=\"elementor-element elementor-element-acbceb0 elementor-widget elementor-widget-image\" data-id=\"acbceb0\" data-element_type=\"widget\" data-widget_type=\"image.default\">\n\t\t\t\t<div class=\"elementor-widget-container\">\n\t\t\t\t\t\t\t\t\t\t\t\t\t\t\t\t<a href=\"http:\/\/hsd.hr\/en\/kongres-2017\/\">\n\t\t\t\t\t\t\t<img loading=\"lazy\" decoding=\"async\" width=\"601\" height=\"853\" src=\"https:\/\/hsd.hr\/wp-content\/uploads\/2023\/11\/plakat_za_web-1.jpg\" class=\"attachment-large size-large wp-image-4062\" alt=\"\" srcset=\"https:\/\/hsd.hr\/wp-content\/uploads\/2023\/11\/plakat_za_web-1.jpg 601w, https:\/\/hsd.hr\/wp-content\/uploads\/2023\/11\/plakat_za_web-1-211x300.jpg 211w\" sizes=\"(max-width: 601px) 100vw, 601px\" \/>\t\t\t\t\t\t\t\t<\/a>\n\t\t\t\t\t\t\t\t\t\t\t\t\t\t\t<\/div>\n\t\t\t\t<\/div>\n\t\t\t\t<div class=\"elementor-element elementor-element-63a33ce elementor-widget elementor-widget-text-editor\" data-id=\"63a33ce\" data-element_type=\"widget\" data-widget_type=\"text-editor.default\">\n\t\t\t\t<div class=\"elementor-widget-container\">\n\t\t\t\t\t\t\t<p><strong>Congress 2017.<\/strong><\/p>\t\t\t\t\t\t<\/div>\n\t\t\t\t<\/div>\n\t\t\t\t<\/div>\n\t\t<div class=\"elementor-element elementor-element-51aeeb3 e-con-full e-flex e-con e-child\" data-id=\"51aeeb3\" data-element_type=\"container\" data-settings=\"{&quot;content_width&quot;:&quot;full&quot;,&quot;container_type&quot;:&quot;flex&quot;}\">\n\t\t\t\t<div class=\"elementor-element elementor-element-b0c7a70 elementor-widget elementor-widget-image\" data-id=\"b0c7a70\" data-element_type=\"widget\" data-widget_type=\"image.default\">\n\t\t\t\t<div class=\"elementor-widget-container\">\n\t\t\t\t\t\t\t\t\t\t\t\t\t\t\t\t<a href=\"http:\/\/hsd.hr\/en\/kongres-2015\/\">\n\t\t\t\t\t\t\t<img loading=\"lazy\" decoding=\"async\" width=\"731\" height=\"1024\" src=\"https:\/\/hsd.hr\/wp-content\/uploads\/2023\/11\/Plakat_V.-HSD-kongres-2015-1-731x1024.jpg\" class=\"attachment-large size-large wp-image-4063\" alt=\"\" srcset=\"https:\/\/hsd.hr\/wp-content\/uploads\/2023\/11\/Plakat_V.-HSD-kongres-2015-1-731x1024.jpg 731w, https:\/\/hsd.hr\/wp-content\/uploads\/2023\/11\/Plakat_V.-HSD-kongres-2015-1-214x300.jpg 214w, https:\/\/hsd.hr\/wp-content\/uploads\/2023\/11\/Plakat_V.-HSD-kongres-2015-1-768x1075.jpg 768w, https:\/\/hsd.hr\/wp-content\/uploads\/2023\/11\/Plakat_V.-HSD-kongres-2015-1.jpg 900w\" sizes=\"(max-width: 731px) 100vw, 731px\" \/>\t\t\t\t\t\t\t\t<\/a>\n\t\t\t\t\t\t\t\t\t\t\t\t\t\t\t<\/div>\n\t\t\t\t<\/div>\n\t\t\t\t<div class=\"elementor-element elementor-element-8d1c52d elementor-widget elementor-widget-text-editor\" data-id=\"8d1c52d\" data-element_type=\"widget\" data-widget_type=\"text-editor.default\">\n\t\t\t\t<div class=\"elementor-widget-container\">\n\t\t\t\t\t\t\t<p><strong>Congress 2015.<\/strong><\/p>\t\t\t\t\t\t<\/div>\n\t\t\t\t<\/div>\n\t\t\t\t<\/div>\n\t\t<div class=\"elementor-element elementor-element-3a03620 e-con-full e-flex e-con e-child\" data-id=\"3a03620\" data-element_type=\"container\" data-settings=\"{&quot;content_width&quot;:&quot;full&quot;,&quot;container_type&quot;:&quot;flex&quot;}\">\n\t\t\t\t<div class=\"elementor-element elementor-element-4363f5e elementor-widget elementor-widget-image\" data-id=\"4363f5e\" data-element_type=\"widget\" data-widget_type=\"image.default\">\n\t\t\t\t<div class=\"elementor-widget-container\">\n\t\t\t\t\t\t\t\t\t\t\t\t\t\t\t\t<a href=\"http:\/\/hsd.hr\/en\/kongres-2014\/\">\n\t\t\t\t\t\t\t<img loading=\"lazy\" decoding=\"async\" width=\"212\" height=\"300\" src=\"https:\/\/hsd.hr\/wp-content\/uploads\/2023\/11\/Towards_a_European_Society_HSD-212x300-2.jpg\" class=\"attachment-large size-large wp-image-4064\" alt=\"\" \/>\t\t\t\t\t\t\t\t<\/a>\n\t\t\t\t\t\t\t\t\t\t\t\t\t\t\t<\/div>\n\t\t\t\t<\/div>\n\t\t\t\t<div class=\"elementor-element elementor-element-add693a elementor-widget elementor-widget-text-editor\" data-id=\"add693a\" data-element_type=\"widget\" data-widget_type=\"text-editor.default\">\n\t\t\t\t<div class=\"elementor-widget-container\">\n\t\t\t\t\t\t\t<p><strong>Congress 2014.<\/strong><\/p>\t\t\t\t\t\t<\/div>\n\t\t\t\t<\/div>\n\t\t\t\t<\/div>\n\t\t\t\t\t<\/div>\n\t\t\t\t<\/div>\n\t\t\t\t\t\t\t<\/div>","protected":false},"excerpt":{"rendered":"<p>O Kongresu Hrvatsko sociolo\u0161ko dru\u0161tvo (HSD) posve\u0107eno je promicanju izvrsnosti u sociolo\u0161kom istra\u017eivanju i praksi. Svake godine, na\u0161a organizacija organizira izuzetno zna\u010dajan doga\u0111aj &#8211; Kongres koji okuplja stru\u010dnjake, istra\u017eiva\u010de i entuzijaste iz podru\u010dja sociologije. Na\u0161i ciljevi Promicanje znanstvene izvrsnosti: Na\u0161i kongresi platforma su za predstavljanje najnovijih istra\u017eivanja i ideja iz podru\u010dja sociologije. Poti\u010demo i promi\u010demo &hellip;<\/p>\n<p class=\"read-more\"> <a class=\"\" href=\"http:\/\/hsd.hr\/en\/kongres\/\"> <span class=\"screen-reader-text\">Congress<\/span> Read More &raquo;<\/a><\/p>","protected":false},"author":1,"featured_media":0,"parent":0,"menu_order":0,"comment_status":"closed","ping_status":"closed","template":"elementor_header_footer","meta":{"site-sidebar-layout":"no-sidebar","site-content-layout":"","ast-site-content-layout":"full-width-container","site-content-style":"default","site-sidebar-style":"default","ast-global-header-display":"","ast-banner-title-visibility":"","ast-main-header-display":"","ast-hfb-above-header-display":"","ast-hfb-below-header-display":"","ast-hfb-mobile-header-display":"","site-post-title":"disabled","ast-breadcrumbs-content":"","ast-featured-img":"disabled","footer-sml-layout":"","theme-transparent-header-meta":"","adv-header-id-meta":"","stick-header-meta":"","header-above-stick-meta":"","header-main-stick-meta":"","header-below-stick-meta":"","astra-migrate-meta-layouts":"","ast-page-background-enabled":"default","ast-page-background-meta":{"desktop":{"background-color":"var(--ast-global-color-4)","background-image":"","background-repeat":"repeat","background-position":"center center","background-size":"auto","background-attachment":"scroll","background-type":"","background-media":"","overlay-type":"","overlay-color":"","overlay-gradient":""},"tablet":{"background-color":"","background-image":"","background-repeat":"repeat","background-position":"center center","background-size":"auto","background-attachment":"scroll","background-type":"","background-media":"","overlay-type":"","overlay-color":"","overlay-gradient":""},"mobile":{"background-color":"","background-image":"","background-repeat":"repeat","background-position":"center center","background-size":"auto","background-attachment":"scroll","background-type":"","background-media":"","overlay-type":"","overlay-color":"","overlay-gradient":""}},"ast-content-background-meta":{"desktop":{"background-color":"var(--ast-global-color-5)","background-image":"","background-repeat":"repeat","background-position":"center center","background-size":"auto","background-attachment":"scroll","background-type":"","background-media":"","overlay-type":"","overlay-color":"","overlay-gradient":""},"tablet":{"background-color":"var(--ast-global-color-5)","background-image":"","background-repeat":"repeat","background-position":"center center","background-size":"auto","background-attachment":"scroll","background-type":"","background-media":"","overlay-type":"","overlay-color":"","overlay-gradient":""},"mobile":{"background-color":"var(--ast-global-color-5)","background-image":"","background-repeat":"repeat","background-position":"center center","background-size":"auto","background-attachment":"scroll","background-type":"","background-media":"","overlay-type":"","overlay-color":"","overlay-gradient":""}},"footnotes":""},"class_list":["post-3675","page","type-page","status-publish","hentry"],"_links":{"self":[{"href":"http:\/\/hsd.hr\/en\/wp-json\/wp\/v2\/pages\/3675","targetHints":{"allow":["GET"]}}],"collection":[{"href":"http:\/\/hsd.hr\/en\/wp-json\/wp\/v2\/pages"}],"about":[{"href":"http:\/\/hsd.hr\/en\/wp-json\/wp\/v2\/types\/page"}],"author":[{"embeddable":true,"href":"http:\/\/hsd.hr\/en\/wp-json\/wp\/v2\/users\/1"}],"replies":[{"embeddable":true,"href":"http:\/\/hsd.hr\/en\/wp-json\/wp\/v2\/comments?post=3675"}],"version-history":[{"count":109,"href":"http:\/\/hsd.hr\/en\/wp-json\/wp\/v2\/pages\/3675\/revisions"}],"predecessor-version":[{"id":8460,"href":"http:\/\/hsd.hr\/en\/wp-json\/wp\/v2\/pages\/3675\/revisions\/8460"}],"wp:attachment":[{"href":"http:\/\/hsd.hr\/en\/wp-json\/wp\/v2\/media?parent=3675"}],"curies":[{"name":"wp","href":"https:\/\/api.w.org\/{rel}","templated":true}]}}