{"id":5363,"date":"2023-11-23T16:43:19","date_gmt":"2023-11-23T16:43:19","guid":{"rendered":"https:\/\/hsd.hr\/?page_id=5363"},"modified":"2026-04-01T09:29:05","modified_gmt":"2026-04-01T09:29:05","slug":"clanstvo-2","status":"publish","type":"page","link":"http:\/\/hsd.hr\/en\/clanstvo-2\/","title":{"rendered":"Membership"},"content":{"rendered":"<style>\/*! elementor - v3.17.0 - 08-11-2023 *\/<br \/>\n.elementor-heading-title{padding:0;margin:0;line-height:1}.elementor-widget-heading .elementor-heading-title[class*=elementor-size-]>a{color:inherit;font-size:inherit;line-height:inherit}.elementor-widget-heading .elementor-heading-title.elementor-size-small{font-size:15px}.elementor-widget-heading .elementor-heading-title.elementor-size-medium{font-size:19px}.elementor-widget-heading .elementor-heading-title.elementor-size-large{font-size:29px}.elementor-widget-heading .elementor-heading-title.elementor-size-xl{font-size:39px}.elementor-widget-heading .elementor-heading-title.elementor-size-xxl{font-size:59px}<\/style>\n<h2>Who can become a member of CSA?<\/h2>\n<p style=\"font-weight: 400;\"><strong>Regular member<\/strong>\u00a0of the Association can become any citizen of the Republic of Croatia who has completed undergraduate studies in sociology, and graduated with a bachelor's degree, master's degree, or doctorate in the field of sociology<\/p>\n<p style=\"font-weight: 400;\"><strong>For students -<\/strong> any citizen of the Republic of Croatia who studies undergraduate, graduate, or postgraduate studies in sociology in the Republic of Croatia can become a member of the Association<\/p>\n<p style=\"font-weight: 400;\"><strong>A person who is not a citizen of the Republic of Croatia<\/strong>\u00a0and who is a sociology student, or who has a bachelor's degree, master's degree, or doctorate in the field of sociology, can become an associate member of the Association<\/p>\n<h2>What are the Benefits of CSA Membership?<\/h2>\n<ul>\n<li>Subscription to the journal\u00a0<a href=\"http:\/\/hrcak.srce.hr\/revija-za-sociologiju\" target=\"_blank\" rel=\"noopener\">Croatian Sociological Review<\/a><\/li>\n<li>popust u pretplati na \u010dasopis\u00a0<a href=\"http:\/\/hrcak.srce.hr\/socijalna-ekologija\" target=\"_blank\" rel=\"noopener\">Social Ecology<\/a>\u00a0(6 \u20ac)<\/li>\n<li>Favorable conditions for participation in congresses organized by\u00a0<a href=\"https:\/\/www.isa-sociology.org\/en\">ISA<\/a>\u00a0and\u00a0<a href=\"https:\/\/www.europeansociology.org\/home\">ESA<\/a><\/li>\n<li>Reports on the Association's activities, as well as invitations to conferences, round tables, lectures, forums, and other events organized by the CSA<\/li>\n<\/ul>\n<h2>Membership<\/h2>\n<p>The amount of the annual membership fee for the following categories of membership:<\/p>\n<ul>\n<li>pridru\u017eeni \u010dlanice\/ovi &#8211; 60 \u20ac<\/li>\n<li>zaposleni redovni \u010dlanice\/ovi &#8211; 50 \u20ac<\/li>\n<li>\u010dlanice\/ovi zaposleni u srednjim \u0161kolama &#8211; 30 \u20ac<\/li>\n<li>\u010dlanice\/ovi na roditeljskom dopustu &#8211; 20 \u20ac<\/li>\n<li>umirovljenice\/i &#8211; 15 \u20ac<\/li>\n<li>nezaposleni redovni \u010dlanice\/ovi &#8211; 10 \u20ac<\/li>\n<li>studenti\/ce &#8211; 10 \u20ac<\/li>\n<li>Surcharge for subscription to Polemos or Social Ecology: + \u20ac6<\/li>\n<\/ul>\n<p>If you are interested in becoming a member of CSA or renewing your membership, click on the link:<\/p>\n<p><a href=\"https:\/\/docs.google.com\/forms\/d\/e\/1FAIpQLSdAmu2rSVpyqZb9Jx379Ym2WH9LInO7UTfXbXbsWk0HtF0VJQ\/viewform\"><strong>OBAVEZNO je ispuniti obrazac za upis\/obnovu \u010dlanstva<\/strong>.<\/a><\/p>\n<p><em>Please fill out the form carefully and completely, because according to the Law on Associations, Article 12, your application must contain your full name, year of birth, and Identification Number, while the other information serves to maintain the membership database and facilitate communication between members and the presidency of CSA, and members among themselves.<\/em><\/p>","protected":false},"excerpt":{"rendered":"<p>Tko mo\u017ee postati \u010dlanom\/icom HSD-a? Redovnim \u010dlanom\u00a0Dru\u0161tva mo\u017ee postati svaki dr\u017eavljanin Republike Hrvatske koji je zavr\u0161io preddiplomski studij sociologije, diplomirao, magistrirao ili doktorirao iz podru\u010dja sociologije Za studente \u2013 \u010dlanom\u00a0Dru\u0161tva mo\u017ee postati svaki dr\u017eavljanin Republike Hrvatske koji studira preddiplomski, diplomski ili poslijediplomski studij sociologije u Republici Hrvatskoj Pridru\u017eenim \u010dlanom\u00a0Dru\u0161tva mo\u017ee postati osoba koja nije dr\u017eavljanin &hellip;<\/p>\n<p class=\"read-more\"> <a class=\"\" href=\"http:\/\/hsd.hr\/en\/clanstvo-2\/\"> <span class=\"screen-reader-text\">Membership<\/span> Read More &raquo;<\/a><\/p>","protected":false},"author":7,"featured_media":0,"parent":0,"menu_order":0,"comment_status":"closed","ping_status":"closed","template":"elementor_header_footer","meta":{"site-sidebar-layout":"no-sidebar","site-content-layout":"","ast-site-content-layout":"full-width-container","site-content-style":"default","site-sidebar-style":"default","ast-global-header-display":"","ast-banner-title-visibility":"","ast-main-header-display":"","ast-hfb-above-header-display":"","ast-hfb-below-header-display":"","ast-hfb-mobile-header-display":"","site-post-title":"disabled","ast-breadcrumbs-content":"","ast-featured-img":"disabled","footer-sml-layout":"","theme-transparent-header-meta":"","adv-header-id-meta":"","stick-header-meta":"","header-above-stick-meta":"","header-main-stick-meta":"","header-below-stick-meta":"","astra-migrate-meta-layouts":"","ast-page-background-enabled":"default","ast-page-background-meta":{"desktop":{"background-color":"var(--ast-global-color-4)","background-image":"","background-repeat":"repeat","background-position":"center center","background-size":"auto","background-attachment":"scroll","background-type":"","background-media":"","overlay-type":"","overlay-color":"","overlay-gradient":""},"tablet":{"background-color":"","background-image":"","background-repeat":"repeat","background-position":"center center","background-size":"auto","background-attachment":"scroll","background-type":"","background-media":"","overlay-type":"","overlay-color":"","overlay-gradient":""},"mobile":{"background-color":"","background-image":"","background-repeat":"repeat","background-position":"center center","background-size":"auto","background-attachment":"scroll","background-type":"","background-media":"","overlay-type":"","overlay-color":"","overlay-gradient":""}},"ast-content-background-meta":{"desktop":{"background-color":"var(--ast-global-color-5)","background-image":"","background-repeat":"repeat","background-position":"center center","background-size":"auto","background-attachment":"scroll","background-type":"","background-media":"","overlay-type":"","overlay-color":"","overlay-gradient":""},"tablet":{"background-color":"var(--ast-global-color-5)","background-image":"","background-repeat":"repeat","background-position":"center center","background-size":"auto","background-attachment":"scroll","background-type":"","background-media":"","overlay-type":"","overlay-color":"","overlay-gradient":""},"mobile":{"background-color":"var(--ast-global-color-5)","background-image":"","background-repeat":"repeat","background-position":"center center","background-size":"auto","background-attachment":"scroll","background-type":"","background-media":"","overlay-type":"","overlay-color":"","overlay-gradient":""}},"footnotes":""},"class_list":["post-5363","page","type-page","status-publish","hentry"],"_links":{"self":[{"href":"http:\/\/hsd.hr\/en\/wp-json\/wp\/v2\/pages\/5363","targetHints":{"allow":["GET"]}}],"collection":[{"href":"http:\/\/hsd.hr\/en\/wp-json\/wp\/v2\/pages"}],"about":[{"href":"http:\/\/hsd.hr\/en\/wp-json\/wp\/v2\/types\/page"}],"author":[{"embeddable":true,"href":"http:\/\/hsd.hr\/en\/wp-json\/wp\/v2\/users\/7"}],"replies":[{"embeddable":true,"href":"http:\/\/hsd.hr\/en\/wp-json\/wp\/v2\/comments?post=5363"}],"version-history":[{"count":49,"href":"http:\/\/hsd.hr\/en\/wp-json\/wp\/v2\/pages\/5363\/revisions"}],"predecessor-version":[{"id":9007,"href":"http:\/\/hsd.hr\/en\/wp-json\/wp\/v2\/pages\/5363\/revisions\/9007"}],"wp:attachment":[{"href":"http:\/\/hsd.hr\/en\/wp-json\/wp\/v2\/media?parent=5363"}],"curies":[{"name":"wp","href":"https:\/\/api.w.org\/{rel}","templated":true}]}}