{"id":7851,"date":"2025-01-20T09:36:59","date_gmt":"2025-01-20T09:36:59","guid":{"rendered":"https:\/\/hsd.hr\/?page_id=7851"},"modified":"2025-07-11T13:37:36","modified_gmt":"2025-07-11T13:37:36","slug":"kongres-2025-2","status":"publish","type":"page","link":"http:\/\/hsd.hr\/en\/kongres-2025-2\/","title":{"rendered":"Kongres 2025."},"content":{"rendered":"<div data-elementor-type=\"wp-page\" data-elementor-id=\"7851\" class=\"elementor elementor-7851\" data-elementor-post-type=\"page\">\n\t\t\t\t\t\t\t<div class=\"elementor-element elementor-element-425ef18 e-flex e-con-boxed e-con e-parent\" data-id=\"425ef18\" data-element_type=\"container\" data-settings=\"{&quot;container_type&quot;:&quot;flex&quot;,&quot;content_width&quot;:&quot;boxed&quot;}\" data-core-v316-plus=\"true\">\n\t\t\t\t\t<div class=\"e-con-inner\">\n\t\t\t\t<div class=\"elementor-element elementor-element-8e6af27 elementor-widget elementor-widget-text-editor\" data-id=\"8e6af27\" data-element_type=\"widget\" data-widget_type=\"text-editor.default\">\n\t\t\t\t<div class=\"elementor-widget-container\">\n\t\t\t<style>\/*! elementor - v3.17.0 - 08-11-2023 *\/\n.elementor-widget-text-editor.elementor-drop-cap-view-stacked .elementor-drop-cap{background-color:#69727d;color:#fff}.elementor-widget-text-editor.elementor-drop-cap-view-framed .elementor-drop-cap{color:#69727d;border:3px solid;background-color:transparent}.elementor-widget-text-editor:not(.elementor-drop-cap-view-default) .elementor-drop-cap{margin-top:8px}.elementor-widget-text-editor:not(.elementor-drop-cap-view-default) .elementor-drop-cap-letter{width:1em;height:1em}.elementor-widget-text-editor .elementor-drop-cap{float:left;text-align:center;line-height:1;font-size:50px}.elementor-widget-text-editor .elementor-drop-cap-letter{display:inline-block}<\/style>\t\t\t\t\t\t\t\t\t\t<\/div>\n\t\t\t\t<\/div>\n\t\t\t\t\t<\/div>\n\t\t\t\t<\/div>\n\t\t<div class=\"elementor-element elementor-element-3999be9 e-flex e-con-boxed e-con e-parent\" data-id=\"3999be9\" data-element_type=\"container\" data-settings=\"{&quot;container_type&quot;:&quot;flex&quot;,&quot;content_width&quot;:&quot;boxed&quot;}\" data-core-v316-plus=\"true\">\n\t\t\t\t\t<div class=\"e-con-inner\">\n\t\t\t\t<div class=\"elementor-element elementor-element-0e8ae40 elementor-widget elementor-widget-heading\" data-id=\"0e8ae40\" data-element_type=\"widget\" data-widget_type=\"heading.default\">\n\t\t\t\t<div class=\"elementor-widget-container\">\n\t\t\t<style>\/*! elementor - v3.17.0 - 08-11-2023 *\/\n.elementor-heading-title{padding:0;margin:0;line-height:1}.elementor-widget-heading .elementor-heading-title[class*=elementor-size-]>a{color:inherit;font-size:inherit;line-height:inherit}.elementor-widget-heading .elementor-heading-title.elementor-size-small{font-size:15px}.elementor-widget-heading .elementor-heading-title.elementor-size-medium{font-size:19px}.elementor-widget-heading .elementor-heading-title.elementor-size-large{font-size:29px}.elementor-widget-heading .elementor-heading-title.elementor-size-xl{font-size:39px}.elementor-widget-heading .elementor-heading-title.elementor-size-xxl{font-size:59px}<\/style><h2 class=\"elementor-heading-title elementor-size-default\">Krenule su prijave za 10. Nacionalni sociolo\u0161ki kongres<\/h2>\t\t<\/div>\n\t\t\t\t<\/div>\n\t\t\t\t\t<\/div>\n\t\t\t\t<\/div>\n\t\t<div class=\"elementor-element elementor-element-ce1f03f e-flex e-con-boxed e-con e-parent\" data-id=\"ce1f03f\" data-element_type=\"container\" data-settings=\"{&quot;container_type&quot;:&quot;flex&quot;,&quot;content_width&quot;:&quot;boxed&quot;}\" data-core-v316-plus=\"true\">\n\t\t\t\t\t<div class=\"e-con-inner\">\n\t\t\t\t<div class=\"elementor-element elementor-element-6a8ae59 elementor-widget elementor-widget-text-editor\" data-id=\"6a8ae59\" data-element_type=\"widget\" data-widget_type=\"text-editor.default\">\n\t\t\t\t<div class=\"elementor-widget-container\">\n\t\t\t\t\t\t\t<p><strong>Hrvatsko sociolo\u0161ko dru\u0161tvo<\/strong> s ponosom vas poziva na sudjelovanje na <strong>10. Nacionalnom sociolo\u0161kom kongresu<\/strong>, koji \u0107e se odr\u017eati od <strong>16. do 18. svibnja 2025.<\/strong> u \u0160koli narodnog zdravlja \u201eAndrija \u0160tampar\u201c, Medicinskog fakulteta Sveu\u010dili\u0161ta u Zagrebu.<\/p><p>Za vi\u0161e informacija o prijavi, detalje potra\u017eite u prilo\u017eenom dokumentu te nas pratite putem <a href=\"https:\/\/www.facebook.com\/profile.php?id=100064497050043\"><strong>HSD Facebook profila<\/strong><\/a>.<\/p><p>Donosimo <strong><a href=\"https:\/\/hsd.hr\/wp-content\/uploads\/2025\/05\/PROGRAM-KONGRESA-5.docx\">program <\/a><\/strong>and <strong><a href=\"https:\/\/hsd.hr\/wp-content\/uploads\/2025\/07\/HSD-X-kongres_online.pdf\">knjigu sa\u017eetaka.\u00a0<\/a><\/strong><\/p>\t\t\t\t\t\t<\/div>\n\t\t\t\t<\/div>\n\t\t\t\t\t<\/div>\n\t\t\t\t<\/div>\n\t\t<div class=\"elementor-element elementor-element-1c1dde3 e-grid e-con-boxed e-con e-parent\" data-id=\"1c1dde3\" data-element_type=\"container\" data-settings=\"{&quot;container_type&quot;:&quot;grid&quot;,&quot;grid_columns_grid&quot;:{&quot;unit&quot;:&quot;fr&quot;,&quot;size&quot;:&quot;2&quot;,&quot;sizes&quot;:[]},&quot;grid_rows_grid&quot;:{&quot;unit&quot;:&quot;fr&quot;,&quot;size&quot;:&quot;1&quot;,&quot;sizes&quot;:[]},&quot;grid_rows_grid_mobile&quot;:{&quot;unit&quot;:&quot;fr&quot;,&quot;size&quot;:&quot;1&quot;,&quot;sizes&quot;:[]},&quot;content_width&quot;:&quot;boxed&quot;,&quot;grid_outline&quot;:&quot;yes&quot;,&quot;grid_columns_grid_tablet&quot;:{&quot;unit&quot;:&quot;fr&quot;,&quot;size&quot;:&quot;&quot;,&quot;sizes&quot;:[]},&quot;grid_columns_grid_mobile&quot;:{&quot;unit&quot;:&quot;fr&quot;,&quot;size&quot;:1,&quot;sizes&quot;:[]},&quot;grid_rows_grid_tablet&quot;:{&quot;unit&quot;:&quot;fr&quot;,&quot;size&quot;:&quot;&quot;,&quot;sizes&quot;:[]},&quot;grid_auto_flow&quot;:&quot;row&quot;,&quot;grid_auto_flow_tablet&quot;:&quot;row&quot;,&quot;grid_auto_flow_mobile&quot;:&quot;row&quot;}\" data-core-v316-plus=\"true\">\n\t\t\t\t\t<div class=\"e-con-inner\">\n\t\t<div class=\"elementor-element elementor-element-75961aa e-flex e-con-boxed e-con e-child\" data-id=\"75961aa\" data-element_type=\"container\" data-settings=\"{&quot;container_type&quot;:&quot;flex&quot;,&quot;content_width&quot;:&quot;boxed&quot;}\">\n\t\t\t\t\t<div class=\"e-con-inner\">\n\t\t\t\t<div class=\"elementor-element elementor-element-745de1b elementor-widget elementor-widget-image\" data-id=\"745de1b\" data-element_type=\"widget\" data-widget_type=\"image.default\">\n\t\t\t\t<div class=\"elementor-widget-container\">\n\t\t\t<style>\/*! elementor - v3.17.0 - 08-11-2023 *\/\n.elementor-widget-image{text-align:center}.elementor-widget-image a{display:inline-block}.elementor-widget-image a img[src$=\".svg\"]{width:48px}.elementor-widget-image img{vertical-align:middle;display:inline-block}<\/style>\t\t\t\t\t\t\t\t\t<figure class=\"wp-caption\">\n\t\t\t\t\t\t\t\t\t\t\t<a href=\"https:\/\/hsd.hr\/wp-content\/uploads\/2025\/01\/Kongres_2025_CFP-v2-3.pdf\" target=\"_blank\">\n\t\t\t\t\t\t\t<img fetchpriority=\"high\" decoding=\"async\" width=\"723\" height=\"1024\" src=\"https:\/\/hsd.hr\/wp-content\/uploads\/2025\/02\/15.3.2025-723x1024.png\" class=\"attachment-large size-large wp-image-8029\" alt=\"\" srcset=\"https:\/\/hsd.hr\/wp-content\/uploads\/2025\/02\/15.3.2025-723x1024.png 723w, https:\/\/hsd.hr\/wp-content\/uploads\/2025\/02\/15.3.2025-212x300.png 212w, https:\/\/hsd.hr\/wp-content\/uploads\/2025\/02\/15.3.2025-768x1088.png 768w, https:\/\/hsd.hr\/wp-content\/uploads\/2025\/02\/15.3.2025-1084x1536.png 1084w, https:\/\/hsd.hr\/wp-content\/uploads\/2025\/02\/15.3.2025-8x12.png 8w, https:\/\/hsd.hr\/wp-content\/uploads\/2025\/02\/15.3.2025.png 1251w\" sizes=\"(max-width: 723px) 100vw, 723px\" \/>\t\t\t\t\t\t\t\t<\/a>\n\t\t\t\t\t\t\t\t\t\t\t<figcaption class=\"widget-image-caption wp-caption-text\">Klik na sliku za vi\u0161e informacija o prijavi<\/figcaption>\n\t\t\t\t\t\t\t\t\t\t<\/figure>\n\t\t\t\t\t\t\t\t\t<\/div>\n\t\t\t\t<\/div>\n\t\t\t\t\t<\/div>\n\t\t\t\t<\/div>\n\t\t\t\t<div class=\"elementor-element elementor-element-266db48 elementor-widget elementor-widget-text-editor\" data-id=\"266db48\" data-element_type=\"widget\" data-widget_type=\"text-editor.default\">\n\t\t\t\t<div class=\"elementor-widget-container\">\n\t\t\t\t\t\t\t\t\t\t\t\t\t<\/div>\n\t\t\t\t<\/div>\n\t\t\t\t\t<\/div>\n\t\t\t\t<\/div>\n\t\t\t\t\t\t\t<\/div>","protected":false},"excerpt":{"rendered":"<p>Krenule su prijave za 10. Nacionalni sociolo\u0161ki kongres Hrvatsko sociolo\u0161ko dru\u0161tvo s ponosom vas poziva na sudjelovanje na 10. Nacionalnom sociolo\u0161kom kongresu, koji \u0107e se odr\u017eati od 16. do 18. svibnja 2025. u \u0160koli narodnog zdravlja \u201eAndrija \u0160tampar\u201c, Medicinskog fakulteta Sveu\u010dili\u0161ta u Zagrebu. Za vi\u0161e informacija o prijavi, detalje potra\u017eite u prilo\u017eenom dokumentu te nas &hellip;<\/p>\n<p class=\"read-more\"> <a class=\"\" href=\"http:\/\/hsd.hr\/en\/kongres-2025-2\/\"> <span class=\"screen-reader-text\">Kongres 2025.<\/span> Read More &raquo;<\/a><\/p>","protected":false},"author":7,"featured_media":0,"parent":0,"menu_order":0,"comment_status":"closed","ping_status":"closed","template":"","meta":{"site-sidebar-layout":"no-sidebar","site-content-layout":"","ast-site-content-layout":"full-width-container","site-content-style":"default","site-sidebar-style":"default","ast-global-header-display":"","ast-banner-title-visibility":"","ast-main-header-display":"","ast-hfb-above-header-display":"","ast-hfb-below-header-display":"","ast-hfb-mobile-header-display":"","site-post-title":"disabled","ast-breadcrumbs-content":"","ast-featured-img":"disabled","footer-sml-layout":"","theme-transparent-header-meta":"","adv-header-id-meta":"","stick-header-meta":"","header-above-stick-meta":"","header-main-stick-meta":"","header-below-stick-meta":"","astra-migrate-meta-layouts":"","ast-page-background-enabled":"default","ast-page-background-meta":{"desktop":{"background-color":"var(--ast-global-color-4)","background-image":"","background-repeat":"repeat","background-position":"center center","background-size":"auto","background-attachment":"scroll","background-type":"","background-media":"","overlay-type":"","overlay-color":"","overlay-gradient":""},"tablet":{"background-color":"","background-image":"","background-repeat":"repeat","background-position":"center center","background-size":"auto","background-attachment":"scroll","background-type":"","background-media":"","overlay-type":"","overlay-color":"","overlay-gradient":""},"mobile":{"background-color":"","background-image":"","background-repeat":"repeat","background-position":"center center","background-size":"auto","background-attachment":"scroll","background-type":"","background-media":"","overlay-type":"","overlay-color":"","overlay-gradient":""}},"ast-content-background-meta":{"desktop":{"background-color":"var(--ast-global-color-5)","background-image":"","background-repeat":"repeat","background-position":"center center","background-size":"auto","background-attachment":"scroll","background-type":"","background-media":"","overlay-type":"","overlay-color":"","overlay-gradient":""},"tablet":{"background-color":"var(--ast-global-color-5)","background-image":"","background-repeat":"repeat","background-position":"center center","background-size":"auto","background-attachment":"scroll","background-type":"","background-media":"","overlay-type":"","overlay-color":"","overlay-gradient":""},"mobile":{"background-color":"var(--ast-global-color-5)","background-image":"","background-repeat":"repeat","background-position":"center center","background-size":"auto","background-attachment":"scroll","background-type":"","background-media":"","overlay-type":"","overlay-color":"","overlay-gradient":""}},"footnotes":""},"class_list":["post-7851","page","type-page","status-publish","hentry"],"_links":{"self":[{"href":"http:\/\/hsd.hr\/en\/wp-json\/wp\/v2\/pages\/7851","targetHints":{"allow":["GET"]}}],"collection":[{"href":"http:\/\/hsd.hr\/en\/wp-json\/wp\/v2\/pages"}],"about":[{"href":"http:\/\/hsd.hr\/en\/wp-json\/wp\/v2\/types\/page"}],"author":[{"embeddable":true,"href":"http:\/\/hsd.hr\/en\/wp-json\/wp\/v2\/users\/7"}],"replies":[{"embeddable":true,"href":"http:\/\/hsd.hr\/en\/wp-json\/wp\/v2\/comments?post=7851"}],"version-history":[{"count":61,"href":"http:\/\/hsd.hr\/en\/wp-json\/wp\/v2\/pages\/7851\/revisions"}],"predecessor-version":[{"id":8471,"href":"http:\/\/hsd.hr\/en\/wp-json\/wp\/v2\/pages\/7851\/revisions\/8471"}],"wp:attachment":[{"href":"http:\/\/hsd.hr\/en\/wp-json\/wp\/v2\/media?parent=7851"}],"curies":[{"name":"wp","href":"https:\/\/api.w.org\/{rel}","templated":true}]}}