{"id":133,"date":"2017-02-07T15:07:56","date_gmt":"2017-02-07T14:07:56","guid":{"rendered":"https:\/\/pubweb.carnet.hr\/hsd\/?page_id=133"},"modified":"2023-12-22T16:35:59","modified_gmt":"2023-12-22T16:35:59","slug":"fond-buducnosti","status":"publish","type":"page","link":"https:\/\/hsd.hr\/en\/fond-buducnosti\/","title":{"rendered":"Future Fund"},"content":{"rendered":"<div data-elementor-type=\"wp-page\" data-elementor-id=\"133\" class=\"elementor elementor-133\" data-elementor-post-type=\"page\">\n\t\t\t\t\t\t\t<div class=\"elementor-element elementor-element-419b6c5f e-flex e-con-boxed e-con e-parent\" data-id=\"419b6c5f\" data-element_type=\"container\" data-settings=\"{&quot;container_type&quot;:&quot;flex&quot;,&quot;content_width&quot;:&quot;boxed&quot;}\" data-core-v316-plus=\"true\">\n\t\t\t\t\t<div class=\"e-con-inner\">\n\t\t\t\t<div class=\"elementor-element elementor-element-442b3a6f elementor-widget elementor-widget-text-editor\" data-id=\"442b3a6f\" data-element_type=\"widget\" data-widget_type=\"text-editor.default\">\n\t\t\t\t<div class=\"elementor-widget-container\">\n\t\t\t<style>\/*! elementor - v3.17.0 - 08-11-2023 *\/\n.elementor-widget-text-editor.elementor-drop-cap-view-stacked .elementor-drop-cap{background-color:#69727d;color:#fff}.elementor-widget-text-editor.elementor-drop-cap-view-framed .elementor-drop-cap{color:#69727d;border:3px solid;background-color:transparent}.elementor-widget-text-editor:not(.elementor-drop-cap-view-default) .elementor-drop-cap{margin-top:8px}.elementor-widget-text-editor:not(.elementor-drop-cap-view-default) .elementor-drop-cap-letter{width:1em;height:1em}.elementor-widget-text-editor .elementor-drop-cap{float:left;text-align:center;line-height:1;font-size:50px}.elementor-widget-text-editor .elementor-drop-cap-letter{display:inline-block}<\/style>\t\t\t\t<p>The Future Fund is an initiative that plays a key role in supporting young sociologists in the development of their careers and professional development. It is based on the voluntary contributions of HSD members and others who in this way strive to contribute to the general progress of the sociological profession in Croatia.<\/p>\t\t\t\t\t\t<\/div>\n\t\t\t\t<\/div>\n\t\t\t\t\t<\/div>\n\t\t\t\t<\/div>\n\t\t<div class=\"elementor-element elementor-element-f253ca4 e-flex e-con-boxed e-con e-parent\" data-id=\"f253ca4\" data-element_type=\"container\" data-settings=\"{&quot;container_type&quot;:&quot;flex&quot;,&quot;content_width&quot;:&quot;boxed&quot;}\" data-core-v316-plus=\"true\">\n\t\t\t\t\t<div class=\"e-con-inner\">\n\t\t\t\t<div class=\"elementor-element elementor-element-ebed5be elementor-widget elementor-widget-heading\" data-id=\"ebed5be\" data-element_type=\"widget\" data-widget_type=\"heading.default\">\n\t\t\t\t<div class=\"elementor-widget-container\">\n\t\t\t<style>\/*! elementor - v3.17.0 - 08-11-2023 *\/\n.elementor-heading-title{padding:0;margin:0;line-height:1}.elementor-widget-heading .elementor-heading-title[class*=elementor-size-]>a{color:inherit;font-size:inherit;line-height:inherit}.elementor-widget-heading .elementor-heading-title.elementor-size-small{font-size:15px}.elementor-widget-heading .elementor-heading-title.elementor-size-medium{font-size:19px}.elementor-widget-heading .elementor-heading-title.elementor-size-large{font-size:29px}.elementor-widget-heading .elementor-heading-title.elementor-size-xl{font-size:39px}.elementor-widget-heading .elementor-heading-title.elementor-size-xxl{font-size:59px}<\/style><h2 class=\"elementor-heading-title elementor-size-default\">Global Sociology, Local Support<\/h2>\t\t<\/div>\n\t\t\t\t<\/div>\n\t\t\t\t\t<\/div>\n\t\t\t\t<\/div>\n\t\t<div class=\"elementor-element elementor-element-18c020e e-flex e-con-boxed e-con e-parent\" data-id=\"18c020e\" data-element_type=\"container\" data-settings=\"{&quot;container_type&quot;:&quot;flex&quot;,&quot;content_width&quot;:&quot;boxed&quot;}\" data-core-v316-plus=\"true\">\n\t\t\t\t\t<div class=\"e-con-inner\">\n\t\t\t\t<div class=\"elementor-element elementor-element-5183f88 elementor-widget elementor-widget-text-editor\" data-id=\"5183f88\" data-element_type=\"widget\" data-widget_type=\"text-editor.default\">\n\t\t\t\t<div class=\"elementor-widget-container\">\n\t\t\t\t\t\t\t<p>Thanks to previous donations, since 2013 we have been able to provide financial support to our scholarship recipients. The projects we financially supported are:<\/p><ul><li><em>Summer School Indonesian Arts &amp; Culture,<\/em> (Jakarta, Semarang, Denpasar, Bandung, Surabaya in Indonesia)<\/li><li>Annual Conference of the American Sociological Association (New York, USA)<\/li><li>International Summer School in Qualitative Research Methods in Education: <em>Grounded Theory for Social Justice with Kathy Charmaz<\/em> Roevereto, Italy<\/li><li>EMES International PhD Summer School, <em>The Three SE Pillars: Social Entrepreneurship, Social Economy and Solidarity<\/em> <em>Economy<\/em>, Romania<\/li><li>GESIS Summer School 2019 Cologne, Germany<\/li><li>European Sociological Association: <em>Europe and Beyond: Boudaries, Barriers and Belonging <\/em>Manchester, United Kingdom<\/li><li>ConverGENT \u2013 <em>Convergent roads, bridges and new pathways in criminology<\/em> \u2013 19th Annual Conference of the European Society of Criminology, Belgium<\/li><li>European Educational <em>Research Summer School (EERSS) 2022: Research design from scratch: Making sense of the whats, whos and hows of your investigation<\/em>, Portugal<\/li><\/ul>\t\t\t\t\t\t<\/div>\n\t\t\t\t<\/div>\n\t\t\t\t<div class=\"elementor-element elementor-element-6cc485e elementor-widget elementor-widget-heading\" data-id=\"6cc485e\" data-element_type=\"widget\" data-widget_type=\"heading.default\">\n\t\t\t\t<div class=\"elementor-widget-container\">\n\t\t\t<h2 class=\"elementor-heading-title elementor-size-default\">How Will Your Donation Help?<\/h2>\t\t<\/div>\n\t\t\t\t<\/div>\n\t\t\t\t<div class=\"elementor-element elementor-element-4f7a1d3 elementor-widget elementor-widget-text-editor\" data-id=\"4f7a1d3\" data-element_type=\"widget\" data-widget_type=\"text-editor.default\">\n\t\t\t\t<div class=\"elementor-widget-container\">\n\t\t\t\t\t\t\t<p>After we collect funds through the Future Fund, HSD awards travel allowances to young sociologists. This enables them to participate in conferences, research, and education and contributes to their growth and development in the sociological community.<\/p>\t\t\t\t\t\t<\/div>\n\t\t\t\t<\/div>\n\t\t\t\t<div class=\"elementor-element elementor-element-6d16e3f elementor-widget elementor-widget-heading\" data-id=\"6d16e3f\" data-element_type=\"widget\" data-widget_type=\"heading.default\">\n\t\t\t\t<div class=\"elementor-widget-container\">\n\t\t\t<h2 class=\"elementor-heading-title elementor-size-default\">Why Support the Future Fund?<\/h2>\t\t<\/div>\n\t\t\t\t<\/div>\n\t\t\t\t<div class=\"elementor-element elementor-element-fd8e238 elementor-widget elementor-widget-text-editor\" data-id=\"fd8e238\" data-element_type=\"widget\" data-widget_type=\"text-editor.default\">\n\t\t\t\t<div class=\"elementor-widget-container\">\n\t\t\t\t\t\t\t<p><strong>Supporting Young Talents<\/strong>: Your donation helps young sociologists realize their potential, creating a foundation for future generations of experts.<\/p><p><strong>Improving the Sociological Profession<\/strong>: With your support, you contribute to the development of sociology in Croatia. Strengthening the profession means a better understanding of society and a better solution to social challenges.<\/p><p><strong>We Connect the Community<\/strong>: The Future Fund brings together members of the Croatian Sociological Association and other individuals who share our passion for sociology and its impact on society.<\/p>\t\t\t\t\t\t<\/div>\n\t\t\t\t<\/div>\n\t\t\t\t<div class=\"elementor-element elementor-element-b307ebf elementor-widget elementor-widget-heading\" data-id=\"b307ebf\" data-element_type=\"widget\" data-widget_type=\"heading.default\">\n\t\t\t\t<div class=\"elementor-widget-container\">\n\t\t\t<h2 class=\"elementor-heading-title elementor-size-default\">How to Support the Future Fund?<\/h2>\t\t<\/div>\n\t\t\t\t<\/div>\n\t\t\t\t<div class=\"elementor-element elementor-element-acff582 elementor-widget elementor-widget-text-editor\" data-id=\"acff582\" data-element_type=\"widget\" data-widget_type=\"text-editor.default\">\n\t\t\t\t<div class=\"elementor-widget-container\">\n\t\t\t\t\t\t\t<p>Every donation, regardless of its size, contributes to the achievement of our goals.<\/p><ul><li>IBAN: HR1623900011100315979 (Hrvatska po\u0161tanska banka)<\/li><li>With the indication \"For the Future Fund\"<\/li><li>Recipient: Croatian Sociological Association (CSA)<\/li><li>Address: Amru\u0161eva 11\/II, 10000 Zagreb<\/li><\/ul><p>You can find the competition rules for CSA Travel Expense Reimbursement <a href=\"file:\/\/\/C:\/Users\/ena-z\/OneDrive\/Desktop\/Pics for web\/revija\/Pravilnik_Naknada_putnih_troskova_HSD.pdf\">here<\/a>, and the application form for the competition via the <a href=\"https:\/\/hsd.hr\/wp-content\/uploads\/2023\/11\/PRIJAVNI_OBRAZAC_ZA_NAKNADU_PUTNIH_TROSKOVA_HSD-a-1.doc\">link<\/a><\/p><p>Support us to create together a world that brings positive changes and progress.\u00a0<\/p>\t\t\t\t\t\t<\/div>\n\t\t\t\t<\/div>\n\t\t\t\t\t<\/div>\n\t\t\t\t<\/div>\n\t\t\t\t\t\t\t<\/div>","protected":false},"excerpt":{"rendered":"<p>Fond budu\u0107nosti inicijativa je koja ima klju\u010dnu ulogu u podr\u0161ci mladim sociolozima i sociologinjama u razvoju njihove karijere i stru\u010dnog usavr\u0161avanja.Temelji se na dobrovoljnim prilozima \u010dlanova\/ica HSD-a, ali i drugih koji na ovaj na\u010din nastoje pridonijeti op\u0107em napretku sociolo\u0161ke struke u Hrvatskoj. Globalna sociologija, lokalna podr\u0161ka Zahvaljuju\u0107i dosada\u0161njim donacijama, od 2013. godine uspjeli smo osigurati &hellip;<\/p>\n<p class=\"read-more\"> <a class=\"\" href=\"https:\/\/hsd.hr\/en\/fond-buducnosti\/\"> <span class=\"screen-reader-text\">Future Fund<\/span> Read More &raquo;<\/a><\/p>","protected":false},"author":1,"featured_media":0,"parent":0,"menu_order":0,"comment_status":"closed","ping_status":"closed","template":"","meta":{"site-sidebar-layout":"default","site-content-layout":"","ast-site-content-layout":"","site-content-style":"default","site-sidebar-style":"default","ast-global-header-display":"","ast-banner-title-visibility":"","ast-main-header-display":"","ast-hfb-above-header-display":"","ast-hfb-below-header-display":"","ast-hfb-mobile-header-display":"","site-post-title":"","ast-breadcrumbs-content":"","ast-featured-img":"","footer-sml-layout":"","theme-transparent-header-meta":"","adv-header-id-meta":"","stick-header-meta":"","header-above-stick-meta":"","header-main-stick-meta":"","header-below-stick-meta":"","astra-migrate-meta-layouts":"","ast-page-background-enabled":"default","ast-page-background-meta":{"desktop":{"background-color":"var(--ast-global-color-4)","background-image":"","background-repeat":"repeat","background-position":"center center","background-size":"auto","background-attachment":"scroll","background-type":"","background-media":"","overlay-type":"","overlay-color":"","overlay-gradient":""},"tablet":{"background-color":"","background-image":"","background-repeat":"repeat","background-position":"center center","background-size":"auto","background-attachment":"scroll","background-type":"","background-media":"","overlay-type":"","overlay-color":"","overlay-gradient":""},"mobile":{"background-color":"","background-image":"","background-repeat":"repeat","background-position":"center center","background-size":"auto","background-attachment":"scroll","background-type":"","background-media":"","overlay-type":"","overlay-color":"","overlay-gradient":""}},"ast-content-background-meta":{"desktop":{"background-color":"var(--ast-global-color-5)","background-image":"","background-repeat":"repeat","background-position":"center center","background-size":"auto","background-attachment":"scroll","background-type":"","background-media":"","overlay-type":"","overlay-color":"","overlay-gradient":""},"tablet":{"background-color":"var(--ast-global-color-5)","background-image":"","background-repeat":"repeat","background-position":"center center","background-size":"auto","background-attachment":"scroll","background-type":"","background-media":"","overlay-type":"","overlay-color":"","overlay-gradient":""},"mobile":{"background-color":"var(--ast-global-color-5)","background-image":"","background-repeat":"repeat","background-position":"center center","background-size":"auto","background-attachment":"scroll","background-type":"","background-media":"","overlay-type":"","overlay-color":"","overlay-gradient":""}},"footnotes":""},"class_list":["post-133","page","type-page","status-publish","hentry"],"_links":{"self":[{"href":"https:\/\/hsd.hr\/en\/wp-json\/wp\/v2\/pages\/133","targetHints":{"allow":["GET"]}}],"collection":[{"href":"https:\/\/hsd.hr\/en\/wp-json\/wp\/v2\/pages"}],"about":[{"href":"https:\/\/hsd.hr\/en\/wp-json\/wp\/v2\/types\/page"}],"author":[{"embeddable":true,"href":"https:\/\/hsd.hr\/en\/wp-json\/wp\/v2\/users\/1"}],"replies":[{"embeddable":true,"href":"https:\/\/hsd.hr\/en\/wp-json\/wp\/v2\/comments?post=133"}],"version-history":[{"count":87,"href":"https:\/\/hsd.hr\/en\/wp-json\/wp\/v2\/pages\/133\/revisions"}],"predecessor-version":[{"id":6293,"href":"https:\/\/hsd.hr\/en\/wp-json\/wp\/v2\/pages\/133\/revisions\/6293"}],"wp:attachment":[{"href":"https:\/\/hsd.hr\/en\/wp-json\/wp\/v2\/media?parent=133"}],"curies":[{"name":"wp","href":"https:\/\/api.w.org\/{rel}","templated":true}]}}