{"id":1339,"date":"2017-11-14T11:34:37","date_gmt":"2017-11-14T10:34:37","guid":{"rendered":"https:\/\/pubweb.carnet.hr\/hsd\/?page_id=1339"},"modified":"2017-11-14T11:34:37","modified_gmt":"2017-11-14T10:34:37","slug":"sekcija-za-sociologiju-sporta","status":"publish","type":"page","link":"https:\/\/hsd.hr\/en\/sekcije\/sekcija-za-sociologiju-sporta\/","title":{"rendered":"Section for the Sociology of Sport"},"content":{"rendered":"<p>Sekcija za sociologiju sporta osnovana je 27. listopada 2017. kao jedanaesta zasebna sekcija pri HSD-u. Pokreta\u010dka ideja koja stoji iza osnivanja sekcije sadr\u017eana je u \u017eelji za \u0161to lak\u0161im ostvarivanjem kontakata, a kasnije i zajedni\u010dke suradnje kolegica i kolega koji se bave temama vezanim uz sport unutar sociologije, ali i unutar drugih polja znanosti. U radu sekcije sudjeluju dominantno sociolozi, ali ve\u0107 su se na osniva\u010dkom sastanku pridru\u017eile kolege s polja etnologije, antropologije i kineziologije. Upravo zbog \u017eelje za sveobuhvatnim pristupom fenomenu sporta u dru\u0161tvu, \u017eelja je svih \u010dlanova sekcije raditi i izmjenjivati iskustva sa znanstvenicima raznih profesija, kao i samim akterima unutar svijeta sporta. Cilj sekcije je svojim radom i anga\u017emanom na razli\u010ditim razinama (tribine, javna predavanja, okrugle stolove, publikacije i sl.) ponuditi mogu\u0107nost za \u0161to boljom deskripcijom i analizom procesa koji se odvijaju u sportu i \u201eoko njega\u201c, a jednako tako progovoriti i o socijalnim implikacijama pojedinih procesa. Kako je spomenuto ranije, teme kojim se bavi sekcija za sociologiju sporta pokrivaju \u0161iroku lepezu istra\u017eiva\u010dkih interesa njenih \u010dlanova, po\u010dev\u0161i od fundamentalnih postulata sporta i bavljenja njime pa sve do organizacijskih aspekata i sportske publike.<\/p>\n<p><strong>Voditelj sekcije<\/strong><br \/>\nDoc. dr. sc. Marko Mustapi\u0107, vi\u0161i znanstveni suradnik<\/p>\n<p><a href=\"mailto:Marko.Mustapic@pilar.hr\">Marko.Mustapic@pilar.hr<\/a><\/p>\n<p><strong>Tajnik sekcije<\/strong><br \/>\nDino Vuku\u0161i\u0107<\/p>\n<p><a href=\"mailto:dino.vukusic01@gmail.com\">dino.vukusic01@gmail.com<\/a><\/p>","protected":false},"excerpt":{"rendered":"<p>Sekcija za sociologiju sporta osnovana je 27. listopada 2017. kao jedanaesta zasebna sekcija pri HSD-u. Pokreta\u010dka ideja koja stoji iza osnivanja sekcije sadr\u017eana je u \u017eelji za \u0161to lak\u0161im ostvarivanjem kontakata, a kasnije i zajedni\u010dke suradnje kolegica i kolega koji se bave temama vezanim uz sport unutar sociologije, ali i unutar drugih polja znanosti. U &hellip;<\/p>\n<p class=\"read-more\"> <a class=\"\" href=\"https:\/\/hsd.hr\/en\/sekcije\/sekcija-za-sociologiju-sporta\/\"> <span class=\"screen-reader-text\">Section for the Sociology of Sport<\/span> Read More &raquo;<\/a><\/p>","protected":false},"author":1,"featured_media":0,"parent":189,"menu_order":0,"comment_status":"closed","ping_status":"closed","template":"","meta":{"site-sidebar-layout":"default","site-content-layout":"","ast-site-content-layout":"","site-content-style":"default","site-sidebar-style":"default","ast-global-header-display":"","ast-banner-title-visibility":"","ast-main-header-display":"","ast-hfb-above-header-display":"","ast-hfb-below-header-display":"","ast-hfb-mobile-header-display":"","site-post-title":"","ast-breadcrumbs-content":"","ast-featured-img":"","footer-sml-layout":"","theme-transparent-header-meta":"","adv-header-id-meta":"","stick-header-meta":"","header-above-stick-meta":"","header-main-stick-meta":"","header-below-stick-meta":"","astra-migrate-meta-layouts":"","ast-page-background-enabled":"default","ast-page-background-meta":{"desktop":{"background-color":"var(--ast-global-color-4)","background-image":"","background-repeat":"repeat","background-position":"center center","background-size":"auto","background-attachment":"scroll","background-type":"","background-media":"","overlay-type":"","overlay-color":"","overlay-gradient":""},"tablet":{"background-color":"","background-image":"","background-repeat":"repeat","background-position":"center center","background-size":"auto","background-attachment":"scroll","background-type":"","background-media":"","overlay-type":"","overlay-color":"","overlay-gradient":""},"mobile":{"background-color":"","background-image":"","background-repeat":"repeat","background-position":"center center","background-size":"auto","background-attachment":"scroll","background-type":"","background-media":"","overlay-type":"","overlay-color":"","overlay-gradient":""}},"ast-content-background-meta":{"desktop":{"background-color":"var(--ast-global-color-5)","background-image":"","background-repeat":"repeat","background-position":"center center","background-size":"auto","background-attachment":"scroll","background-type":"","background-media":"","overlay-type":"","overlay-color":"","overlay-gradient":""},"tablet":{"background-color":"var(--ast-global-color-5)","background-image":"","background-repeat":"repeat","background-position":"center center","background-size":"auto","background-attachment":"scroll","background-type":"","background-media":"","overlay-type":"","overlay-color":"","overlay-gradient":""},"mobile":{"background-color":"var(--ast-global-color-5)","background-image":"","background-repeat":"repeat","background-position":"center center","background-size":"auto","background-attachment":"scroll","background-type":"","background-media":"","overlay-type":"","overlay-color":"","overlay-gradient":""}},"footnotes":""},"class_list":["post-1339","page","type-page","status-publish","hentry"],"_links":{"self":[{"href":"https:\/\/hsd.hr\/en\/wp-json\/wp\/v2\/pages\/1339","targetHints":{"allow":["GET"]}}],"collection":[{"href":"https:\/\/hsd.hr\/en\/wp-json\/wp\/v2\/pages"}],"about":[{"href":"https:\/\/hsd.hr\/en\/wp-json\/wp\/v2\/types\/page"}],"author":[{"embeddable":true,"href":"https:\/\/hsd.hr\/en\/wp-json\/wp\/v2\/users\/1"}],"replies":[{"embeddable":true,"href":"https:\/\/hsd.hr\/en\/wp-json\/wp\/v2\/comments?post=1339"}],"version-history":[{"count":0,"href":"https:\/\/hsd.hr\/en\/wp-json\/wp\/v2\/pages\/1339\/revisions"}],"up":[{"embeddable":true,"href":"https:\/\/hsd.hr\/en\/wp-json\/wp\/v2\/pages\/189"}],"wp:attachment":[{"href":"https:\/\/hsd.hr\/en\/wp-json\/wp\/v2\/media?parent=1339"}],"curies":[{"name":"wp","href":"https:\/\/api.w.org\/{rel}","templated":true}]}}