{"id":151,"date":"2017-02-08T13:26:49","date_gmt":"2017-02-08T12:26:49","guid":{"rendered":"https:\/\/pubweb.carnet.hr\/hsd\/?page_id=151"},"modified":"2017-02-08T13:26:49","modified_gmt":"2017-02-08T12:26:49","slug":"linkovi","status":"publish","type":"page","link":"https:\/\/hsd.hr\/en\/linkovi\/","title":{"rendered":"Linkovi"},"content":{"rendered":"<p><strong>Web-stranice sociolo\u0161kih \u010dasopisa<\/strong><\/p>\n<ul>\n<li><a href=\"http:\/\/hrcak.srce.hr\/drustvena-istrazivanja\" target=\"_blank\" rel=\"noopener\">Dru\u0161tvena istra\u017eivanja<\/a><\/li>\n<li><a href=\"http:\/\/www.polemos-hr.com\/hr\/naslovna\" target=\"_blank\" rel=\"noopener\">Polemos<\/a><\/li>\n<li><a href=\"http:\/\/www.rsp.hr\/ojs2\/index.php\/rsp\" target=\"_blank\" rel=\"noopener\">Revija za socijalnu politiku<\/a><\/li>\n<li><a href=\"https:\/\/hrcak.srce.hr\/ojs\/index.php\/rzs\/index\" target=\"_blank\" rel=\"noopener\">Croatian Sociological Review<\/a><\/li>\n<li><a href=\"http:\/\/hrcak.srce.hr\/socijalna-ekologija\" target=\"_blank\" rel=\"noopener\">Social Ecology<\/a><\/li>\n<li><a href=\"http:\/\/hrcak.srce.hr\/sociologija-i-prostor\" target=\"_blank\" rel=\"noopener\">Sociologija i prostor<\/a><\/li>\n<li><a href=\"http:\/\/www.jesenski-turk.hr\/?active=biblioteka&amp;biblioteka=1\" target=\"_blank\" rel=\"noopener\">Sociological Library<\/a><\/li>\n<\/ul>\n<p><strong>Druga sociolo\u0161ka dru\u0161tva<\/strong><\/p>\n<ul>\n<li><a href=\"http:\/\/www.asanet.org\/\" target=\"_blank\" rel=\"noopener\">American Sociological Association<\/a><\/li>\n<li><a href=\"https:\/\/www.britsoc.co.uk\/\" target=\"_blank\" rel=\"noopener\">British Sociological Association<\/a><\/li>\n<li><a href=\"http:\/\/www.europeansociology.org\/\" target=\"_blank\" rel=\"noopener\">European Sociological Association<\/a><\/li>\n<li><a href=\"http:\/\/www.isa-sociology.org\/en\/\" target=\"_blank\" rel=\"noopener\">International Sociological Association<\/a><\/li>\n<\/ul>\n<div id=\"simple-translate\">\n<div>\n<div class=\"simple-translate-button\"><\/div>\n<div class=\"simple-translate-panel\" style=\"width: 300px;height: 200px;font-size: 13px;background-color: #ffffff\">\n<div class=\"simple-translate-result-wrapper\" style=\"overflow: hidden\">\n<p class=\"simple-translate-result\" style=\"color: #000000\">\n<p class=\"simple-translate-candidate\" style=\"color: #737373\">\n<\/div>\n<\/div>\n<\/div>\n<\/div>","protected":false},"excerpt":{"rendered":"<p>Web-stranice sociolo\u0161kih \u010dasopisa Dru\u0161tvena istra\u017eivanja Polemos Revija za socijalnu politiku Revija za sociologiju Socijalna ekologija Sociologija i prostor Sociolo\u0161ka biblioteka Druga sociolo\u0161ka dru\u0161tva American Sociological Association British Sociological Association European Sociological Association International Sociological Association<\/p>","protected":false},"author":1,"featured_media":0,"parent":0,"menu_order":0,"comment_status":"closed","ping_status":"closed","template":"","meta":{"site-sidebar-layout":"default","site-content-layout":"","ast-site-content-layout":"","site-content-style":"default","site-sidebar-style":"default","ast-global-header-display":"","ast-banner-title-visibility":"","ast-main-header-display":"","ast-hfb-above-header-display":"","ast-hfb-below-header-display":"","ast-hfb-mobile-header-display":"","site-post-title":"","ast-breadcrumbs-content":"","ast-featured-img":"","footer-sml-layout":"","theme-transparent-header-meta":"","adv-header-id-meta":"","stick-header-meta":"","header-above-stick-meta":"","header-main-stick-meta":"","header-below-stick-meta":"","astra-migrate-meta-layouts":"","ast-page-background-enabled":"default","ast-page-background-meta":{"desktop":{"background-color":"var(--ast-global-color-4)","background-image":"","background-repeat":"repeat","background-position":"center center","background-size":"auto","background-attachment":"scroll","background-type":"","background-media":"","overlay-type":"","overlay-color":"","overlay-gradient":""},"tablet":{"background-color":"","background-image":"","background-repeat":"repeat","background-position":"center center","background-size":"auto","background-attachment":"scroll","background-type":"","background-media":"","overlay-type":"","overlay-color":"","overlay-gradient":""},"mobile":{"background-color":"","background-image":"","background-repeat":"repeat","background-position":"center center","background-size":"auto","background-attachment":"scroll","background-type":"","background-media":"","overlay-type":"","overlay-color":"","overlay-gradient":""}},"ast-content-background-meta":{"desktop":{"background-color":"var(--ast-global-color-5)","background-image":"","background-repeat":"repeat","background-position":"center center","background-size":"auto","background-attachment":"scroll","background-type":"","background-media":"","overlay-type":"","overlay-color":"","overlay-gradient":""},"tablet":{"background-color":"var(--ast-global-color-5)","background-image":"","background-repeat":"repeat","background-position":"center center","background-size":"auto","background-attachment":"scroll","background-type":"","background-media":"","overlay-type":"","overlay-color":"","overlay-gradient":""},"mobile":{"background-color":"var(--ast-global-color-5)","background-image":"","background-repeat":"repeat","background-position":"center center","background-size":"auto","background-attachment":"scroll","background-type":"","background-media":"","overlay-type":"","overlay-color":"","overlay-gradient":""}},"footnotes":""},"class_list":["post-151","page","type-page","status-publish","hentry"],"_links":{"self":[{"href":"https:\/\/hsd.hr\/en\/wp-json\/wp\/v2\/pages\/151","targetHints":{"allow":["GET"]}}],"collection":[{"href":"https:\/\/hsd.hr\/en\/wp-json\/wp\/v2\/pages"}],"about":[{"href":"https:\/\/hsd.hr\/en\/wp-json\/wp\/v2\/types\/page"}],"author":[{"embeddable":true,"href":"https:\/\/hsd.hr\/en\/wp-json\/wp\/v2\/users\/1"}],"replies":[{"embeddable":true,"href":"https:\/\/hsd.hr\/en\/wp-json\/wp\/v2\/comments?post=151"}],"version-history":[{"count":0,"href":"https:\/\/hsd.hr\/en\/wp-json\/wp\/v2\/pages\/151\/revisions"}],"wp:attachment":[{"href":"https:\/\/hsd.hr\/en\/wp-json\/wp\/v2\/media?parent=151"}],"curies":[{"name":"wp","href":"https:\/\/api.w.org\/{rel}","templated":true}]}}