{"id":1530,"date":"2019-02-06T14:50:49","date_gmt":"2019-02-06T13:50:49","guid":{"rendered":"https:\/\/pubweb.carnet.hr\/hsd\/?page_id=1530"},"modified":"2019-02-06T14:50:49","modified_gmt":"2019-02-06T13:50:49","slug":"mjesto-i-vrijeme","status":"publish","type":"page","link":"https:\/\/hsd.hr\/en\/kongres-2019-godine\/mjesto-i-vrijeme\/","title":{"rendered":"Ostale pojedinosti"},"content":{"rendered":"<p><strong>Mjesto odr\u017eavanja<\/strong>: Zagreb, Stara gradska vije\u0107nica Grada Zagreba, Ulica sv. \u0106irila i Metoda 5<\/p>\n<p><a href=\"https:\/\/drive.google.com\/open?id=1WAKJuHIwoYlleZBPAV2TTxYyujYhXHjd&amp;usp=sharing\" target=\"_blank\" rel=\"noopener\"><img fetchpriority=\"high\" decoding=\"async\" class=\"aligncenter size-full wp-image-1562\" src=\"http:\/\/pubweb.carnet.hr\/hsd\/wp-content\/uploads\/sites\/598\/2019\/02\/hsd_2019_miv.jpg\" alt=\"\" width=\"407\" height=\"297\" srcset=\"https:\/\/hsd.hr\/wp-content\/uploads\/2019\/02\/hsd_2019_miv.jpg 407w, https:\/\/hsd.hr\/wp-content\/uploads\/2019\/02\/hsd_2019_miv-300x219.jpg 300w\" sizes=\"(max-width: 407px) 100vw, 407px\" \/><\/a><\/p>\n<p><strong>Vrijeme odr\u017eavanja<\/strong>: 11. i 12. travnja 2019.<\/p>\n<p><strong>Rok za slanje sa\u017eetaka<\/strong>: 1. o\u017eujka 2019. godine<\/p>\n<p><strong>Obavijest o (ne)prihva\u0107anju sa\u017eetka<\/strong>: 15. o\u017eujka 2019. godine<\/p>\n<p><strong>Rok za uplatu kotizacije<\/strong>: 25. o\u017eujka 2019. godine<\/p>\n<p><strong>Kotizacija<\/strong>: 250,00 kn (za \u010dlanove\/ice HSD-a); 500,00 kn (za osobe koje nisu \u010dlanovi\/ice HSD-a)<\/p>\n<p><strong>Kontakt<\/strong>:\u00a0info@hsd.hr;\u00a0anja@idi.hr<\/p>\n<p>Uplata kotizacija\u00a0<strong>za izlaga\u010de<\/strong>\u00a0vr\u0161i se na broj ra\u010duna HSD-a:\u00a0<strong>IBAN: HR1623900011100315979<\/strong>, Hrvatska po\u0161tanska banka d.d. (BIC code banke: HPBZHR2x). Na posebnu uplatnicu unesite odgovaraju\u0107i iznos, a u rubriku \u201cpoziv na broj\u201d unesite svoji OIB. Ukoliko uplatu vr\u0161ite putem internetskog ili mobilnog bankarstva tada Vas molimo da nam uvjerenje o odgovaraju\u0107oj transakciji proslijedite na adresu elektroni\u010dke po\u0161te\u00a0info@hsd.hr, ili nam kopiju uplatnice po\u0161aljite po\u0161tom na adresu:<\/p>\n<p><strong>Hrvatsko sociolo\u0161ko dru\u0161tvo<\/strong><\/p>\n<p><strong>Institute for Social Research in Zagreb<\/strong><\/p>\n<p><strong>Amru\u0161eva 11\/II<\/strong><\/p>\n<p><strong>10000 Zagreb<\/strong><\/p>\n<p>ZA SVE ZAINTERESIRANE SUDIONIKE KOJI NEMAJU IZLAGANJE NA KONGRESU KOTIZACIJA SE NE NAPLA\u0106UJE.<\/p>","protected":false},"excerpt":{"rendered":"<p>Mjesto odr\u017eavanja: Zagreb, Stara gradska vije\u0107nica Grada Zagreba, Ulica sv. \u0106irila i Metoda 5 Vrijeme odr\u017eavanja: 11. i 12. travnja 2019. Rok za slanje sa\u017eetaka: 1. o\u017eujka 2019. godine Obavijest o (ne)prihva\u0107anju sa\u017eetka: 15. o\u017eujka 2019. godine Rok za uplatu kotizacije: 25. o\u017eujka 2019. godine Kotizacija: 250,00 kn (za \u010dlanove\/ice HSD-a); 500,00 kn (za osobe &hellip;<\/p>\n<p class=\"read-more\"> <a class=\"\" href=\"https:\/\/hsd.hr\/en\/kongres-2019-godine\/mjesto-i-vrijeme\/\"> <span class=\"screen-reader-text\">Ostale pojedinosti<\/span> Read More &raquo;<\/a><\/p>","protected":false},"author":1,"featured_media":0,"parent":1505,"menu_order":0,"comment_status":"closed","ping_status":"closed","template":"","meta":{"site-sidebar-layout":"default","site-content-layout":"","ast-site-content-layout":"","site-content-style":"default","site-sidebar-style":"default","ast-global-header-display":"","ast-banner-title-visibility":"","ast-main-header-display":"","ast-hfb-above-header-display":"","ast-hfb-below-header-display":"","ast-hfb-mobile-header-display":"","site-post-title":"","ast-breadcrumbs-content":"","ast-featured-img":"","footer-sml-layout":"","theme-transparent-header-meta":"","adv-header-id-meta":"","stick-header-meta":"","header-above-stick-meta":"","header-main-stick-meta":"","header-below-stick-meta":"","astra-migrate-meta-layouts":"","ast-page-background-enabled":"default","ast-page-background-meta":{"desktop":{"background-color":"var(--ast-global-color-4)","background-image":"","background-repeat":"repeat","background-position":"center center","background-size":"auto","background-attachment":"scroll","background-type":"","background-media":"","overlay-type":"","overlay-color":"","overlay-gradient":""},"tablet":{"background-color":"","background-image":"","background-repeat":"repeat","background-position":"center center","background-size":"auto","background-attachment":"scroll","background-type":"","background-media":"","overlay-type":"","overlay-color":"","overlay-gradient":""},"mobile":{"background-color":"","background-image":"","background-repeat":"repeat","background-position":"center center","background-size":"auto","background-attachment":"scroll","background-type":"","background-media":"","overlay-type":"","overlay-color":"","overlay-gradient":""}},"ast-content-background-meta":{"desktop":{"background-color":"var(--ast-global-color-5)","background-image":"","background-repeat":"repeat","background-position":"center center","background-size":"auto","background-attachment":"scroll","background-type":"","background-media":"","overlay-type":"","overlay-color":"","overlay-gradient":""},"tablet":{"background-color":"var(--ast-global-color-5)","background-image":"","background-repeat":"repeat","background-position":"center center","background-size":"auto","background-attachment":"scroll","background-type":"","background-media":"","overlay-type":"","overlay-color":"","overlay-gradient":""},"mobile":{"background-color":"var(--ast-global-color-5)","background-image":"","background-repeat":"repeat","background-position":"center center","background-size":"auto","background-attachment":"scroll","background-type":"","background-media":"","overlay-type":"","overlay-color":"","overlay-gradient":""}},"footnotes":""},"class_list":["post-1530","page","type-page","status-publish","hentry"],"_links":{"self":[{"href":"https:\/\/hsd.hr\/en\/wp-json\/wp\/v2\/pages\/1530","targetHints":{"allow":["GET"]}}],"collection":[{"href":"https:\/\/hsd.hr\/en\/wp-json\/wp\/v2\/pages"}],"about":[{"href":"https:\/\/hsd.hr\/en\/wp-json\/wp\/v2\/types\/page"}],"author":[{"embeddable":true,"href":"https:\/\/hsd.hr\/en\/wp-json\/wp\/v2\/users\/1"}],"replies":[{"embeddable":true,"href":"https:\/\/hsd.hr\/en\/wp-json\/wp\/v2\/comments?post=1530"}],"version-history":[{"count":0,"href":"https:\/\/hsd.hr\/en\/wp-json\/wp\/v2\/pages\/1530\/revisions"}],"up":[{"embeddable":true,"href":"https:\/\/hsd.hr\/en\/wp-json\/wp\/v2\/pages\/1505"}],"wp:attachment":[{"href":"https:\/\/hsd.hr\/en\/wp-json\/wp\/v2\/media?parent=1530"}],"curies":[{"name":"wp","href":"https:\/\/api.w.org\/{rel}","templated":true}]}}