{"id":183,"date":"2017-02-09T12:02:16","date_gmt":"2017-02-09T11:02:16","guid":{"rendered":"https:\/\/pubweb.carnet.hr\/hsd\/?page_id=183"},"modified":"2023-11-22T11:10:28","modified_gmt":"2023-11-22T11:10:28","slug":"newsletterpub","status":"publish","type":"page","link":"https:\/\/hsd.hr\/en\/newsletterpub\/","title":{"rendered":"Newsletter on International Academic Publications"},"content":{"rendered":"<div data-elementor-type=\"wp-page\" data-elementor-id=\"183\" class=\"elementor elementor-183\" data-elementor-post-type=\"page\">\n\t\t\t\t\t\t\t<div class=\"elementor-element elementor-element-152bbcbc e-flex e-con-boxed e-con e-parent\" data-id=\"152bbcbc\" data-element_type=\"container\" data-settings=\"{&quot;container_type&quot;:&quot;flex&quot;,&quot;content_width&quot;:&quot;boxed&quot;}\" data-core-v316-plus=\"true\">\n\t\t\t\t\t<div class=\"e-con-inner\">\n\t\t\t\t<div class=\"elementor-element elementor-element-7d6c4915 elementor-widget elementor-widget-text-editor\" data-id=\"7d6c4915\" data-element_type=\"widget\" data-widget_type=\"text-editor.default\">\n\t\t\t\t<div class=\"elementor-widget-container\">\n\t\t\t<style>\/*! elementor - v3.17.0 - 08-11-2023 *\/\n.elementor-widget-text-editor.elementor-drop-cap-view-stacked .elementor-drop-cap{background-color:#69727d;color:#fff}.elementor-widget-text-editor.elementor-drop-cap-view-framed .elementor-drop-cap{color:#69727d;border:3px solid;background-color:transparent}.elementor-widget-text-editor:not(.elementor-drop-cap-view-default) .elementor-drop-cap{margin-top:8px}.elementor-widget-text-editor:not(.elementor-drop-cap-view-default) .elementor-drop-cap-letter{width:1em;height:1em}.elementor-widget-text-editor .elementor-drop-cap{float:left;text-align:center;line-height:1;font-size:50px}.elementor-widget-text-editor .elementor-drop-cap-letter{display:inline-block}<\/style>\t\t\t\t<p>The newsletter on international academic publications of members of the CSA is a semi-annual publication that contains information about works published by members in international journals, anthologies, and books in six months.<\/p><p>Our members make outstanding contributions to international journals, proceedings, and books published by reputable international publishers. With this newsletter, we promote works published by our members in international journals, proceedings, and books, making their achievements easily accessible. Through this publication, we encourage new collaborations and ideas that can shape the future of science.<\/p><p><a href=\"https:\/\/hsd.hr\/wp-content\/uploads\/2022\/10\/HSD-Newsletter-Medjunarodne-publikacije-2022-22.pdf\">January 2022 \u2013 June 2022<\/a><\/p><p>\u00a0<a href=\"https:\/\/hsd.hr\/wp-content\/uploads\/2022\/10\/HSD-Newsletter-Medjunarodne-publikacije-2021-21.pdf\">July 2022 \u2013 December 2022<\/a><\/p><p><a href=\"https:\/\/hsd.hr\/wp-content\/uploads\/2021\/08\/HSD-Newsletter-Medjunarodne-publikacije-2021-20.pdf\">January 2021 \u2013 June 2021<\/a><\/p><p><a href=\"https:\/\/hsd.hr\/wp-content\/uploads\/2021\/01\/HSD-Newsletter-Medjunarodne-publikacije-2020-19-1.pdf\">July 2020 \u2013 December 2020<\/a><\/p><p><a href=\"https:\/\/hsd.hr\/wp-content\/uploads\/2020\/11\/HSD-Newsletter-Medjunarodne-publikacije-2020-18.pdf\">January 2020 \u2013 June 2020<\/a><\/p><p><a href=\"https:\/\/pubweb.carnet.hr\/hsd\/hr\/hsd-newsletter-medjunarodne-publikacije-2020-17-2\/\">July 2019 - December 2019<\/a><\/p><p><a href=\"http:\/\/pubweb.carnet.hr\/hsd\/wp-content\/uploads\/sites\/598\/2019\/07\/HSD-Newsletter-Medjunarodne-publikacije-2019-16.pdf\">October 2018 \u2013 June 2019<\/a><\/p><p><a href=\"https:\/\/drive.google.com\/open?id=0B-MTtUYngmYzRldJSl9TQWFzM19WcnNRbWxZQlhWdWxhNXJ3\">April 2018 \u2013 October 2018<\/a><\/p><p><a href=\"https:\/\/drive.google.com\/open?id=1su1E5UUJXFYN0hGj4IoPL1hrlygPVu04\">October 2017 - April 2018<\/a><\/p><p><a href=\"https:\/\/drive.google.com\/file\/d\/0B-MTtUYngmYzQmVSQlJOeXZBRUVyTGJpUVRNMnlWZGxld1RV\/view?usp=sharing\">April 2017 - October 2017<\/a><\/p><p><a href=\"https:\/\/drive.google.com\/file\/d\/0B-MTtUYngmYzcENSUGRwQTlFb0FGUDhsek92UWFyWUdVTC1r\/view?usp=sharing\">October 2016 - April 2017<\/a><\/p><p><a href=\"http:\/\/pubweb.carnet.hr\/hsd\/wp-content\/uploads\/sites\/598\/2017\/02\/HSD_Newsletter_Medjunarodne_publikacije_2016-11.pdf\" target=\"_blank\" rel=\"noopener\">April 2016 - October 2016<\/a><\/p><p><a href=\"http:\/\/pubweb.carnet.hr\/hsd\/wp-content\/uploads\/sites\/598\/2017\/02\/HSD_Newsletter_Medjunarodne_publikacije_2016-10.pdf\" target=\"_blank\" rel=\"noopener\">October 2015 - April 2016<\/a><\/p><p><a href=\"http:\/\/pubweb.carnet.hr\/hsd\/wp-content\/uploads\/sites\/598\/2017\/02\/HSD_Newsletter_Medjunarodne_publikacije_2015-9.pdf\" target=\"_blank\" rel=\"noopener\">April 2015 \u2013 October 2015<\/a><\/p><p><a href=\"http:\/\/pubweb.carnet.hr\/hsd\/wp-content\/uploads\/sites\/598\/2017\/02\/HSD_Newsletter_Medjunarodne_publikacije_2015-8.pdf\" target=\"_blank\" rel=\"noopener\">October 2014 - April 2015<\/a><\/p><p><a href=\"http:\/\/pubweb.carnet.hr\/hsd\/wp-content\/uploads\/sites\/598\/2017\/02\/HSD_Newsletter_Medjunarodne_publikacije_2014-7.pdf\" target=\"_blank\" rel=\"noopener\">April 2014 \u2013 October 2014<\/a><\/p><p><a href=\"http:\/\/pubweb.carnet.hr\/hsd\/wp-content\/uploads\/sites\/598\/2017\/02\/HSD_Newsletter_Medjunarodne_publikacije_2014-6.pdf\" target=\"_blank\" rel=\"noopener\">October 2013 - April 2014<\/a><\/p><p><a href=\"http:\/\/pubweb.carnet.hr\/hsd\/wp-content\/uploads\/sites\/598\/2017\/02\/HSD_Newsletter_Medjunarodne_publikacije_2013-5.pdf\" target=\"_blank\" rel=\"noopener\">April 2013 - October 2013<\/a><\/p><p><a href=\"http:\/\/pubweb.carnet.hr\/hsd\/wp-content\/uploads\/sites\/598\/2017\/02\/HSD_Newsletter_Medjunarodne_publikacije_2013-4.pdf\" target=\"_blank\" rel=\"noopener\">October 2012 - April 2013<\/a><\/p><p><a href=\"http:\/\/pubweb.carnet.hr\/hsd\/wp-content\/uploads\/sites\/598\/2017\/02\/HSD_Newsletter_Medjunarodne_publikacije_2012-3.pdf\" target=\"_blank\" rel=\"noopener\">April 2012 - October 2012<\/a><\/p><p><a href=\"http:\/\/pubweb.carnet.hr\/hsd\/wp-content\/uploads\/sites\/598\/2017\/02\/HSD_Newsletter_Medjunarodne_publikacije_2012-2.pdf\" target=\"_blank\" rel=\"noopener\">October 2011 - April 2012<\/a><\/p><p><a href=\"http:\/\/pubweb.carnet.hr\/hsd\/wp-content\/uploads\/sites\/598\/2017\/02\/HSD_Newsletter_Medjunarodne_publikacije_2011-1.pdf\" target=\"_blank\" rel=\"noopener\">January 2011 - September 2011<\/a><\/p><div id=\"simple-translate\" class=\"simple-translate-system-theme\"><div><div class=\"simple-translate-panel\" style=\"width: 300px; height: 200px; font-size: 13px;\"><div class=\"simple-translate-result-wrapper\" style=\"overflow: hidden;\"><div class=\"simple-translate-move\">\u00a0<\/div><div class=\"simple-translate-result-contents\"><p class=\"simple-translate-candidate\" dir=\"auto\">\u00a0<\/p><\/div><\/div><\/div><\/div><\/div>\t\t\t\t\t\t<\/div>\n\t\t\t\t<\/div>\n\t\t\t\t\t<\/div>\n\t\t\t\t<\/div>\n\t\t\t\t\t\t\t<\/div>","protected":false},"excerpt":{"rendered":"<p>Newsletter o me\u0111unarodnim akademskim publikacijama \u010dlanova i \u010dlanica HSD-a polugodi\u0161nja je publikacija koja sadr\u017ei informacije o radovima koje su u \u0161estomjese\u010dnom razdoblju \u010dlanovi objavili u me\u0111unarodnim \u010dasopisima, zbornicima i knjigama. Na\u0161i \u010dlanovi \u010dine izvanredne doprinose u me\u0111unarodnim \u010dasopisima, zbornicima i knjigama koje izdaju ugledni me\u0111unarodni izdava\u010di. S ovim newsletterom promoviramo radove koje su na\u0161i \u010dlanovi &hellip;<\/p>\n<p class=\"read-more\"> <a class=\"\" href=\"https:\/\/hsd.hr\/en\/newsletterpub\/\"> <span class=\"screen-reader-text\">Newsletter on International Academic Publications<\/span> Read More &raquo;<\/a><\/p>","protected":false},"author":1,"featured_media":0,"parent":0,"menu_order":0,"comment_status":"closed","ping_status":"closed","template":"","meta":{"site-sidebar-layout":"default","site-content-layout":"","ast-site-content-layout":"","site-content-style":"default","site-sidebar-style":"default","ast-global-header-display":"","ast-banner-title-visibility":"","ast-main-header-display":"","ast-hfb-above-header-display":"","ast-hfb-below-header-display":"","ast-hfb-mobile-header-display":"","site-post-title":"","ast-breadcrumbs-content":"","ast-featured-img":"","footer-sml-layout":"","theme-transparent-header-meta":"","adv-header-id-meta":"","stick-header-meta":"","header-above-stick-meta":"","header-main-stick-meta":"","header-below-stick-meta":"","astra-migrate-meta-layouts":"","ast-page-background-enabled":"default","ast-page-background-meta":{"desktop":{"background-color":"var(--ast-global-color-4)","background-image":"","background-repeat":"repeat","background-position":"center center","background-size":"auto","background-attachment":"scroll","background-type":"","background-media":"","overlay-type":"","overlay-color":"","overlay-gradient":""},"tablet":{"background-color":"","background-image":"","background-repeat":"repeat","background-position":"center center","background-size":"auto","background-attachment":"scroll","background-type":"","background-media":"","overlay-type":"","overlay-color":"","overlay-gradient":""},"mobile":{"background-color":"","background-image":"","background-repeat":"repeat","background-position":"center center","background-size":"auto","background-attachment":"scroll","background-type":"","background-media":"","overlay-type":"","overlay-color":"","overlay-gradient":""}},"ast-content-background-meta":{"desktop":{"background-color":"var(--ast-global-color-5)","background-image":"","background-repeat":"repeat","background-position":"center center","background-size":"auto","background-attachment":"scroll","background-type":"","background-media":"","overlay-type":"","overlay-color":"","overlay-gradient":""},"tablet":{"background-color":"var(--ast-global-color-5)","background-image":"","background-repeat":"repeat","background-position":"center center","background-size":"auto","background-attachment":"scroll","background-type":"","background-media":"","overlay-type":"","overlay-color":"","overlay-gradient":""},"mobile":{"background-color":"var(--ast-global-color-5)","background-image":"","background-repeat":"repeat","background-position":"center center","background-size":"auto","background-attachment":"scroll","background-type":"","background-media":"","overlay-type":"","overlay-color":"","overlay-gradient":""}},"footnotes":""},"class_list":["post-183","page","type-page","status-publish","hentry"],"_links":{"self":[{"href":"https:\/\/hsd.hr\/en\/wp-json\/wp\/v2\/pages\/183","targetHints":{"allow":["GET"]}}],"collection":[{"href":"https:\/\/hsd.hr\/en\/wp-json\/wp\/v2\/pages"}],"about":[{"href":"https:\/\/hsd.hr\/en\/wp-json\/wp\/v2\/types\/page"}],"author":[{"embeddable":true,"href":"https:\/\/hsd.hr\/en\/wp-json\/wp\/v2\/users\/1"}],"replies":[{"embeddable":true,"href":"https:\/\/hsd.hr\/en\/wp-json\/wp\/v2\/comments?post=183"}],"version-history":[{"count":14,"href":"https:\/\/hsd.hr\/en\/wp-json\/wp\/v2\/pages\/183\/revisions"}],"predecessor-version":[{"id":5093,"href":"https:\/\/hsd.hr\/en\/wp-json\/wp\/v2\/pages\/183\/revisions\/5093"}],"wp:attachment":[{"href":"https:\/\/hsd.hr\/en\/wp-json\/wp\/v2\/media?parent=183"}],"curies":[{"name":"wp","href":"https:\/\/api.w.org\/{rel}","templated":true}]}}