{"id":1922,"date":"2020-03-25T11:01:06","date_gmt":"2020-03-25T10:01:06","guid":{"rendered":"https:\/\/pubweb.carnet.hr\/hsd\/?page_id=1922"},"modified":"2023-11-20T19:40:43","modified_gmt":"2023-11-20T19:40:43","slug":"sociologija-iz-izolacije","status":"publish","type":"page","link":"https:\/\/hsd.hr\/en\/sociologija-iz-izolacije\/","title":{"rendered":"Sociology from Isolation"},"content":{"rendered":"<p>Hrvatsko sociolo\u0161ko dru\u0161tvo (HSD) dobrovoljna je strukovna udruga koja okuplja znanstvenice i znanstvenike, stru\u010dnjakinje i stru\u010dnjake u podru\u010dju <strong>sociologije<\/strong>, kao i druge znanstvene, kulturne i stru\u010dne djelatnike\/ice zainteresirane za razvitak sociologije. <strong>HSD<\/strong> organizira niz znanstvenih i stru\u010dnih doga\u0111anja, dok njegovi \u010dlanovi i \u010dlanice, uz svoj redovni rad na sveu\u010dili\u0161tima, u znanstvenim i stru\u010dnim organizacijama, te raznim drugim institucijama i poduze\u0107ima i kao samostalni radnici\/e, \u010desto sudjeluju u razli\u010ditim stru\u010dnim ekspertizama, predstavljaju svoj rad javnosti kroz znanstvene i stru\u010dne skupove, medije i sl. Me\u0111utim, <strong>pandemija koronavirusa<\/strong> nas je, kao i ostale ljude u Hrvatskoj i diljem svijeta, suo\u010dila s jednim od najve\u0107ih dru\u0161tvenih izazova u suvremenoj povijesti. Kao <strong>sociolo\u0161ka struka<\/strong> s jedne strane smo onemogu\u0107eni provoditi jedan aspekt na\u0161eg djelovanja tj. putem javnih predavanja i skupova predstavljati rezultate svog rada stru\u010dnoj i \u0161iroj javnosti te kroz terenski istra\u017eiva\u010dki rad otkrivati brojne dru\u0161tvene probleme i izazove. S druge strane, kao struka smo u jedinstvenoj situaciji promi\u0161ljati dru\u0161tvene aspekte upravo tog istog globalnog izazova u kojem \u017eivimo. Tako\u0111er, kao stru\u010dnjaci osje\u0107amo i du\u017enost da znanstvenim uvidima doprinesemo boljem razumijevanju trenuta\u010dne krizne situacije i svih dru\u0161tvenih fenomena koji iz nje proizlaze. Ali isto tako i da kao <strong>ljudi<\/strong> progovorimo o onim temama i problemima za koje smatramo da je potrebno govoriti jer odre\u0111uju <strong>ljudske \u017eivote i sudbine<\/strong>.<\/p>\n<p>Trenutna nas je situacija potaknula da poja\u010damo aktivnosti &#8216;javne sociologije&#8217; (<em>public sociology<\/em>), koncepta kojeg je uveo Michael Burawoy, kako bismo kroz popularizaciju sociolo\u0161kih spoznaja i perspektiva, u ve\u0107oj mjeri sudjelovali u dru\u0161tvenom javnom prostoru.\u00a0U narednom periodu poku\u0161at \u0107emo kroz rubriku <strong>Sociology from Isolation<\/strong>\u00a0ponuditi niz popularno-znanstvenih tekstova sociologinja i sociologa koji\/e \u0107e kroz osobni autorski rukopis progovoriti o onim temama o kojima ne\u0161to znaju, a do kojih im je stalo kao \u010dlanovima ovog dru\u0161tva i ljudima koji se isto nalaze u ovoj <strong>krizi<\/strong>. U tekstovima \u0107emo se baviti <strong>znanstvenim uvidima u promjene u dru\u0161tvu<\/strong> koje se trenutno doga\u0111aju, predstavljanjima <strong>rezultata sociolo\u0161kih istra\u017eivanja<\/strong> koja pru\u017eaju bolje razumijevanje dru\u0161tvenih promjena s kojima smo suo\u010deni, <strong>razbijanjem mitova<\/strong> o nekim sociolo\u0161kim pojmovima koji trenutno \u201eplutaju\u201c javnim diskursom, te <strong>osje\u0107ajima<\/strong> koje nam ova situacija izaziva.<\/p>\n<p>Nadamo se da \u0107e vam tekstovi biti zanimljivi i da \u0107e doprinijeti boljem razumijevanju odre\u0111enih dru\u0161tvenih fenomena te, naposljetku, i pozitivnim promjenama u dru\u0161tvu.<\/p>\n<p>&nbsp;<\/p>\n<p>Uredni\u010dki tim u izolaciji<\/p>\n<p>&nbsp;<\/p>\n<p>Tekstove mo\u017eete prona\u0107i <a href=\"http:\/\/pubweb.carnet.hr\/hsd\/hr\/sociologija-u-izolaciji\/tekstovi\/\">here<\/a>.<\/p>","protected":false},"excerpt":{"rendered":"<p>Hrvatsko sociolo\u0161ko dru\u0161tvo (HSD) dobrovoljna je strukovna udruga koja okuplja znanstvenice i znanstvenike, stru\u010dnjakinje i stru\u010dnjake u podru\u010dju sociologije, kao i druge znanstvene, kulturne i stru\u010dne djelatnike\/ice zainteresirane za razvitak sociologije. HSD organizira niz znanstvenih i stru\u010dnih doga\u0111anja, dok njegovi \u010dlanovi i \u010dlanice, uz svoj redovni rad na sveu\u010dili\u0161tima, u znanstvenim i stru\u010dnim organizacijama, te &hellip;<\/p>\n<p class=\"read-more\"> <a class=\"\" href=\"https:\/\/hsd.hr\/en\/sociologija-iz-izolacije\/\"> <span class=\"screen-reader-text\">Sociology from Isolation<\/span> Read More &raquo;<\/a><\/p>","protected":false},"author":1,"featured_media":0,"parent":0,"menu_order":0,"comment_status":"closed","ping_status":"closed","template":"","meta":{"site-sidebar-layout":"default","site-content-layout":"","ast-site-content-layout":"","site-content-style":"default","site-sidebar-style":"default","ast-global-header-display":"","ast-banner-title-visibility":"","ast-main-header-display":"","ast-hfb-above-header-display":"","ast-hfb-below-header-display":"","ast-hfb-mobile-header-display":"","site-post-title":"","ast-breadcrumbs-content":"","ast-featured-img":"","footer-sml-layout":"","theme-transparent-header-meta":"","adv-header-id-meta":"","stick-header-meta":"","header-above-stick-meta":"","header-main-stick-meta":"","header-below-stick-meta":"","astra-migrate-meta-layouts":"","ast-page-background-enabled":"default","ast-page-background-meta":{"desktop":{"background-color":"var(--ast-global-color-4)","background-image":"","background-repeat":"repeat","background-position":"center center","background-size":"auto","background-attachment":"scroll","background-type":"","background-media":"","overlay-type":"","overlay-color":"","overlay-gradient":""},"tablet":{"background-color":"","background-image":"","background-repeat":"repeat","background-position":"center center","background-size":"auto","background-attachment":"scroll","background-type":"","background-media":"","overlay-type":"","overlay-color":"","overlay-gradient":""},"mobile":{"background-color":"","background-image":"","background-repeat":"repeat","background-position":"center center","background-size":"auto","background-attachment":"scroll","background-type":"","background-media":"","overlay-type":"","overlay-color":"","overlay-gradient":""}},"ast-content-background-meta":{"desktop":{"background-color":"var(--ast-global-color-5)","background-image":"","background-repeat":"repeat","background-position":"center center","background-size":"auto","background-attachment":"scroll","background-type":"","background-media":"","overlay-type":"","overlay-color":"","overlay-gradient":""},"tablet":{"background-color":"var(--ast-global-color-5)","background-image":"","background-repeat":"repeat","background-position":"center center","background-size":"auto","background-attachment":"scroll","background-type":"","background-media":"","overlay-type":"","overlay-color":"","overlay-gradient":""},"mobile":{"background-color":"var(--ast-global-color-5)","background-image":"","background-repeat":"repeat","background-position":"center center","background-size":"auto","background-attachment":"scroll","background-type":"","background-media":"","overlay-type":"","overlay-color":"","overlay-gradient":""}},"footnotes":""},"class_list":["post-1922","page","type-page","status-publish","hentry"],"_links":{"self":[{"href":"https:\/\/hsd.hr\/en\/wp-json\/wp\/v2\/pages\/1922","targetHints":{"allow":["GET"]}}],"collection":[{"href":"https:\/\/hsd.hr\/en\/wp-json\/wp\/v2\/pages"}],"about":[{"href":"https:\/\/hsd.hr\/en\/wp-json\/wp\/v2\/types\/page"}],"author":[{"embeddable":true,"href":"https:\/\/hsd.hr\/en\/wp-json\/wp\/v2\/users\/1"}],"replies":[{"embeddable":true,"href":"https:\/\/hsd.hr\/en\/wp-json\/wp\/v2\/comments?post=1922"}],"version-history":[{"count":3,"href":"https:\/\/hsd.hr\/en\/wp-json\/wp\/v2\/pages\/1922\/revisions"}],"predecessor-version":[{"id":4454,"href":"https:\/\/hsd.hr\/en\/wp-json\/wp\/v2\/pages\/1922\/revisions\/4454"}],"wp:attachment":[{"href":"https:\/\/hsd.hr\/en\/wp-json\/wp\/v2\/media?parent=1922"}],"curies":[{"name":"wp","href":"https:\/\/api.w.org\/{rel}","templated":true}]}}