{"id":209,"date":"2017-02-10T09:04:15","date_gmt":"2017-02-10T08:04:15","guid":{"rendered":"https:\/\/pubweb.carnet.hr\/hsd\/?page_id=209"},"modified":"2017-02-10T09:04:15","modified_gmt":"2017-02-10T08:04:15","slug":"sekcija-za-sociologiju-religije","status":"publish","type":"page","link":"https:\/\/hsd.hr\/en\/sekcije\/sekcija-za-sociologiju-religije\/","title":{"rendered":"Section for Sociology of Religion"},"content":{"rendered":"<p>Sekcija za sociologiju religije je osnovana 8. 12. 2009. godine u Zagrebu, u Klubu sveu\u010dili\u0161nih nastavnika i znanstvenih radnika. Sekcija je osnovana u cilju poticanja i unapre\u0111enja sociologije religije kao znanstvene discipline, kroz istra\u017eivanja, nastavu i druge oblike profesionalnog djelovanja u podru\u010dju odnosa religije i dru\u0161tva. Jedna od njenih va\u017enih djelatnosti je poticanje komunikacije i suradnje me\u0111u \u010dlanovima, a otvorena je za suradnju sa znanstvenicima iz drugih disciplina koji se tako\u0111er bave religijom. U svojem djelovanju sekcija \u017eeli poticati ozra\u010dje dijaloga i tolerancije, osobito kada je u pitanju polo\u017eaj religije i vjerskih zajednica u dru\u0161tvu.<\/p>\n<p><strong>Predsjednica sekcije<\/strong><\/p>\n<p>Dinka Marinovi\u0107 Jerolimov<\/p>\n<p><a href=\"mailto:dinka@idi.hr\">dinka@idi.hr<\/a>.<\/p>\n<p><strong>Tajnik sekcije<\/strong><\/p>\n<p>Gordan \u010crpi\u0107<\/p>\n<p><a href=\"mailto:gordan.crpic@zg.t-com.hr\">gordan.crpic@zg.t-com.hr<\/a>.<\/p>","protected":false},"excerpt":{"rendered":"<p>Sekcija za sociologiju religije je osnovana 8. 12. 2009. godine u Zagrebu, u Klubu sveu\u010dili\u0161nih nastavnika i znanstvenih radnika. Sekcija je osnovana u cilju poticanja i unapre\u0111enja sociologije religije kao znanstvene discipline, kroz istra\u017eivanja, nastavu i druge oblike profesionalnog djelovanja u podru\u010dju odnosa religije i dru\u0161tva. Jedna od njenih va\u017enih djelatnosti je poticanje komunikacije i &hellip;<\/p>\n<p class=\"read-more\"> <a class=\"\" href=\"https:\/\/hsd.hr\/en\/sekcije\/sekcija-za-sociologiju-religije\/\"> <span class=\"screen-reader-text\">Section for Sociology of Religion<\/span> Read More &raquo;<\/a><\/p>","protected":false},"author":1,"featured_media":0,"parent":189,"menu_order":0,"comment_status":"closed","ping_status":"closed","template":"","meta":{"site-sidebar-layout":"default","site-content-layout":"","ast-site-content-layout":"","site-content-style":"default","site-sidebar-style":"default","ast-global-header-display":"","ast-banner-title-visibility":"","ast-main-header-display":"","ast-hfb-above-header-display":"","ast-hfb-below-header-display":"","ast-hfb-mobile-header-display":"","site-post-title":"","ast-breadcrumbs-content":"","ast-featured-img":"","footer-sml-layout":"","theme-transparent-header-meta":"","adv-header-id-meta":"","stick-header-meta":"","header-above-stick-meta":"","header-main-stick-meta":"","header-below-stick-meta":"","astra-migrate-meta-layouts":"","ast-page-background-enabled":"default","ast-page-background-meta":{"desktop":{"background-color":"var(--ast-global-color-4)","background-image":"","background-repeat":"repeat","background-position":"center center","background-size":"auto","background-attachment":"scroll","background-type":"","background-media":"","overlay-type":"","overlay-color":"","overlay-gradient":""},"tablet":{"background-color":"","background-image":"","background-repeat":"repeat","background-position":"center center","background-size":"auto","background-attachment":"scroll","background-type":"","background-media":"","overlay-type":"","overlay-color":"","overlay-gradient":""},"mobile":{"background-color":"","background-image":"","background-repeat":"repeat","background-position":"center center","background-size":"auto","background-attachment":"scroll","background-type":"","background-media":"","overlay-type":"","overlay-color":"","overlay-gradient":""}},"ast-content-background-meta":{"desktop":{"background-color":"var(--ast-global-color-5)","background-image":"","background-repeat":"repeat","background-position":"center center","background-size":"auto","background-attachment":"scroll","background-type":"","background-media":"","overlay-type":"","overlay-color":"","overlay-gradient":""},"tablet":{"background-color":"var(--ast-global-color-5)","background-image":"","background-repeat":"repeat","background-position":"center center","background-size":"auto","background-attachment":"scroll","background-type":"","background-media":"","overlay-type":"","overlay-color":"","overlay-gradient":""},"mobile":{"background-color":"var(--ast-global-color-5)","background-image":"","background-repeat":"repeat","background-position":"center center","background-size":"auto","background-attachment":"scroll","background-type":"","background-media":"","overlay-type":"","overlay-color":"","overlay-gradient":""}},"footnotes":""},"class_list":["post-209","page","type-page","status-publish","hentry"],"_links":{"self":[{"href":"https:\/\/hsd.hr\/en\/wp-json\/wp\/v2\/pages\/209","targetHints":{"allow":["GET"]}}],"collection":[{"href":"https:\/\/hsd.hr\/en\/wp-json\/wp\/v2\/pages"}],"about":[{"href":"https:\/\/hsd.hr\/en\/wp-json\/wp\/v2\/types\/page"}],"author":[{"embeddable":true,"href":"https:\/\/hsd.hr\/en\/wp-json\/wp\/v2\/users\/1"}],"replies":[{"embeddable":true,"href":"https:\/\/hsd.hr\/en\/wp-json\/wp\/v2\/comments?post=209"}],"version-history":[{"count":0,"href":"https:\/\/hsd.hr\/en\/wp-json\/wp\/v2\/pages\/209\/revisions"}],"up":[{"embeddable":true,"href":"https:\/\/hsd.hr\/en\/wp-json\/wp\/v2\/pages\/189"}],"wp:attachment":[{"href":"https:\/\/hsd.hr\/en\/wp-json\/wp\/v2\/media?parent=209"}],"curies":[{"name":"wp","href":"https:\/\/api.w.org\/{rel}","templated":true}]}}