{"id":2414,"date":"2021-02-04T11:40:42","date_gmt":"2021-02-04T10:40:42","guid":{"rendered":"https:\/\/pubweb.carnet.hr\/hsd\/?page_id=2414"},"modified":"2021-02-04T11:40:42","modified_gmt":"2021-02-04T10:40:42","slug":"socijalna-ekologija","status":"publish","type":"page","link":"https:\/\/hsd.hr\/en\/socijalna-ekologija\/","title":{"rendered":"Social Ecology"},"content":{"rendered":"<p><a href=\"https:\/\/hrcak.srce.hr\/socijalna-ekologija\"><img fetchpriority=\"high\" decoding=\"async\" class=\"wp-image-2415 alignleft\" src=\"https:\/\/hsd.hr\/wp-content\/uploads\/2021\/02\/SE-2020_r-721x1024.jpg\" alt=\"\" width=\"210\" height=\"299\" srcset=\"https:\/\/hsd.hr\/wp-content\/uploads\/2021\/02\/SE-2020_r-721x1024.jpg 721w, https:\/\/hsd.hr\/wp-content\/uploads\/2021\/02\/SE-2020_r-211x300.jpg 211w, https:\/\/hsd.hr\/wp-content\/uploads\/2021\/02\/SE-2020_r-768x1092.jpg 768w, https:\/\/hsd.hr\/wp-content\/uploads\/2021\/02\/SE-2020_r-1081x1536.jpg 1081w, https:\/\/hsd.hr\/wp-content\/uploads\/2021\/02\/SE-2020_r.jpg 1441w\" sizes=\"(max-width: 210px) 100vw, 210px\" \/><\/a>\u010casopis &#8220;Socijalna ekologija&#8221; objavljuje teorijske, istra\u017eiva\u010dke i metodologijske radove s podru\u010dja socijalne ekologije te drugih znanstvenih podru\u010dja koja su u svezi s podru\u010djem socijalne ekologije. \u010casopis je interdisciplinarnog karaktera i objavljuje radove prihvatljive \u010ditateljstvu s raznih podru\u010dja.<\/p>\n<p>Recenzija: vanjske recenzije, prete\u017eito tuzemna, dvostruka, samo znanstveni i stru\u010dni radovi, dvostruko slijepa<br \/>\nPrva godina izla\u017eenja: 1992<\/p>\n<p>U\u010destalost izla\u017eenja (godi\u0161nje): 3<\/p>\n<p>Podru\u010dja pokrivanja: Dru\u0161tvene znanosti; Sociologija;<br \/>\nUklju\u010den u Hr\u010dak: 19. 1. 2007.<\/p>\n<p>Stranica:\u00a0https:\/\/hrcak.srce.hr\/socijalna-ekologija<\/p>\n<p>&nbsp;<\/p>","protected":false},"excerpt":{"rendered":"<p>\u010casopis &#8220;Socijalna ekologija&#8221; objavljuje teorijske, istra\u017eiva\u010dke i metodologijske radove s podru\u010dja socijalne ekologije te drugih znanstvenih podru\u010dja koja su u svezi s podru\u010djem socijalne ekologije. \u010casopis je interdisciplinarnog karaktera i objavljuje radove prihvatljive \u010ditateljstvu s raznih podru\u010dja. Recenzija: vanjske recenzije, prete\u017eito tuzemna, dvostruka, samo znanstveni i stru\u010dni radovi, dvostruko slijepa Prva godina izla\u017eenja: 1992 U\u010destalost &hellip;<\/p>\n<p class=\"read-more\"> <a class=\"\" href=\"https:\/\/hsd.hr\/en\/socijalna-ekologija\/\"> <span class=\"screen-reader-text\">Social Ecology<\/span> Read More &raquo;<\/a><\/p>","protected":false},"author":1,"featured_media":0,"parent":0,"menu_order":0,"comment_status":"closed","ping_status":"closed","template":"","meta":{"site-sidebar-layout":"default","site-content-layout":"","ast-site-content-layout":"","site-content-style":"default","site-sidebar-style":"default","ast-global-header-display":"","ast-banner-title-visibility":"","ast-main-header-display":"","ast-hfb-above-header-display":"","ast-hfb-below-header-display":"","ast-hfb-mobile-header-display":"","site-post-title":"","ast-breadcrumbs-content":"","ast-featured-img":"","footer-sml-layout":"","theme-transparent-header-meta":"","adv-header-id-meta":"","stick-header-meta":"","header-above-stick-meta":"","header-main-stick-meta":"","header-below-stick-meta":"","astra-migrate-meta-layouts":"","ast-page-background-enabled":"default","ast-page-background-meta":{"desktop":{"background-color":"var(--ast-global-color-4)","background-image":"","background-repeat":"repeat","background-position":"center center","background-size":"auto","background-attachment":"scroll","background-type":"","background-media":"","overlay-type":"","overlay-color":"","overlay-gradient":""},"tablet":{"background-color":"","background-image":"","background-repeat":"repeat","background-position":"center center","background-size":"auto","background-attachment":"scroll","background-type":"","background-media":"","overlay-type":"","overlay-color":"","overlay-gradient":""},"mobile":{"background-color":"","background-image":"","background-repeat":"repeat","background-position":"center center","background-size":"auto","background-attachment":"scroll","background-type":"","background-media":"","overlay-type":"","overlay-color":"","overlay-gradient":""}},"ast-content-background-meta":{"desktop":{"background-color":"var(--ast-global-color-5)","background-image":"","background-repeat":"repeat","background-position":"center center","background-size":"auto","background-attachment":"scroll","background-type":"","background-media":"","overlay-type":"","overlay-color":"","overlay-gradient":""},"tablet":{"background-color":"var(--ast-global-color-5)","background-image":"","background-repeat":"repeat","background-position":"center center","background-size":"auto","background-attachment":"scroll","background-type":"","background-media":"","overlay-type":"","overlay-color":"","overlay-gradient":""},"mobile":{"background-color":"var(--ast-global-color-5)","background-image":"","background-repeat":"repeat","background-position":"center center","background-size":"auto","background-attachment":"scroll","background-type":"","background-media":"","overlay-type":"","overlay-color":"","overlay-gradient":""}},"footnotes":""},"class_list":["post-2414","page","type-page","status-publish","hentry"],"_links":{"self":[{"href":"https:\/\/hsd.hr\/en\/wp-json\/wp\/v2\/pages\/2414","targetHints":{"allow":["GET"]}}],"collection":[{"href":"https:\/\/hsd.hr\/en\/wp-json\/wp\/v2\/pages"}],"about":[{"href":"https:\/\/hsd.hr\/en\/wp-json\/wp\/v2\/types\/page"}],"author":[{"embeddable":true,"href":"https:\/\/hsd.hr\/en\/wp-json\/wp\/v2\/users\/1"}],"replies":[{"embeddable":true,"href":"https:\/\/hsd.hr\/en\/wp-json\/wp\/v2\/comments?post=2414"}],"version-history":[{"count":0,"href":"https:\/\/hsd.hr\/en\/wp-json\/wp\/v2\/pages\/2414\/revisions"}],"wp:attachment":[{"href":"https:\/\/hsd.hr\/en\/wp-json\/wp\/v2\/media?parent=2414"}],"curies":[{"name":"wp","href":"https:\/\/api.w.org\/{rel}","templated":true}]}}