{"id":2418,"date":"2021-02-04T11:45:09","date_gmt":"2021-02-04T10:45:09","guid":{"rendered":"https:\/\/pubweb.carnet.hr\/hsd\/?page_id=2418"},"modified":"2021-02-04T11:45:09","modified_gmt":"2021-02-04T10:45:09","slug":"revija-za-sociologiju","status":"publish","type":"page","link":"https:\/\/hsd.hr\/en\/revija-za-sociologiju\/","title":{"rendered":"Croatian Sociological Review"},"content":{"rendered":"<p><a href=\"https:\/\/hrcak.srce.hr\/ojs\/index.php\/rzs\/index\"><img fetchpriority=\"high\" decoding=\"async\" class=\"alignleft wp-image-2419\" src=\"https:\/\/hsd.hr\/wp-content\/uploads\/2021\/02\/84.jpg\" alt=\"\" width=\"233\" height=\"329\" srcset=\"https:\/\/hsd.hr\/wp-content\/uploads\/2021\/02\/84.jpg 300w, https:\/\/hsd.hr\/wp-content\/uploads\/2021\/02\/84-212x300.jpg 212w\" sizes=\"(max-width: 233px) 100vw, 233px\" \/><\/a><\/p>\n<p>REVIJA ZA SOCIOLOGIJU objavljuje teorijske, empirijske i metodolo\u0161ke priloge od op\u0107eg interesa za sociologiju i srodne discipline, s posebnim naglaskom na radove koji doprinose boljem razumijevanju tema relevantnih za kontekst Hrvatske, regije zapadnog Balkana, te op\u0107enito Centralne i Isto\u010dne Europe. \u010casopis je tako\u0111er otvoren zaprimanju prijedloga tematskih brojeva. Prihva\u0107eni prilozi zadovoljavaju standarde akademske relevantnosti i znanstvene izvrsnosti, koji su potvr\u0111eni dvjema pozitivnim anonimnim recenzijama. \u010casopis tako\u0111er objavljuje prikaze knjiga i konferencija, kao i kra\u0107e eseje \/ kriti\u010dke rasprave \/ edukativne ili popularizacijske tekstove u sekciji Forum.<\/p>\n<p>Prilozi se objavljuju na hrvatskom ili engleskom jeziku, a po posebnoj odluci uredni\u0161tva i na drugim jezicima.<\/p>\n<p>Revija za sociologiju autorima ne napla\u0107uje predaju, obra\u0111ivanje ni objavljivanje priloga. Sve tro\u0161kove obrade i objavljivanja priloga snosi izdava\u010d. Autori priloga objavljenih u \u010dasopisu zadr\u017eavaju autorsko pravo, uklju\u010duju\u0107i i pravo na copyright. Pristankom na objavljivanje autori daju \u010dasopisu pravo prvog objavljivanja u tiskanom te elektroni\u010dkom obliku.<\/p>\n<p>Revija za sociologiju pridr\u017eava se preporuka Odbora za izdava\u010dku etiku (Committee on Publication Ethics \u2013 COPE; http:\/\/publicationethics.org\/files\/u2\/Best_Practice.pdf) prilikom reguliranja standarda eti\u010dnog pona\u0161anja i odnosa sviju strana uklju\u010denih u postupak objavljivanja (autora\/ica, urednika\/ica, recenzenata\/ica i izdava\u010da).<\/p>\n<p>Referiranje objavljenih priloga: CEEAS \u2013 Central &amp; Eastern European Academic Source (EBSCO, Ipswich, USA); CEEOL \u2013 Central and Eastern European Online Library (Frankfurt am Main, Germany); DOAJ \u2013 Directory of Open Access Journals (Lund, Sweden); ERIH PLUS \u2013 The European Reference Index for the Humanities and the Social Sciences (Bergen, Norway); IBSS \u2013 International Bibliography of the Social Sciences (London, UK); Political Science Complete (EBSCO, Ipswich, USA); ProQuest Central (Ann Arbor, USA); ProQuest Sociology (Ann Arbor, USA); ProQuest Social Science Journals (Ann Arbor, USA); Social Services Abstracts (ProQuest, Ann Arbor, USA); Sociological Abstracts, Inc. (San Diego, USA); SCOPUS (Elsevier, Amsterdam, Netherlands); SocINDEX (EBSCO, Ipswich, USA); Worldwide Political Science Abstracts (San Diego, USA)<\/p>\n<p>\u010casopis se izdaje uz financijsku potporu Ministarstva znanosti i obrazovanja Republike Hrvatske.<\/p>\n<p>Recenzija: vanjske recenzije, podjednako tuzemna i inozemna, trostruka i vi\u0161e, samo znanstveni i stru\u010dni radovi, dvostruko slijepa<br \/>\nPrva godina izla\u017eenja: 1971<\/p>\n<p>U\u010destalost izla\u017eenja (godi\u0161nje): 3<\/p>\n<p>Podru\u010dja pokrivanja: Dru\u0161tvene znanosti; Ekonomija; Pravo; Politologija; Sociologija; Psihologija; Demografija; Humanisti\u010dke znanosti; Etnologija i antropologija;<\/p>\n<p>Stranica:\u00a0https:\/\/hrcak.srce.hr\/ojs\/index.php\/rzs\/index<\/p>","protected":false},"excerpt":{"rendered":"<p>REVIJA ZA SOCIOLOGIJU objavljuje teorijske, empirijske i metodolo\u0161ke priloge od op\u0107eg interesa za sociologiju i srodne discipline, s posebnim naglaskom na radove koji doprinose boljem razumijevanju tema relevantnih za kontekst Hrvatske, regije zapadnog Balkana, te op\u0107enito Centralne i Isto\u010dne Europe. \u010casopis je tako\u0111er otvoren zaprimanju prijedloga tematskih brojeva. Prihva\u0107eni prilozi zadovoljavaju standarde akademske relevantnosti i &hellip;<\/p>\n<p class=\"read-more\"> <a class=\"\" href=\"https:\/\/hsd.hr\/en\/revija-za-sociologiju\/\"> <span class=\"screen-reader-text\">Croatian Sociological Review<\/span> Read More &raquo;<\/a><\/p>","protected":false},"author":1,"featured_media":0,"parent":0,"menu_order":0,"comment_status":"closed","ping_status":"closed","template":"","meta":{"site-sidebar-layout":"default","site-content-layout":"","ast-site-content-layout":"","site-content-style":"default","site-sidebar-style":"default","ast-global-header-display":"","ast-banner-title-visibility":"","ast-main-header-display":"","ast-hfb-above-header-display":"","ast-hfb-below-header-display":"","ast-hfb-mobile-header-display":"","site-post-title":"","ast-breadcrumbs-content":"","ast-featured-img":"","footer-sml-layout":"","theme-transparent-header-meta":"","adv-header-id-meta":"","stick-header-meta":"","header-above-stick-meta":"","header-main-stick-meta":"","header-below-stick-meta":"","astra-migrate-meta-layouts":"","ast-page-background-enabled":"default","ast-page-background-meta":{"desktop":{"background-color":"var(--ast-global-color-4)","background-image":"","background-repeat":"repeat","background-position":"center center","background-size":"auto","background-attachment":"scroll","background-type":"","background-media":"","overlay-type":"","overlay-color":"","overlay-gradient":""},"tablet":{"background-color":"","background-image":"","background-repeat":"repeat","background-position":"center center","background-size":"auto","background-attachment":"scroll","background-type":"","background-media":"","overlay-type":"","overlay-color":"","overlay-gradient":""},"mobile":{"background-color":"","background-image":"","background-repeat":"repeat","background-position":"center center","background-size":"auto","background-attachment":"scroll","background-type":"","background-media":"","overlay-type":"","overlay-color":"","overlay-gradient":""}},"ast-content-background-meta":{"desktop":{"background-color":"var(--ast-global-color-5)","background-image":"","background-repeat":"repeat","background-position":"center center","background-size":"auto","background-attachment":"scroll","background-type":"","background-media":"","overlay-type":"","overlay-color":"","overlay-gradient":""},"tablet":{"background-color":"var(--ast-global-color-5)","background-image":"","background-repeat":"repeat","background-position":"center center","background-size":"auto","background-attachment":"scroll","background-type":"","background-media":"","overlay-type":"","overlay-color":"","overlay-gradient":""},"mobile":{"background-color":"var(--ast-global-color-5)","background-image":"","background-repeat":"repeat","background-position":"center center","background-size":"auto","background-attachment":"scroll","background-type":"","background-media":"","overlay-type":"","overlay-color":"","overlay-gradient":""}},"footnotes":""},"class_list":["post-2418","page","type-page","status-publish","hentry"],"_links":{"self":[{"href":"https:\/\/hsd.hr\/en\/wp-json\/wp\/v2\/pages\/2418","targetHints":{"allow":["GET"]}}],"collection":[{"href":"https:\/\/hsd.hr\/en\/wp-json\/wp\/v2\/pages"}],"about":[{"href":"https:\/\/hsd.hr\/en\/wp-json\/wp\/v2\/types\/page"}],"author":[{"embeddable":true,"href":"https:\/\/hsd.hr\/en\/wp-json\/wp\/v2\/users\/1"}],"replies":[{"embeddable":true,"href":"https:\/\/hsd.hr\/en\/wp-json\/wp\/v2\/comments?post=2418"}],"version-history":[{"count":0,"href":"https:\/\/hsd.hr\/en\/wp-json\/wp\/v2\/pages\/2418\/revisions"}],"wp:attachment":[{"href":"https:\/\/hsd.hr\/en\/wp-json\/wp\/v2\/media?parent=2418"}],"curies":[{"name":"wp","href":"https:\/\/api.w.org\/{rel}","templated":true}]}}