{"id":2423,"date":"2021-02-04T11:50:41","date_gmt":"2021-02-04T10:50:41","guid":{"rendered":"https:\/\/pubweb.carnet.hr\/hsd\/?page_id=2423"},"modified":"2021-02-04T11:50:41","modified_gmt":"2021-02-04T10:50:41","slug":"polemos","status":"publish","type":"page","link":"https:\/\/hsd.hr\/en\/polemos\/","title":{"rendered":"Polemos"},"content":{"rendered":"<p><a href=\"https:\/\/hrcak.srce.hr\/polemos\"><img fetchpriority=\"high\" decoding=\"async\" class=\"wp-image-2424 alignleft\" src=\"https:\/\/hsd.hr\/wp-content\/uploads\/2021\/02\/75.jpg\" alt=\"\" width=\"220\" height=\"313\" srcset=\"https:\/\/hsd.hr\/wp-content\/uploads\/2021\/02\/75.jpg 400w, https:\/\/hsd.hr\/wp-content\/uploads\/2021\/02\/75-211x300.jpg 211w\" sizes=\"(max-width: 220px) 100vw, 220px\" \/><\/a>Polemos je interdisciplinarni i multidisciplinarni \u010dasopis o razli\u010ditim aspektima studija rata, mira i vojske u sociologijskoj, filozofskoj, antropologijskoj, ekonomskoj, demografskoj, medicinskoj, vojnopovijesnoj, politolo\u0161koj i drugoj znanstvenoj perspektivi. \u010casopis objavljuje radove hrvatskih i stranih autora o svim fenomenima povezanim s ratom, vojnoj organizaciji i ustanovama, civilno-vojnim odnosima, strategijskim problemima, me\u0111unarodnim i regionalnim obrambenim i sigurnosnim mehanizmima, te o povijesti ratovanja.<\/p>\n<p>Polemos je nezavisan, nevladin, akademski \u010dasopis, otvoren svim znanstvenicima, vladinim i nevladinim ekspertima, pripadnicima oru\u017eanih snaga te ostalim autorima bez obzira na njihovu struku, mjesto zaposlenja ili nacionalnost.<\/p>\n<p>Tekstovi objavljeni u Polemosu referiraju se u: Sociological abstracts i Worldwide political science abstracts (Cambridge scientific abstracts), SocINDEX EBSCO (Ipswich, USA), ProQuest Political Science i ProQuest Sociology (Ann Arbor, USA).<\/p>\n<p>Tvrdnje i mi\u0161ljenja u objavljenim radovima izra\u017eavaju isklju\u010divo stavove autora i ne predstavljaju nu\u017eno stavove i mi\u0161ljenja uredni\u0161tva ili izdava\u010da.<\/p>\n<p>Recenzija: vanjske recenzije, prete\u017eito tuzemna, dvostruka, svi radovi, dvostruko slijepa<br \/>\nU\u010destalost izla\u017eenja (godi\u0161nje): 2<\/p>\n<p>Podru\u010dja pokrivanja: Dru\u0161tvene znanosti; Politologija; Sociologija; Psihologija; Filozofija; Povijest;<\/p>\n<p>Stranica:\u00a0https:\/\/hrcak.srce.hr\/polemos<\/p>","protected":false},"excerpt":{"rendered":"<p>Polemos je interdisciplinarni i multidisciplinarni \u010dasopis o razli\u010ditim aspektima studija rata, mira i vojske u sociologijskoj, filozofskoj, antropologijskoj, ekonomskoj, demografskoj, medicinskoj, vojnopovijesnoj, politolo\u0161koj i drugoj znanstvenoj perspektivi. \u010casopis objavljuje radove hrvatskih i stranih autora o svim fenomenima povezanim s ratom, vojnoj organizaciji i ustanovama, civilno-vojnim odnosima, strategijskim problemima, me\u0111unarodnim i regionalnim obrambenim i sigurnosnim mehanizmima, &hellip;<\/p>\n<p class=\"read-more\"> <a class=\"\" href=\"https:\/\/hsd.hr\/en\/polemos\/\"> <span class=\"screen-reader-text\">Polemos<\/span> Read More &raquo;<\/a><\/p>","protected":false},"author":1,"featured_media":0,"parent":0,"menu_order":0,"comment_status":"closed","ping_status":"closed","template":"","meta":{"site-sidebar-layout":"default","site-content-layout":"","ast-site-content-layout":"","site-content-style":"default","site-sidebar-style":"default","ast-global-header-display":"","ast-banner-title-visibility":"","ast-main-header-display":"","ast-hfb-above-header-display":"","ast-hfb-below-header-display":"","ast-hfb-mobile-header-display":"","site-post-title":"","ast-breadcrumbs-content":"","ast-featured-img":"","footer-sml-layout":"","theme-transparent-header-meta":"","adv-header-id-meta":"","stick-header-meta":"","header-above-stick-meta":"","header-main-stick-meta":"","header-below-stick-meta":"","astra-migrate-meta-layouts":"","ast-page-background-enabled":"default","ast-page-background-meta":{"desktop":{"background-color":"var(--ast-global-color-4)","background-image":"","background-repeat":"repeat","background-position":"center center","background-size":"auto","background-attachment":"scroll","background-type":"","background-media":"","overlay-type":"","overlay-color":"","overlay-gradient":""},"tablet":{"background-color":"","background-image":"","background-repeat":"repeat","background-position":"center center","background-size":"auto","background-attachment":"scroll","background-type":"","background-media":"","overlay-type":"","overlay-color":"","overlay-gradient":""},"mobile":{"background-color":"","background-image":"","background-repeat":"repeat","background-position":"center center","background-size":"auto","background-attachment":"scroll","background-type":"","background-media":"","overlay-type":"","overlay-color":"","overlay-gradient":""}},"ast-content-background-meta":{"desktop":{"background-color":"var(--ast-global-color-5)","background-image":"","background-repeat":"repeat","background-position":"center center","background-size":"auto","background-attachment":"scroll","background-type":"","background-media":"","overlay-type":"","overlay-color":"","overlay-gradient":""},"tablet":{"background-color":"var(--ast-global-color-5)","background-image":"","background-repeat":"repeat","background-position":"center center","background-size":"auto","background-attachment":"scroll","background-type":"","background-media":"","overlay-type":"","overlay-color":"","overlay-gradient":""},"mobile":{"background-color":"var(--ast-global-color-5)","background-image":"","background-repeat":"repeat","background-position":"center center","background-size":"auto","background-attachment":"scroll","background-type":"","background-media":"","overlay-type":"","overlay-color":"","overlay-gradient":""}},"footnotes":""},"class_list":["post-2423","page","type-page","status-publish","hentry"],"_links":{"self":[{"href":"https:\/\/hsd.hr\/en\/wp-json\/wp\/v2\/pages\/2423","targetHints":{"allow":["GET"]}}],"collection":[{"href":"https:\/\/hsd.hr\/en\/wp-json\/wp\/v2\/pages"}],"about":[{"href":"https:\/\/hsd.hr\/en\/wp-json\/wp\/v2\/types\/page"}],"author":[{"embeddable":true,"href":"https:\/\/hsd.hr\/en\/wp-json\/wp\/v2\/users\/1"}],"replies":[{"embeddable":true,"href":"https:\/\/hsd.hr\/en\/wp-json\/wp\/v2\/comments?post=2423"}],"version-history":[{"count":0,"href":"https:\/\/hsd.hr\/en\/wp-json\/wp\/v2\/pages\/2423\/revisions"}],"wp:attachment":[{"href":"https:\/\/hsd.hr\/en\/wp-json\/wp\/v2\/media?parent=2423"}],"curies":[{"name":"wp","href":"https:\/\/api.w.org\/{rel}","templated":true}]}}