{"id":2444,"date":"2021-02-18T18:52:49","date_gmt":"2021-02-18T17:52:49","guid":{"rendered":"https:\/\/pubweb.carnet.hr\/hsd\/?page_id=2444"},"modified":"2021-02-18T18:52:49","modified_gmt":"2021-02-18T17:52:49","slug":"prijava-za-sudjelovanje","status":"publish","type":"page","link":"https:\/\/hsd.hr\/en\/prijava-za-sudjelovanje\/","title":{"rendered":"Prijava za sudjelovanje"},"content":{"rendered":"<p>Pozivamo \u010dlanove\/ice Hrvatskoga sociolo\u0161kog dru\u0161tva i sve druge zainteresirane da po\u0161alju\u00a0<a href=\"https:\/\/hsd.hr\/wp-content\/uploads\/2021\/02\/template-HSD.docx\">prijedloge svojih konferencijskih priop\u0107enja<\/a>. Sa\u017eetak bi uz naslov trebao sadr\u017eavati izme\u0111u (minimalno) 250 i (maksimalno) 300 rije\u010di te ime, adresu, naziv ustanove zaposlenja i e-mail adresu autora. Rok za slanje sa\u017eetaka putem elektroni\u010dke po\u0161te na adresu tajni\u0161tva HSD-a\u00a0<a href=\"mailto:info@hsd.hr\">info@hsd.hr<\/a>\u00a0je 12. travnja 2021. godine.<\/p>\n<p>U sa\u017eetku treba navesti op\u0107i prikaz teme, glavne teorijske smjernice, metodolo\u0161ki pristup, glavne rezultate i zaklju\u010dak, a tako\u0111er mu valja pridru\u017eiti do sedam klju\u010dnih rije\u010di. Sa\u017eetke prijedloga konferencijskih priop\u0107enja recenzirat \u0107e \u010dlanovi\/ice programskog odbora, a povratna informacija o ishodu recenzentskog postupka bit \u0107e proslije\u0111ena autorima\/icama do 20. travnja 2021. godine. Autori\/ce prihva\u0107enih izlaganja du\u017eni su uplatiti kotizaciju do 30. travanja 2021. godine godine kako bi im sa\u017eetak bio uvr\u0161ten u program kongresa.<\/p>\n<p><a href=\"https:\/\/hsd.hr\/wp-content\/uploads\/2021\/02\/HSD-KONGRES-2021-poziv-za-sudjelovanje2.pdf\">Tekst poziva za slanje sa\u017eetaka<\/a><\/p>\n<p><a href=\"https:\/\/hsd.hr\/wp-content\/uploads\/2021\/02\/template-HSD.docx\">Predlo\u017eak za pisanje sa\u017eetka<\/a><\/p>","protected":false},"excerpt":{"rendered":"<p>Pozivamo \u010dlanove\/ice Hrvatskoga sociolo\u0161kog dru\u0161tva i sve druge zainteresirane da po\u0161alju\u00a0prijedloge svojih konferencijskih priop\u0107enja. Sa\u017eetak bi uz naslov trebao sadr\u017eavati izme\u0111u (minimalno) 250 i (maksimalno) 300 rije\u010di te ime, adresu, naziv ustanove zaposlenja i e-mail adresu autora. Rok za slanje sa\u017eetaka putem elektroni\u010dke po\u0161te na adresu tajni\u0161tva HSD-a\u00a0info@hsd.hr\u00a0je 12. travnja 2021. godine. U sa\u017eetku treba &hellip;<\/p>\n<p class=\"read-more\"> <a class=\"\" href=\"https:\/\/hsd.hr\/en\/prijava-za-sudjelovanje\/\"> <span class=\"screen-reader-text\">Prijava za sudjelovanje<\/span> Read More &raquo;<\/a><\/p>","protected":false},"author":1,"featured_media":0,"parent":0,"menu_order":0,"comment_status":"closed","ping_status":"closed","template":"","meta":{"site-sidebar-layout":"default","site-content-layout":"","ast-site-content-layout":"","site-content-style":"default","site-sidebar-style":"default","ast-global-header-display":"","ast-banner-title-visibility":"","ast-main-header-display":"","ast-hfb-above-header-display":"","ast-hfb-below-header-display":"","ast-hfb-mobile-header-display":"","site-post-title":"","ast-breadcrumbs-content":"","ast-featured-img":"","footer-sml-layout":"","theme-transparent-header-meta":"","adv-header-id-meta":"","stick-header-meta":"","header-above-stick-meta":"","header-main-stick-meta":"","header-below-stick-meta":"","astra-migrate-meta-layouts":"","ast-page-background-enabled":"default","ast-page-background-meta":{"desktop":{"background-color":"var(--ast-global-color-4)","background-image":"","background-repeat":"repeat","background-position":"center center","background-size":"auto","background-attachment":"scroll","background-type":"","background-media":"","overlay-type":"","overlay-color":"","overlay-gradient":""},"tablet":{"background-color":"","background-image":"","background-repeat":"repeat","background-position":"center center","background-size":"auto","background-attachment":"scroll","background-type":"","background-media":"","overlay-type":"","overlay-color":"","overlay-gradient":""},"mobile":{"background-color":"","background-image":"","background-repeat":"repeat","background-position":"center center","background-size":"auto","background-attachment":"scroll","background-type":"","background-media":"","overlay-type":"","overlay-color":"","overlay-gradient":""}},"ast-content-background-meta":{"desktop":{"background-color":"var(--ast-global-color-5)","background-image":"","background-repeat":"repeat","background-position":"center center","background-size":"auto","background-attachment":"scroll","background-type":"","background-media":"","overlay-type":"","overlay-color":"","overlay-gradient":""},"tablet":{"background-color":"var(--ast-global-color-5)","background-image":"","background-repeat":"repeat","background-position":"center center","background-size":"auto","background-attachment":"scroll","background-type":"","background-media":"","overlay-type":"","overlay-color":"","overlay-gradient":""},"mobile":{"background-color":"var(--ast-global-color-5)","background-image":"","background-repeat":"repeat","background-position":"center center","background-size":"auto","background-attachment":"scroll","background-type":"","background-media":"","overlay-type":"","overlay-color":"","overlay-gradient":""}},"footnotes":""},"class_list":["post-2444","page","type-page","status-publish","hentry"],"_links":{"self":[{"href":"https:\/\/hsd.hr\/en\/wp-json\/wp\/v2\/pages\/2444","targetHints":{"allow":["GET"]}}],"collection":[{"href":"https:\/\/hsd.hr\/en\/wp-json\/wp\/v2\/pages"}],"about":[{"href":"https:\/\/hsd.hr\/en\/wp-json\/wp\/v2\/types\/page"}],"author":[{"embeddable":true,"href":"https:\/\/hsd.hr\/en\/wp-json\/wp\/v2\/users\/1"}],"replies":[{"embeddable":true,"href":"https:\/\/hsd.hr\/en\/wp-json\/wp\/v2\/comments?post=2444"}],"version-history":[{"count":0,"href":"https:\/\/hsd.hr\/en\/wp-json\/wp\/v2\/pages\/2444\/revisions"}],"wp:attachment":[{"href":"https:\/\/hsd.hr\/en\/wp-json\/wp\/v2\/media?parent=2444"}],"curies":[{"name":"wp","href":"https:\/\/api.w.org\/{rel}","templated":true}]}}