{"id":250,"date":"2017-02-10T10:39:32","date_gmt":"2017-02-10T09:39:32","guid":{"rendered":"https:\/\/pubweb.carnet.hr\/hsd\/?page_id=250"},"modified":"2017-02-10T10:39:32","modified_gmt":"2017-02-10T09:39:32","slug":"izvjestaj-o-strucnim-aktivnostima-sekcije-102011","status":"publish","type":"page","link":"https:\/\/hsd.hr\/en\/sekcije\/sekcija-za-sociologiju-prostora\/izvjestaj-o-strucnim-aktivnostima-sekcije-102011\/","title":{"rendered":"Izvje\u0161taj o stru\u010dnim aktivnostima Sekcije (10\/2011.)"},"content":{"rendered":"<p>Sekcija za sociologiju prostora u suradnji sa Platformom 9.81 iz Splita organizirala je studijski posjet Splitu od 14. do 16. listopada 2011. godine tijekom kojega su odr\u017eane razli\u010dite stru\u010dne aktivnosti na\u0161ih \u010dlanova. Pozivu za posjet Splitu se odazvalo 8 \u010dlanova: Inga Tomi\u0107 Koludrovi\u0107, Mirko Petri\u0107, Sa\u0161a Poljanec Bori\u0107, Ognjen \u010caldarovi\u0107, Jana \u0160arini\u0107, Nensi Segari\u0107, \u017deljka Tonkovi\u0107, Kruno Kardov. U radu su sudjelovali i Valerija Barada s Odjela za sociologiju Sveu\u010dili\u0161ta u Zadru te Miranda Velja\u010di\u0107 i Dinko Pera\u010di\u0107 iz Platforme 9.81.<\/p>\n<p>Prvoga dana posjeta, 14. listopada, organizirana je javna tribina &#8220;Budu\u0107nost grada Splita: sociolo\u0161ki pogled&#8221; u Multimedijalnom kulturnom centru Doma mladih s po\u010detkom u 18 sati. Na tribini su sudjelovali Sa\u0161a Poljanec Bori\u0107, Mirko Petri\u0107 i Inga Tomi\u0107 Koludrovi\u0107. Uvodnu rije\u010d je dao Dinko Pera\u010di\u0107 iz Platforme 9.81 iz Splita koji je i moderirao raspravu. Tribina je bila dobro posje\u0107ena (60-ak gra\u0111ana).<\/p>\n<p>U subotu, 15. listopada, organiziran je obilazak razli\u010ditih dijelova grada i prigradskih naselja (Split 2, Split 3, \u017dnjan, Pazdigrad, Kila&#8230;) uz stru\u010dno vodstvo \u010dlanova sekcije Mirka Petri\u0107a i Inge Tomi\u0107-Koludrovi\u0107 te arhitekta Dinka Pera\u010di\u0107a iz Platforme 9.81. Tijekom obilaska \u017dnjana organiziran je susret s Marijanom Puljak, predsjednicom Gradskog kotara \u017dnjan, koja je iznijela osnovne probleme s kojima se susre\u0107u stanovnici tog naselja.<\/p>\n<p>Tijekom ve\u010deri je organiziran okrugli stol &#8220;Kultura-turizam-ba\u0161tina: problemi povijesne jezgre Splita&#8221;. Okrugli stol je organiziran za \u010dlanove Sekcije u prostorijama Plaforme 9.81, a uvodna izlaganja su odr\u017eali arheologinja Tajma Rismondo-\u010cale, Lidija Petri\u0107 s Ekonomskog fakulteta u Splitu i Boran Vrande\u010di\u0107 iz Udruge turisti\u010dkih vodi\u010da Splita, ujedno i \u010dlan Gra\u0111anske incijative Split, uz moderiranje Inge Tomi\u0107-Koludrovi\u0107.<\/p>\n<p>U nedjelju, 16. listopada odr\u017ean je drugi okrugli stol za \u010dlanove Sekcije na temu &#8220;Obrisi posttranzicijskog grada&#8221; tijekom kojega su raspravljana zapa\u017eanja proteklih dana.<\/p>\n<p>Aktivnosti u Splitu su u cjelini bile uspje\u0161ne tako da je izra\u017eena \u017eelja da se organiziraju sli\u010dni obilasci drugih gradova. Najve\u0107i dio ovih aktivnosti Sekcije su organizirali Mirko Petri\u0107 i Inga Tomi\u0107-Koludrovi\u0107, u suradnji s Mirandom Velja\u010di\u0107 iz splitskog ogranka Platforme 9.81, kojima se zahvaljujemo na odli\u010dno isplaniranim doga\u0111anjima. Zahvalnost dugujemo i Platformi 9.81 koja je ne samo pomogla u organizaciji tribine, stru\u010dnog vodstva i okruglih stolova, nego je ustupila vlastite prostorija za na\u0161e aktivnosti, kao i gra\u0111anima i razli\u010ditim stru\u010dnjacima koji su s nama podijelili svoja iskustva i stru\u010dne analize. Javna tribina organizirana je u prostoru Multimedijalnog kulturnog centra u Domu mladih, ustupljenom bez nadoknade, a LCD projektor ustupio je splitski ogranak Hrvatske udruge likovnih umjetnika.<\/p>\n<p>Doga\u0111aj je bio dobro medijski popra\u0107en: izvje\u0161\u0107a su se pojavila u dnevnom listu Slobodna Dalmacija, na portalima T-portal, Pogledaj.to i Tjednik.hr, kao i u programima Hrvatskog radija te pojedinih lokalnih radijskih postaja. Najavljen je i opse\u017eniji prilog u tjednom prilogu Spektar Slobodne Dalmacije.<\/p>\n<div id='gallery-1' class='gallery galleryid-250 gallery-columns-3 gallery-size-thumbnail'><figure class='gallery-item'>\n\t\t\t<div class='gallery-icon landscape'>\n\t\t\t\t<a href='https:\/\/hsd.hr\/wp-content\/uploads\/2017\/02\/1-Skup-je-otvoren-javnom-tribinom-o-buducnosti-Splita.jpg'><img decoding=\"async\" width=\"150\" height=\"150\" src=\"https:\/\/hsd.hr\/wp-content\/uploads\/2017\/02\/1-Skup-je-otvoren-javnom-tribinom-o-buducnosti-Splita-150x150.jpg\" class=\"attachment-thumbnail size-thumbnail\" alt=\"\" aria-describedby=\"gallery-1-253\" \/><\/a>\n\t\t\t<\/div>\n\t\t\t\t<figcaption class='wp-caption-text gallery-caption' id='gallery-1-253'>\n\t\t\t\tSkup je otvoren javnom tribinom o budu\u0107nosti Splita\n\t\t\t\t<\/figcaption><\/figure><figure class='gallery-item'>\n\t\t\t<div class='gallery-icon landscape'>\n\t\t\t\t<a href='https:\/\/hsd.hr\/wp-content\/uploads\/2017\/02\/2-Tribina-je-bila-dobro-posjecena.jpg'><img decoding=\"async\" width=\"150\" height=\"150\" src=\"https:\/\/hsd.hr\/wp-content\/uploads\/2017\/02\/2-Tribina-je-bila-dobro-posjecena-150x150.jpg\" class=\"attachment-thumbnail size-thumbnail\" alt=\"\" aria-describedby=\"gallery-1-254\" \/><\/a>\n\t\t\t<\/div>\n\t\t\t\t<figcaption class='wp-caption-text gallery-caption' id='gallery-1-254'>\n\t\t\t\tTribina je bila dobro posje\u0107ena\n\t\t\t\t<\/figcaption><\/figure><figure class='gallery-item'>\n\t\t\t<div class='gallery-icon landscape'>\n\t\t\t\t<a href='https:\/\/hsd.hr\/wp-content\/uploads\/2017\/02\/3-Obilazak-grada-organiziran-je-uz-strucno-vodstvo-arhitetka-Dinka-Peracica-iz-Platforme-9_81.jpg'><img decoding=\"async\" width=\"150\" height=\"150\" src=\"https:\/\/hsd.hr\/wp-content\/uploads\/2017\/02\/3-Obilazak-grada-organiziran-je-uz-strucno-vodstvo-arhitetka-Dinka-Peracica-iz-Platforme-9_81-150x150.jpg\" class=\"attachment-thumbnail size-thumbnail\" alt=\"\" aria-describedby=\"gallery-1-255\" \/><\/a>\n\t\t\t<\/div>\n\t\t\t\t<figcaption class='wp-caption-text gallery-caption' id='gallery-1-255'>\n\t\t\t\tObilazak grada organiziran je uz stru\u010dno vodstvo arhitetka Dinka Pera\u010di\u0107a iz Platforme 9.81\n\t\t\t\t<\/figcaption><\/figure><figure class='gallery-item'>\n\t\t\t<div class='gallery-icon landscape'>\n\t\t\t\t<a href='https:\/\/hsd.hr\/wp-content\/uploads\/2017\/02\/4-Susret-clanova-Sekcije-s-predsjednicom-Gradskog-kotara-Znjan-Marijanom-Puljak.jpg'><img loading=\"lazy\" decoding=\"async\" width=\"150\" height=\"150\" src=\"https:\/\/hsd.hr\/wp-content\/uploads\/2017\/02\/4-Susret-clanova-Sekcije-s-predsjednicom-Gradskog-kotara-Znjan-Marijanom-Puljak-150x150.jpg\" class=\"attachment-thumbnail size-thumbnail\" alt=\"\" aria-describedby=\"gallery-1-256\" \/><\/a>\n\t\t\t<\/div>\n\t\t\t\t<figcaption class='wp-caption-text gallery-caption' id='gallery-1-256'>\n\t\t\t\tSusret \u010dlanova Sekcije s predsjednicom Gradskog kotara \u017dnjan Marijanom Puljak\n\t\t\t\t<\/figcaption><\/figure><figure class='gallery-item'>\n\t\t\t<div class='gallery-icon landscape'>\n\t\t\t\t<a href='https:\/\/hsd.hr\/wp-content\/uploads\/2017\/02\/5-Pogled-na-splitska-prigradska-naselja.jpg'><img loading=\"lazy\" decoding=\"async\" width=\"150\" height=\"150\" src=\"https:\/\/hsd.hr\/wp-content\/uploads\/2017\/02\/5-Pogled-na-splitska-prigradska-naselja-150x150.jpg\" class=\"attachment-thumbnail size-thumbnail\" alt=\"\" aria-describedby=\"gallery-1-257\" \/><\/a>\n\t\t\t<\/div>\n\t\t\t\t<figcaption class='wp-caption-text gallery-caption' id='gallery-1-257'>\n\t\t\t\tPogled na splitska prigradska naselja\n\t\t\t\t<\/figcaption><\/figure><figure class='gallery-item'>\n\t\t\t<div class='gallery-icon landscape'>\n\t\t\t\t<a href='https:\/\/hsd.hr\/wp-content\/uploads\/2017\/02\/6-Obilazak-grada-zavrsen-je-u-povijesnoj-jezgri.jpg'><img loading=\"lazy\" decoding=\"async\" width=\"150\" height=\"150\" src=\"https:\/\/hsd.hr\/wp-content\/uploads\/2017\/02\/6-Obilazak-grada-zavrsen-je-u-povijesnoj-jezgri-150x150.jpg\" class=\"attachment-thumbnail size-thumbnail\" alt=\"\" aria-describedby=\"gallery-1-258\" \/><\/a>\n\t\t\t<\/div>\n\t\t\t\t<figcaption class='wp-caption-text gallery-caption' id='gallery-1-258'>\n\t\t\t\tObilazak grada zavr\u0161en je u povijesnoj jezgri\n\t\t\t\t<\/figcaption><\/figure><figure class='gallery-item'>\n\t\t\t<div class='gallery-icon landscape'>\n\t\t\t\t<a href='https:\/\/hsd.hr\/wp-content\/uploads\/2017\/02\/7-Nedovrsena-Spaladium-Arena.jpg'><img loading=\"lazy\" decoding=\"async\" width=\"150\" height=\"150\" src=\"https:\/\/hsd.hr\/wp-content\/uploads\/2017\/02\/7-Nedovrsena-Spaladium-Arena-150x150.jpg\" class=\"attachment-thumbnail size-thumbnail\" alt=\"\" aria-describedby=\"gallery-1-259\" \/><\/a>\n\t\t\t<\/div>\n\t\t\t\t<figcaption class='wp-caption-text gallery-caption' id='gallery-1-259'>\n\t\t\t\tNedovr\u0161ena Spaladium Arena\n\t\t\t\t<\/figcaption><\/figure><figure class='gallery-item'>\n\t\t\t<div class='gallery-icon landscape'>\n\t\t\t\t<a href='https:\/\/hsd.hr\/wp-content\/uploads\/2017\/02\/8-Okrugli-stol-Kultura-turizam-bastina.jpg'><img loading=\"lazy\" decoding=\"async\" width=\"150\" height=\"150\" src=\"https:\/\/hsd.hr\/wp-content\/uploads\/2017\/02\/8-Okrugli-stol-Kultura-turizam-bastina-150x150.jpg\" class=\"attachment-thumbnail size-thumbnail\" alt=\"\" aria-describedby=\"gallery-1-260\" \/><\/a>\n\t\t\t<\/div>\n\t\t\t\t<figcaption class='wp-caption-text gallery-caption' id='gallery-1-260'>\n\t\t\t\tOkrugli stol Kultura-turizam-ba\u0161tina\n\t\t\t\t<\/figcaption><\/figure>\n\t\t<\/div>","protected":false},"excerpt":{"rendered":"<p>Sekcija za sociologiju prostora u suradnji sa Platformom 9.81 iz Splita organizirala je studijski posjet Splitu od 14. do 16. listopada 2011. godine tijekom kojega su odr\u017eane razli\u010dite stru\u010dne aktivnosti na\u0161ih \u010dlanova. Pozivu za posjet Splitu se odazvalo 8 \u010dlanova: Inga Tomi\u0107 Koludrovi\u0107, Mirko Petri\u0107, Sa\u0161a Poljanec Bori\u0107, Ognjen \u010caldarovi\u0107, Jana \u0160arini\u0107, Nensi Segari\u0107, \u017deljka &hellip;<\/p>\n<p class=\"read-more\"> <a class=\"\" href=\"https:\/\/hsd.hr\/en\/sekcije\/sekcija-za-sociologiju-prostora\/izvjestaj-o-strucnim-aktivnostima-sekcije-102011\/\"> <span class=\"screen-reader-text\">Izvje\u0161taj o stru\u010dnim aktivnostima Sekcije (10\/2011.)<\/span> Read More &raquo;<\/a><\/p>","protected":false},"author":1,"featured_media":0,"parent":226,"menu_order":0,"comment_status":"closed","ping_status":"closed","template":"","meta":{"site-sidebar-layout":"default","site-content-layout":"","ast-site-content-layout":"","site-content-style":"default","site-sidebar-style":"default","ast-global-header-display":"","ast-banner-title-visibility":"","ast-main-header-display":"","ast-hfb-above-header-display":"","ast-hfb-below-header-display":"","ast-hfb-mobile-header-display":"","site-post-title":"","ast-breadcrumbs-content":"","ast-featured-img":"","footer-sml-layout":"","theme-transparent-header-meta":"","adv-header-id-meta":"","stick-header-meta":"","header-above-stick-meta":"","header-main-stick-meta":"","header-below-stick-meta":"","astra-migrate-meta-layouts":"","ast-page-background-enabled":"default","ast-page-background-meta":{"desktop":{"background-color":"var(--ast-global-color-4)","background-image":"","background-repeat":"repeat","background-position":"center center","background-size":"auto","background-attachment":"scroll","background-type":"","background-media":"","overlay-type":"","overlay-color":"","overlay-gradient":""},"tablet":{"background-color":"","background-image":"","background-repeat":"repeat","background-position":"center center","background-size":"auto","background-attachment":"scroll","background-type":"","background-media":"","overlay-type":"","overlay-color":"","overlay-gradient":""},"mobile":{"background-color":"","background-image":"","background-repeat":"repeat","background-position":"center center","background-size":"auto","background-attachment":"scroll","background-type":"","background-media":"","overlay-type":"","overlay-color":"","overlay-gradient":""}},"ast-content-background-meta":{"desktop":{"background-color":"var(--ast-global-color-5)","background-image":"","background-repeat":"repeat","background-position":"center center","background-size":"auto","background-attachment":"scroll","background-type":"","background-media":"","overlay-type":"","overlay-color":"","overlay-gradient":""},"tablet":{"background-color":"var(--ast-global-color-5)","background-image":"","background-repeat":"repeat","background-position":"center center","background-size":"auto","background-attachment":"scroll","background-type":"","background-media":"","overlay-type":"","overlay-color":"","overlay-gradient":""},"mobile":{"background-color":"var(--ast-global-color-5)","background-image":"","background-repeat":"repeat","background-position":"center center","background-size":"auto","background-attachment":"scroll","background-type":"","background-media":"","overlay-type":"","overlay-color":"","overlay-gradient":""}},"footnotes":""},"class_list":["post-250","page","type-page","status-publish","hentry"],"_links":{"self":[{"href":"https:\/\/hsd.hr\/en\/wp-json\/wp\/v2\/pages\/250","targetHints":{"allow":["GET"]}}],"collection":[{"href":"https:\/\/hsd.hr\/en\/wp-json\/wp\/v2\/pages"}],"about":[{"href":"https:\/\/hsd.hr\/en\/wp-json\/wp\/v2\/types\/page"}],"author":[{"embeddable":true,"href":"https:\/\/hsd.hr\/en\/wp-json\/wp\/v2\/users\/1"}],"replies":[{"embeddable":true,"href":"https:\/\/hsd.hr\/en\/wp-json\/wp\/v2\/comments?post=250"}],"version-history":[{"count":0,"href":"https:\/\/hsd.hr\/en\/wp-json\/wp\/v2\/pages\/250\/revisions"}],"up":[{"embeddable":true,"href":"https:\/\/hsd.hr\/en\/wp-json\/wp\/v2\/pages\/226"}],"wp:attachment":[{"href":"https:\/\/hsd.hr\/en\/wp-json\/wp\/v2\/media?parent=250"}],"curies":[{"name":"wp","href":"https:\/\/api.w.org\/{rel}","templated":true}]}}