{"id":2732,"date":"2022-03-20T13:44:59","date_gmt":"2022-03-20T12:44:59","guid":{"rendered":"https:\/\/pubweb.carnet.hr\/hsd\/?page_id=2732"},"modified":"2022-03-20T13:44:59","modified_gmt":"2022-03-20T12:44:59","slug":"last-conferences","status":"publish","type":"page","link":"https:\/\/hsd.hr\/en\/events\/last-conferences\/","title":{"rendered":"Last conferences"},"content":{"rendered":"<p><strong>March 22 &#8211; 23, 2013<\/strong><\/p>\n<p>The National Congress of the HSD was held in the Old City Hall in Zagreb with the topic &#8216;Private, public, common: Sociology and Croatian society today&#8217;, where two plenary sessions, two round tables and six parallel sessions were held.<\/p>\n<p><strong>June 1 and 2, 2012<\/strong><\/p>\n<p>The Annual Conference of the Croatian Sociological Society in 2012 was held at the Faculty of Philosophy, University of Zagreb, primarily dedicated to presenting activities, results of individual empirical research, theoretically oriented works and articulation of central interests at the core of HSD sections.<\/p>\n<p><strong>April 7 and 8, 2011<\/strong><\/p>\n<p>The National Congress of the Croatian Sociological Society entitled &#8220;Sociology and Change &#8211; Challenges of the Future&#8221; was held in the premises of the Old City Hall of the City of Zagreb in Zagreb.<\/p>\n<p><strong>November 19 &#8211; 21, 2010<\/strong><\/p>\n<p>An international conference &#8220;Qualitative Transitions: Issues of Methodology in Central and South-East European Sociologies&#8221; was held, organized with the support of the International Sociological Association. The academic committee included: Inga Tomi\u0107-Koludrovi\u0107, president of the committee and the Croatian Sociological Society; Michael Buroway, President of the International Sociological Society (ISA); Krzysztof Konecki, President of the Qualitative Methodology Section of the European Sociological Association (ESA); Giampietro Gobo, founder of the section for qualitative methodology of the European Sociological Society and professor at the University of Milan, and Nenad Fanuko (University of Rijeka) and Katharina Scherke (University of Graz).<\/p>\n<p><strong>April 3 and 4, 2009<\/strong><\/p>\n<p>The National Sociological Congress was held in Zagreb with the topic &#8220;Social Change and Social Structure: Croatia 20 Years Later&#8221;.<\/p>\n<p><strong>November 7, 2008<\/strong><\/p>\n<p>The Scientific Conference &#8220;Institutional Academic Study of Sociology&#8221; in Zadar and the Round Table in Honor of Esad \u0106imi\u0107 were held in Zadar.<\/p>\n<p><strong>September 12, 2008<\/strong><\/p>\n<p>In co-organization with the Faculty of Law, University of Split, an international scientific conference was held in Split: &#8220;Sociology of Sr\u0111an Vrcan: Ideologies and Theories&#8221;.<\/p>\n<p><strong>May 8 &#8211; 10, 2008<\/strong><\/p>\n<p>An international conference was held in Zadar, with the support of the International Sociological Association (ISA) and the Department of Sociology, University of Zadar, entitled &#8220;Sociology and Interdisciplinarity: Central and Southeast European Perspectives&#8221;.<\/p>\n<p><strong>March 30 and 31, 2007<\/strong><\/p>\n<p>In co-organization with the Department of Sociology of the Faculty of Philosophy in Split, the National Sociological Congress was held in Split: &#8220;Methodological Challenges in Sociology: Social Problems in Croatia&#8221;.<\/p>\n<p><strong>2007<\/strong><\/p>\n<p>&#8220;A SPLIT IN THE WORLD AND THE WORLD. SYMPOSIUM ON THE PERSON AND WORK OF \u017dELJKO MARDE\u0160I\u0106&#8221;<\/p>\n<p>The co-organizers of the conference are the Christian Present, the Christian Academic Circle, the Center for the Promotion of the Social Science of the Church and the Catholic Theological Faculty in Zagreb. It is an interdisciplinary gathering at which the sociological, religious and theological aspects of the work of \u017d. Marde\u0161i\u0107.<\/p>\n<p>The meeting was held on Tuesday, November 27, 2007 in Zagreb, in the Chromos Tower &#8211; Ulica grada Vukovara 271.<\/p>\n<p><strong>2006<\/strong><\/p>\n<p>NATIONAL SOCIOLOGICAL CONGRESS<\/p>\n<p>On February 24, 2006, the international scientific conference &#8220;Croatian Sociology &#8211; Challenges of the Bologna Process&#8221; was held in Zagreb.<\/p>\n<p><strong>2005<\/strong><\/p>\n<p>Challenging Boundaries: Religion and Society Zagreb<\/p>\n<p>28th ISSR \/ SISR Conference, Zagreb (Croatia) July 18 &#8211; 22, 2005.<\/p>\n<p><strong>2003<\/strong><\/p>\n<p>Identity and development: Croatia&#8217;s accession to the European Union.<\/p>\n<p>Zagreb, November 28 &#8211; 29, 2003<\/p>\n<p><strong>2002<\/strong><\/p>\n<p>Wars in the Former Yugoslavia: The Sociology of Armed Conflict at the Turn of the Millennium.<\/p>\n<p>Zagreb, December 6-8, 2002<\/p>\n<p><strong>2001<\/strong><\/p>\n<p>Globalization and Croatian society.<\/p>\n<p>Zagreb, 16 and 17 November 2001<\/p>","protected":false},"excerpt":{"rendered":"<p>March 22 &#8211; 23, 2013 The National Congress of the HSD was held in the Old City Hall in Zagreb with the topic &#8216;Private, public, common: Sociology and Croatian society today&#8217;, where two plenary sessions, two round tables and six parallel sessions were held. June 1 and 2, 2012 The Annual Conference of the Croatian &hellip;<\/p>\n<p class=\"read-more\"> <a class=\"\" href=\"https:\/\/hsd.hr\/en\/events\/last-conferences\/\"> <span class=\"screen-reader-text\">Last conferences<\/span> Read More &raquo;<\/a><\/p>","protected":false},"author":1,"featured_media":0,"parent":389,"menu_order":0,"comment_status":"closed","ping_status":"closed","template":"","meta":{"site-sidebar-layout":"default","site-content-layout":"","ast-site-content-layout":"","site-content-style":"default","site-sidebar-style":"default","ast-global-header-display":"","ast-banner-title-visibility":"","ast-main-header-display":"","ast-hfb-above-header-display":"","ast-hfb-below-header-display":"","ast-hfb-mobile-header-display":"","site-post-title":"","ast-breadcrumbs-content":"","ast-featured-img":"","footer-sml-layout":"","theme-transparent-header-meta":"","adv-header-id-meta":"","stick-header-meta":"","header-above-stick-meta":"","header-main-stick-meta":"","header-below-stick-meta":"","astra-migrate-meta-layouts":"","ast-page-background-enabled":"default","ast-page-background-meta":{"desktop":{"background-color":"var(--ast-global-color-4)","background-image":"","background-repeat":"repeat","background-position":"center center","background-size":"auto","background-attachment":"scroll","background-type":"","background-media":"","overlay-type":"","overlay-color":"","overlay-gradient":""},"tablet":{"background-color":"","background-image":"","background-repeat":"repeat","background-position":"center center","background-size":"auto","background-attachment":"scroll","background-type":"","background-media":"","overlay-type":"","overlay-color":"","overlay-gradient":""},"mobile":{"background-color":"","background-image":"","background-repeat":"repeat","background-position":"center center","background-size":"auto","background-attachment":"scroll","background-type":"","background-media":"","overlay-type":"","overlay-color":"","overlay-gradient":""}},"ast-content-background-meta":{"desktop":{"background-color":"var(--ast-global-color-5)","background-image":"","background-repeat":"repeat","background-position":"center center","background-size":"auto","background-attachment":"scroll","background-type":"","background-media":"","overlay-type":"","overlay-color":"","overlay-gradient":""},"tablet":{"background-color":"var(--ast-global-color-5)","background-image":"","background-repeat":"repeat","background-position":"center center","background-size":"auto","background-attachment":"scroll","background-type":"","background-media":"","overlay-type":"","overlay-color":"","overlay-gradient":""},"mobile":{"background-color":"var(--ast-global-color-5)","background-image":"","background-repeat":"repeat","background-position":"center center","background-size":"auto","background-attachment":"scroll","background-type":"","background-media":"","overlay-type":"","overlay-color":"","overlay-gradient":""}},"footnotes":""},"class_list":["post-2732","page","type-page","status-publish","hentry"],"_links":{"self":[{"href":"https:\/\/hsd.hr\/en\/wp-json\/wp\/v2\/pages\/2732","targetHints":{"allow":["GET"]}}],"collection":[{"href":"https:\/\/hsd.hr\/en\/wp-json\/wp\/v2\/pages"}],"about":[{"href":"https:\/\/hsd.hr\/en\/wp-json\/wp\/v2\/types\/page"}],"author":[{"embeddable":true,"href":"https:\/\/hsd.hr\/en\/wp-json\/wp\/v2\/users\/1"}],"replies":[{"embeddable":true,"href":"https:\/\/hsd.hr\/en\/wp-json\/wp\/v2\/comments?post=2732"}],"version-history":[{"count":0,"href":"https:\/\/hsd.hr\/en\/wp-json\/wp\/v2\/pages\/2732\/revisions"}],"up":[{"embeddable":true,"href":"https:\/\/hsd.hr\/en\/wp-json\/wp\/v2\/pages\/389"}],"wp:attachment":[{"href":"https:\/\/hsd.hr\/en\/wp-json\/wp\/v2\/media?parent=2732"}],"curies":[{"name":"wp","href":"https:\/\/api.w.org\/{rel}","templated":true}]}}