{"id":2850,"date":"2023-02-01T16:28:03","date_gmt":"2023-02-01T15:28:03","guid":{"rendered":"https:\/\/pubweb.carnet.hr\/hsd\/?page_id=2850"},"modified":"2023-02-01T16:28:03","modified_gmt":"2023-02-01T15:28:03","slug":"ostale-pojedinosti-2023","status":"publish","type":"page","link":"https:\/\/hsd.hr\/en\/ostale-pojedinosti-2023\/","title":{"rendered":"Ostale pojedinosti"},"content":{"rendered":"<p><strong>Mjesto<\/strong>: Split<\/p>\n<p><strong>Vrijeme<\/strong>: 19. i 20. svibnja 2023.<\/p>\n<h1>Suorganizatori<\/h1>\n<ul>\n<li>Institut dru\u0161tvenih znanosti Ivo Pilar &#8211; podru\u010dni centar Split<\/li>\n<li>Filozofski fakultet u Splitu, Sveu\u010dili\u0161te u Splitu<\/li>\n<li>Umjetni\u010dka akademija u Splitu, Sveu\u010dili\u0161te u Splitu<\/li>\n<\/ul>\n<h1>Va\u017eni datumi<\/h1>\n<p><strong>Rok za slanje sa\u017eetaka<\/strong>: 30. o\u017eujka 2023. godine<\/p>\n<p><strong>Kotizacija<\/strong>:<br \/>\n80 \u20ac za \u010dlanove\/ice HSD-a;<br \/>\n40 \u20ac za umirovljenike\/ce;<br \/>\n30 \u20ac za studente\/ice;<br \/>\n120 \u20ac za osobe koji nisu \u010dlanovi\/ce HSD-a<\/p>\n<p>Kontakt:\u00a0info@hsd.hr<\/p>\n<p>Uplata kotizacija\u00a0za izlaga\u010de\u00a0vr\u0161i se na broj ra\u010duna HSD-a:\u00a0IBAN: HR1623900011100315979, Hrvatska po\u0161tanska banka d.d. (BIC code banke: HPBZHR2x). Na posebnu uplatnicu unesite odgovaraju\u0107i iznos, a u rubriku \u201cpoziv na broj\u201d unesite svoji OIB. Ukoliko uplatu vr\u0161ite putem internetskog ili mobilnog bankarstva tada Vas molimo da nam uvjerenje o odgovaraju\u0107oj transakciji proslijedite na adresu elektroni\u010dke po\u0161te\u00a0info@hsd.hr, ili nam kopiju uplatnice po\u0161aljite po\u0161tom na adresu:<\/p>\n<p>Hrvatsko sociolo\u0161ko dru\u0161tvo<br \/>\nInstitute for Social Research in Zagreb<br \/>\nAmru\u0161eva 11\/II<br \/>\n10000 Zagreb<\/p>","protected":false},"excerpt":{"rendered":"<p>Mjesto: Split Vrijeme: 19. i 20. svibnja 2023. Suorganizatori Institut dru\u0161tvenih znanosti Ivo Pilar &#8211; podru\u010dni centar Split Filozofski fakultet u Splitu, Sveu\u010dili\u0161te u Splitu Umjetni\u010dka akademija u Splitu, Sveu\u010dili\u0161te u Splitu Va\u017eni datumi Rok za slanje sa\u017eetaka: 30. o\u017eujka 2023. godine Kotizacija: 80 \u20ac za \u010dlanove\/ice HSD-a; 40 \u20ac za umirovljenike\/ce; 30 \u20ac za &hellip;<\/p>\n<p class=\"read-more\"> <a class=\"\" href=\"https:\/\/hsd.hr\/en\/ostale-pojedinosti-2023\/\"> <span class=\"screen-reader-text\">Ostale pojedinosti<\/span> Read More &raquo;<\/a><\/p>","protected":false},"author":1,"featured_media":0,"parent":0,"menu_order":0,"comment_status":"closed","ping_status":"closed","template":"","meta":{"site-sidebar-layout":"default","site-content-layout":"","ast-site-content-layout":"","site-content-style":"default","site-sidebar-style":"default","ast-global-header-display":"","ast-banner-title-visibility":"","ast-main-header-display":"","ast-hfb-above-header-display":"","ast-hfb-below-header-display":"","ast-hfb-mobile-header-display":"","site-post-title":"","ast-breadcrumbs-content":"","ast-featured-img":"","footer-sml-layout":"","theme-transparent-header-meta":"","adv-header-id-meta":"","stick-header-meta":"","header-above-stick-meta":"","header-main-stick-meta":"","header-below-stick-meta":"","astra-migrate-meta-layouts":"","ast-page-background-enabled":"default","ast-page-background-meta":{"desktop":{"background-color":"var(--ast-global-color-4)","background-image":"","background-repeat":"repeat","background-position":"center center","background-size":"auto","background-attachment":"scroll","background-type":"","background-media":"","overlay-type":"","overlay-color":"","overlay-gradient":""},"tablet":{"background-color":"","background-image":"","background-repeat":"repeat","background-position":"center center","background-size":"auto","background-attachment":"scroll","background-type":"","background-media":"","overlay-type":"","overlay-color":"","overlay-gradient":""},"mobile":{"background-color":"","background-image":"","background-repeat":"repeat","background-position":"center center","background-size":"auto","background-attachment":"scroll","background-type":"","background-media":"","overlay-type":"","overlay-color":"","overlay-gradient":""}},"ast-content-background-meta":{"desktop":{"background-color":"var(--ast-global-color-5)","background-image":"","background-repeat":"repeat","background-position":"center center","background-size":"auto","background-attachment":"scroll","background-type":"","background-media":"","overlay-type":"","overlay-color":"","overlay-gradient":""},"tablet":{"background-color":"var(--ast-global-color-5)","background-image":"","background-repeat":"repeat","background-position":"center center","background-size":"auto","background-attachment":"scroll","background-type":"","background-media":"","overlay-type":"","overlay-color":"","overlay-gradient":""},"mobile":{"background-color":"var(--ast-global-color-5)","background-image":"","background-repeat":"repeat","background-position":"center center","background-size":"auto","background-attachment":"scroll","background-type":"","background-media":"","overlay-type":"","overlay-color":"","overlay-gradient":""}},"footnotes":""},"class_list":["post-2850","page","type-page","status-publish","hentry"],"_links":{"self":[{"href":"https:\/\/hsd.hr\/en\/wp-json\/wp\/v2\/pages\/2850","targetHints":{"allow":["GET"]}}],"collection":[{"href":"https:\/\/hsd.hr\/en\/wp-json\/wp\/v2\/pages"}],"about":[{"href":"https:\/\/hsd.hr\/en\/wp-json\/wp\/v2\/types\/page"}],"author":[{"embeddable":true,"href":"https:\/\/hsd.hr\/en\/wp-json\/wp\/v2\/users\/1"}],"replies":[{"embeddable":true,"href":"https:\/\/hsd.hr\/en\/wp-json\/wp\/v2\/comments?post=2850"}],"version-history":[{"count":0,"href":"https:\/\/hsd.hr\/en\/wp-json\/wp\/v2\/pages\/2850\/revisions"}],"wp:attachment":[{"href":"https:\/\/hsd.hr\/en\/wp-json\/wp\/v2\/media?parent=2850"}],"curies":[{"name":"wp","href":"https:\/\/api.w.org\/{rel}","templated":true}]}}