{"id":287,"date":"2017-02-13T10:53:14","date_gmt":"2017-02-13T09:53:14","guid":{"rendered":"https:\/\/pubweb.carnet.hr\/hsd\/?page_id=287"},"modified":"2017-02-13T10:53:14","modified_gmt":"2017-02-13T09:53:14","slug":"izdavastvo","status":"publish","type":"page","link":"https:\/\/hsd.hr\/en\/izdavastvo\/","title":{"rendered":"Publishing"},"content":{"rendered":"<p><strong>\u010cASOPISI<\/strong><\/p>\n<p>The Croatian Sociological Association is the publisher of the <strong><a href=\"\/\/hrcak.srce.hr\/ojs\/index.php\/rzs\/index\" target=\"_blank\" rel=\"noopener\">Croatian Sociological Review<\/a><\/strong>. Revija za sociologiju objavljuje teorijske, istra\u017eiva\u010dke i metodologijske radove s podru\u010dja sociologije i srodnih disciplina. \u010casopis objavljuje i prijevode, prikaze, osvrte, kratke sinteti\u010dno-kriti\u010dke priloge u okviru \u00bbForuma\u00ab te druge priloge od znanstvenog i stru\u010dnog interesa.<\/p>\n<p>Hrvatsko sociolo\u0161ko dru\u0161tvo tako\u0111er je uz Zavod za sociologiju Filozofskog fakulteta u Zagrebu suizdava\u010d \u010dasopisa <strong><a href=\"http:\/\/hrcak.srce.hr\/socijalna-ekologija\" target=\"_blank\" rel=\"noopener\">Social Ecology<\/a><\/strong>, and in cooperation with the Jesenski i Turk publishing house, CSA is the co-publisher of the <strong><a href=\"http:\/\/hrcak.srce.hr\/polemos?lang=hr\" target=\"_blank\" rel=\"noopener\">Polemos<\/a><\/strong> &#8211; \u010casopisa o interdisciplinarnom istra\u017eivanju rata i mira.<\/p>\n<p><strong>BIBLIOTEKE<\/strong><\/p>\n<p>U suradnji sa Nakladom Jesenski i Turk, Hrvatsko sociolo\u0161ko dru\u0161tvo suizdava\u010d je &#8216;<strong><a href=\"http:\/\/www.jesenski-turk.hr\/?active=biblioteka&amp;biblioteka=1\" target=\"_blank\" rel=\"noopener\">Sociological Library<\/a><\/strong>&#8216;, koja je nastala 1997.godine pod nazivom Biblioteka Revije za sociologiju. Naziv &#8216;Sociolo\u0161ka biblioteka&#8217; dobiva 2001.godine, a nastavlja tradiciju odabira i objavljivanja klasi\u010dnih i recentnih djela doma\u0107e i svjetske sociologije i srodnih podru\u010dja.<\/p>\n<p>Hrvatsko sociolo\u0161ko dru\u0161tvo tako\u0111er je uz Zavod za sociologiju Filozofskog fakulteta u Zagrebu suizdava\u010d biblioteke &#8216;Razvoj i okoli\u0161&#8217;.<\/p>\n<div id=\"simple-translate\">\n<div>\n<div class=\"simple-translate-button\"><\/div>\n<div class=\"simple-translate-panel\" style=\"width: 300px;height: 200px;font-size: 13px;background-color: #ffffff\">\n<div class=\"simple-translate-result-wrapper\" style=\"overflow: hidden\">\n<p class=\"simple-translate-candidate\" style=\"color: #737373\">\n<\/div>\n<\/div>\n<\/div>\n<\/div>","protected":false},"excerpt":{"rendered":"<p>\u010cASOPISI Hrvatsko sociolo\u0161ko dru\u0161tvo izdava\u010d je \u010dasopisa Revija za sociologiju. Revija za sociologiju objavljuje teorijske, istra\u017eiva\u010dke i metodologijske radove s podru\u010dja sociologije i srodnih disciplina. \u010casopis objavljuje i prijevode, prikaze, osvrte, kratke sinteti\u010dno-kriti\u010dke priloge u okviru \u00bbForuma\u00ab te druge priloge od znanstvenog i stru\u010dnog interesa. Hrvatsko sociolo\u0161ko dru\u0161tvo tako\u0111er je uz Zavod za sociologiju Filozofskog &hellip;<\/p>\n<p class=\"read-more\"> <a class=\"\" href=\"https:\/\/hsd.hr\/en\/izdavastvo\/\"> <span class=\"screen-reader-text\">Publishing<\/span> Read More &raquo;<\/a><\/p>","protected":false},"author":1,"featured_media":0,"parent":0,"menu_order":0,"comment_status":"closed","ping_status":"closed","template":"","meta":{"site-sidebar-layout":"default","site-content-layout":"","ast-site-content-layout":"","site-content-style":"default","site-sidebar-style":"default","ast-global-header-display":"","ast-banner-title-visibility":"","ast-main-header-display":"","ast-hfb-above-header-display":"","ast-hfb-below-header-display":"","ast-hfb-mobile-header-display":"","site-post-title":"","ast-breadcrumbs-content":"","ast-featured-img":"","footer-sml-layout":"","theme-transparent-header-meta":"","adv-header-id-meta":"","stick-header-meta":"","header-above-stick-meta":"","header-main-stick-meta":"","header-below-stick-meta":"","astra-migrate-meta-layouts":"","ast-page-background-enabled":"default","ast-page-background-meta":{"desktop":{"background-color":"var(--ast-global-color-4)","background-image":"","background-repeat":"repeat","background-position":"center center","background-size":"auto","background-attachment":"scroll","background-type":"","background-media":"","overlay-type":"","overlay-color":"","overlay-gradient":""},"tablet":{"background-color":"","background-image":"","background-repeat":"repeat","background-position":"center center","background-size":"auto","background-attachment":"scroll","background-type":"","background-media":"","overlay-type":"","overlay-color":"","overlay-gradient":""},"mobile":{"background-color":"","background-image":"","background-repeat":"repeat","background-position":"center center","background-size":"auto","background-attachment":"scroll","background-type":"","background-media":"","overlay-type":"","overlay-color":"","overlay-gradient":""}},"ast-content-background-meta":{"desktop":{"background-color":"var(--ast-global-color-5)","background-image":"","background-repeat":"repeat","background-position":"center center","background-size":"auto","background-attachment":"scroll","background-type":"","background-media":"","overlay-type":"","overlay-color":"","overlay-gradient":""},"tablet":{"background-color":"var(--ast-global-color-5)","background-image":"","background-repeat":"repeat","background-position":"center center","background-size":"auto","background-attachment":"scroll","background-type":"","background-media":"","overlay-type":"","overlay-color":"","overlay-gradient":""},"mobile":{"background-color":"var(--ast-global-color-5)","background-image":"","background-repeat":"repeat","background-position":"center center","background-size":"auto","background-attachment":"scroll","background-type":"","background-media":"","overlay-type":"","overlay-color":"","overlay-gradient":""}},"footnotes":""},"class_list":["post-287","page","type-page","status-publish","hentry"],"_links":{"self":[{"href":"https:\/\/hsd.hr\/en\/wp-json\/wp\/v2\/pages\/287","targetHints":{"allow":["GET"]}}],"collection":[{"href":"https:\/\/hsd.hr\/en\/wp-json\/wp\/v2\/pages"}],"about":[{"href":"https:\/\/hsd.hr\/en\/wp-json\/wp\/v2\/types\/page"}],"author":[{"embeddable":true,"href":"https:\/\/hsd.hr\/en\/wp-json\/wp\/v2\/users\/1"}],"replies":[{"embeddable":true,"href":"https:\/\/hsd.hr\/en\/wp-json\/wp\/v2\/comments?post=287"}],"version-history":[{"count":0,"href":"https:\/\/hsd.hr\/en\/wp-json\/wp\/v2\/pages\/287\/revisions"}],"wp:attachment":[{"href":"https:\/\/hsd.hr\/en\/wp-json\/wp\/v2\/media?parent=287"}],"curies":[{"name":"wp","href":"https:\/\/api.w.org\/{rel}","templated":true}]}}