{"id":31,"date":"2017-01-24T11:08:33","date_gmt":"2017-01-24T10:08:33","guid":{"rendered":"https:\/\/pubweb.carnet.hr\/hsd\/?page_id=31"},"modified":"2024-11-27T15:19:59","modified_gmt":"2024-11-27T15:19:59","slug":"kontakt","status":"publish","type":"page","link":"https:\/\/hsd.hr\/en\/kontakt\/","title":{"rendered":"Kontakt"},"content":{"rendered":"<p><strong>Hrvatsko sociolo\u0161ko dru\u0161tvo<\/strong><br \/>\nAmru\u0161eva 11\/II<br \/>\n10000 Zagreb<br \/>\nHrvatska<\/p>\n<p>IBAN: HR1623900011100315979, Hrvatska po\u0161tanska banka d.d. (BIC code banke: HPBZHR2x)<\/p>\n<p>E-mail: <a href=\"mailto:info@hsd.hr\">info@hsd.hr<\/a><\/p>\n<p><strong>President<\/strong><\/p>\n<p>dr. sc. Marko Mustapi\u0107<br \/>\nE-mail: <a href=\"mailto:Marko.Mustapic@pilar.hr\">Marko.Mustapic@pilar.hr<\/a><\/p>\n<p><strong>Secretary<\/strong><\/p>\n<p>Marita Grubi\u0161i\u0107 \u010cabo, mag. soc.<br \/>\nE-mail: <a href=\"mailto:marita.grubisiccabo@gmail.com\" target=\"_blank\" rel=\"noopener\">marita.grubisiccabo@gmail.com<\/a><\/p>","protected":false},"excerpt":{"rendered":"<p>Hrvatsko sociolo\u0161ko dru\u0161tvo Amru\u0161eva 11\/II 10000 Zagreb Hrvatska IBAN: HR1623900011100315979, Hrvatska po\u0161tanska banka d.d. (BIC code banke: HPBZHR2x) E-mail: info@hsd.hr Predsjednik dr. sc. Marko Mustapi\u0107 E-mail: Marko.Mustapic@pilar.hr Tajnica Marita Grubi\u0161i\u0107 \u010cabo, mag. soc. E-mail: marita.grubisiccabo@gmail.com<\/p>","protected":false},"author":1,"featured_media":0,"parent":0,"menu_order":0,"comment_status":"closed","ping_status":"closed","template":"","meta":{"site-sidebar-layout":"default","site-content-layout":"","ast-site-content-layout":"","site-content-style":"default","site-sidebar-style":"default","ast-global-header-display":"","ast-banner-title-visibility":"","ast-main-header-display":"","ast-hfb-above-header-display":"","ast-hfb-below-header-display":"","ast-hfb-mobile-header-display":"","site-post-title":"","ast-breadcrumbs-content":"","ast-featured-img":"","footer-sml-layout":"","theme-transparent-header-meta":"","adv-header-id-meta":"","stick-header-meta":"","header-above-stick-meta":"","header-main-stick-meta":"","header-below-stick-meta":"","astra-migrate-meta-layouts":"","ast-page-background-enabled":"default","ast-page-background-meta":{"desktop":{"background-color":"var(--ast-global-color-4)","background-image":"","background-repeat":"repeat","background-position":"center center","background-size":"auto","background-attachment":"scroll","background-type":"","background-media":"","overlay-type":"","overlay-color":"","overlay-gradient":""},"tablet":{"background-color":"","background-image":"","background-repeat":"repeat","background-position":"center center","background-size":"auto","background-attachment":"scroll","background-type":"","background-media":"","overlay-type":"","overlay-color":"","overlay-gradient":""},"mobile":{"background-color":"","background-image":"","background-repeat":"repeat","background-position":"center center","background-size":"auto","background-attachment":"scroll","background-type":"","background-media":"","overlay-type":"","overlay-color":"","overlay-gradient":""}},"ast-content-background-meta":{"desktop":{"background-color":"var(--ast-global-color-5)","background-image":"","background-repeat":"repeat","background-position":"center center","background-size":"auto","background-attachment":"scroll","background-type":"","background-media":"","overlay-type":"","overlay-color":"","overlay-gradient":""},"tablet":{"background-color":"var(--ast-global-color-5)","background-image":"","background-repeat":"repeat","background-position":"center center","background-size":"auto","background-attachment":"scroll","background-type":"","background-media":"","overlay-type":"","overlay-color":"","overlay-gradient":""},"mobile":{"background-color":"var(--ast-global-color-5)","background-image":"","background-repeat":"repeat","background-position":"center center","background-size":"auto","background-attachment":"scroll","background-type":"","background-media":"","overlay-type":"","overlay-color":"","overlay-gradient":""}},"footnotes":""},"class_list":["post-31","page","type-page","status-publish","hentry"],"_links":{"self":[{"href":"https:\/\/hsd.hr\/en\/wp-json\/wp\/v2\/pages\/31","targetHints":{"allow":["GET"]}}],"collection":[{"href":"https:\/\/hsd.hr\/en\/wp-json\/wp\/v2\/pages"}],"about":[{"href":"https:\/\/hsd.hr\/en\/wp-json\/wp\/v2\/types\/page"}],"author":[{"embeddable":true,"href":"https:\/\/hsd.hr\/en\/wp-json\/wp\/v2\/users\/1"}],"replies":[{"embeddable":true,"href":"https:\/\/hsd.hr\/en\/wp-json\/wp\/v2\/comments?post=31"}],"version-history":[{"count":2,"href":"https:\/\/hsd.hr\/en\/wp-json\/wp\/v2\/pages\/31\/revisions"}],"predecessor-version":[{"id":7700,"href":"https:\/\/hsd.hr\/en\/wp-json\/wp\/v2\/pages\/31\/revisions\/7700"}],"wp:attachment":[{"href":"https:\/\/hsd.hr\/en\/wp-json\/wp\/v2\/media?parent=31"}],"curies":[{"name":"wp","href":"https:\/\/api.w.org\/{rel}","templated":true}]}}