{"id":33,"date":"2017-01-24T11:10:05","date_gmt":"2017-01-24T10:10:05","guid":{"rendered":"https:\/\/pubweb.carnet.hr\/hsd\/?page_id=33"},"modified":"2017-01-24T11:10:05","modified_gmt":"2017-01-24T10:10:05","slug":"contacts","status":"publish","type":"page","link":"https:\/\/hsd.hr\/en\/contacts\/","title":{"rendered":"Contact"},"content":{"rendered":"<p><strong>Croatian Sociological Association<\/strong><br \/>\nAmru\u0161eva 11\/II<br \/>\n10000 Zagreb<br \/>\nCroatia<\/p>\n<p>IBAN: HR1623900011100315979, Hrvatska po\u0161tanska banka d.d. (BIC code banke: HPBZHR2x)<\/p>\n<p>E-mail: <a href=\"mailto:info@hsd.hr\">info@hsd.hr<\/a><\/p>\n<p><strong>President<\/strong><br \/>\nBranko An\u010di\u0107, PhD<br \/>\nE-mail: branko@idi.hr<\/p>\n<p><strong>Secretary<\/strong><br \/>\nMarko Mareli\u0107, PhD<br \/>\nE-mail: marko.marelic@snz.hr<\/p>","protected":false},"excerpt":{"rendered":"<p>Croatian Sociological Association Amru\u0161eva 11\/II 10000 Zagreb Croatia IBAN: HR1623900011100315979, Hrvatska po\u0161tanska banka d.d. (BIC code banke: HPBZHR2x) E-mail: info@hsd.hr President Branko An\u010di\u0107, PhD E-mail: branko@idi.hr Secretary Marko Mareli\u0107, PhD E-mail: marko.marelic@snz.hr<\/p>","protected":false},"author":1,"featured_media":0,"parent":0,"menu_order":0,"comment_status":"closed","ping_status":"closed","template":"","meta":{"site-sidebar-layout":"default","site-content-layout":"","ast-site-content-layout":"","site-content-style":"default","site-sidebar-style":"default","ast-global-header-display":"","ast-banner-title-visibility":"","ast-main-header-display":"","ast-hfb-above-header-display":"","ast-hfb-below-header-display":"","ast-hfb-mobile-header-display":"","site-post-title":"","ast-breadcrumbs-content":"","ast-featured-img":"","footer-sml-layout":"","theme-transparent-header-meta":"","adv-header-id-meta":"","stick-header-meta":"","header-above-stick-meta":"","header-main-stick-meta":"","header-below-stick-meta":"","astra-migrate-meta-layouts":"","ast-page-background-enabled":"default","ast-page-background-meta":{"desktop":{"background-color":"var(--ast-global-color-4)","background-image":"","background-repeat":"repeat","background-position":"center center","background-size":"auto","background-attachment":"scroll","background-type":"","background-media":"","overlay-type":"","overlay-color":"","overlay-gradient":""},"tablet":{"background-color":"","background-image":"","background-repeat":"repeat","background-position":"center center","background-size":"auto","background-attachment":"scroll","background-type":"","background-media":"","overlay-type":"","overlay-color":"","overlay-gradient":""},"mobile":{"background-color":"","background-image":"","background-repeat":"repeat","background-position":"center center","background-size":"auto","background-attachment":"scroll","background-type":"","background-media":"","overlay-type":"","overlay-color":"","overlay-gradient":""}},"ast-content-background-meta":{"desktop":{"background-color":"var(--ast-global-color-5)","background-image":"","background-repeat":"repeat","background-position":"center center","background-size":"auto","background-attachment":"scroll","background-type":"","background-media":"","overlay-type":"","overlay-color":"","overlay-gradient":""},"tablet":{"background-color":"var(--ast-global-color-5)","background-image":"","background-repeat":"repeat","background-position":"center center","background-size":"auto","background-attachment":"scroll","background-type":"","background-media":"","overlay-type":"","overlay-color":"","overlay-gradient":""},"mobile":{"background-color":"var(--ast-global-color-5)","background-image":"","background-repeat":"repeat","background-position":"center center","background-size":"auto","background-attachment":"scroll","background-type":"","background-media":"","overlay-type":"","overlay-color":"","overlay-gradient":""}},"footnotes":""},"class_list":["post-33","page","type-page","status-publish","hentry"],"_links":{"self":[{"href":"https:\/\/hsd.hr\/en\/wp-json\/wp\/v2\/pages\/33","targetHints":{"allow":["GET"]}}],"collection":[{"href":"https:\/\/hsd.hr\/en\/wp-json\/wp\/v2\/pages"}],"about":[{"href":"https:\/\/hsd.hr\/en\/wp-json\/wp\/v2\/types\/page"}],"author":[{"embeddable":true,"href":"https:\/\/hsd.hr\/en\/wp-json\/wp\/v2\/users\/1"}],"replies":[{"embeddable":true,"href":"https:\/\/hsd.hr\/en\/wp-json\/wp\/v2\/comments?post=33"}],"version-history":[{"count":0,"href":"https:\/\/hsd.hr\/en\/wp-json\/wp\/v2\/pages\/33\/revisions"}],"wp:attachment":[{"href":"https:\/\/hsd.hr\/en\/wp-json\/wp\/v2\/media?parent=33"}],"curies":[{"name":"wp","href":"https:\/\/api.w.org\/{rel}","templated":true}]}}