{"id":3784,"date":"2023-11-17T19:34:59","date_gmt":"2023-11-17T19:34:59","guid":{"rendered":"https:\/\/hsd.hr\/?page_id=3784"},"modified":"2026-04-01T09:28:11","modified_gmt":"2026-04-01T09:28:11","slug":"izdavastvo-2","status":"publish","type":"page","link":"https:\/\/hsd.hr\/en\/izdavastvo-2\/","title":{"rendered":"Publishing"},"content":{"rendered":"<div data-elementor-type=\"wp-page\" data-elementor-id=\"3784\" class=\"elementor elementor-3784\" data-elementor-post-type=\"page\">\n\t\t\t\t\t\t\t<div class=\"elementor-element elementor-element-3625020 e-flex e-con-boxed e-con e-parent\" data-id=\"3625020\" data-element_type=\"container\" data-settings=\"{&quot;container_type&quot;:&quot;flex&quot;,&quot;content_width&quot;:&quot;boxed&quot;}\" data-core-v316-plus=\"true\">\n\t\t\t\t\t<div class=\"e-con-inner\">\n\t\t\t\t<div class=\"elementor-element elementor-element-f33f252 elementor-widget elementor-widget-heading\" data-id=\"f33f252\" data-element_type=\"widget\" data-widget_type=\"heading.default\">\n\t\t\t\t<div class=\"elementor-widget-container\">\n\t\t\t<style>\/*! elementor - v3.17.0 - 08-11-2023 *\/\n.elementor-heading-title{padding:0;margin:0;line-height:1}.elementor-widget-heading .elementor-heading-title[class*=elementor-size-]>a{color:inherit;font-size:inherit;line-height:inherit}.elementor-widget-heading .elementor-heading-title.elementor-size-small{font-size:15px}.elementor-widget-heading .elementor-heading-title.elementor-size-medium{font-size:19px}.elementor-widget-heading .elementor-heading-title.elementor-size-large{font-size:29px}.elementor-widget-heading .elementor-heading-title.elementor-size-xl{font-size:39px}.elementor-widget-heading .elementor-heading-title.elementor-size-xxl{font-size:59px}<\/style><h2 class=\"elementor-heading-title elementor-size-default\">Magazines<\/h2>\t\t<\/div>\n\t\t\t\t<\/div>\n\t\t\t\t<div class=\"elementor-element elementor-element-5a7c414 elementor-widget elementor-widget-text-editor\" data-id=\"5a7c414\" data-element_type=\"widget\" data-widget_type=\"text-editor.default\">\n\t\t\t\t<div class=\"elementor-widget-container\">\n\t\t\t<style>\/*! elementor - v3.17.0 - 08-11-2023 *\/\n.elementor-widget-text-editor.elementor-drop-cap-view-stacked .elementor-drop-cap{background-color:#69727d;color:#fff}.elementor-widget-text-editor.elementor-drop-cap-view-framed .elementor-drop-cap{color:#69727d;border:3px solid;background-color:transparent}.elementor-widget-text-editor:not(.elementor-drop-cap-view-default) .elementor-drop-cap{margin-top:8px}.elementor-widget-text-editor:not(.elementor-drop-cap-view-default) .elementor-drop-cap-letter{width:1em;height:1em}.elementor-widget-text-editor .elementor-drop-cap{float:left;text-align:center;line-height:1;font-size:50px}.elementor-widget-text-editor .elementor-drop-cap-letter{display:inline-block}<\/style>\t\t\t\t<p>The Croatian Sociological Association is the publisher of the <strong>Croatian Sociological Review<\/strong>. With the Department of Sociology of the Faculty of Philosophy in Zagreb, CSA is the co-publisher of the journal <strong>Socijalna ekologija.<\/strong><\/p>\t\t\t\t\t\t<\/div>\n\t\t\t\t<\/div>\n\t\t\t\t<div class=\"elementor-element elementor-element-b922c08 elementor-widget elementor-widget-heading\" data-id=\"b922c08\" data-element_type=\"widget\" data-widget_type=\"heading.default\">\n\t\t\t\t<div class=\"elementor-widget-container\">\n\t\t\t<h2 class=\"elementor-heading-title elementor-size-default\">Libraries<\/h2>\t\t<\/div>\n\t\t\t\t<\/div>\n\t\t\t\t<div class=\"elementor-element elementor-element-314251c elementor-widget elementor-widget-text-editor\" data-id=\"314251c\" data-element_type=\"widget\" data-widget_type=\"text-editor.default\">\n\t\t\t\t<div class=\"elementor-widget-container\">\n\t\t\t\t\t\t\t<p>In cooperation with Publication Jesenski i Turk, the Croatian Sociological Association is the co-publisher of the <strong>Sociological Library<\/strong>. CSA is also the co-publisher with the Department of Sociology of the Faculty of Philosophy in Zagreb of the <strong>Development and Environment Library<\/strong>.<\/p>\t\t\t\t\t\t<\/div>\n\t\t\t\t<\/div>\n\t\t\t\t\t<\/div>\n\t\t\t\t<\/div>\n\t\t<div class=\"elementor-element elementor-element-1509d7c e-flex e-con-boxed e-con e-parent\" data-id=\"1509d7c\" data-element_type=\"container\" data-settings=\"{&quot;container_type&quot;:&quot;flex&quot;,&quot;content_width&quot;:&quot;boxed&quot;}\" data-core-v316-plus=\"true\">\n\t\t\t\t\t<div class=\"e-con-inner\">\n\t\t<div class=\"elementor-element elementor-element-5399fa3 e-con-full e-flex e-con e-child\" data-id=\"5399fa3\" data-element_type=\"container\" data-settings=\"{&quot;content_width&quot;:&quot;full&quot;,&quot;container_type&quot;:&quot;flex&quot;}\">\n\t\t\t\t<div class=\"elementor-element elementor-element-733bfbe elementor-widget elementor-widget-image\" data-id=\"733bfbe\" data-element_type=\"widget\" data-widget_type=\"image.default\">\n\t\t\t\t<div class=\"elementor-widget-container\">\n\t\t\t<style>\/*! elementor - v3.17.0 - 08-11-2023 *\/\n.elementor-widget-image{text-align:center}.elementor-widget-image a{display:inline-block}.elementor-widget-image a img[src$=\".svg\"]{width:48px}.elementor-widget-image img{vertical-align:middle;display:inline-block}<\/style>\t\t\t\t\t\t\t\t\t\t\t\t<img fetchpriority=\"high\" decoding=\"async\" width=\"300\" height=\"424\" src=\"https:\/\/hsd.hr\/wp-content\/uploads\/2023\/11\/84.jpg\" class=\"attachment-large size-large wp-image-4113\" alt=\"\" srcset=\"https:\/\/hsd.hr\/wp-content\/uploads\/2023\/11\/84.jpg 300w, https:\/\/hsd.hr\/wp-content\/uploads\/2023\/11\/84-212x300.jpg 212w\" sizes=\"(max-width: 300px) 100vw, 300px\" \/>\t\t\t\t\t\t\t\t\t\t\t\t\t\t\t<\/div>\n\t\t\t\t<\/div>\n\t\t\t\t<div class=\"elementor-element elementor-element-359d8df elementor-widget elementor-widget-button\" data-id=\"359d8df\" data-element_type=\"widget\" data-widget_type=\"button.default\">\n\t\t\t\t<div class=\"elementor-widget-container\">\n\t\t\t\t\t<div class=\"elementor-button-wrapper\">\n\t\t\t<a class=\"elementor-button elementor-button-link elementor-size-sm\" href=\"https:\/\/hsd.hr\/en\/revija-za-sociologiju-2\/\">\n\t\t\t\t\t\t<span class=\"elementor-button-content-wrapper\">\n\t\t\t\t\t\t<span class=\"elementor-button-text\">Find out more<\/span>\n\t\t<\/span>\n\t\t\t\t\t<\/a>\n\t\t<\/div>\n\t\t\t\t<\/div>\n\t\t\t\t<\/div>\n\t\t\t\t<\/div>\n\t\t<div class=\"elementor-element elementor-element-e8cd915 e-con-full e-flex e-con e-child\" data-id=\"e8cd915\" data-element_type=\"container\" data-settings=\"{&quot;content_width&quot;:&quot;full&quot;,&quot;container_type&quot;:&quot;flex&quot;}\">\n\t\t\t\t<div class=\"elementor-element elementor-element-dfdbae7 elementor-widget elementor-widget-image\" data-id=\"dfdbae7\" data-element_type=\"widget\" data-widget_type=\"image.default\">\n\t\t\t\t<div class=\"elementor-widget-container\">\n\t\t\t\t\t\t\t\t\t\t\t\t\t\t\t<img decoding=\"async\" width=\"211\" height=\"300\" src=\"https:\/\/hsd.hr\/wp-content\/uploads\/2023\/11\/SE-2020_r-211x300-1.jpg\" class=\"attachment-large size-large wp-image-4114\" alt=\"\" \/>\t\t\t\t\t\t\t\t\t\t\t\t\t\t\t<\/div>\n\t\t\t\t<\/div>\n\t\t\t\t<div class=\"elementor-element elementor-element-c7c3678 elementor-widget elementor-widget-button\" data-id=\"c7c3678\" data-element_type=\"widget\" data-widget_type=\"button.default\">\n\t\t\t\t<div class=\"elementor-widget-container\">\n\t\t\t\t\t<div class=\"elementor-button-wrapper\">\n\t\t\t<a class=\"elementor-button elementor-button-link elementor-size-sm\" href=\"https:\/\/hsd.hr\/en\/socijalna-ekologija-2\/\">\n\t\t\t\t\t\t<span class=\"elementor-button-content-wrapper\">\n\t\t\t\t\t\t<span class=\"elementor-button-text\">Find out more<\/span>\n\t\t<\/span>\n\t\t\t\t\t<\/a>\n\t\t<\/div>\n\t\t\t\t<\/div>\n\t\t\t\t<\/div>\n\t\t\t\t<\/div>\n\t\t\t\t\t<\/div>\n\t\t\t\t<\/div>\n\t\t<div class=\"elementor-element elementor-element-391a8f4 e-flex e-con-boxed e-con e-parent\" data-id=\"391a8f4\" data-element_type=\"container\" data-settings=\"{&quot;container_type&quot;:&quot;flex&quot;,&quot;content_width&quot;:&quot;boxed&quot;}\" data-core-v316-plus=\"true\">\n\t\t\t\t\t<div class=\"e-con-inner\">\n\t\t<div class=\"elementor-element elementor-element-668bd97 e-con-full e-flex e-con e-child\" data-id=\"668bd97\" data-element_type=\"container\" data-settings=\"{&quot;content_width&quot;:&quot;full&quot;,&quot;container_type&quot;:&quot;flex&quot;}\">\n\t\t\t\t<div class=\"elementor-element elementor-element-ab4128c elementor-widget elementor-widget-image\" data-id=\"ab4128c\" data-element_type=\"widget\" data-widget_type=\"image.default\">\n\t\t\t\t<div class=\"elementor-widget-container\">\n\t\t\t\t\t\t\t\t\t\t\t\t\t\t\t<img decoding=\"async\" width=\"150\" height=\"144\" src=\"https:\/\/hsd.hr\/wp-content\/uploads\/2023\/11\/Jesenski_i_Turk_logo-1.png\" class=\"attachment-large size-large wp-image-4730\" alt=\"\" \/>\t\t\t\t\t\t\t\t\t\t\t\t\t\t\t<\/div>\n\t\t\t\t<\/div>\n\t\t\t\t<div class=\"elementor-element elementor-element-bb509be elementor-widget elementor-widget-button\" data-id=\"bb509be\" data-element_type=\"widget\" data-widget_type=\"button.default\">\n\t\t\t\t<div class=\"elementor-widget-container\">\n\t\t\t\t\t<div class=\"elementor-button-wrapper\">\n\t\t\t<a class=\"elementor-button elementor-button-link elementor-size-sm\" href=\"https:\/\/hsd.hr\/en\/socioloska-biblioteka\/\">\n\t\t\t\t\t\t<span class=\"elementor-button-content-wrapper\">\n\t\t\t\t\t\t<span class=\"elementor-button-text\">Find out more<\/span>\n\t\t<\/span>\n\t\t\t\t\t<\/a>\n\t\t<\/div>\n\t\t\t\t<\/div>\n\t\t\t\t<\/div>\n\t\t\t\t<\/div>\n\t\t<div class=\"elementor-element elementor-element-d6debc1 e-con-full e-flex e-con e-child\" data-id=\"d6debc1\" data-element_type=\"container\" data-settings=\"{&quot;content_width&quot;:&quot;full&quot;,&quot;container_type&quot;:&quot;flex&quot;}\">\n\t\t\t\t<div class=\"elementor-element elementor-element-9ffc834 elementor-widget elementor-widget-image\" data-id=\"9ffc834\" data-element_type=\"widget\" data-widget_type=\"image.default\">\n\t\t\t\t<div class=\"elementor-widget-container\">\n\t\t\t\t\t\t\t\t\t\t\t\t\t\t\t<img loading=\"lazy\" decoding=\"async\" width=\"690\" height=\"1024\" src=\"https:\/\/hsd.hr\/wp-content\/uploads\/2023\/11\/IMG_20231130_124120-690x1024.jpg\" class=\"attachment-large size-large wp-image-6008\" alt=\"\" srcset=\"https:\/\/hsd.hr\/wp-content\/uploads\/2023\/11\/IMG_20231130_124120-690x1024.jpg 690w, https:\/\/hsd.hr\/wp-content\/uploads\/2023\/11\/IMG_20231130_124120-202x300.jpg 202w, https:\/\/hsd.hr\/wp-content\/uploads\/2023\/11\/IMG_20231130_124120-768x1140.jpg 768w, https:\/\/hsd.hr\/wp-content\/uploads\/2023\/11\/IMG_20231130_124120-1035x1536.jpg 1035w, https:\/\/hsd.hr\/wp-content\/uploads\/2023\/11\/IMG_20231130_124120-1380x2048.jpg 1380w, https:\/\/hsd.hr\/wp-content\/uploads\/2023\/11\/IMG_20231130_124120-8x12.jpg 8w, https:\/\/hsd.hr\/wp-content\/uploads\/2023\/11\/IMG_20231130_124120.jpg 1552w\" sizes=\"(max-width: 690px) 100vw, 690px\" \/>\t\t\t\t\t\t\t\t\t\t\t\t\t\t\t<\/div>\n\t\t\t\t<\/div>\n\t\t\t\t<div class=\"elementor-element elementor-element-88ebd8a elementor-widget elementor-widget-button\" data-id=\"88ebd8a\" data-element_type=\"widget\" data-widget_type=\"button.default\">\n\t\t\t\t<div class=\"elementor-widget-container\">\n\t\t\t\t\t<div class=\"elementor-button-wrapper\">\n\t\t\t<a class=\"elementor-button elementor-button-link elementor-size-sm\" href=\"https:\/\/hrcak.srce.hr\/19517\">\n\t\t\t\t\t\t<span class=\"elementor-button-content-wrapper\">\n\t\t\t\t\t\t<span class=\"elementor-button-text\">Find out more<\/span>\n\t\t<\/span>\n\t\t\t\t\t<\/a>\n\t\t<\/div>\n\t\t\t\t<\/div>\n\t\t\t\t<\/div>\n\t\t\t\t<\/div>\n\t\t\t\t\t<\/div>\n\t\t\t\t<\/div>\n\t\t<div class=\"elementor-element elementor-element-f81720d e-flex e-con-boxed e-con e-parent\" data-id=\"f81720d\" data-element_type=\"container\" data-settings=\"{&quot;container_type&quot;:&quot;flex&quot;,&quot;content_width&quot;:&quot;boxed&quot;}\" data-core-v316-plus=\"true\">\n\t\t\t\t\t<div class=\"e-con-inner\">\n\t\t\t\t\t<\/div>\n\t\t\t\t<\/div>\n\t\t\t\t\t\t\t<\/div>","protected":false},"excerpt":{"rendered":"<p>\u010casopisi Hrvatsko sociolo\u0161ko dru\u0161tvo izdava\u010d je \u010dasopisa Revija za sociologiju. Uz Zavod za sociologiju Filozofskog fakulteta u Zagrebu suizdava\u010d \u010dasopisa Socijalna ekologija. Biblioteke U suradnji sa Nakladom Jesenski i Turk, Hrvatsko sociolo\u0161ko dru\u0161tvo suizdava\u010d je Sociolo\u0161ke biblioteke. Tako\u0111er je uz Zavod za sociologiju Filozofskog fakulteta u Zagrebu suizdava\u010d biblioteke Razvoj i okoli\u0161. Saznajte vi\u0161e Saznajte &hellip;<\/p>\n<p class=\"read-more\"> <a class=\"\" href=\"https:\/\/hsd.hr\/en\/izdavastvo-2\/\"> <span class=\"screen-reader-text\">Publishing<\/span> Read More &raquo;<\/a><\/p>","protected":false},"author":1,"featured_media":0,"parent":0,"menu_order":0,"comment_status":"closed","ping_status":"closed","template":"elementor_header_footer","meta":{"site-sidebar-layout":"no-sidebar","site-content-layout":"","ast-site-content-layout":"full-width-container","site-content-style":"default","site-sidebar-style":"default","ast-global-header-display":"","ast-banner-title-visibility":"","ast-main-header-display":"","ast-hfb-above-header-display":"","ast-hfb-below-header-display":"","ast-hfb-mobile-header-display":"","site-post-title":"disabled","ast-breadcrumbs-content":"","ast-featured-img":"disabled","footer-sml-layout":"","theme-transparent-header-meta":"","adv-header-id-meta":"","stick-header-meta":"","header-above-stick-meta":"","header-main-stick-meta":"","header-below-stick-meta":"","astra-migrate-meta-layouts":"","ast-page-background-enabled":"default","ast-page-background-meta":{"desktop":{"background-color":"var(--ast-global-color-4)","background-image":"","background-repeat":"repeat","background-position":"center center","background-size":"auto","background-attachment":"scroll","background-type":"","background-media":"","overlay-type":"","overlay-color":"","overlay-gradient":""},"tablet":{"background-color":"","background-image":"","background-repeat":"repeat","background-position":"center center","background-size":"auto","background-attachment":"scroll","background-type":"","background-media":"","overlay-type":"","overlay-color":"","overlay-gradient":""},"mobile":{"background-color":"","background-image":"","background-repeat":"repeat","background-position":"center center","background-size":"auto","background-attachment":"scroll","background-type":"","background-media":"","overlay-type":"","overlay-color":"","overlay-gradient":""}},"ast-content-background-meta":{"desktop":{"background-color":"var(--ast-global-color-5)","background-image":"","background-repeat":"repeat","background-position":"center center","background-size":"auto","background-attachment":"scroll","background-type":"","background-media":"","overlay-type":"","overlay-color":"","overlay-gradient":""},"tablet":{"background-color":"var(--ast-global-color-5)","background-image":"","background-repeat":"repeat","background-position":"center center","background-size":"auto","background-attachment":"scroll","background-type":"","background-media":"","overlay-type":"","overlay-color":"","overlay-gradient":""},"mobile":{"background-color":"var(--ast-global-color-5)","background-image":"","background-repeat":"repeat","background-position":"center center","background-size":"auto","background-attachment":"scroll","background-type":"","background-media":"","overlay-type":"","overlay-color":"","overlay-gradient":""}},"footnotes":""},"class_list":["post-3784","page","type-page","status-publish","hentry"],"_links":{"self":[{"href":"https:\/\/hsd.hr\/en\/wp-json\/wp\/v2\/pages\/3784","targetHints":{"allow":["GET"]}}],"collection":[{"href":"https:\/\/hsd.hr\/en\/wp-json\/wp\/v2\/pages"}],"about":[{"href":"https:\/\/hsd.hr\/en\/wp-json\/wp\/v2\/types\/page"}],"author":[{"embeddable":true,"href":"https:\/\/hsd.hr\/en\/wp-json\/wp\/v2\/users\/1"}],"replies":[{"embeddable":true,"href":"https:\/\/hsd.hr\/en\/wp-json\/wp\/v2\/comments?post=3784"}],"version-history":[{"count":106,"href":"https:\/\/hsd.hr\/en\/wp-json\/wp\/v2\/pages\/3784\/revisions"}],"predecessor-version":[{"id":9006,"href":"https:\/\/hsd.hr\/en\/wp-json\/wp\/v2\/pages\/3784\/revisions\/9006"}],"wp:attachment":[{"href":"https:\/\/hsd.hr\/en\/wp-json\/wp\/v2\/media?parent=3784"}],"curies":[{"name":"wp","href":"https:\/\/api.w.org\/{rel}","templated":true}]}}