{"id":3808,"date":"2023-11-17T19:59:03","date_gmt":"2023-11-17T19:59:03","guid":{"rendered":"https:\/\/hsd.hr\/?page_id=3808"},"modified":"2024-03-29T09:58:01","modified_gmt":"2024-03-29T09:58:01","slug":"sociologija-iz-izolacije-2","status":"publish","type":"page","link":"https:\/\/hsd.hr\/en\/sociologija-iz-izolacije-2\/","title":{"rendered":"Sociology from Isolation"},"content":{"rendered":"<div data-elementor-type=\"wp-page\" data-elementor-id=\"3808\" class=\"elementor elementor-3808\" data-elementor-post-type=\"page\">\n\t\t\t\t\t\t\t<div class=\"elementor-element elementor-element-eb12e91 e-flex e-con-boxed e-con e-parent\" data-id=\"eb12e91\" data-element_type=\"container\" data-settings=\"{&quot;background_background&quot;:&quot;classic&quot;,&quot;container_type&quot;:&quot;flex&quot;,&quot;content_width&quot;:&quot;boxed&quot;}\" data-e-bg-lazyload=\"\" data-core-v316-plus=\"true\">\n\t\t\t\t\t<div class=\"e-con-inner\">\n\t\t\t\t<div class=\"elementor-element elementor-element-f52d6b1 elementor-widget elementor-widget-heading\" data-id=\"f52d6b1\" data-element_type=\"widget\" data-widget_type=\"heading.default\">\n\t\t\t\t<div class=\"elementor-widget-container\">\n\t\t\t<style>\/*! elementor - v3.17.0 - 08-11-2023 *\/\n.elementor-heading-title{padding:0;margin:0;line-height:1}.elementor-widget-heading .elementor-heading-title[class*=elementor-size-]>a{color:inherit;font-size:inherit;line-height:inherit}.elementor-widget-heading .elementor-heading-title.elementor-size-small{font-size:15px}.elementor-widget-heading .elementor-heading-title.elementor-size-medium{font-size:19px}.elementor-widget-heading .elementor-heading-title.elementor-size-large{font-size:29px}.elementor-widget-heading .elementor-heading-title.elementor-size-xl{font-size:39px}.elementor-widget-heading .elementor-heading-title.elementor-size-xxl{font-size:59px}<\/style><h2 class=\"elementor-heading-title elementor-size-default\">Sociology from Isolation<\/h2>\t\t<\/div>\n\t\t\t\t<\/div>\n\t\t\t\t\t<\/div>\n\t\t\t\t<\/div>\n\t\t<div class=\"elementor-element elementor-element-858e27c e-flex e-con-boxed e-con e-parent\" data-id=\"858e27c\" data-element_type=\"container\" data-settings=\"{&quot;container_type&quot;:&quot;flex&quot;,&quot;content_width&quot;:&quot;boxed&quot;}\" data-core-v316-plus=\"true\">\n\t\t\t\t\t<div class=\"e-con-inner\">\n\t\t\t\t<div class=\"elementor-element elementor-element-50896ed elementor-widget elementor-widget-text-editor\" data-id=\"50896ed\" data-element_type=\"widget\" data-widget_type=\"text-editor.default\">\n\t\t\t\t<div class=\"elementor-widget-container\">\n\t\t\t<style>\/*! elementor - v3.17.0 - 08-11-2023 *\/\n.elementor-widget-text-editor.elementor-drop-cap-view-stacked .elementor-drop-cap{background-color:#69727d;color:#fff}.elementor-widget-text-editor.elementor-drop-cap-view-framed .elementor-drop-cap{color:#69727d;border:3px solid;background-color:transparent}.elementor-widget-text-editor:not(.elementor-drop-cap-view-default) .elementor-drop-cap{margin-top:8px}.elementor-widget-text-editor:not(.elementor-drop-cap-view-default) .elementor-drop-cap-letter{width:1em;height:1em}.elementor-widget-text-editor .elementor-drop-cap{float:left;text-align:center;line-height:1;font-size:50px}.elementor-widget-text-editor .elementor-drop-cap-letter{display:inline-block}<\/style>\t\t\t\t<p><span style=\"font-style: inherit; font-weight: inherit; background-color: var(--ast-global-color-5);\">The crisis with the pandemic encouraged us to strengthen the activities of<strong> public sociology<\/strong>, a concept introduced by Michael Burawoy, to participate to a greater extent in the social public space through the popularization of sociological knowledge and perspectives.<\/span><\/p><p>Through the section <strong>Sociology from Isolation<\/strong> , we have provided a series of popular scientific texts by sociologists who will speak through their personal author's manuscript about those topics they know something about, and about which they care as members of this society and people who are also in this crisis.<\/p><p>We believe that you will find the texts interesting and that they will contribute to a better understanding of certain social phenomena and, ultimately, to positive changes in society.<\/p>\t\t\t\t\t\t<\/div>\n\t\t\t\t<\/div>\n\t\t\t\t<div class=\"elementor-element elementor-element-15e70cc elementor-widget elementor-widget-text-editor\" data-id=\"15e70cc\" data-element_type=\"widget\" data-widget_type=\"text-editor.default\">\n\t\t\t\t<div class=\"elementor-widget-container\">\n\t\t\t\t\t\t\t<p><a href=\"http:\/\/hsd.hr\/hr\/2020\/06\/23\/humor-je-uvijek-vise-od-smijesnog\/\">Humor je uvijek vi\u0161e od smije\u0161nog<\/a><\/p><p><a href=\"http:\/\/hsd.hr\/hr\/2020\/06\/08\/nedobrovoljna-nemobilnost-u-doba-kriza\/\">Nedobrovoljna (ne)mobilnost u doba kriza<\/a><\/p><p><a href=\"http:\/\/hsd.hr\/hr\/2020\/06\/02\/sto-proizvodi-javni-sektor-o-vaznosti-drustvenih-formi-proizvodnje\/\">\u0160to proizvodi javni sektor? O va\u017enosti dru\u0161tvenih formi proizvodnje<\/a><\/p><p><a href=\"http:\/\/hsd.hr\/hr\/2020\/05\/23\/sociologija-nenormalnost-i-nova-normalnost\/\">Sociologija, (ne)normalnost i nova normalnost<\/a><\/p><p><a href=\"http:\/\/hsd.hr\/hr\/2020\/05\/19\/nepovjerenje-u-znanstvenike-i-eksperte-u-zamci-nesigurnosti-i-znanstvene-etike\/\">(Ne)povjerenje u znanstvenike i eksperte \u2013 u zamci nesigurnosti i znanstvene etike<\/a><\/p><p><a href=\"http:\/\/hsd.hr\/hr\/2020\/05\/16\/globalni-i-lokalni-aspekti-zaustavljanja-odbjeglog-sporta-u-doba-koronavirusa\/\">Globalni i lokalni aspekti zaustavljanja\u00a0<em>odbjeglog sporta<\/em>\u00a0u doba koronavirusa<\/a><\/p><p><a href=\"http:\/\/hsd.hr\/hr\/2020\/05\/13\/pandemija-covid-19-i-buducnost-europske-unije\/\">Pandemija COVID-19 i budu\u0107nost Europske unije<\/a><\/p><p><a href=\"http:\/\/hsd.hr\/hr\/2020\/05\/11\/deindividualizacija-u-doba-koronavirusa\/\">Deindividualizacija u doba koronavirusa<\/a><\/p><p><a href=\"http:\/\/hsd.hr\/hr\/2020\/05\/07\/sport-u-doba-globalne-pandemije-na-razmedu-komercijalnog-sporta-i-olimpijskih-ideala\/\">Sport u doba globalne pandemije: na razme\u0111u komercijalnog sporta i olimpijskih ideala<\/a><\/p><p><a href=\"http:\/\/hsd.hr\/hr\/2020\/05\/03\/drustvenost-u-izolaciji\/\">Dru\u0161tvenost u izolaciji<\/a><\/p><p><a href=\"http:\/\/hsd.hr\/hr\/2020\/04\/29\/sociologija-inovacija-transformacijska-inovacijska-politika-i-koronavirus-sto-ih-povezuje\/\">Sociologija inovacija, transformacijska inovacijska politika i koronavirus: \u0161to ih povezuje?<\/a><\/p><p><a href=\"http:\/\/hsd.hr\/hr\/2020\/04\/27\/koliko-nam-filantropija-i-zakladnistvo-mogu-pomoci-u-krizi\/\">Koliko nam filantropija i zakladni\u0161tvo mogu pomo\u0107i u krizi?<\/a><\/p><p><a href=\"http:\/\/hsd.hr\/hr\/2020\/04\/24\/obnova-zagreba-nakon-potresa-2020-sto-mozemo-ocekivati\/\">Obnova Zagreba nakon potresa 2020. \u0160to mo\u017eemo o\u010dekivati?<\/a><\/p><p><a href=\"http:\/\/hsd.hr\/hr\/2020\/04\/22\/seksualne-manjine-i-slobode-jos-uvijek-drustvena-odgovornost\/\">Seksualne manjine i slobode \u2013 jo\u0161 uvijek dru\u0161tvena odgovornost<\/a><\/p><p><a href=\"http:\/\/hsd.hr\/hr\/2020\/04\/20\/kultura-na-respiratoru\/\">Kultura na respiratoru<\/a><\/p><p><a href=\"http:\/\/hsd.hr\/hr\/2020\/04\/16\/zaorimo-hrvatska-polja-ili-o-vaznosti-nacionalne-poljoprivredne-proizvodnje\/\">\u201eZaorimo hrvatska polja\u201c ili o va\u017enosti nacionalne poljoprivredne proizvodnje<\/a><\/p><p><a href=\"http:\/\/hsd.hr\/hr\/2020\/04\/14\/koliko-ce-trajati-o-vaznosti-javnog-zdravstva\/\">Koliko \u0107e trajati? O va\u017enosti javnog zdravstva<\/a><\/p><p><a href=\"http:\/\/hsd.hr\/hr\/2020\/04\/09\/utopija-potraga-za-idealnim-drustvom-u-21-stoljecu\/\">Utopija: potraga za idealnim dru\u0161tvom u 21. stolje\u0107u<\/a><\/p><p><a href=\"http:\/\/hsd.hr\/hr\/2020\/04\/05\/o-prednostima-i-nedostacima-rada-od-kuce\/\">\u201eSine, kad \u0107e\u0161 si vi\u0161e na\u0107i neki normalan posao?!\u201c, ili o prednostima i nedostacima rada od ku\u0107e<\/a><\/p><p><a href=\"http:\/\/hsd.hr\/hr\/2020\/04\/02\/nadzor-u-razdoblju-pandemije-digitalne-komunikacije-i-fizicke-izolacije\/\">Nadzor u razdoblju pandemije, digitalne komunikacije i fizi\u010dke izolacije<\/a><\/p><p><a href=\"http:\/\/hsd.hr\/hr\/2020\/03\/30\/je-li-vrijeme-za-univerzalni-temeljni-dohodak\/\">Je li vrijeme za univerzalni\u00a0temeljni dohodak?<\/a><\/p><p><a href=\"http:\/\/hsd.hr\/hr\/2020\/03\/26\/o-socijalnoj-distanci-u-vrijeme-koronavirusa\/\">O socijalnoj distanci\u00a0u vrijeme koronavirusa<\/a><\/p><p>\u00a0<\/p>\t\t\t\t\t\t<\/div>\n\t\t\t\t<\/div>\n\t\t\t\t\t<\/div>\n\t\t\t\t<\/div>\n\t\t\t\t\t\t\t<\/div>","protected":false},"excerpt":{"rendered":"<p>Sociologija iz izolacije Krizna situacija sa pandemijom, potaknula nas je da poja\u010damo aktivnosti javne sociologije (public sociology), koncepta kojeg je uveo Michael Burawoy, kako bismo kroz popularizaciju sociolo\u0161kih spoznaja i perspektiva, u ve\u0107oj mjeri sudjelovali u dru\u0161tvenom javnom prostoru. Kroz rubriku Sociologija iz izolacije pru\u017eili smo niz popularno-znanstvenih tekstova sociologinja i sociologa koji \u0107e kroz &hellip;<\/p>\n<p class=\"read-more\"> <a class=\"\" href=\"https:\/\/hsd.hr\/en\/sociologija-iz-izolacije-2\/\"> <span class=\"screen-reader-text\">Sociology from Isolation<\/span> Read More &raquo;<\/a><\/p>","protected":false},"author":1,"featured_media":0,"parent":0,"menu_order":0,"comment_status":"closed","ping_status":"closed","template":"elementor_header_footer","meta":{"site-sidebar-layout":"no-sidebar","site-content-layout":"","ast-site-content-layout":"full-width-container","site-content-style":"default","site-sidebar-style":"default","ast-global-header-display":"","ast-banner-title-visibility":"","ast-main-header-display":"","ast-hfb-above-header-display":"","ast-hfb-below-header-display":"","ast-hfb-mobile-header-display":"","site-post-title":"disabled","ast-breadcrumbs-content":"","ast-featured-img":"disabled","footer-sml-layout":"","theme-transparent-header-meta":"","adv-header-id-meta":"","stick-header-meta":"","header-above-stick-meta":"","header-main-stick-meta":"","header-below-stick-meta":"","astra-migrate-meta-layouts":"","ast-page-background-enabled":"default","ast-page-background-meta":{"desktop":{"background-color":"var(--ast-global-color-4)","background-image":"","background-repeat":"repeat","background-position":"center center","background-size":"auto","background-attachment":"scroll","background-type":"","background-media":"","overlay-type":"","overlay-color":"","overlay-gradient":""},"tablet":{"background-color":"","background-image":"","background-repeat":"repeat","background-position":"center center","background-size":"auto","background-attachment":"scroll","background-type":"","background-media":"","overlay-type":"","overlay-color":"","overlay-gradient":""},"mobile":{"background-color":"","background-image":"","background-repeat":"repeat","background-position":"center center","background-size":"auto","background-attachment":"scroll","background-type":"","background-media":"","overlay-type":"","overlay-color":"","overlay-gradient":""}},"ast-content-background-meta":{"desktop":{"background-color":"var(--ast-global-color-5)","background-image":"","background-repeat":"repeat","background-position":"center center","background-size":"auto","background-attachment":"scroll","background-type":"","background-media":"","overlay-type":"","overlay-color":"","overlay-gradient":""},"tablet":{"background-color":"var(--ast-global-color-5)","background-image":"","background-repeat":"repeat","background-position":"center center","background-size":"auto","background-attachment":"scroll","background-type":"","background-media":"","overlay-type":"","overlay-color":"","overlay-gradient":""},"mobile":{"background-color":"var(--ast-global-color-5)","background-image":"","background-repeat":"repeat","background-position":"center center","background-size":"auto","background-attachment":"scroll","background-type":"","background-media":"","overlay-type":"","overlay-color":"","overlay-gradient":""}},"footnotes":""},"class_list":["post-3808","page","type-page","status-publish","hentry"],"_links":{"self":[{"href":"https:\/\/hsd.hr\/en\/wp-json\/wp\/v2\/pages\/3808","targetHints":{"allow":["GET"]}}],"collection":[{"href":"https:\/\/hsd.hr\/en\/wp-json\/wp\/v2\/pages"}],"about":[{"href":"https:\/\/hsd.hr\/en\/wp-json\/wp\/v2\/types\/page"}],"author":[{"embeddable":true,"href":"https:\/\/hsd.hr\/en\/wp-json\/wp\/v2\/users\/1"}],"replies":[{"embeddable":true,"href":"https:\/\/hsd.hr\/en\/wp-json\/wp\/v2\/comments?post=3808"}],"version-history":[{"count":73,"href":"https:\/\/hsd.hr\/en\/wp-json\/wp\/v2\/pages\/3808\/revisions"}],"predecessor-version":[{"id":6845,"href":"https:\/\/hsd.hr\/en\/wp-json\/wp\/v2\/pages\/3808\/revisions\/6845"}],"wp:attachment":[{"href":"https:\/\/hsd.hr\/en\/wp-json\/wp\/v2\/media?parent=3808"}],"curies":[{"name":"wp","href":"https:\/\/api.w.org\/{rel}","templated":true}]}}