{"id":3836,"date":"2023-11-17T20:06:24","date_gmt":"2023-11-17T20:06:24","guid":{"rendered":"https:\/\/hsd.hr\/?page_id=3836"},"modified":"2026-04-02T11:51:15","modified_gmt":"2026-04-02T11:51:15","slug":"podruznice-i-sekcije","status":"publish","type":"page","link":"https:\/\/hsd.hr\/en\/podruznice-i-sekcije\/","title":{"rendered":"Branches and Sections"},"content":{"rendered":"<div data-elementor-type=\"wp-page\" data-elementor-id=\"3836\" class=\"elementor elementor-3836\" data-elementor-post-type=\"page\">\n\t\t\t\t\t\t\t<div class=\"elementor-element elementor-element-05cf493 e-flex e-con-boxed e-con e-parent\" data-id=\"05cf493\" data-element_type=\"container\" data-settings=\"{&quot;container_type&quot;:&quot;flex&quot;,&quot;content_width&quot;:&quot;boxed&quot;}\" data-core-v316-plus=\"true\">\n\t\t\t\t\t<div class=\"e-con-inner\">\n\t\t\t\t<div class=\"elementor-element elementor-element-499d232 elementor-position-top elementor-widget elementor-widget-image-box\" data-id=\"499d232\" data-element_type=\"widget\" data-widget_type=\"image-box.default\">\n\t\t\t\t<div class=\"elementor-widget-container\">\n\t\t\t<style>\/*! elementor - v3.17.0 - 08-11-2023 *\/\n.elementor-widget-image-box .elementor-image-box-content{width:100%}@media (min-width:768px){.elementor-widget-image-box.elementor-position-left .elementor-image-box-wrapper,.elementor-widget-image-box.elementor-position-right .elementor-image-box-wrapper{display:flex}.elementor-widget-image-box.elementor-position-right .elementor-image-box-wrapper{text-align:right;flex-direction:row-reverse}.elementor-widget-image-box.elementor-position-left .elementor-image-box-wrapper{text-align:left;flex-direction:row}.elementor-widget-image-box.elementor-position-top .elementor-image-box-img{margin:auto}.elementor-widget-image-box.elementor-vertical-align-top .elementor-image-box-wrapper{align-items:flex-start}.elementor-widget-image-box.elementor-vertical-align-middle .elementor-image-box-wrapper{align-items:center}.elementor-widget-image-box.elementor-vertical-align-bottom .elementor-image-box-wrapper{align-items:flex-end}}@media (max-width:767px){.elementor-widget-image-box .elementor-image-box-img{margin-left:auto!important;margin-right:auto!important;margin-bottom:15px}}.elementor-widget-image-box .elementor-image-box-img{display:inline-block}.elementor-widget-image-box .elementor-image-box-title a{color:inherit}.elementor-widget-image-box .elementor-image-box-wrapper{text-align:center}.elementor-widget-image-box .elementor-image-box-description{margin:0}<\/style><div class=\"elementor-image-box-wrapper\"><figure class=\"elementor-image-box-img\"><img fetchpriority=\"high\" decoding=\"async\" width=\"1920\" height=\"2560\" src=\"https:\/\/hsd.hr\/wp-content\/uploads\/2026\/01\/20251221_1340272-1-scaled.jpg\" class=\"attachment-full size-full wp-image-8829\" alt=\"\" srcset=\"https:\/\/hsd.hr\/wp-content\/uploads\/2026\/01\/20251221_1340272-1-scaled.jpg 1920w, https:\/\/hsd.hr\/wp-content\/uploads\/2026\/01\/20251221_1340272-1-225x300.jpg 225w, https:\/\/hsd.hr\/wp-content\/uploads\/2026\/01\/20251221_1340272-1-768x1024.jpg 768w, https:\/\/hsd.hr\/wp-content\/uploads\/2026\/01\/20251221_1340272-1-1152x1536.jpg 1152w, https:\/\/hsd.hr\/wp-content\/uploads\/2026\/01\/20251221_1340272-1-1536x2048.jpg 1536w, https:\/\/hsd.hr\/wp-content\/uploads\/2026\/01\/20251221_1340272-1-9x12.jpg 9w\" sizes=\"(max-width: 1920px) 100vw, 1920px\" \/><\/figure><div class=\"elementor-image-box-content\"><h3 class=\"elementor-image-box-title\"><strong style=\"white-space: normal; caret-color: rgb(0, 0, 0); color: rgb(0, 0, 0); font-family: Montserrat, sans-serif; font-size: 18px; text-align: left;\">Zadarska&nbsp;<\/strong><strong style=\"font-style: inherit; white-space: normal; caret-color: rgb(0, 0, 0); color: rgb(0, 0, 0); font-family: Montserrat, sans-serif; font-size: 18px; text-align: left;\">Podru\u017enica<\/strong><\/h3><p class=\"elementor-image-box-description\"><br><p style=\"font-size: 18px; font-style: normal; caret-color: rgb(0, 0, 0); color: rgb(0, 0, 0); font-family: Montserrat, sans-serif; text-align: left; white-space: normal;\">Founded in 2009 in Zadar for a stronger presence of sociology in the region. Focus on expanding cooperation between researchers and interdisciplinary fields.<\/p><p style=\"font-size: 18px; font-style: normal; caret-color: rgb(0, 0, 0); color: rgb(0, 0, 0); font-family: Montserrat, sans-serif; text-align: left; white-space: normal;\">Voditelj: dr. sc. Luka Antonina, k<span style=\"font-style: inherit;\">ontakt:<\/span><span style=\"font-style: inherit;\">&nbsp;<\/span><span style=\"font-style: inherit; text-decoration: underline;\"><a href=\"https:\/\/hsd.hr\/en\/podruznice-i-sekcije\/lantonina@unizd.hr\/\" style=\"transition-delay: 0s;\">lantonina@unizd.hr<\/a><\/span><span style=\"color: rgb(122, 122, 122); font-family: var( --e-global-typography-text-font-family ), Sans-serif; font-size: 16px; font-style: inherit; white-space: pre-wrap; text-align: center;\"><\/span><\/p><\/p><\/div><\/div>\t\t<\/div>\n\t\t\t\t<\/div>\n\t\t\t\t\t<\/div>\n\t\t\t\t<\/div>\n\t\t<div class=\"elementor-element elementor-element-f738f43 e-flex e-con-boxed e-con e-parent\" data-id=\"f738f43\" data-element_type=\"container\" data-settings=\"{&quot;container_type&quot;:&quot;flex&quot;,&quot;content_width&quot;:&quot;boxed&quot;}\" data-core-v316-plus=\"true\">\n\t\t\t\t\t<div class=\"e-con-inner\">\n\t\t\t\t<div class=\"elementor-element elementor-element-d32518e elementor-position-top elementor-widget elementor-widget-image-box\" data-id=\"d32518e\" data-element_type=\"widget\" data-widget_type=\"image-box.default\">\n\t\t\t\t<div class=\"elementor-widget-container\">\n\t\t\t<div class=\"elementor-image-box-wrapper\"><figure class=\"elementor-image-box-img\"><img decoding=\"async\" width=\"1080\" height=\"1080\" src=\"https:\/\/hsd.hr\/wp-content\/uploads\/2025\/03\/2.png\" class=\"attachment-full size-full wp-image-8085\" alt=\"\" srcset=\"https:\/\/hsd.hr\/wp-content\/uploads\/2025\/03\/2.png 1080w, https:\/\/hsd.hr\/wp-content\/uploads\/2025\/03\/2-300x300.png 300w, https:\/\/hsd.hr\/wp-content\/uploads\/2025\/03\/2-1024x1024.png 1024w, https:\/\/hsd.hr\/wp-content\/uploads\/2025\/03\/2-150x150.png 150w, https:\/\/hsd.hr\/wp-content\/uploads\/2025\/03\/2-768x768.png 768w, https:\/\/hsd.hr\/wp-content\/uploads\/2025\/03\/2-12x12.png 12w\" sizes=\"(max-width: 1080px) 100vw, 1080px\" \/><\/figure><div class=\"elementor-image-box-content\"><h3 class=\"elementor-image-box-title\"><strong style=\"white-space: normal; caret-color: rgb(0, 0, 0); color: rgb(0, 0, 0); font-family: Montserrat, sans-serif; font-size: 18px; text-align: left;\">Osje\u010dka&nbsp;<\/strong><strong style=\"white-space: normal; caret-color: rgb(0, 0, 0); color: rgb(0, 0, 0); font-family: Montserrat, sans-serif; font-size: 18px; text-align: left;\">Podru\u017enica<\/strong><\/h3><p class=\"elementor-image-box-description\"><br><p style=\"font-size: 18px; font-style: normal; caret-color: rgb(0, 0, 0); color: rgb(0, 0, 0); font-family: Montserrat, sans-serif; text-align: left; white-space: normal;\">Active since 2019, it promotes the development of sociology as a profession. The goal is to gather sociologists and promote sociology.<\/p><p style=\"font-size: 18px; font-style: normal; caret-color: rgb(0, 0, 0); color: rgb(0, 0, 0); font-family: Montserrat, sans-serif; text-align: left; white-space: normal;\">Voditeljica: dr. sc. Anita Dremel, ko<span style=\"font-style: inherit;\">ntakt:&nbsp;<\/span><a href=\"https:\/\/hsd.hr\/en\/podruznice-i-sekcije\/adremel@ffos.hr\/\" style=\"font-style: inherit; transition-delay: 0s;\"><span style=\"text-decoration: underline;\">adremel@ffos.hr<\/span><\/a><span style=\"color: rgb(122, 122, 122); font-family: var( --e-global-typography-text-font-family ), Sans-serif; font-size: 16px; font-style: inherit; white-space: pre-wrap; text-align: center;\"><\/span><\/p><\/p><\/div><\/div>\t\t<\/div>\n\t\t\t\t<\/div>\n\t\t\t\t\t<\/div>\n\t\t\t\t<\/div>\n\t\t<div class=\"elementor-element elementor-element-af2f0f1 e-flex e-con-boxed e-con e-parent\" data-id=\"af2f0f1\" data-element_type=\"container\" data-settings=\"{&quot;container_type&quot;:&quot;flex&quot;,&quot;content_width&quot;:&quot;boxed&quot;}\" data-core-v316-plus=\"true\">\n\t\t\t\t\t<div class=\"e-con-inner\">\n\t\t\t\t<div class=\"elementor-element elementor-element-b820c0e elementor-position-top elementor-widget elementor-widget-image-box\" data-id=\"b820c0e\" data-element_type=\"widget\" data-widget_type=\"image-box.default\">\n\t\t\t\t<div class=\"elementor-widget-container\">\n\t\t\t<div class=\"elementor-image-box-wrapper\"><figure class=\"elementor-image-box-img\"><img decoding=\"async\" width=\"1080\" height=\"1080\" src=\"https:\/\/hsd.hr\/wp-content\/uploads\/2025\/03\/1.png\" class=\"attachment-full size-full wp-image-8103\" alt=\"\" srcset=\"https:\/\/hsd.hr\/wp-content\/uploads\/2025\/03\/1.png 1080w, https:\/\/hsd.hr\/wp-content\/uploads\/2025\/03\/1-300x300.png 300w, https:\/\/hsd.hr\/wp-content\/uploads\/2025\/03\/1-1024x1024.png 1024w, https:\/\/hsd.hr\/wp-content\/uploads\/2025\/03\/1-150x150.png 150w, https:\/\/hsd.hr\/wp-content\/uploads\/2025\/03\/1-768x768.png 768w, https:\/\/hsd.hr\/wp-content\/uploads\/2025\/03\/1-12x12.png 12w\" sizes=\"(max-width: 1080px) 100vw, 1080px\" \/><\/figure><div class=\"elementor-image-box-content\"><h3 class=\"elementor-image-box-title\"><strong style=\"white-space: normal; caret-color: rgb(0, 0, 0); color: rgb(0, 0, 0); font-family: Montserrat, sans-serif; font-size: 18px; text-align: left;\">Splitska&nbsp;<\/strong><strong style=\"white-space: normal; caret-color: rgb(0, 0, 0); color: rgb(0, 0, 0); font-family: Montserrat, sans-serif; font-size: 18px; text-align: left;\">Podru\u017enica<\/strong><\/h3><p class=\"elementor-image-box-description\"><br><p style=\"font-size: 18px; font-style: normal; caret-color: rgb(0, 0, 0); color: rgb(0, 0, 0); font-family: Montserrat, sans-serif; text-align: left; white-space: normal;\">It has been operating since 2006, focusing on the promotion of sociology and cooperation with the public. It organizes various activities open to the public.<\/p><p style=\"font-size: 18px; font-style: normal; caret-color: rgb(0, 0, 0); color: rgb(0, 0, 0); font-family: Montserrat, sans-serif; text-align: left; white-space: normal;\">Voditelj: dr. sc. Toni Popovi\u0107,&nbsp;<span style=\"font-style: inherit;\">kontakt:<\/span><span style=\"font-style: inherit;\">&nbsp;<\/span><a href=\"https:\/\/hsd.hr\/en\/podruznice-i-sekcije\/tpopovic1@ffst.hr\/\" style=\"font-style: inherit; transition-delay: 0s;\">tpopovic1@ffst.hr<\/a><span style=\"color: rgb(122, 122, 122); font-family: var( --e-global-typography-text-font-family ), Sans-serif; font-size: 16px; font-style: inherit; white-space: pre-wrap; text-align: center;\"><\/span><\/p><\/p><\/div><\/div>\t\t<\/div>\n\t\t\t\t<\/div>\n\t\t\t\t\t<\/div>\n\t\t\t\t<\/div>\n\t\t<div class=\"elementor-element elementor-element-c8bc5b3 e-flex e-con-boxed e-con e-parent\" data-id=\"c8bc5b3\" data-element_type=\"container\" data-settings=\"{&quot;container_type&quot;:&quot;flex&quot;,&quot;content_width&quot;:&quot;boxed&quot;}\" data-core-v316-plus=\"true\">\n\t\t\t\t\t<div class=\"e-con-inner\">\n\t\t\t\t<div class=\"elementor-element elementor-element-7c52620 elementor-widget elementor-widget-text-editor\" data-id=\"7c52620\" data-element_type=\"widget\" data-widget_type=\"text-editor.default\">\n\t\t\t\t<div class=\"elementor-widget-container\">\n\t\t\t<style>\/*! elementor - v3.17.0 - 08-11-2023 *\/\n.elementor-widget-text-editor.elementor-drop-cap-view-stacked .elementor-drop-cap{background-color:#69727d;color:#fff}.elementor-widget-text-editor.elementor-drop-cap-view-framed .elementor-drop-cap{color:#69727d;border:3px solid;background-color:transparent}.elementor-widget-text-editor:not(.elementor-drop-cap-view-default) .elementor-drop-cap{margin-top:8px}.elementor-widget-text-editor:not(.elementor-drop-cap-view-default) .elementor-drop-cap-letter{width:1em;height:1em}.elementor-widget-text-editor .elementor-drop-cap{float:left;text-align:center;line-height:1;font-size:50px}.elementor-widget-text-editor .elementor-drop-cap-letter{display:inline-block}<\/style>\t\t\t\t<p><strong>Sections<\/strong><\/p><p>Sections of the Association are established to work in special sociological disciplines. The section is established at the request of at least seven members of the Association who submit a program proposal and work plan to the Presidency.<\/p><p>There are currently thirteen sections within the Croatian Sociological Association. Each section has its specific focus, but together they contribute to the understanding of society. For more information about each section and contact information, you can send an inquiry to <a href=\"\/en\/info@hsd.hr\/\"><span style=\"text-decoration: underline;\">info@hsd.hr<\/span><\/a><\/p><p><strong>Section for Subcultures<\/strong><\/p><p>It was founded on October 11, 2023, as a separate section at HSD. The section aims to provide a platform for the work and engagement of members at different levels for this specific sub-discipline to continuously develop.\u00a0<\/p><p>Leader: doc. dr. sc. Ra\u0161eljka Krni\u0107<\/p><p>Secretary: Marija Anti\u0107\u00a0<\/p><p><strong>Section <em>Society, Economy and Work<\/em><\/strong><\/p><p>It was founded in 2010, bringing together sociologists and other scientists who deal with economic sociology, sociology of work, and other topics in the field of economy and society.\u00a0<\/p><p><strong>Section for Qualitative Research Methods<\/strong><\/p><p>Section deals with theoretical and practical aspects of qualitative research in sociology. Their interests include qualitative data collection methods, ethnographic research, action research, and ethical aspects of research.<\/p><p>Suvoditeljice sekcije: dr. sc. Marija Anti\u0107 i dr. sc. Marija \u0160ari\u0107<\/p><p>Tajnica sekcije: dr. sc. Marija \u0160ari\u0107\u00a0<\/p><p><strong>Sekcija za nastavu sociologije u srednjim \u0161kolama<\/strong><\/p><p>Founded to improve the teaching of sociology in secondary schools. Activities include the creation of teaching materials and cooperation with relevant institutions.<\/p><p>Voditelj sekcije: Nikola \u0160venda<\/p><p>Tajnica sekcije: dr. sc. Vanja Dergi\u0107<\/p><p><strong>Section for Sociology of Education<\/strong><\/p><p>The section is devoted to the study of the educational system and social aspects of education. The goal of the section is to promote research and development of the sociology of education in Croatia.<\/p><p><strong>Section for Sociology of Religion<\/strong><\/p><p>Founded in 2009, the Section for the Sociology of Religion investigates the relationship between religion and society and promotes dialogue and tolerance.<\/p><p><strong>Section for Spatial Sociology<\/strong><\/p><p>Founded in 2009, the Section for Spatial Sociology investigates the social development of territories and changes in urban-rural spaces.<\/p><div>Voditeljica sekcije: dr. sc. An\u0111elina Svir\u010di\u0107 Gotovac<\/div><div>\u00a0<\/div><div>Tajnica sekcije: Anamaria Klasi\u0107\u00a0<\/div><div>\u00a0<\/div><p><strong>Section <em>Women and Society<\/em><\/strong><\/p><p>This section deals with the topics of gender inequality and the role of women in society. Section is active in promoting the understanding of gender issues.<\/p><p>Leader: dr. sc. Branka Gali\u0107<\/p><p><strong>Section for Sociology of Media<\/strong><\/p><p>Founded in 2013, the Media Sociology Section investigates various aspects of the media's impact on society.<\/p><p>Voditeljica sekcije: <span style=\"font-style: inherit; font-weight: inherit; background-color: var(--ast-global-color-5);\">dr. sc. Marija Zeli\u0107 <\/span><\/p><p><span style=\"font-style: inherit; font-weight: inherit; background-color: var(--ast-global-color-5);\">Tajnik sekcije: Dino Drgali\u0107<\/span><\/p><p><strong>Science and Technology Research Section<\/strong><\/p><p>Founded in 2013, the Science and Technology Research Section promotes an interdisciplinary approach to the study of science and technology.<\/p><p><strong>Section for Theoretical Sociology<\/strong><\/p><p>Founded to promote theoretical sociology and an interdisciplinary approach to the study of society.<\/p><p>Leader: dr. sc. Kre\u0161imir \u017da\u017ear<\/p><p>Tajnik sekcije: dr. sc. Erik Brezovec<\/p><p><strong>Section for the Sociology of Sport<\/strong><\/p><p>Founded in 2017, the Section for Sociology of Sport investigates sociological aspects of sport and sports culture.<\/p><p>Voditelj sekcije: dr. sc. Dino Vuku\u0161i\u0107<\/p><p>Tajnik sekcije: dr. sc. Andrej Ivan Nuredinovi\u0107<\/p><p><strong>Section for European Studies<\/strong><\/p><p>Founded in 2020, the Section for European Studies deals with European integration and its impact on Croatian society.<\/p><p>Leader: dr. sc. Nikola Petrovi\u0107<\/p><p>Secretary: Filip Fila<\/p><p><strong>Section for Social Ecology<\/strong><\/p><p>Founded in 2022, the Social Ecology Section investigates the relationship between society and the environment and the social implications of ecological processes.<\/p><p>Leader: dr. sc. Jelena Pu\u0111ak<\/p><p>Secretary: Vladimir Ivanovi\u0107<\/p>\t\t\t\t\t\t<\/div>\n\t\t\t\t<\/div>\n\t\t\t\t\t<\/div>\n\t\t\t\t<\/div>\n\t\t\t\t\t\t\t<\/div>","protected":false},"excerpt":{"rendered":"<p>Zadarska&nbsp;Podru\u017enica Osnovana 2009. godine u Zadru radi ja\u010de prisutnosti sociologije u regiji. Fokus na \u0161irenju suradnje me\u0111u istra\u017eiva\u010dima i interdisciplinarnim podru\u010djima. Voditelj: dr. sc. Luka Antonina, kontakt:&nbsp;lantonina@unizd.hr Osje\u010dka&nbsp;Podru\u017enica Aktivna od 2019., poti\u010de razvoj sociologije kao struke. Cilj je okupljanje sociologa i promicanje sociologije. Voditeljica: dr. sc. Anita Dremel, kontakt:&nbsp;adremel@ffos.hr Splitska&nbsp;Podru\u017enica Djeluje od 2006., fokusira se &hellip;<\/p>\n<p class=\"read-more\"> <a class=\"\" href=\"https:\/\/hsd.hr\/en\/podruznice-i-sekcije\/\"> <span class=\"screen-reader-text\">Branches and Sections<\/span> Read More &raquo;<\/a><\/p>","protected":false},"author":1,"featured_media":0,"parent":0,"menu_order":0,"comment_status":"closed","ping_status":"closed","template":"elementor_header_footer","meta":{"site-sidebar-layout":"no-sidebar","site-content-layout":"","ast-site-content-layout":"full-width-container","site-content-style":"default","site-sidebar-style":"default","ast-global-header-display":"","ast-banner-title-visibility":"","ast-main-header-display":"","ast-hfb-above-header-display":"","ast-hfb-below-header-display":"","ast-hfb-mobile-header-display":"","site-post-title":"disabled","ast-breadcrumbs-content":"","ast-featured-img":"disabled","footer-sml-layout":"","theme-transparent-header-meta":"","adv-header-id-meta":"","stick-header-meta":"","header-above-stick-meta":"","header-main-stick-meta":"","header-below-stick-meta":"","astra-migrate-meta-layouts":"","ast-page-background-enabled":"default","ast-page-background-meta":{"desktop":{"background-color":"var(--ast-global-color-4)","background-image":"","background-repeat":"repeat","background-position":"center center","background-size":"auto","background-attachment":"scroll","background-type":"","background-media":"","overlay-type":"","overlay-color":"","overlay-gradient":""},"tablet":{"background-color":"","background-image":"","background-repeat":"repeat","background-position":"center center","background-size":"auto","background-attachment":"scroll","background-type":"","background-media":"","overlay-type":"","overlay-color":"","overlay-gradient":""},"mobile":{"background-color":"","background-image":"","background-repeat":"repeat","background-position":"center center","background-size":"auto","background-attachment":"scroll","background-type":"","background-media":"","overlay-type":"","overlay-color":"","overlay-gradient":""}},"ast-content-background-meta":{"desktop":{"background-color":"var(--ast-global-color-5)","background-image":"","background-repeat":"repeat","background-position":"center center","background-size":"auto","background-attachment":"scroll","background-type":"","background-media":"","overlay-type":"","overlay-color":"","overlay-gradient":""},"tablet":{"background-color":"var(--ast-global-color-5)","background-image":"","background-repeat":"repeat","background-position":"center center","background-size":"auto","background-attachment":"scroll","background-type":"","background-media":"","overlay-type":"","overlay-color":"","overlay-gradient":""},"mobile":{"background-color":"var(--ast-global-color-5)","background-image":"","background-repeat":"repeat","background-position":"center center","background-size":"auto","background-attachment":"scroll","background-type":"","background-media":"","overlay-type":"","overlay-color":"","overlay-gradient":""}},"footnotes":""},"class_list":["post-3836","page","type-page","status-publish","hentry"],"_links":{"self":[{"href":"https:\/\/hsd.hr\/en\/wp-json\/wp\/v2\/pages\/3836","targetHints":{"allow":["GET"]}}],"collection":[{"href":"https:\/\/hsd.hr\/en\/wp-json\/wp\/v2\/pages"}],"about":[{"href":"https:\/\/hsd.hr\/en\/wp-json\/wp\/v2\/types\/page"}],"author":[{"embeddable":true,"href":"https:\/\/hsd.hr\/en\/wp-json\/wp\/v2\/users\/1"}],"replies":[{"embeddable":true,"href":"https:\/\/hsd.hr\/en\/wp-json\/wp\/v2\/comments?post=3836"}],"version-history":[{"count":145,"href":"https:\/\/hsd.hr\/en\/wp-json\/wp\/v2\/pages\/3836\/revisions"}],"predecessor-version":[{"id":9017,"href":"https:\/\/hsd.hr\/en\/wp-json\/wp\/v2\/pages\/3836\/revisions\/9017"}],"wp:attachment":[{"href":"https:\/\/hsd.hr\/en\/wp-json\/wp\/v2\/media?parent=3836"}],"curies":[{"name":"wp","href":"https:\/\/api.w.org\/{rel}","templated":true}]}}