{"id":393,"date":"2017-02-15T09:57:46","date_gmt":"2017-02-15T08:57:46","guid":{"rendered":"https:\/\/pubweb.carnet.hr\/hsd\/?page_id=393"},"modified":"2017-02-15T09:57:46","modified_gmt":"2017-02-15T08:57:46","slug":"okrugli-stolovi","status":"publish","type":"page","link":"https:\/\/hsd.hr\/en\/dogadanja\/okrugli-stolovi\/","title":{"rendered":"Okrugli stolovi"},"content":{"rendered":"<p><strong>2006.<\/strong><\/p>\n<p>Okrugli stol &#8220;Hrvatska sociologija &#8211; prvih sto godina&#8221; odr\u017ean je u petak, 3. studenoga 2006. u Vije\u010dnici Sveu\u010dili\u0161ta u Zagrebu.<\/p>\n<p>Promocija i okrugli stol povodom izlaska iz tiska knjige Grace Davie &#8220;Religija u suvremenoj Europi&#8221;, u organizaciji HSD-a i Golden marketinga &#8211; Tehni\u010dke knjige, odr\u017eani su u \u010detvrtak, 21. rujna 2006. godine. Uvodna izlaganja odr\u017eali su Dinka Marinovi\u0107 Jerolimiv, Ankica Marinovi\u0107 Bobinac, Milan Mesi\u0107 i Sini\u0161a Zrin\u0161\u010dak.<\/p>\n<p><strong>2005.<\/strong><\/p>\n<p>Hrvatsko sociolo\u0161ko dru\u0161tvo je u suradnji s Fondacijom Heinrich B\u00f6ll 20. listopada 2005. godine organiziralo okrugli stol na temu: &#8220;Dru\u0161tvena stigmatizacija \u017eena &#8211; primjer \u017eenskih reproduktivnih prava&#8221;.<\/p>\n<p>U organizaciji Hrvatskoga sociolo\u0161koga dru\u0161tva i Instituta Ivo Pilar 28. lipnja 2005. godine odr\u017ean je okrugli stol pod naslovom &#8220;Menad\u017eersko-poduzetni\u010dka elita i modernizacija: razvojna ili rentijerska elita?&#8221;.<\/p>\n<p>U organizaciji Hrvatskoga sociolo\u0161kog dru\u0161tva 31. o\u017eujka 2005. godine odr\u017ean je okrugli stol posve\u0107en preminulom akademiku Josipu \u017dupanovu pod naslovom &#8220;Sociolog kao dijagnosti\u010dar dru\u0161tva u promjenama&#8221;. Uvodna izlaganja podnijeli su dr. sc. Dra\u017een Lali\u0107, dr. sc. Ivan Kuva\u010di\u0107, dr. sc. Drago \u010cengi\u0107 i dr .sc. Nenad Fanuko, dok je u raspravi sudjelovao veliki broj nazo\u010dnih na okruglom stolu.<\/p>\n<p><strong>2004.<\/strong><\/p>\n<p>19. listopada 2004. u organizaciji Dru\u0161tva odr\u017ean je okrugli stol &#8220;Polo\u017eaj i perspektive \u017eena u RH&#8221;.<\/p>\n<p><strong>2003.<\/strong><\/p>\n<p>30. listopada 2003. u organizaciji Hrvatskog sociolo\u0161kog dru\u0161tva, a povodom Izlaska knjige Vjerana Katunari\u0107a &#8220;Sporna zajednica: Novije teorije o naciji i nacionalizmu&#8221; odr\u017ean je okrugli stol na temu &#8220;Budu\u0107nost nacije&#8221;.<\/p>\n<p><strong>2002.<\/strong><\/p>\n<p>27. velja\u010de 2002. godine u velikoj dvorani Novinarskog doma odr\u017ean je okrugli stol &#8216;Crkveno-dr\u017eavni odnosi u svjetlu novog zakona o pravnom polo\u017eaju vjerskih zajednica&#8217;. Uvodno izlaganje odr\u017eao je prof. dr. sc. Sini\u0161a Zrin\u0161\u010dak, a okruglom stolu prisustvovali su dru\u0161tveni znanstvenici raznih profila i predstavnici vjerskih zajednica.<\/p>\n<p><strong>2001.<\/strong><\/p>\n<p>20. lipnja 2001. u velikoj dvorani Hrvatskog novinarskog doma u Zagrebu, odr\u017ean je okrugli stol pod nazivom &#8220;Osveta bira\u010da ili pobjeda politi\u010dara? Znanstvena istra\u017eivanja pona\u0161anja bira\u010da: teorija i empirija&#8221; u suradnji Hrvatskim Politolo\u0161kim Dru\u0161tvom.<\/p>\n<p>27. travnja 2001. u Hrvatskom novinarskom domu u Zagrebu u organizaciji Hrvatskog sociolo\u0161kog dru\u0161tva odr\u017ean je okrugli stol &#8220;Uloga istra\u017eivanja javnog mnijenja u predizbornim kampanjama&#8221;.<\/p>","protected":false},"excerpt":{"rendered":"<p>2006. Okrugli stol &#8220;Hrvatska sociologija &#8211; prvih sto godina&#8221; odr\u017ean je u petak, 3. studenoga 2006. u Vije\u010dnici Sveu\u010dili\u0161ta u Zagrebu. Promocija i okrugli stol povodom izlaska iz tiska knjige Grace Davie &#8220;Religija u suvremenoj Europi&#8221;, u organizaciji HSD-a i Golden marketinga &#8211; Tehni\u010dke knjige, odr\u017eani su u \u010detvrtak, 21. rujna 2006. godine. Uvodna izlaganja &hellip;<\/p>\n<p class=\"read-more\"> <a class=\"\" href=\"https:\/\/hsd.hr\/en\/dogadanja\/okrugli-stolovi\/\"> <span class=\"screen-reader-text\">Okrugli stolovi<\/span> Read More &raquo;<\/a><\/p>","protected":false},"author":1,"featured_media":0,"parent":387,"menu_order":0,"comment_status":"closed","ping_status":"closed","template":"","meta":{"site-sidebar-layout":"default","site-content-layout":"","ast-site-content-layout":"","site-content-style":"default","site-sidebar-style":"default","ast-global-header-display":"","ast-banner-title-visibility":"","ast-main-header-display":"","ast-hfb-above-header-display":"","ast-hfb-below-header-display":"","ast-hfb-mobile-header-display":"","site-post-title":"","ast-breadcrumbs-content":"","ast-featured-img":"","footer-sml-layout":"","theme-transparent-header-meta":"","adv-header-id-meta":"","stick-header-meta":"","header-above-stick-meta":"","header-main-stick-meta":"","header-below-stick-meta":"","astra-migrate-meta-layouts":"","ast-page-background-enabled":"default","ast-page-background-meta":{"desktop":{"background-color":"var(--ast-global-color-4)","background-image":"","background-repeat":"repeat","background-position":"center center","background-size":"auto","background-attachment":"scroll","background-type":"","background-media":"","overlay-type":"","overlay-color":"","overlay-gradient":""},"tablet":{"background-color":"","background-image":"","background-repeat":"repeat","background-position":"center center","background-size":"auto","background-attachment":"scroll","background-type":"","background-media":"","overlay-type":"","overlay-color":"","overlay-gradient":""},"mobile":{"background-color":"","background-image":"","background-repeat":"repeat","background-position":"center center","background-size":"auto","background-attachment":"scroll","background-type":"","background-media":"","overlay-type":"","overlay-color":"","overlay-gradient":""}},"ast-content-background-meta":{"desktop":{"background-color":"var(--ast-global-color-5)","background-image":"","background-repeat":"repeat","background-position":"center center","background-size":"auto","background-attachment":"scroll","background-type":"","background-media":"","overlay-type":"","overlay-color":"","overlay-gradient":""},"tablet":{"background-color":"var(--ast-global-color-5)","background-image":"","background-repeat":"repeat","background-position":"center center","background-size":"auto","background-attachment":"scroll","background-type":"","background-media":"","overlay-type":"","overlay-color":"","overlay-gradient":""},"mobile":{"background-color":"var(--ast-global-color-5)","background-image":"","background-repeat":"repeat","background-position":"center center","background-size":"auto","background-attachment":"scroll","background-type":"","background-media":"","overlay-type":"","overlay-color":"","overlay-gradient":""}},"footnotes":""},"class_list":["post-393","page","type-page","status-publish","hentry"],"_links":{"self":[{"href":"https:\/\/hsd.hr\/en\/wp-json\/wp\/v2\/pages\/393","targetHints":{"allow":["GET"]}}],"collection":[{"href":"https:\/\/hsd.hr\/en\/wp-json\/wp\/v2\/pages"}],"about":[{"href":"https:\/\/hsd.hr\/en\/wp-json\/wp\/v2\/types\/page"}],"author":[{"embeddable":true,"href":"https:\/\/hsd.hr\/en\/wp-json\/wp\/v2\/users\/1"}],"replies":[{"embeddable":true,"href":"https:\/\/hsd.hr\/en\/wp-json\/wp\/v2\/comments?post=393"}],"version-history":[{"count":0,"href":"https:\/\/hsd.hr\/en\/wp-json\/wp\/v2\/pages\/393\/revisions"}],"up":[{"embeddable":true,"href":"https:\/\/hsd.hr\/en\/wp-json\/wp\/v2\/pages\/387"}],"wp:attachment":[{"href":"https:\/\/hsd.hr\/en\/wp-json\/wp\/v2\/media?parent=393"}],"curies":[{"name":"wp","href":"https:\/\/api.w.org\/{rel}","templated":true}]}}