{"id":4230,"date":"2023-11-20T16:40:51","date_gmt":"2023-11-20T16:40:51","guid":{"rendered":"https:\/\/hsd.hr\/?page_id=4230"},"modified":"2025-07-11T13:25:23","modified_gmt":"2025-07-11T13:25:23","slug":"kongres-2023","status":"publish","type":"page","link":"https:\/\/hsd.hr\/en\/kongres-2023\/","title":{"rendered":"Kongres 2023"},"content":{"rendered":"<div data-elementor-type=\"wp-page\" data-elementor-id=\"4230\" class=\"elementor elementor-4230\" data-elementor-post-type=\"page\">\n\t\t\t\t\t\t\t<div class=\"elementor-element elementor-element-de5d038 e-flex e-con-boxed e-con e-parent\" data-id=\"de5d038\" data-element_type=\"container\" data-settings=\"{&quot;container_type&quot;:&quot;flex&quot;,&quot;content_width&quot;:&quot;boxed&quot;}\" data-core-v316-plus=\"true\">\n\t\t\t\t\t<div class=\"e-con-inner\">\n\t\t\t\t<div class=\"elementor-element elementor-element-0317ee7 elementor-widget elementor-widget-heading\" data-id=\"0317ee7\" data-element_type=\"widget\" data-widget_type=\"heading.default\">\n\t\t\t\t<div class=\"elementor-widget-container\">\n\t\t\t<style>\/*! elementor - v3.17.0 - 08-11-2023 *\/\n.elementor-heading-title{padding:0;margin:0;line-height:1}.elementor-widget-heading .elementor-heading-title[class*=elementor-size-]>a{color:inherit;font-size:inherit;line-height:inherit}.elementor-widget-heading .elementor-heading-title.elementor-size-small{font-size:15px}.elementor-widget-heading .elementor-heading-title.elementor-size-medium{font-size:19px}.elementor-widget-heading .elementor-heading-title.elementor-size-large{font-size:29px}.elementor-widget-heading .elementor-heading-title.elementor-size-xl{font-size:39px}.elementor-widget-heading .elementor-heading-title.elementor-size-xxl{font-size:59px}<\/style><h2 class=\"elementor-heading-title elementor-size-default\">KONGRES 2023. HRVATSKA: PODVOJENO DRU\u0160TVO? SOCIOLO\u0160KI PRILOZI RASPRAVI<\/h2>\t\t<\/div>\n\t\t\t\t<\/div>\n\t\t\t\t<div class=\"elementor-element elementor-element-c1054c3 elementor-widget elementor-widget-text-editor\" data-id=\"c1054c3\" data-element_type=\"widget\" data-widget_type=\"text-editor.default\">\n\t\t\t\t<div class=\"elementor-widget-container\">\n\t\t\t<style>\/*! elementor - v3.17.0 - 08-11-2023 *\/\n.elementor-widget-text-editor.elementor-drop-cap-view-stacked .elementor-drop-cap{background-color:#69727d;color:#fff}.elementor-widget-text-editor.elementor-drop-cap-view-framed .elementor-drop-cap{color:#69727d;border:3px solid;background-color:transparent}.elementor-widget-text-editor:not(.elementor-drop-cap-view-default) .elementor-drop-cap{margin-top:8px}.elementor-widget-text-editor:not(.elementor-drop-cap-view-default) .elementor-drop-cap-letter{width:1em;height:1em}.elementor-widget-text-editor .elementor-drop-cap{float:left;text-align:center;line-height:1;font-size:50px}.elementor-widget-text-editor .elementor-drop-cap-letter{display:inline-block}<\/style>\t\t\t\t<p>Tvrdnje o velikom porastu nejednakosti i novim oblicima dru\u0161tvenih isklju\u010denosti bile su u sredi\u0161tu brojnih rasprava u dru\u0161tvenim znanostima u posljednja dva desetlje\u0107a. U tom kontekstu, \u010desto se isticalo da je i hrvatsko dru\u0161tvo danas podvojeno, da ga obilje\u017eava zna\u010dajan jaz izme\u0111u pojedinih dru\u0161tvenih skupina. U razli\u010ditim poljima i granama dru\u0161tvenih znanosti obavljen je niz analiza ekonomskih, klasnih, regionalnih, rodnih, kulturnih i drugih razlika u hrvatskom dru\u0161tvu.<\/p><p>Uvijek se iznova postavljaju pitanja o tome kako pristupiti analizi nejednakosti i dru\u0161tvenih razlika, do koje se razine nalazi mogu generalizirati, u kolikoj je mjeri rije\u010d o iznimnim dru\u0161tvenim okolnostima, koje bi zahtijevale iznimne dru\u0161tvene intervencije, a u kojoj mjeri se radi o strukturnim i sistemskim razlikama? \u0160to zapravo zna\u010di klasificirati neko dru\u0161tvo kao \u201epodvojeno\u201c te kakve su implikacije takve kategorizacije?<\/p><p>Saznajte vi\u0161e na poveznicama: <a href=\"https:\/\/hsd.hr\/wp-content\/uploads\/2023\/05\/Program2023.pdf\">Raspored kongresa<\/a><a href=\"https:\/\/hsd.hr\/wp-content\/uploads\/2023\/05\/Program2023.pdf\">, <\/a><a href=\"https:\/\/hsd.hr\/wp-content\/uploads\/2023\/05\/Knjiga-sazetaka-2023.pdf\">Knjiga sa\u017eetaka<\/a><\/p>\t\t\t\t\t\t<\/div>\n\t\t\t\t<\/div>\n\t\t\t\t\t<\/div>\n\t\t\t\t<\/div>\n\t\t<div class=\"elementor-element elementor-element-16812cd e-flex e-con-boxed e-con e-parent\" data-id=\"16812cd\" data-element_type=\"container\" data-settings=\"{&quot;container_type&quot;:&quot;flex&quot;,&quot;content_width&quot;:&quot;boxed&quot;}\" data-core-v316-plus=\"true\">\n\t\t\t\t\t<div class=\"e-con-inner\">\n\t\t\t\t<div class=\"elementor-element elementor-element-91ea632 elementor-widget elementor-widget-image\" data-id=\"91ea632\" data-element_type=\"widget\" data-widget_type=\"image.default\">\n\t\t\t\t<div class=\"elementor-widget-container\">\n\t\t\t<style>\/*! elementor - v3.17.0 - 08-11-2023 *\/\n.elementor-widget-image{text-align:center}.elementor-widget-image a{display:inline-block}.elementor-widget-image a img[src$=\".svg\"]{width:48px}.elementor-widget-image img{vertical-align:middle;display:inline-block}<\/style>\t\t\t\t\t\t\t\t\t\t\t\t<img fetchpriority=\"high\" decoding=\"async\" width=\"730\" height=\"1024\" src=\"https:\/\/hsd.hr\/wp-content\/uploads\/2023\/02\/b1_hsd_page-0001-768x1077-1-730x1024.jpg\" class=\"attachment-large size-large wp-image-4580\" alt=\"\" srcset=\"https:\/\/hsd.hr\/wp-content\/uploads\/2023\/02\/b1_hsd_page-0001-768x1077-1-730x1024.jpg 730w, https:\/\/hsd.hr\/wp-content\/uploads\/2023\/02\/b1_hsd_page-0001-768x1077-1-214x300.jpg 214w, https:\/\/hsd.hr\/wp-content\/uploads\/2023\/02\/b1_hsd_page-0001-768x1077-1.jpg 768w\" sizes=\"(max-width: 730px) 100vw, 730px\" \/>\t\t\t\t\t\t\t\t\t\t\t\t\t\t\t<\/div>\n\t\t\t\t<\/div>\n\t\t\t\t\t<\/div>\n\t\t\t\t<\/div>\n\t\t\t\t\t\t\t<\/div>","protected":false},"excerpt":{"rendered":"<p>KONGRES 2023. HRVATSKA: PODVOJENO DRU\u0160TVO? SOCIOLO\u0160KI PRILOZI RASPRAVI Tvrdnje o velikom porastu nejednakosti i novim oblicima dru\u0161tvenih isklju\u010denosti bile su u sredi\u0161tu brojnih rasprava u dru\u0161tvenim znanostima u posljednja dva desetlje\u0107a. U tom kontekstu, \u010desto se isticalo da je i hrvatsko dru\u0161tvo danas podvojeno, da ga obilje\u017eava zna\u010dajan jaz izme\u0111u pojedinih dru\u0161tvenih skupina. U razli\u010ditim &hellip;<\/p>\n<p class=\"read-more\"> <a class=\"\" href=\"https:\/\/hsd.hr\/en\/kongres-2023\/\"> <span class=\"screen-reader-text\">Kongres 2023<\/span> Read More &raquo;<\/a><\/p>","protected":false},"author":7,"featured_media":0,"parent":0,"menu_order":0,"comment_status":"closed","ping_status":"closed","template":"elementor_header_footer","meta":{"site-sidebar-layout":"no-sidebar","site-content-layout":"","ast-site-content-layout":"full-width-container","site-content-style":"default","site-sidebar-style":"default","ast-global-header-display":"","ast-banner-title-visibility":"","ast-main-header-display":"","ast-hfb-above-header-display":"","ast-hfb-below-header-display":"","ast-hfb-mobile-header-display":"","site-post-title":"disabled","ast-breadcrumbs-content":"","ast-featured-img":"disabled","footer-sml-layout":"","theme-transparent-header-meta":"","adv-header-id-meta":"","stick-header-meta":"","header-above-stick-meta":"","header-main-stick-meta":"","header-below-stick-meta":"","astra-migrate-meta-layouts":"","ast-page-background-enabled":"default","ast-page-background-meta":{"desktop":{"background-color":"var(--ast-global-color-4)","background-image":"","background-repeat":"repeat","background-position":"center center","background-size":"auto","background-attachment":"scroll","background-type":"","background-media":"","overlay-type":"","overlay-color":"","overlay-gradient":""},"tablet":{"background-color":"","background-image":"","background-repeat":"repeat","background-position":"center center","background-size":"auto","background-attachment":"scroll","background-type":"","background-media":"","overlay-type":"","overlay-color":"","overlay-gradient":""},"mobile":{"background-color":"","background-image":"","background-repeat":"repeat","background-position":"center center","background-size":"auto","background-attachment":"scroll","background-type":"","background-media":"","overlay-type":"","overlay-color":"","overlay-gradient":""}},"ast-content-background-meta":{"desktop":{"background-color":"var(--ast-global-color-5)","background-image":"","background-repeat":"repeat","background-position":"center center","background-size":"auto","background-attachment":"scroll","background-type":"","background-media":"","overlay-type":"","overlay-color":"","overlay-gradient":""},"tablet":{"background-color":"var(--ast-global-color-5)","background-image":"","background-repeat":"repeat","background-position":"center center","background-size":"auto","background-attachment":"scroll","background-type":"","background-media":"","overlay-type":"","overlay-color":"","overlay-gradient":""},"mobile":{"background-color":"var(--ast-global-color-5)","background-image":"","background-repeat":"repeat","background-position":"center center","background-size":"auto","background-attachment":"scroll","background-type":"","background-media":"","overlay-type":"","overlay-color":"","overlay-gradient":""}},"footnotes":""},"class_list":["post-4230","page","type-page","status-publish","hentry"],"_links":{"self":[{"href":"https:\/\/hsd.hr\/en\/wp-json\/wp\/v2\/pages\/4230","targetHints":{"allow":["GET"]}}],"collection":[{"href":"https:\/\/hsd.hr\/en\/wp-json\/wp\/v2\/pages"}],"about":[{"href":"https:\/\/hsd.hr\/en\/wp-json\/wp\/v2\/types\/page"}],"author":[{"embeddable":true,"href":"https:\/\/hsd.hr\/en\/wp-json\/wp\/v2\/users\/7"}],"replies":[{"embeddable":true,"href":"https:\/\/hsd.hr\/en\/wp-json\/wp\/v2\/comments?post=4230"}],"version-history":[{"count":49,"href":"https:\/\/hsd.hr\/en\/wp-json\/wp\/v2\/pages\/4230\/revisions"}],"predecessor-version":[{"id":8451,"href":"https:\/\/hsd.hr\/en\/wp-json\/wp\/v2\/pages\/4230\/revisions\/8451"}],"wp:attachment":[{"href":"https:\/\/hsd.hr\/en\/wp-json\/wp\/v2\/media?parent=4230"}],"curies":[{"name":"wp","href":"https:\/\/api.w.org\/{rel}","templated":true}]}}