{"id":4238,"date":"2023-11-20T16:42:19","date_gmt":"2023-11-20T16:42:19","guid":{"rendered":"https:\/\/hsd.hr\/?page_id=4238"},"modified":"2023-11-29T21:03:16","modified_gmt":"2023-11-29T21:03:16","slug":"kongres-2021","status":"publish","type":"page","link":"https:\/\/hsd.hr\/en\/kongres-2021\/","title":{"rendered":"Congress 2021."},"content":{"rendered":"<div data-elementor-type=\"wp-page\" data-elementor-id=\"4238\" class=\"elementor elementor-4238\" data-elementor-post-type=\"page\">\n\t\t\t\t\t\t\t<div class=\"elementor-element elementor-element-033ccd2 e-flex e-con-boxed e-con e-parent\" data-id=\"033ccd2\" data-element_type=\"container\" data-settings=\"{&quot;container_type&quot;:&quot;flex&quot;,&quot;content_width&quot;:&quot;boxed&quot;}\" data-core-v316-plus=\"true\">\n\t\t\t\t\t<div class=\"e-con-inner\">\n\t\t\t\t<div class=\"elementor-element elementor-element-551ddf8 elementor-widget elementor-widget-heading\" data-id=\"551ddf8\" data-element_type=\"widget\" data-widget_type=\"heading.default\">\n\t\t\t\t<div class=\"elementor-widget-container\">\n\t\t\t<style>\/*! elementor - v3.17.0 - 08-11-2023 *\/\n.elementor-heading-title{padding:0;margin:0;line-height:1}.elementor-widget-heading .elementor-heading-title[class*=elementor-size-]>a{color:inherit;font-size:inherit;line-height:inherit}.elementor-widget-heading .elementor-heading-title.elementor-size-small{font-size:15px}.elementor-widget-heading .elementor-heading-title.elementor-size-medium{font-size:19px}.elementor-widget-heading .elementor-heading-title.elementor-size-large{font-size:29px}.elementor-widget-heading .elementor-heading-title.elementor-size-xl{font-size:39px}.elementor-widget-heading .elementor-heading-title.elementor-size-xxl{font-size:59px}<\/style><h2 class=\"elementor-heading-title elementor-size-default\">KONGRES 2021.  KRIZA KAO PRILIKA?<\/h2>\t\t<\/div>\n\t\t\t\t<\/div>\n\t\t\t\t<div class=\"elementor-element elementor-element-cdc7dd3 elementor-widget elementor-widget-text-editor\" data-id=\"cdc7dd3\" data-element_type=\"widget\" data-widget_type=\"text-editor.default\">\n\t\t\t\t<div class=\"elementor-widget-container\">\n\t\t\t<style>\/*! elementor - v3.17.0 - 08-11-2023 *\/\n.elementor-widget-text-editor.elementor-drop-cap-view-stacked .elementor-drop-cap{background-color:#69727d;color:#fff}.elementor-widget-text-editor.elementor-drop-cap-view-framed .elementor-drop-cap{color:#69727d;border:3px solid;background-color:transparent}.elementor-widget-text-editor:not(.elementor-drop-cap-view-default) .elementor-drop-cap{margin-top:8px}.elementor-widget-text-editor:not(.elementor-drop-cap-view-default) .elementor-drop-cap-letter{width:1em;height:1em}.elementor-widget-text-editor .elementor-drop-cap{float:left;text-align:center;line-height:1;font-size:50px}.elementor-widget-text-editor .elementor-drop-cap-letter{display:inline-block}<\/style>\t\t\t\t<p>Pandemija bolesti COVID-19 uzrokovala je ve\u0107 dugo nevi\u0111enu krizu \u010dije sve posljedice jo\u0161 nisu u potpunosti jasne. Nema nikakve sumnje da je virus uzdrmao ljudsku civilizaciju na vi\u0161e razina generiraju\u0107i krizu u zdravstvu i kvaliteti \u017eivota, ekonomiji i potro\u0161nji, mobilnosti i uslugama, socijalnim pitanjima i ljudskim pravima, te psiholo\u0161kom stanju i osje\u0107aju zadovoljstva pojedinaca.&nbsp;<\/p>\n<p>U kratkom smo vremenu svjedo\u010dili sna\u017enu promjenu od narativa solidarnosti i povjerenja do narativa nepovjerenja i sukoba.&nbsp;<span style=\"font-style: inherit; font-weight: inherit; background-color: var(--ast-global-color-5);\">Poznata je izreka kako je svaka kriza ujedno i prilika. Govori se o nu\u017enosti promjene razvojne paradigme, o va\u017enosti doga\u0111aja i trenutka da se ne vratimo na tzv. staro normalno. Hrvatska \u0107e kao \u010dlanica EU testirati i razvijati otpornost i odr\u017eivost kroz primjenu Europskog zelenog plana koji je uslijed krize uzrokovane bolesti COVID-19 i odgovora EU-a na nju integriran u Plan za oporavak EU Sljede\u0107e generacije.<\/span><\/p>\n<p class=\" translation-block\">Saznajte vi\u0161e na poveznicama:<a href=\"http:\/\/hsd.hr\/hr\/knjiga-sazetaka-2021\/\" target=\"_self\">&nbsp;P<\/a><a href=\"http:\/\/hsd.hr\/hr\/kongres-2021-godine\/raspored-\" target=\"_self\">rogram kongresa,<\/a> <a href=\"http:\/\/hsd.hr\/hr\/knjiga-sazetaka-2021\/\" target=\"_self\">Knjiga sa\u017eetaka<\/a><\/p>\t\t\t\t\t\t<\/div>\n\t\t\t\t<\/div>\n\t\t\t\t\t<\/div>\n\t\t\t\t<\/div>\n\t\t<div class=\"elementor-element elementor-element-97461a6 e-flex e-con-boxed e-con e-parent\" data-id=\"97461a6\" data-element_type=\"container\" data-settings=\"{&quot;container_type&quot;:&quot;flex&quot;,&quot;content_width&quot;:&quot;boxed&quot;}\" data-core-v316-plus=\"true\">\n\t\t\t\t\t<div class=\"e-con-inner\">\n\t\t\t\t<div class=\"elementor-element elementor-element-b705f53 elementor-widget elementor-widget-image\" data-id=\"b705f53\" data-element_type=\"widget\" data-widget_type=\"image.default\">\n\t\t\t\t<div class=\"elementor-widget-container\">\n\t\t\t<style>\/*! elementor - v3.17.0 - 08-11-2023 *\/\n.elementor-widget-image{text-align:center}.elementor-widget-image a{display:inline-block}.elementor-widget-image a img[src$=\".svg\"]{width:48px}.elementor-widget-image img{vertical-align:middle;display:inline-block}<\/style>\t\t\t\t\t\t\t\t\t\t\t\t<img fetchpriority=\"high\" decoding=\"async\" width=\"1024\" height=\"576\" src=\"https:\/\/hsd.hr\/wp-content\/uploads\/2023\/11\/HSD_covid19_1920-1-1024x576-1-1.jpg\" class=\"attachment-large size-large wp-image-4060\" alt=\"\" srcset=\"https:\/\/hsd.hr\/wp-content\/uploads\/2023\/11\/HSD_covid19_1920-1-1024x576-1-1.jpg 1024w, https:\/\/hsd.hr\/wp-content\/uploads\/2023\/11\/HSD_covid19_1920-1-1024x576-1-1-300x169.jpg 300w, https:\/\/hsd.hr\/wp-content\/uploads\/2023\/11\/HSD_covid19_1920-1-1024x576-1-1-768x432.jpg 768w\" sizes=\"(max-width: 1024px) 100vw, 1024px\" \/>\t\t\t\t\t\t\t\t\t\t\t\t\t\t\t<\/div>\n\t\t\t\t<\/div>\n\t\t\t\t\t<\/div>\n\t\t\t\t<\/div>\n\t\t\t\t\t\t\t<\/div>","protected":false},"excerpt":{"rendered":"<p>KONGRES 2021. KRIZA KAO PRILIKA? Pandemija bolesti COVID-19 uzrokovala je ve\u0107 dugo nevi\u0111enu krizu \u010dije sve posljedice jo\u0161 nisu u potpunosti jasne. Nema nikakve sumnje da je virus uzdrmao ljudsku civilizaciju na vi\u0161e razina generiraju\u0107i krizu u zdravstvu i kvaliteti \u017eivota, ekonomiji i potro\u0161nji, mobilnosti i uslugama, socijalnim pitanjima i ljudskim pravima, te psiholo\u0161kom stanju &hellip;<\/p>\n<p class=\"read-more\"> <a class=\"\" href=\"https:\/\/hsd.hr\/en\/kongres-2021\/\"> <span class=\"screen-reader-text\">Congress 2021.<\/span> Read More &raquo;<\/a><\/p>","protected":false},"author":7,"featured_media":0,"parent":0,"menu_order":0,"comment_status":"closed","ping_status":"closed","template":"elementor_header_footer","meta":{"site-sidebar-layout":"no-sidebar","site-content-layout":"","ast-site-content-layout":"full-width-container","site-content-style":"default","site-sidebar-style":"default","ast-global-header-display":"","ast-banner-title-visibility":"","ast-main-header-display":"","ast-hfb-above-header-display":"","ast-hfb-below-header-display":"","ast-hfb-mobile-header-display":"","site-post-title":"disabled","ast-breadcrumbs-content":"","ast-featured-img":"disabled","footer-sml-layout":"","theme-transparent-header-meta":"","adv-header-id-meta":"","stick-header-meta":"","header-above-stick-meta":"","header-main-stick-meta":"","header-below-stick-meta":"","astra-migrate-meta-layouts":"","ast-page-background-enabled":"default","ast-page-background-meta":{"desktop":{"background-color":"var(--ast-global-color-4)","background-image":"","background-repeat":"repeat","background-position":"center center","background-size":"auto","background-attachment":"scroll","background-type":"","background-media":"","overlay-type":"","overlay-color":"","overlay-gradient":""},"tablet":{"background-color":"","background-image":"","background-repeat":"repeat","background-position":"center center","background-size":"auto","background-attachment":"scroll","background-type":"","background-media":"","overlay-type":"","overlay-color":"","overlay-gradient":""},"mobile":{"background-color":"","background-image":"","background-repeat":"repeat","background-position":"center center","background-size":"auto","background-attachment":"scroll","background-type":"","background-media":"","overlay-type":"","overlay-color":"","overlay-gradient":""}},"ast-content-background-meta":{"desktop":{"background-color":"var(--ast-global-color-5)","background-image":"","background-repeat":"repeat","background-position":"center center","background-size":"auto","background-attachment":"scroll","background-type":"","background-media":"","overlay-type":"","overlay-color":"","overlay-gradient":""},"tablet":{"background-color":"var(--ast-global-color-5)","background-image":"","background-repeat":"repeat","background-position":"center center","background-size":"auto","background-attachment":"scroll","background-type":"","background-media":"","overlay-type":"","overlay-color":"","overlay-gradient":""},"mobile":{"background-color":"var(--ast-global-color-5)","background-image":"","background-repeat":"repeat","background-position":"center center","background-size":"auto","background-attachment":"scroll","background-type":"","background-media":"","overlay-type":"","overlay-color":"","overlay-gradient":""}},"footnotes":""},"class_list":["post-4238","page","type-page","status-publish","hentry"],"_links":{"self":[{"href":"https:\/\/hsd.hr\/en\/wp-json\/wp\/v2\/pages\/4238","targetHints":{"allow":["GET"]}}],"collection":[{"href":"https:\/\/hsd.hr\/en\/wp-json\/wp\/v2\/pages"}],"about":[{"href":"https:\/\/hsd.hr\/en\/wp-json\/wp\/v2\/types\/page"}],"author":[{"embeddable":true,"href":"https:\/\/hsd.hr\/en\/wp-json\/wp\/v2\/users\/7"}],"replies":[{"embeddable":true,"href":"https:\/\/hsd.hr\/en\/wp-json\/wp\/v2\/comments?post=4238"}],"version-history":[{"count":46,"href":"https:\/\/hsd.hr\/en\/wp-json\/wp\/v2\/pages\/4238\/revisions"}],"predecessor-version":[{"id":8448,"href":"https:\/\/hsd.hr\/en\/wp-json\/wp\/v2\/pages\/4238\/revisions\/8448"}],"wp:attachment":[{"href":"https:\/\/hsd.hr\/en\/wp-json\/wp\/v2\/media?parent=4238"}],"curies":[{"name":"wp","href":"https:\/\/api.w.org\/{rel}","templated":true}]}}