{"id":4246,"date":"2023-11-20T16:44:00","date_gmt":"2023-11-20T16:44:00","guid":{"rendered":"https:\/\/hsd.hr\/?page_id=4246"},"modified":"2023-11-27T11:31:08","modified_gmt":"2023-11-27T11:31:08","slug":"kongres-2019","status":"publish","type":"page","link":"https:\/\/hsd.hr\/en\/kongres-2019\/","title":{"rendered":"Congress 2019."},"content":{"rendered":"<div data-elementor-type=\"wp-page\" data-elementor-id=\"4246\" class=\"elementor elementor-4246\" data-elementor-post-type=\"page\">\n\t\t\t\t\t\t\t<div class=\"elementor-element elementor-element-962b1e1 e-flex e-con-boxed e-con e-parent\" data-id=\"962b1e1\" data-element_type=\"container\" data-settings=\"{&quot;container_type&quot;:&quot;flex&quot;,&quot;content_width&quot;:&quot;boxed&quot;}\" data-core-v316-plus=\"true\">\n\t\t\t\t\t<div class=\"e-con-inner\">\n\t\t\t\t<div class=\"elementor-element elementor-element-af0be07 elementor-widget elementor-widget-heading\" data-id=\"af0be07\" data-element_type=\"widget\" data-widget_type=\"heading.default\">\n\t\t\t\t<div class=\"elementor-widget-container\">\n\t\t\t<style>\/*! elementor - v3.17.0 - 08-11-2023 *\/\n.elementor-heading-title{padding:0;margin:0;line-height:1}.elementor-widget-heading .elementor-heading-title[class*=elementor-size-]>a{color:inherit;font-size:inherit;line-height:inherit}.elementor-widget-heading .elementor-heading-title.elementor-size-small{font-size:15px}.elementor-widget-heading .elementor-heading-title.elementor-size-medium{font-size:19px}.elementor-widget-heading .elementor-heading-title.elementor-size-large{font-size:29px}.elementor-widget-heading .elementor-heading-title.elementor-size-xl{font-size:39px}.elementor-widget-heading .elementor-heading-title.elementor-size-xxl{font-size:59px}<\/style><h2 class=\"elementor-heading-title elementor-size-default\">KONGRES 2019. SOCIJALNA KOHEZIJA U DRU\u0160TVU POLARIZACIJE, KONFLIKATA I NEJEDNAKOSTI<\/h2>\t\t<\/div>\n\t\t\t\t<\/div>\n\t\t\t\t<div class=\"elementor-element elementor-element-5b0d40c elementor-widget elementor-widget-text-editor\" data-id=\"5b0d40c\" data-element_type=\"widget\" data-widget_type=\"text-editor.default\">\n\t\t\t\t<div class=\"elementor-widget-container\">\n\t\t\t<style>\/*! elementor - v3.17.0 - 08-11-2023 *\/\n.elementor-widget-text-editor.elementor-drop-cap-view-stacked .elementor-drop-cap{background-color:#69727d;color:#fff}.elementor-widget-text-editor.elementor-drop-cap-view-framed .elementor-drop-cap{color:#69727d;border:3px solid;background-color:transparent}.elementor-widget-text-editor:not(.elementor-drop-cap-view-default) .elementor-drop-cap{margin-top:8px}.elementor-widget-text-editor:not(.elementor-drop-cap-view-default) .elementor-drop-cap-letter{width:1em;height:1em}.elementor-widget-text-editor .elementor-drop-cap{float:left;text-align:center;line-height:1;font-size:50px}.elementor-widget-text-editor .elementor-drop-cap-letter{display:inline-block}<\/style>\t\t\t\t<p>Hrvatsku danas karakterizira niska razina povjerenja u dru\u0161tvene institucije poput pravosu\u0111a, Sabora, politi\u010dkih stranaka, kao i ja\u010danje populisti\u010dkih stremljenja i populisti\u010dkih pokreta. Uz ja\u010danje populisti\u010dkih tendencija u politi\u010dkoj sferi sve vi\u0161e se potenciraju i ideolo\u0161ke podjele te politi\u010dko-vrijednosne polarizacije. S druge strane, sportske pa i humanitarne manifestacije nerijetko se koriste kao primjeri nacionalnog jedinstva.<\/p><p>Postavlja se pitanje \u0161to sve ote\u017eava socijalnu koheziju i onemogu\u0107uje pokretanje dru\u0161tvenih reformi i rje\u0161avanje problema poput ekonomske nerazvijenosti, sporog rasta \u017eivotnog standarda, stagnantnog siroma\u0161tva u pojedinim dru\u0161tvenim slojevima, korupcije i klijentelizma. Karakterizira li na\u0161e dru\u0161tvo porast netolerancije, nacionalizma i homogenizacije, u kojoj su mjeri populisti\u010dke politike posljedica takvih pojava?\u00a0<\/p><p>Interes akademske zajednice za ponovno propitivanje koncepta socijalne kohezije ozna\u010dava vra\u0107anje teorijama integracije i diferencijacije u fokus analiza dru\u0161tvenih znanosti. Istra\u017eivanja su se zbog toga okrenula pitanjima utjecaja razli\u010ditosti na participaciju u kolektivnom \u017eivotu \u2013 imaju li etni\u010dke, religijske i kulturne razlike negativan efekt na dru\u0161tvenu solidarnost i uzrokuju li eroziju socijalne kohezije?<\/p><p>Saznajte vi\u0161e na poveznici: <a href=\"https:\/\/pubweb.carnet.hr\/hsd\/wp-content\/uploads\/sites\/598\/2019\/04\/PROGRAM_KONGRESA_HSD_2019i.pdf\">Program kongresa<\/a><\/p>\t\t\t\t\t\t<\/div>\n\t\t\t\t<\/div>\n\t\t\t\t\t<\/div>\n\t\t\t\t<\/div>\n\t\t<div class=\"elementor-element elementor-element-77c8721 e-flex e-con-boxed e-con e-parent\" data-id=\"77c8721\" data-element_type=\"container\" data-settings=\"{&quot;container_type&quot;:&quot;flex&quot;,&quot;content_width&quot;:&quot;boxed&quot;}\" data-core-v316-plus=\"true\">\n\t\t\t\t\t<div class=\"e-con-inner\">\n\t\t\t\t<div class=\"elementor-element elementor-element-c9b9b0d elementor-widget elementor-widget-image\" data-id=\"c9b9b0d\" data-element_type=\"widget\" data-widget_type=\"image.default\">\n\t\t\t\t<div class=\"elementor-widget-container\">\n\t\t\t<style>\/*! elementor - v3.17.0 - 08-11-2023 *\/\n.elementor-widget-image{text-align:center}.elementor-widget-image a{display:inline-block}.elementor-widget-image a img[src$=\".svg\"]{width:48px}.elementor-widget-image img{vertical-align:middle;display:inline-block}<\/style>\t\t\t\t\t\t\t\t\t\t\t\t<img fetchpriority=\"high\" decoding=\"async\" width=\"733\" height=\"1024\" src=\"https:\/\/hsd.hr\/wp-content\/uploads\/2023\/11\/kongres_hsd_2019_plakat1-1-733x1024.jpg\" class=\"attachment-large size-large wp-image-4061\" alt=\"\" srcset=\"https:\/\/hsd.hr\/wp-content\/uploads\/2023\/11\/kongres_hsd_2019_plakat1-1-733x1024.jpg 733w, https:\/\/hsd.hr\/wp-content\/uploads\/2023\/11\/kongres_hsd_2019_plakat1-1-215x300.jpg 215w, https:\/\/hsd.hr\/wp-content\/uploads\/2023\/11\/kongres_hsd_2019_plakat1-1-768x1073.jpg 768w, https:\/\/hsd.hr\/wp-content\/uploads\/2023\/11\/kongres_hsd_2019_plakat1-1.jpg 955w\" sizes=\"(max-width: 733px) 100vw, 733px\" \/>\t\t\t\t\t\t\t\t\t\t\t\t\t\t\t<\/div>\n\t\t\t\t<\/div>\n\t\t\t\t\t<\/div>\n\t\t\t\t<\/div>\n\t\t\t\t\t\t\t<\/div>","protected":false},"excerpt":{"rendered":"<p>KONGRES 2019. SOCIJALNA KOHEZIJA U DRU\u0160TVU POLARIZACIJE, KONFLIKATA I NEJEDNAKOSTI Hrvatsku danas karakterizira niska razina povjerenja u dru\u0161tvene institucije poput pravosu\u0111a, Sabora, politi\u010dkih stranaka, kao i ja\u010danje populisti\u010dkih stremljenja i populisti\u010dkih pokreta. Uz ja\u010danje populisti\u010dkih tendencija u politi\u010dkoj sferi sve vi\u0161e se potenciraju i ideolo\u0161ke podjele te politi\u010dko-vrijednosne polarizacije. S druge strane, sportske pa i &hellip;<\/p>\n<p class=\"read-more\"> <a class=\"\" href=\"https:\/\/hsd.hr\/en\/kongres-2019\/\"> <span class=\"screen-reader-text\">Congress 2019.<\/span> Read More &raquo;<\/a><\/p>","protected":false},"author":7,"featured_media":0,"parent":0,"menu_order":0,"comment_status":"closed","ping_status":"closed","template":"elementor_header_footer","meta":{"site-sidebar-layout":"no-sidebar","site-content-layout":"","ast-site-content-layout":"full-width-container","site-content-style":"default","site-sidebar-style":"default","ast-global-header-display":"","ast-banner-title-visibility":"","ast-main-header-display":"","ast-hfb-above-header-display":"","ast-hfb-below-header-display":"","ast-hfb-mobile-header-display":"","site-post-title":"disabled","ast-breadcrumbs-content":"","ast-featured-img":"disabled","footer-sml-layout":"","theme-transparent-header-meta":"","adv-header-id-meta":"","stick-header-meta":"","header-above-stick-meta":"","header-main-stick-meta":"","header-below-stick-meta":"","astra-migrate-meta-layouts":"","ast-page-background-enabled":"default","ast-page-background-meta":{"desktop":{"background-color":"var(--ast-global-color-4)","background-image":"","background-repeat":"repeat","background-position":"center center","background-size":"auto","background-attachment":"scroll","background-type":"","background-media":"","overlay-type":"","overlay-color":"","overlay-gradient":""},"tablet":{"background-color":"","background-image":"","background-repeat":"repeat","background-position":"center center","background-size":"auto","background-attachment":"scroll","background-type":"","background-media":"","overlay-type":"","overlay-color":"","overlay-gradient":""},"mobile":{"background-color":"","background-image":"","background-repeat":"repeat","background-position":"center center","background-size":"auto","background-attachment":"scroll","background-type":"","background-media":"","overlay-type":"","overlay-color":"","overlay-gradient":""}},"ast-content-background-meta":{"desktop":{"background-color":"var(--ast-global-color-5)","background-image":"","background-repeat":"repeat","background-position":"center center","background-size":"auto","background-attachment":"scroll","background-type":"","background-media":"","overlay-type":"","overlay-color":"","overlay-gradient":""},"tablet":{"background-color":"var(--ast-global-color-5)","background-image":"","background-repeat":"repeat","background-position":"center center","background-size":"auto","background-attachment":"scroll","background-type":"","background-media":"","overlay-type":"","overlay-color":"","overlay-gradient":""},"mobile":{"background-color":"var(--ast-global-color-5)","background-image":"","background-repeat":"repeat","background-position":"center center","background-size":"auto","background-attachment":"scroll","background-type":"","background-media":"","overlay-type":"","overlay-color":"","overlay-gradient":""}},"footnotes":""},"class_list":["post-4246","page","type-page","status-publish","hentry"],"_links":{"self":[{"href":"https:\/\/hsd.hr\/en\/wp-json\/wp\/v2\/pages\/4246","targetHints":{"allow":["GET"]}}],"collection":[{"href":"https:\/\/hsd.hr\/en\/wp-json\/wp\/v2\/pages"}],"about":[{"href":"https:\/\/hsd.hr\/en\/wp-json\/wp\/v2\/types\/page"}],"author":[{"embeddable":true,"href":"https:\/\/hsd.hr\/en\/wp-json\/wp\/v2\/users\/7"}],"replies":[{"embeddable":true,"href":"https:\/\/hsd.hr\/en\/wp-json\/wp\/v2\/comments?post=4246"}],"version-history":[{"count":37,"href":"https:\/\/hsd.hr\/en\/wp-json\/wp\/v2\/pages\/4246\/revisions"}],"predecessor-version":[{"id":5772,"href":"https:\/\/hsd.hr\/en\/wp-json\/wp\/v2\/pages\/4246\/revisions\/5772"}],"wp:attachment":[{"href":"https:\/\/hsd.hr\/en\/wp-json\/wp\/v2\/media?parent=4246"}],"curies":[{"name":"wp","href":"https:\/\/api.w.org\/{rel}","templated":true}]}}