{"id":4248,"date":"2023-11-20T16:45:28","date_gmt":"2023-11-20T16:45:28","guid":{"rendered":"https:\/\/hsd.hr\/?page_id=4248"},"modified":"2023-11-27T11:32:27","modified_gmt":"2023-11-27T11:32:27","slug":"kongres-2015","status":"publish","type":"page","link":"https:\/\/hsd.hr\/en\/kongres-2015\/","title":{"rendered":"Congress 2015."},"content":{"rendered":"<div data-elementor-type=\"wp-page\" data-elementor-id=\"4248\" class=\"elementor elementor-4248\" data-elementor-post-type=\"page\">\n\t\t\t\t\t\t\t<div class=\"elementor-element elementor-element-f7dbad2 e-flex e-con-boxed e-con e-parent\" data-id=\"f7dbad2\" data-element_type=\"container\" data-settings=\"{&quot;container_type&quot;:&quot;flex&quot;,&quot;content_width&quot;:&quot;boxed&quot;}\" data-core-v316-plus=\"true\">\n\t\t\t\t\t<div class=\"e-con-inner\">\n\t\t\t\t<div class=\"elementor-element elementor-element-1591d56 elementor-widget elementor-widget-heading\" data-id=\"1591d56\" data-element_type=\"widget\" data-widget_type=\"heading.default\">\n\t\t\t\t<div class=\"elementor-widget-container\">\n\t\t\t<style>\/*! elementor - v3.17.0 - 08-11-2023 *\/\n.elementor-heading-title{padding:0;margin:0;line-height:1}.elementor-widget-heading .elementor-heading-title[class*=elementor-size-]>a{color:inherit;font-size:inherit;line-height:inherit}.elementor-widget-heading .elementor-heading-title.elementor-size-small{font-size:15px}.elementor-widget-heading .elementor-heading-title.elementor-size-medium{font-size:19px}.elementor-widget-heading .elementor-heading-title.elementor-size-large{font-size:29px}.elementor-widget-heading .elementor-heading-title.elementor-size-xl{font-size:39px}.elementor-widget-heading .elementor-heading-title.elementor-size-xxl{font-size:59px}<\/style><h2 class=\"elementor-heading-title elementor-size-default\">KONGRES 2015. \nNORMALNOST KRIZE \u2013 KRIZA NORMALNOSTI<\/h2>\t\t<\/div>\n\t\t\t\t<\/div>\n\t\t\t\t<div class=\"elementor-element elementor-element-5571316 elementor-widget elementor-widget-text-editor\" data-id=\"5571316\" data-element_type=\"widget\" data-widget_type=\"text-editor.default\">\n\t\t\t\t<div class=\"elementor-widget-container\">\n\t\t\t<style>\/*! elementor - v3.17.0 - 08-11-2023 *\/\n.elementor-widget-text-editor.elementor-drop-cap-view-stacked .elementor-drop-cap{background-color:#69727d;color:#fff}.elementor-widget-text-editor.elementor-drop-cap-view-framed .elementor-drop-cap{color:#69727d;border:3px solid;background-color:transparent}.elementor-widget-text-editor:not(.elementor-drop-cap-view-default) .elementor-drop-cap{margin-top:8px}.elementor-widget-text-editor:not(.elementor-drop-cap-view-default) .elementor-drop-cap-letter{width:1em;height:1em}.elementor-widget-text-editor .elementor-drop-cap{float:left;text-align:center;line-height:1;font-size:50px}.elementor-widget-text-editor .elementor-drop-cap-letter{display:inline-block}<\/style>\t\t\t\t<p>Sada\u0161nja dru\u0161tvena i ekonomska kriza u Hrvatskoj je prema svom trajanju i socijetalnim posljedicama vjerojatno jedna od najte\u017eih kriza od po\u010detka razvitka modernog hrvatskog dru\u0161tva. Karakteriziraju je porast siroma\u0161tva, smanjenje mogu\u0107nosti zapo\u0161ljavanja mladih kao i ukupan rast nezaposlenosti, poja\u010davanje spremnosti na iseljavanje, rast nepovjerenja u institucije i ljude, trajnost i \u0161irenje negativnih emocija preko velikog segmenta ukupne populacije, a k tome jo\u0161 nepoznate posljedice na obitelj i demografsku reprodukciju bez jasnih naznaka promjena trendova. Me\u0111utim, hrvatska kriza ovog desetlje\u0107a nije povijesno jedinstvena, a sam diskurs krize se \u201erazvija\u201d jo\u0161 od po\u010detka 1980-ih godina. Tako je i sada\u0161nja kriza postala normalnim dijelom \u017eivota ve\u0107ine stanovni\u0161tva, a svoje \u0161kolovanje zapo\u010dela je generacija koja je primarnu socijalizaciju do\u017eivjela isklju\u010divo u uvjetima dru\u0161tvene i ekonomske krize.<\/p><p>Kada kriza i neravnote\u017ea postanu op\u0107e i tipi\u010dne karakteristike svakodnevice, kada dominiraju tipizacije dru\u0161tvene stvarnosti kao te\u0161ke i nepredvidive te kada prethodno neprihvatljive tipizacije vode sigurnim ishodima djelovanja, tada se mo\u017ee govoriti i o krizi normalnosti.\u00a0<\/p><p>Saznajte vi\u0161e na poveznicama: <a href=\"https:\/\/pubweb.carnet.hr\/hsd\/wp-content\/uploads\/sites\/598\/2017\/02\/V_HSD_kongres_program.pdf\">Program kongresa<\/a>, <a href=\"https:\/\/pubweb.carnet.hr\/hsd\/wp-content\/uploads\/sites\/598\/2017\/02\/V_HSD_kongres_knjiga_sazetaka.pdf\">Knjiga sa\u017eetaka<\/a><\/p>\t\t\t\t\t\t<\/div>\n\t\t\t\t<\/div>\n\t\t\t\t\t<\/div>\n\t\t\t\t<\/div>\n\t\t<div class=\"elementor-element elementor-element-a5b200e e-flex e-con-boxed e-con e-parent\" data-id=\"a5b200e\" data-element_type=\"container\" data-settings=\"{&quot;container_type&quot;:&quot;flex&quot;,&quot;content_width&quot;:&quot;boxed&quot;}\" data-core-v316-plus=\"true\">\n\t\t\t\t\t<div class=\"e-con-inner\">\n\t\t\t\t<div class=\"elementor-element elementor-element-9da4600 elementor-widget elementor-widget-image\" data-id=\"9da4600\" data-element_type=\"widget\" data-widget_type=\"image.default\">\n\t\t\t\t<div class=\"elementor-widget-container\">\n\t\t\t<style>\/*! elementor - v3.17.0 - 08-11-2023 *\/\n.elementor-widget-image{text-align:center}.elementor-widget-image a{display:inline-block}.elementor-widget-image a img[src$=\".svg\"]{width:48px}.elementor-widget-image img{vertical-align:middle;display:inline-block}<\/style>\t\t\t\t\t\t\t\t\t\t\t\t<img fetchpriority=\"high\" decoding=\"async\" width=\"731\" height=\"1024\" src=\"https:\/\/hsd.hr\/wp-content\/uploads\/2023\/11\/Plakat_V.-HSD-kongres-2015-1-731x1024.jpg\" class=\"attachment-large size-large wp-image-4063\" alt=\"\" srcset=\"https:\/\/hsd.hr\/wp-content\/uploads\/2023\/11\/Plakat_V.-HSD-kongres-2015-1-731x1024.jpg 731w, https:\/\/hsd.hr\/wp-content\/uploads\/2023\/11\/Plakat_V.-HSD-kongres-2015-1-214x300.jpg 214w, https:\/\/hsd.hr\/wp-content\/uploads\/2023\/11\/Plakat_V.-HSD-kongres-2015-1-768x1075.jpg 768w, https:\/\/hsd.hr\/wp-content\/uploads\/2023\/11\/Plakat_V.-HSD-kongres-2015-1.jpg 900w\" sizes=\"(max-width: 731px) 100vw, 731px\" \/>\t\t\t\t\t\t\t\t\t\t\t\t\t\t\t<\/div>\n\t\t\t\t<\/div>\n\t\t\t\t\t<\/div>\n\t\t\t\t<\/div>\n\t\t\t\t\t\t\t<\/div>","protected":false},"excerpt":{"rendered":"<p>KONGRES 2015. NORMALNOST KRIZE \u2013 KRIZA NORMALNOSTI Sada\u0161nja dru\u0161tvena i ekonomska kriza u Hrvatskoj je prema svom trajanju i socijetalnim posljedicama vjerojatno jedna od najte\u017eih kriza od po\u010detka razvitka modernog hrvatskog dru\u0161tva. Karakteriziraju je porast siroma\u0161tva, smanjenje mogu\u0107nosti zapo\u0161ljavanja mladih kao i ukupan rast nezaposlenosti, poja\u010davanje spremnosti na iseljavanje, rast nepovjerenja u institucije i ljude, &hellip;<\/p>\n<p class=\"read-more\"> <a class=\"\" href=\"https:\/\/hsd.hr\/en\/kongres-2015\/\"> <span class=\"screen-reader-text\">Congress 2015.<\/span> Read More &raquo;<\/a><\/p>","protected":false},"author":7,"featured_media":0,"parent":0,"menu_order":0,"comment_status":"closed","ping_status":"closed","template":"elementor_header_footer","meta":{"site-sidebar-layout":"no-sidebar","site-content-layout":"","ast-site-content-layout":"full-width-container","site-content-style":"default","site-sidebar-style":"default","ast-global-header-display":"","ast-banner-title-visibility":"","ast-main-header-display":"","ast-hfb-above-header-display":"","ast-hfb-below-header-display":"","ast-hfb-mobile-header-display":"","site-post-title":"disabled","ast-breadcrumbs-content":"","ast-featured-img":"disabled","footer-sml-layout":"","theme-transparent-header-meta":"","adv-header-id-meta":"","stick-header-meta":"","header-above-stick-meta":"","header-main-stick-meta":"","header-below-stick-meta":"","astra-migrate-meta-layouts":"","ast-page-background-enabled":"default","ast-page-background-meta":{"desktop":{"background-color":"var(--ast-global-color-4)","background-image":"","background-repeat":"repeat","background-position":"center center","background-size":"auto","background-attachment":"scroll","background-type":"","background-media":"","overlay-type":"","overlay-color":"","overlay-gradient":""},"tablet":{"background-color":"","background-image":"","background-repeat":"repeat","background-position":"center center","background-size":"auto","background-attachment":"scroll","background-type":"","background-media":"","overlay-type":"","overlay-color":"","overlay-gradient":""},"mobile":{"background-color":"","background-image":"","background-repeat":"repeat","background-position":"center center","background-size":"auto","background-attachment":"scroll","background-type":"","background-media":"","overlay-type":"","overlay-color":"","overlay-gradient":""}},"ast-content-background-meta":{"desktop":{"background-color":"var(--ast-global-color-5)","background-image":"","background-repeat":"repeat","background-position":"center center","background-size":"auto","background-attachment":"scroll","background-type":"","background-media":"","overlay-type":"","overlay-color":"","overlay-gradient":""},"tablet":{"background-color":"var(--ast-global-color-5)","background-image":"","background-repeat":"repeat","background-position":"center center","background-size":"auto","background-attachment":"scroll","background-type":"","background-media":"","overlay-type":"","overlay-color":"","overlay-gradient":""},"mobile":{"background-color":"var(--ast-global-color-5)","background-image":"","background-repeat":"repeat","background-position":"center center","background-size":"auto","background-attachment":"scroll","background-type":"","background-media":"","overlay-type":"","overlay-color":"","overlay-gradient":""}},"footnotes":""},"class_list":["post-4248","page","type-page","status-publish","hentry"],"_links":{"self":[{"href":"https:\/\/hsd.hr\/en\/wp-json\/wp\/v2\/pages\/4248","targetHints":{"allow":["GET"]}}],"collection":[{"href":"https:\/\/hsd.hr\/en\/wp-json\/wp\/v2\/pages"}],"about":[{"href":"https:\/\/hsd.hr\/en\/wp-json\/wp\/v2\/types\/page"}],"author":[{"embeddable":true,"href":"https:\/\/hsd.hr\/en\/wp-json\/wp\/v2\/users\/7"}],"replies":[{"embeddable":true,"href":"https:\/\/hsd.hr\/en\/wp-json\/wp\/v2\/comments?post=4248"}],"version-history":[{"count":26,"href":"https:\/\/hsd.hr\/en\/wp-json\/wp\/v2\/pages\/4248\/revisions"}],"predecessor-version":[{"id":5779,"href":"https:\/\/hsd.hr\/en\/wp-json\/wp\/v2\/pages\/4248\/revisions\/5779"}],"wp:attachment":[{"href":"https:\/\/hsd.hr\/en\/wp-json\/wp\/v2\/media?parent=4248"}],"curies":[{"name":"wp","href":"https:\/\/api.w.org\/{rel}","templated":true}]}}