{"id":4261,"date":"2023-11-20T16:46:18","date_gmt":"2023-11-20T16:46:18","guid":{"rendered":"https:\/\/hsd.hr\/?page_id=4261"},"modified":"2023-11-27T11:29:38","modified_gmt":"2023-11-27T11:29:38","slug":"kongres-2014","status":"publish","type":"page","link":"https:\/\/hsd.hr\/en\/kongres-2014\/","title":{"rendered":"Congress 2014."},"content":{"rendered":"<div data-elementor-type=\"wp-page\" data-elementor-id=\"4261\" class=\"elementor elementor-4261\" data-elementor-post-type=\"page\">\n\t\t\t\t\t\t\t<div class=\"elementor-element elementor-element-98634b2 e-flex e-con-boxed e-con e-parent\" data-id=\"98634b2\" data-element_type=\"container\" data-settings=\"{&quot;container_type&quot;:&quot;flex&quot;,&quot;content_width&quot;:&quot;boxed&quot;}\" data-core-v316-plus=\"true\">\n\t\t\t\t\t<div class=\"e-con-inner\">\n\t\t\t\t<div class=\"elementor-element elementor-element-53cd78f elementor-widget elementor-widget-heading\" data-id=\"53cd78f\" data-element_type=\"widget\" data-widget_type=\"heading.default\">\n\t\t\t\t<div class=\"elementor-widget-container\">\n\t\t\t<style>\/*! elementor - v3.17.0 - 08-11-2023 *\/\n.elementor-heading-title{padding:0;margin:0;line-height:1}.elementor-widget-heading .elementor-heading-title[class*=elementor-size-]>a{color:inherit;font-size:inherit;line-height:inherit}.elementor-widget-heading .elementor-heading-title.elementor-size-small{font-size:15px}.elementor-widget-heading .elementor-heading-title.elementor-size-medium{font-size:19px}.elementor-widget-heading .elementor-heading-title.elementor-size-large{font-size:29px}.elementor-widget-heading .elementor-heading-title.elementor-size-xl{font-size:39px}.elementor-widget-heading .elementor-heading-title.elementor-size-xxl{font-size:59px}<\/style><h2 class=\"elementor-heading-title elementor-size-default\">KONGRES 2014. TOWARDS A EUROPEAN SOCIETY? BOUNDARIES, BORDERS, BARRIERSAND<\/h2>\t\t<\/div>\n\t\t\t\t<\/div>\n\t\t\t\t\t<\/div>\n\t\t\t\t<\/div>\n\t\t<div class=\"elementor-element elementor-element-5405013 e-flex e-con-boxed e-con e-parent\" data-id=\"5405013\" data-element_type=\"container\" data-settings=\"{&quot;container_type&quot;:&quot;flex&quot;,&quot;content_width&quot;:&quot;boxed&quot;}\" data-core-v316-plus=\"true\">\n\t\t\t\t\t<div class=\"e-con-inner\">\n\t\t\t\t<div class=\"elementor-element elementor-element-7b4d54f elementor-widget elementor-widget-text-editor\" data-id=\"7b4d54f\" data-element_type=\"widget\" data-widget_type=\"text-editor.default\">\n\t\t\t\t<div class=\"elementor-widget-container\">\n\t\t\t<style>\/*! elementor - v3.17.0 - 08-11-2023 *\/\n.elementor-widget-text-editor.elementor-drop-cap-view-stacked .elementor-drop-cap{background-color:#69727d;color:#fff}.elementor-widget-text-editor.elementor-drop-cap-view-framed .elementor-drop-cap{color:#69727d;border:3px solid;background-color:transparent}.elementor-widget-text-editor:not(.elementor-drop-cap-view-default) .elementor-drop-cap{margin-top:8px}.elementor-widget-text-editor:not(.elementor-drop-cap-view-default) .elementor-drop-cap-letter{width:1em;height:1em}.elementor-widget-text-editor .elementor-drop-cap{float:left;text-align:center;line-height:1;font-size:50px}.elementor-widget-text-editor .elementor-drop-cap-letter{display:inline-block}<\/style>\t\t\t\t\t\t\t\t\t\t<\/div>\n\t\t\t\t<\/div>\n\t\t\t\t\t<\/div>\n\t\t\t\t<\/div>\n\t\t<div class=\"elementor-element elementor-element-baed502 e-flex e-con-boxed e-con e-parent\" data-id=\"baed502\" data-element_type=\"container\" data-settings=\"{&quot;container_type&quot;:&quot;flex&quot;,&quot;content_width&quot;:&quot;boxed&quot;}\" data-core-v316-plus=\"true\">\n\t\t\t\t\t<div class=\"e-con-inner\">\n\t\t\t\t<div class=\"elementor-element elementor-element-c81d13c elementor-widget elementor-widget-text-editor\" data-id=\"c81d13c\" data-element_type=\"widget\" data-widget_type=\"text-editor.default\">\n\t\t\t\t<div class=\"elementor-widget-container\">\n\t\t\t\t\t\t\t<p>Prva godi\u0161njica ulaska Hrvatske u EU prikladna je prigoda za razgovor o sada\u0161njosti i budu\u0107nosti europskog dru\u0161tva, potpori i otu\u0111enju od projekta europskih integracija te o prirodi novih europskih dru\u0161tvenih prostora. Kako dubina i \u0161irina kulturnih, dru\u0161tvenih, gospodarskih i politi\u010dkih veza preko granica europskih nacionalnih prostora raste sve ve\u0107om brzinom, istodobno raste i potreba za raznolikim predstavljanjem europskih gra\u0111ana na europskoj i globalnoj razini. Me\u0111utim, europski dru\u0161tveni prostori pojavljuju se u vi\u0161estrukim i fragmentiranim oblicima, koji nu\u017eno osporavaju ideju kulturnog, teritorijalnog i politi\u010dkog jedinstva koja je inherentna samom konceptu \u201cEurope\u201d i provodi se njime.<\/p><p>Transnacionalni prostori u Europi ne preklapaju se jednostavno s nacionalnim domenama; niti odgovaraju administrativno odre\u0111enim regijama EU. Izazovi zami\u0161ljanja javne sfere na razini cijele Europe ili europskog civilnog dru\u0161tva, kao i ideje europske integracije kroz upravljanje na vi\u0161e razina, samo su se pove\u0107avali kako se europske politi\u010dke i ekonomske granice \u0161ire i pomi\u010du.\u00a0<\/p><p>Saznajte vi\u0161e na poveznici: <a href=\"https:\/\/pubweb.carnet.hr\/hsd\/wp-content\/uploads\/sites\/598\/2017\/02\/Book_of_abstracts_HSD_2014.pdf\">Raspored kongresa<\/a><\/p>\t\t\t\t\t\t<\/div>\n\t\t\t\t<\/div>\n\t\t\t\t\t<\/div>\n\t\t\t\t<\/div>\n\t\t\t\t\t\t\t<\/div>","protected":false},"excerpt":{"rendered":"<p>KONGRES 2014. TOWARDS A EUROPEAN SOCIETY? BOUNDARIES, BORDERS, BARRIERSAND Prva godi\u0161njica ulaska Hrvatske u EU prikladna je prigoda za razgovor o sada\u0161njosti i budu\u0107nosti europskog dru\u0161tva, potpori i otu\u0111enju od projekta europskih integracija te o prirodi novih europskih dru\u0161tvenih prostora. Kako dubina i \u0161irina kulturnih, dru\u0161tvenih, gospodarskih i politi\u010dkih veza preko granica europskih nacionalnih prostora &hellip;<\/p>\n<p class=\"read-more\"> <a class=\"\" href=\"https:\/\/hsd.hr\/en\/kongres-2014\/\"> <span class=\"screen-reader-text\">Congress 2014.<\/span> Read More &raquo;<\/a><\/p>","protected":false},"author":7,"featured_media":0,"parent":0,"menu_order":0,"comment_status":"closed","ping_status":"closed","template":"elementor_header_footer","meta":{"site-sidebar-layout":"no-sidebar","site-content-layout":"","ast-site-content-layout":"full-width-container","site-content-style":"default","site-sidebar-style":"default","ast-global-header-display":"","ast-banner-title-visibility":"","ast-main-header-display":"","ast-hfb-above-header-display":"","ast-hfb-below-header-display":"","ast-hfb-mobile-header-display":"","site-post-title":"disabled","ast-breadcrumbs-content":"","ast-featured-img":"disabled","footer-sml-layout":"","theme-transparent-header-meta":"","adv-header-id-meta":"","stick-header-meta":"","header-above-stick-meta":"","header-main-stick-meta":"","header-below-stick-meta":"","astra-migrate-meta-layouts":"","ast-page-background-enabled":"default","ast-page-background-meta":{"desktop":{"background-color":"var(--ast-global-color-4)","background-image":"","background-repeat":"repeat","background-position":"center center","background-size":"auto","background-attachment":"scroll","background-type":"","background-media":"","overlay-type":"","overlay-color":"","overlay-gradient":""},"tablet":{"background-color":"","background-image":"","background-repeat":"repeat","background-position":"center center","background-size":"auto","background-attachment":"scroll","background-type":"","background-media":"","overlay-type":"","overlay-color":"","overlay-gradient":""},"mobile":{"background-color":"","background-image":"","background-repeat":"repeat","background-position":"center center","background-size":"auto","background-attachment":"scroll","background-type":"","background-media":"","overlay-type":"","overlay-color":"","overlay-gradient":""}},"ast-content-background-meta":{"desktop":{"background-color":"var(--ast-global-color-5)","background-image":"","background-repeat":"repeat","background-position":"center center","background-size":"auto","background-attachment":"scroll","background-type":"","background-media":"","overlay-type":"","overlay-color":"","overlay-gradient":""},"tablet":{"background-color":"var(--ast-global-color-5)","background-image":"","background-repeat":"repeat","background-position":"center center","background-size":"auto","background-attachment":"scroll","background-type":"","background-media":"","overlay-type":"","overlay-color":"","overlay-gradient":""},"mobile":{"background-color":"var(--ast-global-color-5)","background-image":"","background-repeat":"repeat","background-position":"center center","background-size":"auto","background-attachment":"scroll","background-type":"","background-media":"","overlay-type":"","overlay-color":"","overlay-gradient":""}},"footnotes":""},"class_list":["post-4261","page","type-page","status-publish","hentry"],"_links":{"self":[{"href":"https:\/\/hsd.hr\/en\/wp-json\/wp\/v2\/pages\/4261","targetHints":{"allow":["GET"]}}],"collection":[{"href":"https:\/\/hsd.hr\/en\/wp-json\/wp\/v2\/pages"}],"about":[{"href":"https:\/\/hsd.hr\/en\/wp-json\/wp\/v2\/types\/page"}],"author":[{"embeddable":true,"href":"https:\/\/hsd.hr\/en\/wp-json\/wp\/v2\/users\/7"}],"replies":[{"embeddable":true,"href":"https:\/\/hsd.hr\/en\/wp-json\/wp\/v2\/comments?post=4261"}],"version-history":[{"count":28,"href":"https:\/\/hsd.hr\/en\/wp-json\/wp\/v2\/pages\/4261\/revisions"}],"predecessor-version":[{"id":5762,"href":"https:\/\/hsd.hr\/en\/wp-json\/wp\/v2\/pages\/4261\/revisions\/5762"}],"wp:attachment":[{"href":"https:\/\/hsd.hr\/en\/wp-json\/wp\/v2\/media?parent=4261"}],"curies":[{"name":"wp","href":"https:\/\/api.w.org\/{rel}","templated":true}]}}