{"id":4269,"date":"2023-11-20T16:49:53","date_gmt":"2023-11-20T16:49:53","guid":{"rendered":"https:\/\/hsd.hr\/?page_id=4269"},"modified":"2023-11-29T19:20:25","modified_gmt":"2023-11-29T19:20:25","slug":"revija-za-sociologiju-2","status":"publish","type":"page","link":"https:\/\/hsd.hr\/en\/revija-za-sociologiju-2\/","title":{"rendered":"Croatian Sociological Review"},"content":{"rendered":"<div data-elementor-type=\"wp-page\" data-elementor-id=\"4269\" class=\"elementor elementor-4269\" data-elementor-post-type=\"page\">\n\t\t\t\t\t\t\t<div class=\"elementor-element elementor-element-701358b e-flex e-con-boxed e-con e-parent\" data-id=\"701358b\" data-element_type=\"container\" data-settings=\"{&quot;container_type&quot;:&quot;flex&quot;,&quot;content_width&quot;:&quot;boxed&quot;}\" data-core-v316-plus=\"true\">\n\t\t\t\t\t<div class=\"e-con-inner\">\n\t\t\t\t<div class=\"elementor-element elementor-element-45057a6 elementor-widget elementor-widget-heading\" data-id=\"45057a6\" data-element_type=\"widget\" data-widget_type=\"heading.default\">\n\t\t\t\t<div class=\"elementor-widget-container\">\n\t\t\t<style>\/*! elementor - v3.17.0 - 08-11-2023 *\/\n.elementor-heading-title{padding:0;margin:0;line-height:1}.elementor-widget-heading .elementor-heading-title[class*=elementor-size-]>a{color:inherit;font-size:inherit;line-height:inherit}.elementor-widget-heading .elementor-heading-title.elementor-size-small{font-size:15px}.elementor-widget-heading .elementor-heading-title.elementor-size-medium{font-size:19px}.elementor-widget-heading .elementor-heading-title.elementor-size-large{font-size:29px}.elementor-widget-heading .elementor-heading-title.elementor-size-xl{font-size:39px}.elementor-widget-heading .elementor-heading-title.elementor-size-xxl{font-size:59px}<\/style><h2 class=\"elementor-heading-title elementor-size-default\">Croatian Sociological Review<\/h2>\t\t<\/div>\n\t\t\t\t<\/div>\n\t\t\t\t<div class=\"elementor-element elementor-element-0180fa6 elementor-widget elementor-widget-text-editor\" data-id=\"0180fa6\" data-element_type=\"widget\" data-widget_type=\"text-editor.default\">\n\t\t\t\t<div class=\"elementor-widget-container\">\n\t\t\t<style>\/*! elementor - v3.17.0 - 08-11-2023 *\/\n.elementor-widget-text-editor.elementor-drop-cap-view-stacked .elementor-drop-cap{background-color:#69727d;color:#fff}.elementor-widget-text-editor.elementor-drop-cap-view-framed .elementor-drop-cap{color:#69727d;border:3px solid;background-color:transparent}.elementor-widget-text-editor:not(.elementor-drop-cap-view-default) .elementor-drop-cap{margin-top:8px}.elementor-widget-text-editor:not(.elementor-drop-cap-view-default) .elementor-drop-cap-letter{width:1em;height:1em}.elementor-widget-text-editor .elementor-drop-cap{float:left;text-align:center;line-height:1;font-size:50px}.elementor-widget-text-editor .elementor-drop-cap-letter{display:inline-block}<\/style>\t\t\t\t<p>Since 1971, the Croatian Sociological Review has been illuminating key aspects of sociology, and related disciplines, offering theoretical, empirical and methodological papers. It particularly focuses on works that contribute to a better understanding of topics relevant to the context of Croatia, the Western Balkans region, and beyond, including Central and Eastern Europe.\u00a0<\/p><ul><li>Contributions are published in Croatian or English, and by special decision of the editors in other languages<\/li><li>The Croatian Sociological Review does not charge authors for the submission, processing, or publication of contributions<\/li><li>The Croatian Sociological Review sets standards in publishing ethics, which ensures the high quality of published works<\/li><li>Authors retain copyright, which encourages freedom of expression and knowledge sharing<\/li><li>Our expertise is recognized internationally as our works are referenced in reputable databases such as CEEAS (USA); CEEOL (Germany); DOAJ (Sweden); ERIH PLUS (Norway); IBSS (UK); Political Science Complete (USA); ProQuest Central (USA); ProQuest Sociology (USA); ProQuest Social Science Journals (USA); Social Services Abstracts (USA); Sociological Abstracts, Inc. (USA); SCOPUS (Netherlands); SocINDEX (USA); Worldwide Political Science Abstracts (USA)<\/li><li>Areas of coverage: Social sciences; Economy; Law; Political science; Sociology; Psychology; Demography; Humanities; Ethnology; Anthropology<\/li><li>Find out more <a href=\"https:\/\/hrcak.srce.hr\/ojs\/index.php\/rzs\/index\">here<\/a><\/li><\/ul>\t\t\t\t\t\t<\/div>\n\t\t\t\t<\/div>\n\t\t\t\t\t<\/div>\n\t\t\t\t<\/div>\n\t\t\t\t\t\t\t<\/div>","protected":false},"excerpt":{"rendered":"<p>Revija za sociologiju Revija za sociologiju od 1971.\u00a0 godine osvjetljava klju\u010dne aspekte sociologije i srodnih disciplina, nude\u0107i teorijske, empirijske i metodolo\u0161ke radove. Posebno se usredoto\u010duje na radove koji doprinose boljem razumijevanju tema relevantnih za kontekst Hrvatske, regije zapadnog Balkana i \u0161ire, uklju\u010duju\u0107i Centralnu i Isto\u010dnu Europu.\u00a0 Prilozi se objavljuju na hrvatskom ili engleskom jeziku, a &hellip;<\/p>\n<p class=\"read-more\"> <a class=\"\" href=\"https:\/\/hsd.hr\/en\/revija-za-sociologiju-2\/\"> <span class=\"screen-reader-text\">Croatian Sociological Review<\/span> Read More &raquo;<\/a><\/p>","protected":false},"author":7,"featured_media":0,"parent":0,"menu_order":0,"comment_status":"closed","ping_status":"closed","template":"elementor_header_footer","meta":{"site-sidebar-layout":"no-sidebar","site-content-layout":"","ast-site-content-layout":"full-width-container","site-content-style":"default","site-sidebar-style":"default","ast-global-header-display":"","ast-banner-title-visibility":"","ast-main-header-display":"","ast-hfb-above-header-display":"","ast-hfb-below-header-display":"","ast-hfb-mobile-header-display":"","site-post-title":"disabled","ast-breadcrumbs-content":"","ast-featured-img":"disabled","footer-sml-layout":"","theme-transparent-header-meta":"","adv-header-id-meta":"","stick-header-meta":"","header-above-stick-meta":"","header-main-stick-meta":"","header-below-stick-meta":"","astra-migrate-meta-layouts":"","ast-page-background-enabled":"default","ast-page-background-meta":{"desktop":{"background-color":"var(--ast-global-color-4)","background-image":"","background-repeat":"repeat","background-position":"center center","background-size":"auto","background-attachment":"scroll","background-type":"","background-media":"","overlay-type":"","overlay-color":"","overlay-gradient":""},"tablet":{"background-color":"","background-image":"","background-repeat":"repeat","background-position":"center center","background-size":"auto","background-attachment":"scroll","background-type":"","background-media":"","overlay-type":"","overlay-color":"","overlay-gradient":""},"mobile":{"background-color":"","background-image":"","background-repeat":"repeat","background-position":"center center","background-size":"auto","background-attachment":"scroll","background-type":"","background-media":"","overlay-type":"","overlay-color":"","overlay-gradient":""}},"ast-content-background-meta":{"desktop":{"background-color":"var(--ast-global-color-5)","background-image":"","background-repeat":"repeat","background-position":"center center","background-size":"auto","background-attachment":"scroll","background-type":"","background-media":"","overlay-type":"","overlay-color":"","overlay-gradient":""},"tablet":{"background-color":"var(--ast-global-color-5)","background-image":"","background-repeat":"repeat","background-position":"center center","background-size":"auto","background-attachment":"scroll","background-type":"","background-media":"","overlay-type":"","overlay-color":"","overlay-gradient":""},"mobile":{"background-color":"var(--ast-global-color-5)","background-image":"","background-repeat":"repeat","background-position":"center center","background-size":"auto","background-attachment":"scroll","background-type":"","background-media":"","overlay-type":"","overlay-color":"","overlay-gradient":""}},"footnotes":""},"class_list":["post-4269","page","type-page","status-publish","hentry"],"_links":{"self":[{"href":"https:\/\/hsd.hr\/en\/wp-json\/wp\/v2\/pages\/4269","targetHints":{"allow":["GET"]}}],"collection":[{"href":"https:\/\/hsd.hr\/en\/wp-json\/wp\/v2\/pages"}],"about":[{"href":"https:\/\/hsd.hr\/en\/wp-json\/wp\/v2\/types\/page"}],"author":[{"embeddable":true,"href":"https:\/\/hsd.hr\/en\/wp-json\/wp\/v2\/users\/7"}],"replies":[{"embeddable":true,"href":"https:\/\/hsd.hr\/en\/wp-json\/wp\/v2\/comments?post=4269"}],"version-history":[{"count":26,"href":"https:\/\/hsd.hr\/en\/wp-json\/wp\/v2\/pages\/4269\/revisions"}],"predecessor-version":[{"id":5923,"href":"https:\/\/hsd.hr\/en\/wp-json\/wp\/v2\/pages\/4269\/revisions\/5923"}],"wp:attachment":[{"href":"https:\/\/hsd.hr\/en\/wp-json\/wp\/v2\/media?parent=4269"}],"curies":[{"name":"wp","href":"https:\/\/api.w.org\/{rel}","templated":true}]}}