{"id":5331,"date":"2023-11-23T16:22:39","date_gmt":"2023-11-23T16:22:39","guid":{"rendered":"https:\/\/hsd.hr\/?page_id=5331"},"modified":"2023-11-30T11:48:47","modified_gmt":"2023-11-30T11:48:47","slug":"sociologija-u-institucijama","status":"publish","type":"page","link":"https:\/\/hsd.hr\/en\/sociologija-u-institucijama\/","title":{"rendered":"Sociology in Institutions"},"content":{"rendered":"<div data-elementor-type=\"wp-page\" data-elementor-id=\"5331\" class=\"elementor elementor-5331\" data-elementor-post-type=\"page\">\n\t\t\t\t\t\t\t<div class=\"elementor-element elementor-element-3438375 e-flex e-con-boxed e-con e-parent\" data-id=\"3438375\" data-element_type=\"container\" data-settings=\"{&quot;container_type&quot;:&quot;flex&quot;,&quot;content_width&quot;:&quot;boxed&quot;}\" data-core-v316-plus=\"true\">\n\t\t\t\t\t<div class=\"e-con-inner\">\n\t\t\t\t<div class=\"elementor-element elementor-element-b7fe084 elementor-widget elementor-widget-heading\" data-id=\"b7fe084\" data-element_type=\"widget\" data-widget_type=\"heading.default\">\n\t\t\t\t<div class=\"elementor-widget-container\">\n\t\t\t<style>\/*! elementor - v3.17.0 - 08-11-2023 *\/\n.elementor-heading-title{padding:0;margin:0;line-height:1}.elementor-widget-heading .elementor-heading-title[class*=elementor-size-]>a{color:inherit;font-size:inherit;line-height:inherit}.elementor-widget-heading .elementor-heading-title.elementor-size-small{font-size:15px}.elementor-widget-heading .elementor-heading-title.elementor-size-medium{font-size:19px}.elementor-widget-heading .elementor-heading-title.elementor-size-large{font-size:29px}.elementor-widget-heading .elementor-heading-title.elementor-size-xl{font-size:39px}.elementor-widget-heading .elementor-heading-title.elementor-size-xxl{font-size:59px}<\/style><h2 class=\"elementor-heading-title elementor-size-medium\">Sociology at Universities<\/h2>\t\t<\/div>\n\t\t\t\t<\/div>\n\t\t\t\t\t<\/div>\n\t\t\t\t<\/div>\n\t\t<div class=\"elementor-element elementor-element-d367944 e-flex e-con-boxed e-con e-parent\" data-id=\"d367944\" data-element_type=\"container\" data-settings=\"{&quot;container_type&quot;:&quot;flex&quot;,&quot;content_width&quot;:&quot;boxed&quot;}\" data-core-v316-plus=\"true\">\n\t\t\t\t\t<div class=\"e-con-inner\">\n\t\t\t\t<div class=\"elementor-element elementor-element-1b38301 elementor-widget elementor-widget-text-editor\" data-id=\"1b38301\" data-element_type=\"widget\" data-widget_type=\"text-editor.default\">\n\t\t\t\t<div class=\"elementor-widget-container\">\n\t\t\t<style>\/*! elementor - v3.17.0 - 08-11-2023 *\/\n.elementor-widget-text-editor.elementor-drop-cap-view-stacked .elementor-drop-cap{background-color:#69727d;color:#fff}.elementor-widget-text-editor.elementor-drop-cap-view-framed .elementor-drop-cap{color:#69727d;border:3px solid;background-color:transparent}.elementor-widget-text-editor:not(.elementor-drop-cap-view-default) .elementor-drop-cap{margin-top:8px}.elementor-widget-text-editor:not(.elementor-drop-cap-view-default) .elementor-drop-cap-letter{width:1em;height:1em}.elementor-widget-text-editor .elementor-drop-cap{float:left;text-align:center;line-height:1;font-size:50px}.elementor-widget-text-editor .elementor-drop-cap-letter{display:inline-block}<\/style>\t\t\t\t<p><a href=\"https:\/\/www.unicath.hr\/sociologija\">Catholic University of Croatia<\/a><\/p><p><a href=\"https:\/\/www.ffst.unist.hr\/odsjeci\/sociologija\">University of Split<\/a><\/p><p><a href=\"https:\/\/sociologija.unizd.hr\/\">University of Zadar<\/a><\/p><p><a href=\"https:\/\/www.ffzg.unizg.hr\/socio\/\">University of Zagreb, Faculty of Philosophy<\/a><\/p><p><a href=\"https:\/\/www.fhs.unizg.hr\/\">University of Zagreb, Croatian Studies<\/a><\/p><p><a href=\"https:\/\/www.ffos.unios.hr\/katedra-za-sociologiju\/\">Josip Juraj Strossmayer University in Osijek<\/a><\/p>\t\t\t\t\t\t<\/div>\n\t\t\t\t<\/div>\n\t\t\t\t<div class=\"elementor-element elementor-element-e843766 elementor-widget elementor-widget-heading\" data-id=\"e843766\" data-element_type=\"widget\" data-widget_type=\"heading.default\">\n\t\t\t\t<div class=\"elementor-widget-container\">\n\t\t\t<h2 class=\"elementor-heading-title elementor-size-medium\">Sociology in Secondary Schools<\/h2>\t\t<\/div>\n\t\t\t\t<\/div>\n\t\t\t\t<div class=\"elementor-element elementor-element-d21f4b2 elementor-widget elementor-widget-text-editor\" data-id=\"d21f4b2\" data-element_type=\"widget\" data-widget_type=\"text-editor.default\">\n\t\t\t\t<div class=\"elementor-widget-container\">\n\t\t\t\t\t\t\t<p>Successful cooperation was established with two important institutions within the Ministry of Science and Education - <strong>the National Center for External Evaluation of Knowledge (NCVVO)<\/strong> and<strong> the Agency for Education and Training (AZOO)<\/strong>.<\/p><p>Cooperation with NCVVO refers to the participation of CSA representatives in the preparation and implementation of the State Matriculation Examination in Sociology and to cooperation in the preparation of the Examination Catalogue.<\/p><p>Cooperation with AZOO refers to the participation of CSA representatives in the planning of professional training for sociology teachers and the inclusion of National Congresses and Annual Conferences of CSA in the professional training program for teachers.<\/p>\t\t\t\t\t\t<\/div>\n\t\t\t\t<\/div>\n\t\t\t\t<div class=\"elementor-element elementor-element-34e2f50 elementor-widget elementor-widget-heading\" data-id=\"34e2f50\" data-element_type=\"widget\" data-widget_type=\"heading.default\">\n\t\t\t\t<div class=\"elementor-widget-container\">\n\t\t\t<h2 class=\"elementor-heading-title elementor-size-medium\">Sociology at Scientific Institutes<\/h2>\t\t<\/div>\n\t\t\t\t<\/div>\n\t\t\t\t<div class=\"elementor-element elementor-element-0449ba6 elementor-widget elementor-widget-text-editor\" data-id=\"0449ba6\" data-element_type=\"widget\" data-widget_type=\"text-editor.default\">\n\t\t\t\t<div class=\"elementor-widget-container\">\n\t\t\t\t\t\t\t<p><a href=\"https:\/\/www.pilar.hr\/\">Ivo Pilar Institute of Social Sciences<\/a><\/p><p><a href=\"https:\/\/www.idi.hr\/hr\/naslovna\">Institute for Social Research in Zagreb<\/a><\/p><p><a href=\"https:\/\/irmo.hr\/\">Institute for Development and International Relations<\/a><\/p><p><a href=\"https:\/\/www.imin.hr\/\">Institute for Migration and Ethnicity<\/a><\/p>\t\t\t\t\t\t<\/div>\n\t\t\t\t<\/div>\n\t\t\t\t\t<\/div>\n\t\t\t\t<\/div>\n\t\t\t\t\t\t\t<\/div>","protected":false},"excerpt":{"rendered":"<p>Sociologija na sveu\u010dili\u0161tima Hrvatsko katoli\u010dko sveu\u010dili\u0161te Sveu\u010dili\u0161te u Splitu Sveu\u010dili\u0161te u Zadru Sveu\u010dili\u0161te u Zagrebu, Filozofski fakultet Sveu\u010dili\u0161te u Zagrebu, Hrvatski studiji Sveu\u010dili\u0161te Josipa Jurja Strossmayera u Osijeku Sociologija u srednjim \u0161kolama Uspostavljena je vrlo uspje\u0161na suradnja s dvije va\u017ene institucije u sastavu Ministarstva znanosti i obrazovanja \u2013 Nacionalnim centrom za vanjsko vrednovanje znanja (NCVVO) &hellip;<\/p>\n<p class=\"read-more\"> <a class=\"\" href=\"https:\/\/hsd.hr\/en\/sociologija-u-institucijama\/\"> <span class=\"screen-reader-text\">Sociology in Institutions<\/span> Read More &raquo;<\/a><\/p>","protected":false},"author":7,"featured_media":0,"parent":0,"menu_order":0,"comment_status":"closed","ping_status":"closed","template":"elementor_header_footer","meta":{"site-sidebar-layout":"no-sidebar","site-content-layout":"","ast-site-content-layout":"full-width-container","site-content-style":"default","site-sidebar-style":"default","ast-global-header-display":"","ast-banner-title-visibility":"","ast-main-header-display":"","ast-hfb-above-header-display":"","ast-hfb-below-header-display":"","ast-hfb-mobile-header-display":"","site-post-title":"disabled","ast-breadcrumbs-content":"","ast-featured-img":"disabled","footer-sml-layout":"","theme-transparent-header-meta":"","adv-header-id-meta":"","stick-header-meta":"","header-above-stick-meta":"","header-main-stick-meta":"","header-below-stick-meta":"","astra-migrate-meta-layouts":"","ast-page-background-enabled":"default","ast-page-background-meta":{"desktop":{"background-color":"var(--ast-global-color-4)","background-image":"","background-repeat":"repeat","background-position":"center center","background-size":"auto","background-attachment":"scroll","background-type":"","background-media":"","overlay-type":"","overlay-color":"","overlay-gradient":""},"tablet":{"background-color":"","background-image":"","background-repeat":"repeat","background-position":"center center","background-size":"auto","background-attachment":"scroll","background-type":"","background-media":"","overlay-type":"","overlay-color":"","overlay-gradient":""},"mobile":{"background-color":"","background-image":"","background-repeat":"repeat","background-position":"center center","background-size":"auto","background-attachment":"scroll","background-type":"","background-media":"","overlay-type":"","overlay-color":"","overlay-gradient":""}},"ast-content-background-meta":{"desktop":{"background-color":"var(--ast-global-color-5)","background-image":"","background-repeat":"repeat","background-position":"center center","background-size":"auto","background-attachment":"scroll","background-type":"","background-media":"","overlay-type":"","overlay-color":"","overlay-gradient":""},"tablet":{"background-color":"var(--ast-global-color-5)","background-image":"","background-repeat":"repeat","background-position":"center center","background-size":"auto","background-attachment":"scroll","background-type":"","background-media":"","overlay-type":"","overlay-color":"","overlay-gradient":""},"mobile":{"background-color":"var(--ast-global-color-5)","background-image":"","background-repeat":"repeat","background-position":"center center","background-size":"auto","background-attachment":"scroll","background-type":"","background-media":"","overlay-type":"","overlay-color":"","overlay-gradient":""}},"footnotes":""},"class_list":["post-5331","page","type-page","status-publish","hentry"],"_links":{"self":[{"href":"https:\/\/hsd.hr\/en\/wp-json\/wp\/v2\/pages\/5331","targetHints":{"allow":["GET"]}}],"collection":[{"href":"https:\/\/hsd.hr\/en\/wp-json\/wp\/v2\/pages"}],"about":[{"href":"https:\/\/hsd.hr\/en\/wp-json\/wp\/v2\/types\/page"}],"author":[{"embeddable":true,"href":"https:\/\/hsd.hr\/en\/wp-json\/wp\/v2\/users\/7"}],"replies":[{"embeddable":true,"href":"https:\/\/hsd.hr\/en\/wp-json\/wp\/v2\/comments?post=5331"}],"version-history":[{"count":26,"href":"https:\/\/hsd.hr\/en\/wp-json\/wp\/v2\/pages\/5331\/revisions"}],"predecessor-version":[{"id":5992,"href":"https:\/\/hsd.hr\/en\/wp-json\/wp\/v2\/pages\/5331\/revisions\/5992"}],"wp:attachment":[{"href":"https:\/\/hsd.hr\/en\/wp-json\/wp\/v2\/media?parent=5331"}],"curies":[{"name":"wp","href":"https:\/\/api.w.org\/{rel}","templated":true}]}}