{"id":5340,"date":"2023-11-23T16:30:45","date_gmt":"2023-11-23T16:30:45","guid":{"rendered":"https:\/\/hsd.hr\/?page_id=5340"},"modified":"2026-04-16T15:27:19","modified_gmt":"2026-04-16T15:27:19","slug":"fond-buducnosti-2","status":"publish","type":"page","link":"https:\/\/hsd.hr\/en\/fond-buducnosti-2\/","title":{"rendered":"Fond za budu\u0107nost"},"content":{"rendered":"<div data-elementor-type=\"wp-page\" data-elementor-id=\"5340\" class=\"elementor elementor-5340\" data-elementor-post-type=\"page\">\n\t\t\t\t\t\t\t<div class=\"elementor-element elementor-element-c4da8f7 e-con-full e-flex e-con e-parent\" data-id=\"c4da8f7\" data-element_type=\"container\" data-settings=\"{&quot;content_width&quot;:&quot;full&quot;,&quot;container_type&quot;:&quot;flex&quot;}\" data-core-v316-plus=\"true\">\n\t\t\t\t<div class=\"elementor-element elementor-element-5e51692 elementor-widget elementor-widget-heading\" data-id=\"5e51692\" data-element_type=\"widget\" data-widget_type=\"heading.default\">\n\t\t\t\t<div class=\"elementor-widget-container\">\n\t\t\t<style>\/*! elementor - v3.17.0 - 08-11-2023 *\/\n.elementor-heading-title{padding:0;margin:0;line-height:1}.elementor-widget-heading .elementor-heading-title[class*=elementor-size-]>a{color:inherit;font-size:inherit;line-height:inherit}.elementor-widget-heading .elementor-heading-title.elementor-size-small{font-size:15px}.elementor-widget-heading .elementor-heading-title.elementor-size-medium{font-size:19px}.elementor-widget-heading .elementor-heading-title.elementor-size-large{font-size:29px}.elementor-widget-heading .elementor-heading-title.elementor-size-xl{font-size:39px}.elementor-widget-heading .elementor-heading-title.elementor-size-xxl{font-size:59px}<\/style><h2 class=\"elementor-heading-title elementor-size-default\">Fond za budu\u0107nost<\/h2>\t\t<\/div>\n\t\t\t\t<\/div>\n\t\t\t\t<div class=\"elementor-element elementor-element-392dc34 elementor-widget elementor-widget-text-editor\" data-id=\"392dc34\" data-element_type=\"widget\" data-widget_type=\"text-editor.default\">\n\t\t\t\t<div class=\"elementor-widget-container\">\n\t\t\t<style>\/*! elementor - v3.17.0 - 08-11-2023 *\/\n.elementor-widget-text-editor.elementor-drop-cap-view-stacked .elementor-drop-cap{background-color:#69727d;color:#fff}.elementor-widget-text-editor.elementor-drop-cap-view-framed .elementor-drop-cap{color:#69727d;border:3px solid;background-color:transparent}.elementor-widget-text-editor:not(.elementor-drop-cap-view-default) .elementor-drop-cap{margin-top:8px}.elementor-widget-text-editor:not(.elementor-drop-cap-view-default) .elementor-drop-cap-letter{width:1em;height:1em}.elementor-widget-text-editor .elementor-drop-cap{float:left;text-align:center;line-height:1;font-size:50px}.elementor-widget-text-editor .elementor-drop-cap-letter{display:inline-block}<\/style>\t\t\t\t<p>Fond za budu\u0107nost inicijativa je koja ima klju\u010dnu ulogu u podr\u0161ci mladim sociolozima i sociologinjama u razvoju njihove karijere i stru\u010dnog usavr\u0161avanja. Temelji se na dobrovoljnim prilozima \u010dlanova\/ica HSD-a, ali i drugih koji na ovaj na\u010din nastoje pridonijeti op\u0107em napretku sociolo\u0161ke struke u Hrvatskoj.<\/p>\t\t\t\t\t\t<\/div>\n\t\t\t\t<\/div>\n\t\t\t\t<div class=\"elementor-element elementor-element-2cb5d09 elementor-widget elementor-widget-heading\" data-id=\"2cb5d09\" data-element_type=\"widget\" data-widget_type=\"heading.default\">\n\t\t\t\t<div class=\"elementor-widget-container\">\n\t\t\t<h2 class=\"elementor-heading-title elementor-size-default\">Global Sociology, Local Support<\/h2>\t\t<\/div>\n\t\t\t\t<\/div>\n\t\t\t\t<div class=\"elementor-element elementor-element-18384b3 elementor-widget elementor-widget-text-editor\" data-id=\"18384b3\" data-element_type=\"widget\" data-widget_type=\"text-editor.default\">\n\t\t\t\t<div class=\"elementor-widget-container\">\n\t\t\t\t\t\t\t<p>Thanks to previous donations, <strong>since 2013<\/strong> we have been able to provide financial support to our scholarship holders. The projects we financially supported are:<\/p><ul><li><em>Summer School Indonesian Arts &amp; Culture,<\/em>\u00a0(Jakarta, Semarang, Denpasar, Bandung, Surabaya in <strong>Indonesia<\/strong>)<\/li><li>Annual Conference of the American Sociological Association <strong>New York, SAD<\/strong><\/li><li>International Summer School in Qualitative Research Methods in Education:\u00a0<em>Grounded Theory for Social Justice with Kathy Charmaz<\/em>\u00a0<strong>Roevereto, Italy<\/strong><\/li><li>EMES International PhD Summer School,\u00a0<em>The Three SE Pillars: Social Entrepreneurship, Social Economy and Solidarity<\/em>\u00a0<em>Economy<\/em>, <strong>Romania<\/strong><\/li><li>GESIS Summer School 2019 <strong>Cologne, Germany<\/strong><\/li><li>European Sociological Association:\u00a0<em>Europe and Beyond: Boudaries, Barriers and Belonging\u00a0<\/em><strong>Manchester, United Kingdom<\/strong><\/li><li>ConverGENT \u2013\u00a0<em>Convergent roads, bridges and new pathways in criminology<\/em>\u00a0\u2013 19th Annual Conference of the European Society of Criminology, <strong>Belgium<\/strong><\/li><li>European Educational\u00a0<em>Research Summer School (EERSS) 2022: Research design from scratch: Making sense of the whats, whos and hows of your investigation<\/em>, <strong>Portugal<\/strong><\/li><\/ul>\t\t\t\t\t\t<\/div>\n\t\t\t\t<\/div>\n\t\t\t\t<div class=\"elementor-element elementor-element-0436909 elementor-widget elementor-widget-heading\" data-id=\"0436909\" data-element_type=\"widget\" data-widget_type=\"heading.default\">\n\t\t\t\t<div class=\"elementor-widget-container\">\n\t\t\t<h2 class=\"elementor-heading-title elementor-size-default\">How Will Your Donation Help?<\/h2>\t\t<\/div>\n\t\t\t\t<\/div>\n\t\t\t\t<div class=\"elementor-element elementor-element-a26aea5 elementor-widget elementor-widget-text-editor\" data-id=\"a26aea5\" data-element_type=\"widget\" data-widget_type=\"text-editor.default\">\n\t\t\t\t<div class=\"elementor-widget-container\">\n\t\t\t\t\t\t\t<p>Nakon \u0161to prikupimo sredstva putem Fonda za budu\u0107nost, HSD dodjeljuje naknade putnih tro\u0161kova mladim sociolozima i sociologinjama. To im <strong>This enables them to participate in conferences, research, and education<\/strong> and contributes to their growth and development in the sociological community.<\/p>\t\t\t\t\t\t<\/div>\n\t\t\t\t<\/div>\n\t\t\t\t<div class=\"elementor-element elementor-element-0b50080 elementor-widget elementor-widget-heading\" data-id=\"0b50080\" data-element_type=\"widget\" data-widget_type=\"heading.default\">\n\t\t\t\t<div class=\"elementor-widget-container\">\n\t\t\t<h2 class=\"elementor-heading-title elementor-size-default\">Za\u0161to podr\u017eati Fond za budu\u0107nost?<\/h2>\t\t<\/div>\n\t\t\t\t<\/div>\n\t\t\t\t<div class=\"elementor-element elementor-element-8debab2 elementor-widget elementor-widget-text-editor\" data-id=\"8debab2\" data-element_type=\"widget\" data-widget_type=\"text-editor.default\">\n\t\t\t\t<div class=\"elementor-widget-container\">\n\t\t\t\t\t\t\t<p><strong>Supporting Young Talents<\/strong>: Your donation helps young sociologists realize their potential, creating a foundation for future generations of experts.<\/p><p><strong>Improving the Sociological Profession<\/strong>: With your support, you contribute to the development of sociology in Croatia. Strengthening the profession means a better understanding of society and a better solution to social challenges.<\/p><p><strong>We Connect the Community<\/strong>: The Future Fund brings together members of the Croatian Sociological Association and other individuals who share our passion for sociology and its impact on society.<\/p>\t\t\t\t\t\t<\/div>\n\t\t\t\t<\/div>\n\t\t\t\t<div class=\"elementor-element elementor-element-47dec2a elementor-widget elementor-widget-heading\" data-id=\"47dec2a\" data-element_type=\"widget\" data-widget_type=\"heading.default\">\n\t\t\t\t<div class=\"elementor-widget-container\">\n\t\t\t<h2 class=\"elementor-heading-title elementor-size-default\">Kako podr\u017eati Fond za budu\u0107nost?<\/h2>\t\t<\/div>\n\t\t\t\t<\/div>\n\t\t\t\t<div class=\"elementor-element elementor-element-0b53049 elementor-widget elementor-widget-text-editor\" data-id=\"0b53049\" data-element_type=\"widget\" data-widget_type=\"text-editor.default\">\n\t\t\t\t<div class=\"elementor-widget-container\">\n\t\t\t\t\t\t\t<p>Every donation, regardless of its size, contributes to the achievement of our goals.<\/p><ul><li>IBAN: HR1623900011100315979 (Hrvatska po\u0161tanska banka)<\/li><li>With the indication \"For the Future Fund\"<\/li><li>Recipient: Croatian Sociological Association (CSA)<\/li><li>Address: Amru\u0161eva 11\/II, 10000 Zagreb<\/li><\/ul><p>You can find the competition rules for CSA Travel Expense Reimbursement <a href=\"https:\/\/hsd.hr\/wp-content\/uploads\/2023\/11\/Pravilnik-naknada-putnih-troskova-HSD-a.docx\">here<\/a>, and the application form for the competition via the <a href=\"https:\/\/hsd.hr\/wp-content\/uploads\/2023\/11\/PRIJAVNI_OBRAZAC_ZA_NAKNADU_PUTNIH_TROSKOVA_HSD-a-1.doc\">link<\/a><\/p><p><strong>Support us<\/strong> to create a world together that brings positive changes and progress.<\/p>\t\t\t\t\t\t<\/div>\n\t\t\t\t<\/div>\n\t\t\t\t<\/div>\n\t\t\t\t\t\t\t<\/div>","protected":false},"excerpt":{"rendered":"<p>Fond za budu\u0107nost Fond za budu\u0107nost inicijativa je koja ima klju\u010dnu ulogu u podr\u0161ci mladim sociolozima i sociologinjama u razvoju njihove karijere i stru\u010dnog usavr\u0161avanja. Temelji se na dobrovoljnim prilozima \u010dlanova\/ica HSD-a, ali i drugih koji na ovaj na\u010din nastoje pridonijeti op\u0107em napretku sociolo\u0161ke struke u Hrvatskoj. Globalna sociologija, lokalna podr\u0161ka Zahvaljuju\u0107i dosada\u0161njim donacijama, od &hellip;<\/p>\n<p class=\"read-more\"> <a class=\"\" href=\"https:\/\/hsd.hr\/en\/fond-buducnosti-2\/\"> <span class=\"screen-reader-text\">Fond za budu\u0107nost<\/span> Read More &raquo;<\/a><\/p>","protected":false},"author":7,"featured_media":0,"parent":0,"menu_order":0,"comment_status":"closed","ping_status":"closed","template":"elementor_header_footer","meta":{"site-sidebar-layout":"no-sidebar","site-content-layout":"","ast-site-content-layout":"full-width-container","site-content-style":"default","site-sidebar-style":"default","ast-global-header-display":"","ast-banner-title-visibility":"","ast-main-header-display":"","ast-hfb-above-header-display":"","ast-hfb-below-header-display":"","ast-hfb-mobile-header-display":"","site-post-title":"disabled","ast-breadcrumbs-content":"","ast-featured-img":"disabled","footer-sml-layout":"","theme-transparent-header-meta":"","adv-header-id-meta":"","stick-header-meta":"","header-above-stick-meta":"","header-main-stick-meta":"","header-below-stick-meta":"","astra-migrate-meta-layouts":"","ast-page-background-enabled":"default","ast-page-background-meta":{"desktop":{"background-color":"var(--ast-global-color-4)","background-image":"","background-repeat":"repeat","background-position":"center center","background-size":"auto","background-attachment":"scroll","background-type":"","background-media":"","overlay-type":"","overlay-color":"","overlay-gradient":""},"tablet":{"background-color":"","background-image":"","background-repeat":"repeat","background-position":"center center","background-size":"auto","background-attachment":"scroll","background-type":"","background-media":"","overlay-type":"","overlay-color":"","overlay-gradient":""},"mobile":{"background-color":"","background-image":"","background-repeat":"repeat","background-position":"center center","background-size":"auto","background-attachment":"scroll","background-type":"","background-media":"","overlay-type":"","overlay-color":"","overlay-gradient":""}},"ast-content-background-meta":{"desktop":{"background-color":"var(--ast-global-color-5)","background-image":"","background-repeat":"repeat","background-position":"center center","background-size":"auto","background-attachment":"scroll","background-type":"","background-media":"","overlay-type":"","overlay-color":"","overlay-gradient":""},"tablet":{"background-color":"var(--ast-global-color-5)","background-image":"","background-repeat":"repeat","background-position":"center center","background-size":"auto","background-attachment":"scroll","background-type":"","background-media":"","overlay-type":"","overlay-color":"","overlay-gradient":""},"mobile":{"background-color":"var(--ast-global-color-5)","background-image":"","background-repeat":"repeat","background-position":"center center","background-size":"auto","background-attachment":"scroll","background-type":"","background-media":"","overlay-type":"","overlay-color":"","overlay-gradient":""}},"footnotes":""},"class_list":["post-5340","page","type-page","status-publish","hentry"],"_links":{"self":[{"href":"https:\/\/hsd.hr\/en\/wp-json\/wp\/v2\/pages\/5340","targetHints":{"allow":["GET"]}}],"collection":[{"href":"https:\/\/hsd.hr\/en\/wp-json\/wp\/v2\/pages"}],"about":[{"href":"https:\/\/hsd.hr\/en\/wp-json\/wp\/v2\/types\/page"}],"author":[{"embeddable":true,"href":"https:\/\/hsd.hr\/en\/wp-json\/wp\/v2\/users\/7"}],"replies":[{"embeddable":true,"href":"https:\/\/hsd.hr\/en\/wp-json\/wp\/v2\/comments?post=5340"}],"version-history":[{"count":163,"href":"https:\/\/hsd.hr\/en\/wp-json\/wp\/v2\/pages\/5340\/revisions"}],"predecessor-version":[{"id":9057,"href":"https:\/\/hsd.hr\/en\/wp-json\/wp\/v2\/pages\/5340\/revisions\/9057"}],"wp:attachment":[{"href":"https:\/\/hsd.hr\/en\/wp-json\/wp\/v2\/media?parent=5340"}],"curies":[{"name":"wp","href":"https:\/\/api.w.org\/{rel}","templated":true}]}}