{"id":6206,"date":"2023-12-10T17:08:59","date_gmt":"2023-12-10T17:08:59","guid":{"rendered":"https:\/\/hsd.hr\/?page_id=6206"},"modified":"2025-03-14T10:17:41","modified_gmt":"2025-03-14T10:17:41","slug":"razmisljanja","status":"publish","type":"page","link":"https:\/\/hsd.hr\/en\/razmisljanja\/","title":{"rendered":"Reflections"},"content":{"rendered":"<div data-elementor-type=\"wp-page\" data-elementor-id=\"6206\" class=\"elementor elementor-6206\" data-elementor-post-type=\"page\">\n\t\t\t\t\t\t\t<div class=\"elementor-element elementor-element-f6ef496 e-flex e-con-boxed e-con e-parent\" data-id=\"f6ef496\" data-element_type=\"container\" data-settings=\"{&quot;container_type&quot;:&quot;flex&quot;,&quot;content_width&quot;:&quot;boxed&quot;}\" data-core-v316-plus=\"true\">\n\t\t\t\t\t<div class=\"e-con-inner\">\n\t\t<div class=\"elementor-element elementor-element-1071dac e-flex e-con-boxed e-con e-child\" data-id=\"1071dac\" data-element_type=\"container\" data-settings=\"{&quot;container_type&quot;:&quot;flex&quot;,&quot;content_width&quot;:&quot;boxed&quot;}\">\n\t\t\t\t\t<div class=\"e-con-inner\">\n\t\t<div class=\"elementor-element elementor-element-9512572 e-flex e-con-boxed e-con e-child\" data-id=\"9512572\" data-element_type=\"container\" data-settings=\"{&quot;container_type&quot;:&quot;flex&quot;,&quot;content_width&quot;:&quot;boxed&quot;}\">\n\t\t\t\t\t<div class=\"e-con-inner\">\n\t\t\t\t<div class=\"elementor-element elementor-element-e44536b elementor-widget elementor-widget-heading\" data-id=\"e44536b\" data-element_type=\"widget\" data-widget_type=\"heading.default\">\n\t\t\t\t<div class=\"elementor-widget-container\">\n\t\t\t<style>\/*! elementor - v3.17.0 - 08-11-2023 *\/\n.elementor-heading-title{padding:0;margin:0;line-height:1}.elementor-widget-heading .elementor-heading-title[class*=elementor-size-]>a{color:inherit;font-size:inherit;line-height:inherit}.elementor-widget-heading .elementor-heading-title.elementor-size-small{font-size:15px}.elementor-widget-heading .elementor-heading-title.elementor-size-medium{font-size:19px}.elementor-widget-heading .elementor-heading-title.elementor-size-large{font-size:29px}.elementor-widget-heading .elementor-heading-title.elementor-size-xl{font-size:39px}.elementor-widget-heading .elementor-heading-title.elementor-size-xxl{font-size:59px}<\/style><h2 class=\"elementor-heading-title elementor-size-default\">Reflections<\/h2>\t\t<\/div>\n\t\t\t\t<\/div>\n\t\t\t\t\t<\/div>\n\t\t\t\t<\/div>\n\t\t\t\t<div class=\"elementor-element elementor-element-522a0b5 elementor-widget elementor-widget-text-editor\" data-id=\"522a0b5\" data-element_type=\"widget\" data-widget_type=\"text-editor.default\">\n\t\t\t\t<div class=\"elementor-widget-container\">\n\t\t\t<style>\/*! elementor - v3.17.0 - 08-11-2023 *\/\n.elementor-widget-text-editor.elementor-drop-cap-view-stacked .elementor-drop-cap{background-color:#69727d;color:#fff}.elementor-widget-text-editor.elementor-drop-cap-view-framed .elementor-drop-cap{color:#69727d;border:3px solid;background-color:transparent}.elementor-widget-text-editor:not(.elementor-drop-cap-view-default) .elementor-drop-cap{margin-top:8px}.elementor-widget-text-editor:not(.elementor-drop-cap-view-default) .elementor-drop-cap-letter{width:1em;height:1em}.elementor-widget-text-editor .elementor-drop-cap{float:left;text-align:center;line-height:1;font-size:50px}.elementor-widget-text-editor .elementor-drop-cap-letter{display:inline-block}<\/style>\t\t\t\t<p dir=\"ltr\">Predstavlja platformu koja ima za cilj <strong>pru\u017eiti prostor<\/strong> \u010dlanovima Hrvatskog sociolo\u0161kog dru\u0161tva za <strong>dijalog, raspravu<\/strong> te izno\u0161enje <strong>osobnih osvrta<\/strong> na va\u017ene i aktualne teme iz podru\u010dja sociologije.<\/p>\n<p dir=\"ltr\" class=\" translation-block\">As part of this, we intend to periodically conduct interviews with retired and meritorious colleagues in which, in addition to portraying their contribution to sociology, they would also discuss some current social issues.<\/p>\n<p dir=\"ltr\">The platform will be active all the time, and we invite you to send us your reviews and short articles on topics that you consider important within the field of sociology. Your writings will be publicly available on our website, giving readers and members access to current reviews and thoughts.<\/p>\n<p dir=\"ltr\" class=\" translation-block\">Feel free to send suggestions, texts, or questions to our e-mail address: info@hsd.hr<\/p>\t\t\t\t\t\t<\/div>\n\t\t\t\t<\/div>\n\t\t\t\t\t<\/div>\n\t\t\t\t<\/div>\n\t\t\t\t\t<\/div>\n\t\t\t\t<\/div>\n\t\t<div class=\"elementor-element elementor-element-df0054f e-flex e-con-boxed e-con e-parent\" data-id=\"df0054f\" data-element_type=\"container\" data-settings=\"{&quot;container_type&quot;:&quot;flex&quot;,&quot;content_width&quot;:&quot;boxed&quot;}\" data-core-v316-plus=\"true\">\n\t\t\t\t\t<div class=\"e-con-inner\">\n\t\t\t\t<div class=\"elementor-element elementor-element-efffc11 elementor-widget elementor-widget-heading\" data-id=\"efffc11\" data-element_type=\"widget\" data-widget_type=\"heading.default\">\n\t\t\t\t<div class=\"elementor-widget-container\">\n\t\t\t<h2 class=\"elementor-heading-title elementor-size-default\"><a href=\"https:\/\/hsd.hr\/en\/2025\/03\/14\/javni-apel-za-novu-poljoprivrednu-politiku-u-hrvatskoj\/\">Javni apel za Novu poljoprivrednu politiku u Hrvatskoj<\/a><\/h2>\t\t<\/div>\n\t\t\t\t<\/div>\n\t\t\t\t<div class=\"elementor-element elementor-element-cd58c40 elementor-widget elementor-widget-heading\" data-id=\"cd58c40\" data-element_type=\"widget\" data-widget_type=\"heading.default\">\n\t\t\t\t<div class=\"elementor-widget-container\">\n\t\t\t<h2 class=\"elementor-heading-title elementor-size-default\"><a href=\"https:\/\/hsd.hr\/en\/2025\/01\/28\/srbija-u-blokadi\/\" target=\"_blank\">SRBIJA U BLOKADI<\/a><\/h2>\t\t<\/div>\n\t\t\t\t<\/div>\n\t\t\t\t<div class=\"elementor-element elementor-element-fe57650 elementor-widget elementor-widget-heading\" data-id=\"fe57650\" data-element_type=\"widget\" data-widget_type=\"heading.default\">\n\t\t\t\t<div class=\"elementor-widget-container\">\n\t\t\t<h2 class=\"elementor-heading-title elementor-size-default\"><a href=\"https:\/\/hsd.hr\/en\/2025\/01\/27\/poziv-na-obnovu-hsd-clanstva-za-2025-godinu\/\" target=\"_blank\">Poziv na obnovu HSD \u010dlanstva za 2025. godinu<\/a><\/h2>\t\t<\/div>\n\t\t\t\t<\/div>\n\t\t\t\t<div class=\"elementor-element elementor-element-02c6cfa elementor-widget elementor-widget-heading\" data-id=\"02c6cfa\" data-element_type=\"widget\" data-widget_type=\"heading.default\">\n\t\t\t\t<div class=\"elementor-widget-container\">\n\t\t\t<h2 class=\"elementor-heading-title elementor-size-default\"><a href=\"https:\/\/hsd.hr\/en\/2024\/10\/07\/donosimo-izvjestaj-nase-stipendistice-dobitnice-hsd-fonda-buducnosti-s-esrs-summer-school-2024-u-austriji\/\" target=\"_blank\">Donosimo izvje\u0161taj na\u0161e stipendistice dobitnice HSD Fonda budu\u0107nosti s ESRS Summer School 2024 u Austriji<\/a><\/h2>\t\t<\/div>\n\t\t\t\t<\/div>\n\t\t\t\t<div class=\"elementor-element elementor-element-087861d elementor-widget elementor-widget-heading\" data-id=\"087861d\" data-element_type=\"widget\" data-widget_type=\"heading.default\">\n\t\t\t\t<div class=\"elementor-widget-container\">\n\t\t\t<h2 class=\"elementor-heading-title elementor-size-default\"><a href=\"https:\/\/hsd.hr\/en\/2024\/08\/27\/izvjestaj-nase-stipendistice-dobitnice-hsd-fonda-buducnosti-2024-s-ljetne-skole-u-tartuu-estonija\/\" target=\"_blank\">Izvje\u0161taj na\u0161e stipendistice dobitnice HSD Fonda budu\u0107nosti s Ljetne \u0161kole u Tartuu, Estonija<\/a><\/h2>\t\t<\/div>\n\t\t\t\t<\/div>\n\t\t\t\t<div class=\"elementor-element elementor-element-11277fe elementor-widget elementor-widget-heading\" data-id=\"11277fe\" data-element_type=\"widget\" data-widget_type=\"heading.default\">\n\t\t\t\t<div class=\"elementor-widget-container\">\n\t\t\t<h2 class=\"elementor-heading-title elementor-size-default\"><a href=\"https:\/\/hsd.hr\/en\/2024\/07\/22\/clan-hsd-a-kandidat-na-izborima-za-rukovodstvo-europske-socioloske-asocijacije\/\" target=\"_blank\">\u010clan HSD-a kandidat na izborima za rukovodstvo Europske sociolo\u0161ke asocijacije<\/a><\/h2>\t\t<\/div>\n\t\t\t\t<\/div>\n\t\t\t\t<div class=\"elementor-element elementor-element-0d0efaa elementor-widget elementor-widget-heading\" data-id=\"0d0efaa\" data-element_type=\"widget\" data-widget_type=\"heading.default\">\n\t\t\t\t<div class=\"elementor-widget-container\">\n\t\t\t<h2 class=\"elementor-heading-title elementor-size-default\"><a href=\"https:\/\/hsd.hr\/en\/2024\/07\/12\/stipendist-fonda-buducnosti-za-2024-godinu-donosi-izvjestaj-s-tecaja-divided-societies-u-iuc-dubrovnik\/\" target=\"_blank\">Stipendist Fonda Budu\u0107nosti za 2024. godinu donosi izvje\u0161taj s te\u010daja \u2018Divided Societies\u2019 u IUC Dubrovnik<\/a><\/h2>\t\t<\/div>\n\t\t\t\t<\/div>\n\t\t\t\t<div class=\"elementor-element elementor-element-c5d4661 elementor-widget elementor-widget-heading\" data-id=\"c5d4661\" data-element_type=\"widget\" data-widget_type=\"heading.default\">\n\t\t\t\t<div class=\"elementor-widget-container\">\n\t\t\t<h2 class=\"elementor-heading-title elementor-size-default\"><a href=\"https:\/\/hsd.hr\/en\/2024\/06\/17\/memorandum-o-buducnosti-obrazovanja-za-demokraciju\/\">Memorandum o budu\u0107nosti obrazovanja za demokraciju<\/a><\/h2>\t\t<\/div>\n\t\t\t\t<\/div>\n\t\t\t\t<div class=\"elementor-element elementor-element-694a530 elementor-widget elementor-widget-heading\" data-id=\"694a530\" data-element_type=\"widget\" data-widget_type=\"heading.default\">\n\t\t\t\t<div class=\"elementor-widget-container\">\n\t\t\t<h2 class=\"elementor-heading-title elementor-size-default\"><a href=\"https:\/\/hsd.hr\/en\/2024\/06\/10\/u-petak-7-lipnja-odrzan-je-seminar-kojim-je-zakljucena-metodoloska-skola-izazovi-primjene-i-analize-fokus-grupa-u-drustvenim-znanostima\/\" target=\"_blank\">Osvrt na Metodolo\u0161ku \u0161kolu \u201cIzazovi primjene i analize fokus grupa u dru\u0161tvenim znanostima\u201d<\/a><\/h2>\t\t<\/div>\n\t\t\t\t<\/div>\n\t\t\t\t<div class=\"elementor-element elementor-element-8de877a elementor-widget elementor-widget-heading\" data-id=\"8de877a\" data-element_type=\"widget\" data-widget_type=\"heading.default\">\n\t\t\t\t<div class=\"elementor-widget-container\">\n\t\t\t<h2 class=\"elementor-heading-title elementor-size-default\"><a href=\"https:\/\/hsd.hr\/en\/2024\/06\/10\/vrelo-podataka-i-ideja-o-buricevoj-sociologiji-hrvatskog-drustva-pise-velimir-sonje\/\" target=\"_blank\">Pi\u0161e Velimir \u0160onje: \u2018Vrelo podataka i ideja: o Buri\u0107evoj Sociologiji hrvatskog dru\u0161tva\u2019<\/a><\/h2>\t\t<\/div>\n\t\t\t\t<\/div>\n\t\t\t\t<div class=\"elementor-element elementor-element-e0f6cb0 elementor-widget elementor-widget-heading\" data-id=\"e0f6cb0\" data-element_type=\"widget\" data-widget_type=\"heading.default\">\n\t\t\t\t<div class=\"elementor-widget-container\">\n\t\t\t<h2 class=\"elementor-heading-title elementor-size-default\"><a href=\"https:\/\/hsd.hr\/en\/2024\/06\/06\/donosimo-izvjestaj-s-predavanja-pod-naslovom-palestine-and-the-media-war-on-history-profesora-omara-alghazzija-s-london-school-of-economics-and-political-science-lse\/\" target=\"_blank\">Donosimo izvje\u0161taj s predavanja \u201ePalestine and the Media War on History\u201c profesora Omara Al\u2019Ghazzija s London School of Economics and Political Science \u2013 LSE<\/a><\/h2>\t\t<\/div>\n\t\t\t\t<\/div>\n\t\t\t\t<div class=\"elementor-element elementor-element-4222265 elementor-widget elementor-widget-heading\" data-id=\"4222265\" data-element_type=\"widget\" data-widget_type=\"heading.default\">\n\t\t\t\t<div class=\"elementor-widget-container\">\n\t\t\t<h2 class=\"elementor-heading-title elementor-size-default\"><a href=\"https:\/\/hsd.hr\/en\/2024\/06\/05\/eu-kao-i-svakoj-politickoj-zajednici-treba-zajednicki-vrijednosni-okvir\/\" target=\"_blank\">EU, kao i svakoj politi\u010dkoj zajednici, treba zajedni\u010dki vrijednosni okvir<\/a><\/h2>\t\t<\/div>\n\t\t\t\t<\/div>\n\t\t\t\t<div class=\"elementor-element elementor-element-be52f73 elementor-widget elementor-widget-heading\" data-id=\"be52f73\" data-element_type=\"widget\" data-widget_type=\"heading.default\">\n\t\t\t\t<div class=\"elementor-widget-container\">\n\t\t\t<h2 class=\"elementor-heading-title elementor-size-default\"><a href=\"https:\/\/hsd.hr\/en\/2024\/05\/20\/kvaliteta-zivota-i-zadovoljstvo-zivotom-u-hrvatskim-ruralnim-podrucjima-empirijski-uvidi-iz-ess-podataka-2018-i-projekta-secrural\/\" target=\"_blank\">Kvaliteta \u017eivota i zadovoljstvo \u017eivotom u hrvatskim ruralnim podru\u010djima \u2013 empirijski uvidi iz ESS podataka (2018) i projekta SECRURAL<\/a><\/h2>\t\t<\/div>\n\t\t\t\t<\/div>\n\t\t\t\t<div class=\"elementor-element elementor-element-e17b390 elementor-widget elementor-widget-heading\" data-id=\"e17b390\" data-element_type=\"widget\" data-widget_type=\"heading.default\">\n\t\t\t\t<div class=\"elementor-widget-container\">\n\t\t\t<h2 class=\"elementor-heading-title elementor-size-default\"><a href=\"https:\/\/hsd.hr\/en\/2024\/03\/14\/in-memoriam-nasem-dragom-profesoru-kolegi-i-plemenitom-covjeku-ivanu-markesicu\/\" target=\"_blank\">In memoriam na\u0161em dragom profesoru, kolegi i plemenitom \u010dovjeku \u2013 Ivanu Marke\u0161i\u0107u<\/a><\/h2>\t\t<\/div>\n\t\t\t\t<\/div>\n\t\t\t\t\t<\/div>\n\t\t\t\t<\/div>\n\t\t<div class=\"elementor-element elementor-element-7554895 e-flex e-con-boxed e-con e-parent\" data-id=\"7554895\" data-element_type=\"container\" data-settings=\"{&quot;container_type&quot;:&quot;flex&quot;,&quot;content_width&quot;:&quot;boxed&quot;}\" data-core-v316-plus=\"true\">\n\t\t\t\t\t<div class=\"e-con-inner\">\n\t\t\t\t<div class=\"elementor-element elementor-element-918e854 elementor-widget elementor-widget-heading\" data-id=\"918e854\" data-element_type=\"widget\" data-widget_type=\"heading.default\">\n\t\t\t\t<div class=\"elementor-widget-container\">\n\t\t\t<h2 class=\"elementor-heading-title elementor-size-default\"><a href=\"https:\/\/hsd.hr\/en\/2024\/02\/23\/we-talked-with-two-young-researchers-who-shared-insights-from-their-latest-scientific-paper-the-land-of-milk-and-honey-young-croatians-identities-and-perceptions-as-drivers-of-migration-desire\/\" target=\"_blank\">We talked with two young researchers who shared insights from their latest scientific paper: \u201cThe Land of Milk and Honey? Young Croatians\u2019 Identities and Perceptions as Drivers of Migration Desire\u201d<\/a><\/h2>\t\t<\/div>\n\t\t\t\t<\/div>\n\t\t\t\t\t<\/div>\n\t\t\t\t<\/div>\n\t\t<div class=\"elementor-element elementor-element-db0e43d e-flex e-con-boxed e-con e-parent\" data-id=\"db0e43d\" data-element_type=\"container\" data-settings=\"{&quot;container_type&quot;:&quot;flex&quot;,&quot;content_width&quot;:&quot;boxed&quot;}\" data-core-v316-plus=\"true\">\n\t\t\t\t\t<div class=\"e-con-inner\">\n\t\t\t\t<div class=\"elementor-element elementor-element-ec853c6 elementor-widget elementor-widget-heading\" data-id=\"ec853c6\" data-element_type=\"widget\" data-widget_type=\"heading.default\">\n\t\t\t\t<div class=\"elementor-widget-container\">\n\t\t\t<h2 class=\"elementor-heading-title elementor-size-default\"><a href=\"https:\/\/hsd.hr\/en\/2024\/02\/06\/kako-gradani-i-gradanke-devet-europskih-zemalja-vide-nejednakosti-u-kulturi\/\" target=\"_blank\">Kako gra\u0111ani i gra\u0111anke devet europskih zemalja vide nejednakosti u kulturi?<\/a><\/h2>\t\t<\/div>\n\t\t\t\t<\/div>\n\t\t\t\t<div class=\"elementor-element elementor-element-820f123 elementor-widget elementor-widget-heading\" data-id=\"820f123\" data-element_type=\"widget\" data-widget_type=\"heading.default\">\n\t\t\t\t<div class=\"elementor-widget-container\">\n\t\t\t<h2 class=\"elementor-heading-title elementor-size-default\"><a href=\"https:\/\/www.nacional.hr\/pavao-parunov-lgbtq-osobe-jos-uvijek-su-u-splitu-iskljucene-i-marginalizirane\/\" target=\"_blank\">Pavao Parunov, asistent s Odjela za sociologiju Sveu\u010dili\u0161ta u Zadru za Nacional govori o prvom istra\u017eivanju LGBTQ zajednice u Splitu<br><\/a><\/h2>\t\t<\/div>\n\t\t\t\t<\/div>\n\t\t\t\t<div class=\"elementor-element elementor-element-a840aea elementor-widget elementor-widget-heading\" data-id=\"a840aea\" data-element_type=\"widget\" data-widget_type=\"heading.default\">\n\t\t\t\t<div class=\"elementor-widget-container\">\n\t\t\t<h2 class=\"elementor-heading-title elementor-size-default\"><a href=\"https:\/\/hsd.hr\/en\/2023\/12\/10\/predstavnici-sekcije-za-sociologiju-sporta-hsd-a-na-godisnjoj-konferenciji-sjevernoamerickog-drustva-za-sociologiju-sporta-new-orleans-31-10-04-11-2023\/\" target=\"_blank\">Predstavnici sekcije za sociologiju sporta na godi\u0161njoj konferenciji Sjevernoameri\u010dkog dru\u0161tva za sociologiju sporta \u2013 New Orleans<\/a><\/h2>\t\t<\/div>\n\t\t\t\t<\/div>\n\t\t\t\t\t<\/div>\n\t\t\t\t<\/div>\n\t\t<div class=\"elementor-element elementor-element-5d55139 e-flex e-con-boxed e-con e-parent\" data-id=\"5d55139\" data-element_type=\"container\" data-settings=\"{&quot;container_type&quot;:&quot;flex&quot;,&quot;content_width&quot;:&quot;boxed&quot;}\" data-core-v316-plus=\"true\">\n\t\t\t\t\t<div class=\"e-con-inner\">\n\t\t\t\t\t<\/div>\n\t\t\t\t<\/div>\n\t\t\t\t\t\t\t<\/div>","protected":false},"excerpt":{"rendered":"<p>Razmi\u0161ljanja Predstavlja platformu koja ima za cilj pru\u017eiti prostor \u010dlanovima Hrvatskog sociolo\u0161kog dru\u0161tva za dijalog, raspravu te izno\u0161enje osobnih osvrta na va\u017ene i aktualne teme iz podru\u010dja sociologije. U okviru iste namjeravamo povremeno obavljati intervjue s umirovljenim i zaslu\u017enim kolegama i kolegicama u kojima bi, uz portretiranje njihovog doprinosa sociologiji, razgovarali i o nekim aktualnim &hellip;<\/p>\n<p class=\"read-more\"> <a class=\"\" href=\"https:\/\/hsd.hr\/en\/razmisljanja\/\"> <span class=\"screen-reader-text\">Reflections<\/span> Read More &raquo;<\/a><\/p>","protected":false},"author":7,"featured_media":0,"parent":0,"menu_order":0,"comment_status":"closed","ping_status":"closed","template":"","meta":{"site-sidebar-layout":"no-sidebar","site-content-layout":"","ast-site-content-layout":"full-width-container","site-content-style":"default","site-sidebar-style":"default","ast-global-header-display":"","ast-banner-title-visibility":"","ast-main-header-display":"","ast-hfb-above-header-display":"","ast-hfb-below-header-display":"","ast-hfb-mobile-header-display":"","site-post-title":"disabled","ast-breadcrumbs-content":"","ast-featured-img":"disabled","footer-sml-layout":"","theme-transparent-header-meta":"","adv-header-id-meta":"","stick-header-meta":"","header-above-stick-meta":"","header-main-stick-meta":"","header-below-stick-meta":"","astra-migrate-meta-layouts":"","ast-page-background-enabled":"default","ast-page-background-meta":{"desktop":{"background-color":"var(--ast-global-color-4)","background-image":"","background-repeat":"repeat","background-position":"center center","background-size":"auto","background-attachment":"scroll","background-type":"","background-media":"","overlay-type":"","overlay-color":"","overlay-gradient":""},"tablet":{"background-color":"","background-image":"","background-repeat":"repeat","background-position":"center center","background-size":"auto","background-attachment":"scroll","background-type":"","background-media":"","overlay-type":"","overlay-color":"","overlay-gradient":""},"mobile":{"background-color":"","background-image":"","background-repeat":"repeat","background-position":"center center","background-size":"auto","background-attachment":"scroll","background-type":"","background-media":"","overlay-type":"","overlay-color":"","overlay-gradient":""}},"ast-content-background-meta":{"desktop":{"background-color":"var(--ast-global-color-5)","background-image":"","background-repeat":"repeat","background-position":"center center","background-size":"auto","background-attachment":"scroll","background-type":"","background-media":"","overlay-type":"","overlay-color":"","overlay-gradient":""},"tablet":{"background-color":"var(--ast-global-color-5)","background-image":"","background-repeat":"repeat","background-position":"center center","background-size":"auto","background-attachment":"scroll","background-type":"","background-media":"","overlay-type":"","overlay-color":"","overlay-gradient":""},"mobile":{"background-color":"var(--ast-global-color-5)","background-image":"","background-repeat":"repeat","background-position":"center center","background-size":"auto","background-attachment":"scroll","background-type":"","background-media":"","overlay-type":"","overlay-color":"","overlay-gradient":""}},"footnotes":""},"class_list":["post-6206","page","type-page","status-publish","hentry"],"_links":{"self":[{"href":"https:\/\/hsd.hr\/en\/wp-json\/wp\/v2\/pages\/6206","targetHints":{"allow":["GET"]}}],"collection":[{"href":"https:\/\/hsd.hr\/en\/wp-json\/wp\/v2\/pages"}],"about":[{"href":"https:\/\/hsd.hr\/en\/wp-json\/wp\/v2\/types\/page"}],"author":[{"embeddable":true,"href":"https:\/\/hsd.hr\/en\/wp-json\/wp\/v2\/users\/7"}],"replies":[{"embeddable":true,"href":"https:\/\/hsd.hr\/en\/wp-json\/wp\/v2\/comments?post=6206"}],"version-history":[{"count":194,"href":"https:\/\/hsd.hr\/en\/wp-json\/wp\/v2\/pages\/6206\/revisions"}],"predecessor-version":[{"id":8077,"href":"https:\/\/hsd.hr\/en\/wp-json\/wp\/v2\/pages\/6206\/revisions\/8077"}],"wp:attachment":[{"href":"https:\/\/hsd.hr\/en\/wp-json\/wp\/v2\/media?parent=6206"}],"curies":[{"name":"wp","href":"https:\/\/api.w.org\/{rel}","templated":true}]}}