{"id":8455,"date":"2025-07-11T13:28:13","date_gmt":"2025-07-11T13:28:13","guid":{"rendered":"https:\/\/hsd.hr\/?page_id=8455"},"modified":"2025-07-11T13:31:12","modified_gmt":"2025-07-11T13:31:12","slug":"kongres-2025-procesi-fundamentalnihdrustvenih-transformacija-zdravlje-starenje-useljavanje","status":"publish","type":"page","link":"https:\/\/hsd.hr\/en\/kongres-2025-procesi-fundamentalnihdrustvenih-transformacija-zdravlje-starenje-useljavanje\/","title":{"rendered":"KONGRES 2025. PROCESI FUNDAMENTALNIH DRU\u0160TVENIH TRANSFORMACIJA: ZDRAVLJE, STARENJE, USELJAVANJE"},"content":{"rendered":"<p>Dru\u0161tveni procesi obuhva\u0107aju kontinuirano djelovanje i pona\u0161anje ljudi u okviru kojih nastaju dru\u0161tvene pojave koje mijenjaju dru\u0161tva i zajednice. Jedan od klju\u010dnih zadataka sociologije je analiza ishoda tih procesa i transformacija dru\u0161tva. U na\u0161oj je sociologiji posljednjih desetlje\u0107a bio izrazito prisutan istra\u017eiva\u010dki interes za analizu procesa tranzicije, kojeg je Kalanj (1998) definirao skra\u0107enim komprimiranim procesom integracije u kapitalisti\u010dku modernost.<\/p>\n\n\n\n<p>Rekonstruiranje kapitalizma, u na\u0161em postsocijalisti\u010dkom i ratnim posljedicama optere\u0107enom dru\u0161tvu, obilje\u017eeno je radikalnim strukturalnim i sociokulturnim promjenama. Istovremeno, moderna dru\u0161tva i njihov ekonomski i politi\u010dki krajobraz su radikalizirani, a virtualna sfera me\u0111uljudskih odnosa ima sve ve\u0107i zna\u010daj. Usprkos silnom tehnolo\u0161kom napretku, velik dio \u010dovje\u010danstva \u017eivi u siroma\u0161tvu, pa i u potpunoj bijedi. Ve\u0107ina stanovnika suvremenog svijeta mo\u017ee, na\u017ealost, samo \u017eudjeti \u010dak i za najbanalnijim blagodatima civilizacije poput pitke vode ili kori\u0161tenja interneta. Suvremeni kapitalizam, uspostaviv\u0161i globalno tr\u017ei\u0161te, uspostavio je i globalni poredak i novi oblik suverenosti, a u njemu su nacionalne granice izgubile svoje zna\u010denje. Globalne nejednakosti generiraju izrazite razlike u dostupnosti klju\u010dnih resursa za blagostanje i prosperitet, poput zaposlenja ili zdravstvene skrbi, ne samo pojedincima nego i cijelim dru\u0161tvenim skupinama, lokalnim zajednicama, regijama i dru\u0161tvima. Tri klju\u010dna fundamentalna dru\u0161tvena procesa \u2013 zdravlje, starenje i useljavanje \u2013 prepoznata su kao izrazito relevantna i zato odabrana kao tema sociolo\u0161ke rasprave. Zdravlje i sustavi koji ga podr\u017eavaju reflektiraju dinamiku dru\u0161tvenih odnosa, kulturnih vrijednosti i ekonomskih prioriteta, \u010dine\u0107i ga klju\u010dnim za razumijevanje modernih dru\u0161tava. Starenje stanovni\u0161tva, kao zajedni\u010dko obilje\u017eje europskih dru\u0161tava, donosi izazove poput smanjenja broja radno sposobnih pojedinaca, pritiska na zdravstveni sustav i redefinicije me\u0111ugeneracijskih odnosa. Useljavanje, posebno priljev radnika iz azijskih zemalja, otvara pitanja dru\u0161tvene integracije, radnih prava i kulturne raznolikosti, ali i potencijalno stvara nove oblike dru\u0161tvenih nejednakosti i isklju\u010denosti.<\/p>\n\n\n\n<p>Ovi procesi imaju duboke posljedice na strukturu i funkcioniranje dru\u0161tva, \u010dine\u0107i ih nezaobilaznom temom sociolo\u0161kih istra\u017eivanja. Istaknuti fenomeni zahtijevaju analizu i raspravu u okviru sociolo\u0161ke zajednice. Pritom su legitimni i dobrodo\u0161li razli\u010diti teorijski i metodolo\u0161ki pristupi ovoj problematici, koja je po prvi put klju\u010dna tema odr\u017eavanja Nacionalnog kongresa Hrvatskog sociolo\u0161kog dru\u0161tva.<\/p>\n\n\n\n<p>Predsjednik Programskog odbora Kongresa<br>prof. dr. sc. Dragan Bagi\u0107<\/p>\n\n\n\n<p>Saznajte vi\u0161e na poveznicama: <strong><a href=\"https:\/\/hsd.hr\/en\/kongres-2025-2\/\">Raspored kongresa, <\/a><\/strong><a href=\"https:\/\/hsd.hr\/wp-content\/uploads\/2025\/07\/HSD-X-kongres_online.pdf\"><strong>Knjiga sa\u017eetaka<\/strong><\/a><\/p>","protected":false},"excerpt":{"rendered":"<p>Dru\u0161tveni procesi obuhva\u0107aju kontinuirano djelovanje i pona\u0161anje ljudi u okviru kojih nastaju dru\u0161tvene pojave koje mijenjaju dru\u0161tva i zajednice. Jedan od klju\u010dnih zadataka sociologije je analiza ishoda tih procesa i transformacija dru\u0161tva. U na\u0161oj je sociologiji posljednjih desetlje\u0107a bio izrazito prisutan istra\u017eiva\u010dki interes za analizu procesa tranzicije, kojeg je Kalanj (1998) definirao skra\u0107enim komprimiranim procesom &hellip;<\/p>\n<p class=\"read-more\"> <a class=\"\" href=\"https:\/\/hsd.hr\/en\/kongres-2025-procesi-fundamentalnihdrustvenih-transformacija-zdravlje-starenje-useljavanje\/\"> <span class=\"screen-reader-text\">KONGRES 2025. PROCESI FUNDAMENTALNIH DRU\u0160TVENIH TRANSFORMACIJA: ZDRAVLJE, STARENJE, USELJAVANJE<\/span> Read More &raquo;<\/a><\/p>","protected":false},"author":7,"featured_media":0,"parent":0,"menu_order":0,"comment_status":"closed","ping_status":"closed","template":"","meta":{"site-sidebar-layout":"default","site-content-layout":"","ast-site-content-layout":"","site-content-style":"default","site-sidebar-style":"default","ast-global-header-display":"","ast-banner-title-visibility":"","ast-main-header-display":"","ast-hfb-above-header-display":"","ast-hfb-below-header-display":"","ast-hfb-mobile-header-display":"","site-post-title":"","ast-breadcrumbs-content":"","ast-featured-img":"","footer-sml-layout":"","theme-transparent-header-meta":"","adv-header-id-meta":"","stick-header-meta":"","header-above-stick-meta":"","header-main-stick-meta":"","header-below-stick-meta":"","astra-migrate-meta-layouts":"","ast-page-background-enabled":"default","ast-page-background-meta":{"desktop":{"background-color":"var(--ast-global-color-4)","background-image":"","background-repeat":"repeat","background-position":"center center","background-size":"auto","background-attachment":"scroll","background-type":"","background-media":"","overlay-type":"","overlay-color":"","overlay-gradient":""},"tablet":{"background-color":"","background-image":"","background-repeat":"repeat","background-position":"center center","background-size":"auto","background-attachment":"scroll","background-type":"","background-media":"","overlay-type":"","overlay-color":"","overlay-gradient":""},"mobile":{"background-color":"","background-image":"","background-repeat":"repeat","background-position":"center center","background-size":"auto","background-attachment":"scroll","background-type":"","background-media":"","overlay-type":"","overlay-color":"","overlay-gradient":""}},"ast-content-background-meta":{"desktop":{"background-color":"var(--ast-global-color-5)","background-image":"","background-repeat":"repeat","background-position":"center center","background-size":"auto","background-attachment":"scroll","background-type":"","background-media":"","overlay-type":"","overlay-color":"","overlay-gradient":""},"tablet":{"background-color":"var(--ast-global-color-5)","background-image":"","background-repeat":"repeat","background-position":"center center","background-size":"auto","background-attachment":"scroll","background-type":"","background-media":"","overlay-type":"","overlay-color":"","overlay-gradient":""},"mobile":{"background-color":"var(--ast-global-color-5)","background-image":"","background-repeat":"repeat","background-position":"center center","background-size":"auto","background-attachment":"scroll","background-type":"","background-media":"","overlay-type":"","overlay-color":"","overlay-gradient":""}},"footnotes":""},"class_list":["post-8455","page","type-page","status-publish","hentry"],"_links":{"self":[{"href":"https:\/\/hsd.hr\/en\/wp-json\/wp\/v2\/pages\/8455","targetHints":{"allow":["GET"]}}],"collection":[{"href":"https:\/\/hsd.hr\/en\/wp-json\/wp\/v2\/pages"}],"about":[{"href":"https:\/\/hsd.hr\/en\/wp-json\/wp\/v2\/types\/page"}],"author":[{"embeddable":true,"href":"https:\/\/hsd.hr\/en\/wp-json\/wp\/v2\/users\/7"}],"replies":[{"embeddable":true,"href":"https:\/\/hsd.hr\/en\/wp-json\/wp\/v2\/comments?post=8455"}],"version-history":[{"count":4,"href":"https:\/\/hsd.hr\/en\/wp-json\/wp\/v2\/pages\/8455\/revisions"}],"predecessor-version":[{"id":8462,"href":"https:\/\/hsd.hr\/en\/wp-json\/wp\/v2\/pages\/8455\/revisions\/8462"}],"wp:attachment":[{"href":"https:\/\/hsd.hr\/en\/wp-json\/wp\/v2\/media?parent=8455"}],"curies":[{"name":"wp","href":"https:\/\/api.w.org\/{rel}","templated":true}]}}